{"id":2284,"date":"2023-09-08T22:38:49","date_gmt":"2023-09-08T22:38:49","guid":{"rendered":"https:\/\/thebibleverses.org\/pt\/?page_id=2284"},"modified":"2023-09-08T22:38:52","modified_gmt":"2023-09-08T22:38:52","slug":"salmos-de-esperanca","status":"publish","type":"page","link":"https:\/\/thebibleverses.org\/pt\/salmos-de-esperanca\/","title":{"rendered":"37 Salmos de Esperan\u00e7a em Deus"},"content":{"rendered":"<div class=\"wp-block-image\">\n<figure class=\"aligncenter size-large\"><img decoding=\"async\" width=\"1024\" height=\"631\" data-src=\"https:\/\/thebibleverses.org\/pt\/wp-content\/uploads\/2023\/09\/salmos-de-esperan195167a-em-deus-1024x631.webp\" alt=\"Salmos de Esperan\u00e7a em Deus\" class=\"wp-image-2285 lazyload\" data-srcset=\"https:\/\/thebibleverses.org\/pt\/wp-content\/uploads\/2023\/09\/salmos-de-esperan195167a-em-deus-1024x631.webp 1024w, https:\/\/thebibleverses.org\/pt\/wp-content\/uploads\/2023\/09\/salmos-de-esperan195167a-em-deus-300x185.webp 300w, https:\/\/thebibleverses.org\/pt\/wp-content\/uploads\/2023\/09\/salmos-de-esperan195167a-em-deus-768x474.webp 768w, https:\/\/thebibleverses.org\/pt\/wp-content\/uploads\/2023\/09\/salmos-de-esperan195167a-em-deus-320x197.webp 320w, https:\/\/thebibleverses.org\/pt\/wp-content\/uploads\/2023\/09\/salmos-de-esperan195167a-em-deus-450x278.webp 450w, https:\/\/thebibleverses.org\/pt\/wp-content\/uploads\/2023\/09\/salmos-de-esperan195167a-em-deus-720x444.webp 720w, https:\/\/thebibleverses.org\/pt\/wp-content\/uploads\/2023\/09\/salmos-de-esperan195167a-em-deus.webp 1200w\" data-sizes=\"(max-width: 1024px) 100vw, 1024px\" src=\"data:image\/svg+xml;base64,PHN2ZyB3aWR0aD0iMSIgaGVpZ2h0PSIxIiB4bWxucz0iaHR0cDovL3d3dy53My5vcmcvMjAwMC9zdmciPjwvc3ZnPg==\" style=\"--smush-placeholder-width: 1024px; --smush-placeholder-aspect-ratio: 1024\/631;\" \/><figcaption class=\"wp-element-caption\">Salmos de Esperan\u00e7a em Deus &#8211; Nova Vers\u00e3o Internacional (NVI-PT).<\/figcaption><\/figure><\/div>\n\n\n<h2 class=\"wp-block-heading\">Salmos de Esperan\u00e7a em Deus em Tempos Dif\u00edceis<\/h2>\n\n\n\n<p>Descubra a esperan\u00e7a inabal\u00e1vel em Deus atrav\u00e9s dos nossos Salmos. Esses vers\u00edculos atemporais inspiram f\u00e9, resili\u00eancia e um renovado senso de prop\u00f3sito. Adentre na profundidade da esperan\u00e7a divina nos Salmos e embarque em uma jornada transformadora de confian\u00e7a inquebrant\u00e1vel.<\/p>\n\n\n\n<h3 class=\"wp-block-heading\">Salmos 9:18<\/h3>\n\n\n\n<p>Mas os pobres nunca ser\u00e3o esquecidos, nem se frustrar\u00e1 a esperan\u00e7a dos necessitados.<\/p>\n\n\n\n<h3 class=\"wp-block-heading\">Salmos 62:5<\/h3>\n\n\n\n<p>Descanse somente em Deus, \u00f3 minha alma; dele vem a minha esperan\u00e7a.<\/p>\n\n\n\n<h3 class=\"wp-block-heading\">Salmos 43:5<\/h3>\n\n\n\n<p>Por que voc\u00ea est\u00e1 assim t\u00e3o triste, \u00f3 minha alma? Por que est\u00e1 assim t\u00e3o perturbada dentro de mim? Ponha a sua esperan\u00e7a em Deus! Pois ainda o louvarei; ele \u00e9 o meu Salvador e o meu Deus.<\/p>\n\n\n\n<h3 class=\"wp-block-heading\">Salmos 16:9<\/h3>\n\n\n\n<p>Por isso o meu cora\u00e7\u00e3o se alegra e no \u00edntimo exulto; mesmo o meu corpo repousar\u00e1 tranq\u00fcilo.<\/p>\n\n\n\n<h3 class=\"wp-block-heading\">Salmos 22:9<\/h3>\n\n\n\n<p>Contudo, tu mesmo me tiraste do ventre; deste-me seguran\u00e7a junto ao seio de minha m\u00e3e.<\/p>\n\n\n\n<h3 class=\"wp-block-heading\">Salmos 25:3<\/h3>\n\n\n\n<p>Nenhum dos que esperam em ti ficar\u00e1 decepcionado; decepcionados ficar\u00e3o aqueles que, sem motivo, agem trai\u00e7oeiramente.<\/p>\n\n\n\n<h3 class=\"wp-block-heading\">Salmos 25:5<\/h3>\n\n\n\n<p>Guia-me com a tua verdade e ensina-me, pois tu \u00e9s Deus, meu Salvador, e a minha esperan\u00e7a est\u00e1 em ti o tempo todo.<\/p>\n\n\n\n<h3 class=\"wp-block-heading\">Salmos 42:11<\/h3>\n\n\n\n<p>Por que voc\u00ea est\u00e1 assim t\u00e3o triste, \u00f3 minha alma? Por que est\u00e1 assim t\u00e3o perturbada dentro de mim? Ponha a sua esperan\u00e7a em Deus! Pois ainda o louvarei; ele \u00e9 o meu Salvador e o meu Deus.<\/p>\n\n\n\n<h3 class=\"wp-block-heading\">Salmos 31:24<\/h3>\n\n\n\n<p>Sejam fortes e corajosos, todos voc\u00eas que esperam no Senhor!<\/p>\n\n\n\n<h3 class=\"wp-block-heading\">Salmos 33:18<\/h3>\n\n\n\n<p>Mas o Senhor protege aqueles que o temem, aqueles que firmam a esperan\u00e7a no seu amor.<\/p>\n\n\n\n<h3 class=\"wp-block-heading\">Salmos 33:22<\/h3>\n\n\n\n<p>Esteja sobre n\u00f3s o teu amor, Senhor, como est\u00e1 em ti a nossa esperan\u00e7a.<\/p>\n\n\n\n<h3 class=\"wp-block-heading\">Salmos 34:22<\/h3>\n\n\n\n<p>O Senhor redime a vida dos seus servos; ningu\u00e9m que nele se refugia ser\u00e1 condenado.<\/p>\n\n\n\n<h3 class=\"wp-block-heading\">Salmos 37:34<\/h3>\n\n\n\n<p>Espere no Senhor e siga a sua vontade. Ele o exaltar\u00e1, dando-lhe a terra por heran\u00e7a; quando os \u00edmpios forem eliminados, voc\u00ea o ver\u00e1.<\/p>\n\n\n\n<h3 class=\"wp-block-heading\">Salmos 38:15<\/h3>\n\n\n\n<p>Senhor, em ti espero; tu me responder\u00e1s, \u00f3 Senhor meu Deus!<\/p>\n\n\n\n<h3 class=\"wp-block-heading\">Salmos 39:7<\/h3>\n\n\n\n<p>Mas agora, Senhor, que hei de esperar? Minha esperan\u00e7a est\u00e1 em ti.<\/p>\n\n\n\n<h3 class=\"wp-block-heading\">Salmos 40:1<\/h3>\n\n\n\n<p>Coloquei toda minha esperan\u00e7a no Senhor; ele se inclinou para mim e ouviu o meu grito de socorro.<\/p>\n\n\n\n<h3 class=\"wp-block-heading\">Salmos 42:5<\/h3>\n\n\n\n<p>Por que voc\u00ea est\u00e1 assim t\u00e3o triste, \u00f3 minha alma? Por que est\u00e1 assim t\u00e3o perturbada dentro de mim? Ponha a sua esperan\u00e7a em Deus! Pois ainda o louvarei; ele \u00e9 o meu Salvador e<\/p>\n\n\n\n<h3 class=\"wp-block-heading\">Salmos 62:1<\/h3>\n\n\n\n<p>A minha alma descansa somente em Deus; dele vem a minha salva\u00e7\u00e3o.<\/p>\n\n\n\n<h3 class=\"wp-block-heading\">Salmos 71:5<\/h3>\n\n\n\n<p>Pois tu \u00e9s a minha esperan\u00e7a, \u00f3 Soberano Senhor, em ti est\u00e1 a minha confian\u00e7a desde a juventude.<\/p>\n\n\n\n<h3 class=\"wp-block-heading\">Salmos 71:14<\/h3>\n\n\n\n<p>Mas eu sempre terei esperan\u00e7a e te louvarei cada vez mais.<\/p>\n\n\n\n<h3 class=\"wp-block-heading\">Salmos 73:24<\/h3>\n\n\n\n<p>Tu me diriges com o teu conselho, e depois me receber\u00e1s com honras.<\/p>\n\n\n\n<h3 class=\"wp-block-heading\">Salmos 119:43<\/h3>\n\n\n\n<p>Jamais tires da minha boca a palavra da verdade, pois nas tuas ordenan\u00e7as coloquei a minha esperan\u00e7a.<\/p>\n\n\n\n<h3 class=\"wp-block-heading\">Salmos 119:49<\/h3>\n\n\n\n<p>Lembra-te da tua palavra ao teu servo, pela qual me deste esperan\u00e7a.<\/p>\n\n\n\n<h3 class=\"wp-block-heading\">Salmos 119:74<\/h3>\n\n\n\n<p>Quando os que t\u00eam temor de ti me virem, se alegrar\u00e3o, pois na tua palavra coloquei a minha esperan\u00e7a.<\/p>\n\n\n\n<h3 class=\"wp-block-heading\">Salmos 119:81<\/h3>\n\n\n\n<p>Estou quase desfalecido, aguardando a tua salva\u00e7\u00e3o, mas na tua palavra coloquei a minha esperan\u00e7a.<\/p>\n\n\n\n<h3 class=\"wp-block-heading\">Salmos 119:114<\/h3>\n\n\n\n<p>Tu \u00e9s o meu abrigo e o meu escudo; e na tua palavra coloquei minha esperan\u00e7a.<\/p>\n\n\n\n<h3 class=\"wp-block-heading\">Salmos 119:147<\/h3>\n\n\n\n<p>Antes do amanhecer me levanto e suplico o teu socorro; na tua palavra coloquei minha esperan\u00e7a.<\/p>\n\n\n\n<h3 class=\"wp-block-heading\">Salmos 119:166<\/h3>\n\n\n\n<p>Aguardo a tua salva\u00e7\u00e3o, Senhor, e pratico os teus mandamentos.<\/p>\n\n\n\n<h3 class=\"wp-block-heading\">Salmos 130:5<\/h3>\n\n\n\n<p>Espero no Senhor com todo o meu ser, e na sua palavra ponho a minha esperan\u00e7a.<\/p>\n\n\n\n<h3 class=\"wp-block-heading\">Salmos 130:7<\/h3>\n\n\n\n<p>Ponha a sua esperan\u00e7a no Senhor, \u00f3 Israel, pois no Senhor h\u00e1 amor leal e plena reden\u00e7\u00e3o.<\/p>\n\n\n\n<h3 class=\"wp-block-heading\">Salmos 131:3<\/h3>\n\n\n\n<p>Ponha a sua esperan\u00e7a no Senhor, \u00f3 Israel, desde agora e para sempre!<\/p>\n\n\n\n<h3 class=\"wp-block-heading\">Salmos 135:14<\/h3>\n\n\n\n<p>O Senhor defender\u00e1 o seu povo e ter\u00e1 compaix\u00e3o dos seus servos.<\/p>\n\n\n\n<h3 class=\"wp-block-heading\">Salmos 147:11<\/h3>\n\n\n\n<p>O Senhor se agrada dos que o temem, dos que colocam sua esperan\u00e7a no seu amor leal.<\/p>\n\n\n\n<h3 class=\"wp-block-heading\">Salmos 146:5<\/h3>\n\n\n\n<p>Como \u00e9 feliz aquele cujo aux\u00edlio \u00e9 o Deus de Jac\u00f3, cuja esperan\u00e7a est\u00e1 no Senhor, no seu Deus,<\/p>\n\n\n\n<h3 class=\"wp-block-heading\">Salmos 130:6<\/h3>\n\n\n\n<p>Espero pelo Senhor mais do que as sentinelas pela manh\u00e3; sim, mais do que as sentinelas esperam pela manh\u00e3!<\/p>\n\n\n\n<h3 class=\"wp-block-heading\">Salmos 119:74<\/h3>\n\n\n\n<p>Quando os que t\u00eam temor de ti me virem, se alegrar\u00e3o, pois na tua palavra coloquei a minha esperan\u00e7a.<\/p>\n\n\n\n<h3 class=\"wp-block-heading\">Salmos 25:21<\/h3>\n\n\n\n<p>Que a integridade e a retid\u00e3o me protejam, porque a minha esperan\u00e7a est\u00e1 em ti.<\/p>\n\n\n\n<h2 class=\"wp-block-heading\">Lee Tambi\u00e9n:<\/h2>\n\n\n\n<ul class=\"wp-block-list\">\n<li><a href=\"https:\/\/thebibleverses.org\/pt\/\">Vers\u00edculos por T\u00f3picos<\/a><\/li>\n\n\n\n<li><a href=\"https:\/\/thebibleverses.org\/pt\/amor\/\">Vers\u00edculos da B\u00edblia sobre o Amor<\/a><\/li>\n\n\n\n<li><a href=\"https:\/\/thebibleverses.org\/pt\/forca\/\">Vers\u00edculos da B\u00edblia sobre For\u00e7a<\/a><\/li>\n\n\n\n<li><a href=\"https:\/\/thebibleverses.org\/pt\/fe\/\">Vers\u00edculos B\u00edblicos sobre F\u00e9<\/a><\/li>\n\n\n\n<li><a href=\"https:\/\/thebibleverses.org\/pt\/jovens\/\">Vers\u00edculos da B\u00edblia para Jovens<\/a><\/li>\n\n\n\n<li><a href=\"https:\/\/thebibleverses.org\/pt\/amizade\/\">Vers\u00edculos da B\u00edblia sobre Amizade<\/a><\/li>\n\n\n\n<li><a href=\"https:\/\/thebibleverses.org\/pt\/cura\/\">Vers\u00edculos da B\u00edblia sobre Cura<\/a><\/li>\n<\/ul>\n","protected":false},"excerpt":{"rendered":"<p>Salmos de Esperan\u00e7a em Deus em Tempos Dif\u00edceis Descubra a esperan\u00e7a inabal\u00e1vel em Deus atrav\u00e9s dos nossos Salmos. Esses vers\u00edculos atemporais inspiram f\u00e9, resili\u00eancia e um renovado senso de prop\u00f3sito. Adentre na profundidade da esperan\u00e7a divina nos Salmos e embarque em uma jornada transformadora de confian\u00e7a inquebrant\u00e1vel. Salmos 9:18 Mas os pobres nunca ser\u00e3o esquecidos, [&hellip;]<\/p>\n","protected":false},"author":1,"featured_media":2285,"parent":0,"menu_order":0,"comment_status":"closed","ping_status":"closed","template":"","meta":{"footnotes":""},"class_list":["post-2284","page","type-page","status-publish","has-post-thumbnail","hentry","entry","fw-tab-6 fw-tabr-4"],"_links":{"self":[{"href":"https:\/\/thebibleverses.org\/pt\/wp-json\/wp\/v2\/pages\/2284","targetHints":{"allow":["GET"]}}],"collection":[{"href":"https:\/\/thebibleverses.org\/pt\/wp-json\/wp\/v2\/pages"}],"about":[{"href":"https:\/\/thebibleverses.org\/pt\/wp-json\/wp\/v2\/types\/page"}],"author":[{"embeddable":true,"href":"https:\/\/thebibleverses.org\/pt\/wp-json\/wp\/v2\/users\/1"}],"replies":[{"embeddable":true,"href":"https:\/\/thebibleverses.org\/pt\/wp-json\/wp\/v2\/comments?post=2284"}],"version-history":[{"count":1,"href":"https:\/\/thebibleverses.org\/pt\/wp-json\/wp\/v2\/pages\/2284\/revisions"}],"predecessor-version":[{"id":2286,"href":"https:\/\/thebibleverses.org\/pt\/wp-json\/wp\/v2\/pages\/2284\/revisions\/2286"}],"wp:featuredmedia":[{"embeddable":true,"href":"https:\/\/thebibleverses.org\/pt\/wp-json\/wp\/v2\/media\/2285"}],"wp:attachment":[{"href":"https:\/\/thebibleverses.org\/pt\/wp-json\/wp\/v2\/media?parent=2284"}],"curies":[{"name":"wp","href":"https:\/\/api.w.org\/{rel}","templated":true}]}}