{"id":2281,"date":"2023-09-08T22:15:13","date_gmt":"2023-09-08T22:15:13","guid":{"rendered":"https:\/\/thebibleverses.org\/pt\/?page_id=2281"},"modified":"2023-09-08T22:15:15","modified_gmt":"2023-09-08T22:15:15","slug":"salmos-de-arrependimento","status":"publish","type":"page","link":"https:\/\/thebibleverses.org\/pt\/salmos-de-arrependimento\/","title":{"rendered":"30 Salmos de Arrependimento"},"content":{"rendered":"<div class=\"wp-block-image\">\n<figure class=\"aligncenter size-large\"><img decoding=\"async\" width=\"1024\" height=\"631\" data-src=\"https:\/\/thebibleverses.org\/pt\/wp-content\/uploads\/2023\/09\/salmos-de-arrependimento-1024x631.webp\" alt=\"Salmos de Arrependimento\" class=\"wp-image-2282 lazyload\" data-srcset=\"https:\/\/thebibleverses.org\/pt\/wp-content\/uploads\/2023\/09\/salmos-de-arrependimento-1024x631.webp 1024w, https:\/\/thebibleverses.org\/pt\/wp-content\/uploads\/2023\/09\/salmos-de-arrependimento-300x185.webp 300w, https:\/\/thebibleverses.org\/pt\/wp-content\/uploads\/2023\/09\/salmos-de-arrependimento-768x474.webp 768w, https:\/\/thebibleverses.org\/pt\/wp-content\/uploads\/2023\/09\/salmos-de-arrependimento-320x197.webp 320w, https:\/\/thebibleverses.org\/pt\/wp-content\/uploads\/2023\/09\/salmos-de-arrependimento-450x278.webp 450w, https:\/\/thebibleverses.org\/pt\/wp-content\/uploads\/2023\/09\/salmos-de-arrependimento-720x444.webp 720w, https:\/\/thebibleverses.org\/pt\/wp-content\/uploads\/2023\/09\/salmos-de-arrependimento.webp 1200w\" data-sizes=\"(max-width: 1024px) 100vw, 1024px\" src=\"data:image\/svg+xml;base64,PHN2ZyB3aWR0aD0iMSIgaGVpZ2h0PSIxIiB4bWxucz0iaHR0cDovL3d3dy53My5vcmcvMjAwMC9zdmciPjwvc3ZnPg==\" style=\"--smush-placeholder-width: 1024px; --smush-placeholder-aspect-ratio: 1024\/631;\" \/><figcaption class=\"wp-element-caption\">Salmos de Arrependimento &#8211; Nova Vers\u00e3o Internacional (NVI-PT).<\/figcaption><\/figure><\/div>\n\n\n<h2 class=\"wp-block-heading\">Salmos de Arrependimento e Perd\u00e3o dos Pecados<\/h2>\n\n\n\n<p>Encontre o caminho do arrependimento e da reconcilia\u00e7\u00e3o com nossos Salmos. Esses vers\u00edculos atemporais s\u00e3o uma fonte de reflex\u00e3o profunda e perd\u00e3o divino. Mergulhe nas palavras que inspiram mudan\u00e7as positivas e descubra a transforma\u00e7\u00e3o pessoal atrav\u00e9s do arrependimento.<\/p>\n\n\n\n<h3 class=\"wp-block-heading\">Salmos 6:6<\/h3>\n\n\n\n<p>Estou exausto de tanto gemer. De tanto chorar inundo de noite a minha cama; de l\u00e1grimas encharco o meu leito.<\/p>\n\n\n\n<h3 class=\"wp-block-heading\">Salmos 32:5<\/h3>\n\n\n\n<p>Ent\u00e3o reconheci diante de ti o meu pecado e n\u00e3o encobri as minhas culpas. Eu disse: Confessarei as minhas transgress\u00f5esao Senhor, e tu perdoaste a culpa do meu pecado.<\/p>\n\n\n\n<h3 class=\"wp-block-heading\">Salmos 38:18<\/h3>\n\n\n\n<p>Confesso a minha culpa; em ang\u00fastia estou por causa do meu pecado.<\/p>\n\n\n\n<h3 class=\"wp-block-heading\">Salmos 51:2<\/h3>\n\n\n\n<p>Lava-me de toda a minha culpa e purifica-me do meu pecado.<\/p>\n\n\n\n<h3 class=\"wp-block-heading\">Salmos 51:3<\/h3>\n\n\n\n<p>Pois eu mesmo reconhe\u00e7o as minhas transgress\u00f5es, e o meu pecado sempre me persegue.<\/p>\n\n\n\n<h3 class=\"wp-block-heading\">Salmos 51:17<\/h3>\n\n\n\n<p>Os sacrif\u00edcios que agradam a Deus s\u00e3o um esp\u00edrito quebrantado; um cora\u00e7\u00e3o quebrantado e contrito, \u00f3 Deus, n\u00e3o desprezar\u00e1s.<\/p>\n\n\n\n<h3 class=\"wp-block-heading\">Salmos 69:5<\/h3>\n\n\n\n<p>Tu bem sabes como fui insensato, \u00f3 Deus; a minha culpa n\u00e3o te \u00e9 encoberta.<\/p>\n\n\n\n<h3 class=\"wp-block-heading\">Salmos 86:5<\/h3>\n\n\n\n<p>Tu \u00e9s bondoso e perdoador, Senhor, rico em gra\u00e7a para com todos os que te invocam.<\/p>\n\n\n\n<h3 class=\"wp-block-heading\">Salmos 103:10<\/h3>\n\n\n\n<p>N\u00e3o nos trata conforme os nossos pecados nem nos retribui conforme as nossas iniq\u00fcidades.<\/p>\n\n\n\n<h3 class=\"wp-block-heading\">Salmos 119:59<\/h3>\n\n\n\n<p>Refleti em meus caminhos e voltei os meus passos para os teus testemunhos.<\/p>\n\n\n\n<h3 class=\"wp-block-heading\">Salmos 130:3<\/h3>\n\n\n\n<p>Se tu, Soberano Senhor, registrasses os pecados, quem escaparia?<\/p>\n\n\n\n<h3 class=\"wp-block-heading\">Salmos 130:4<\/h3>\n\n\n\n<p>Mas contigo est\u00e1 o perd\u00e3o para que sejas temido.<\/p>\n\n\n\n<h3 class=\"wp-block-heading\">Salmos 143:2<\/h3>\n\n\n\n<p>Mas n\u00e3o leves o teu servo a julgamento, pois ningu\u00e9m \u00e9 justo diante de ti.<\/p>\n\n\n\n<h3 class=\"wp-block-heading\">Salmos 145:18<\/h3>\n\n\n\n<p>O Senhor est\u00e1 perto de todos os que o invocam, de todos os que o invocam com sinceridade.<\/p>\n\n\n\n<h3 class=\"wp-block-heading\">Salmos 32:1-2<\/h3>\n\n\n\n<p>Como \u00e9 feliz aquele que tem suas transgress\u00f5es perdoadas e seus pecados apagados! Como \u00e9 feliz aquele a quem o Senhor n\u00e3o atribui culpa e em quem n\u00e3o h\u00e1 hipocrisia!<\/p>\n\n\n\n<h3 class=\"wp-block-heading\">Salmos 25:11<\/h3>\n\n\n\n<p>Por amor do teu nome, Senhor, perdoa o meu pecado, que \u00e9 t\u00e3o grande!<\/p>\n\n\n\n<h3 class=\"wp-block-heading\">Salmos 38:4<\/h3>\n\n\n\n<p>As minhas culpas me afogam; s\u00e3o como um fardo pesado e insuport\u00e1vel.<\/p>\n\n\n\n<h3 class=\"wp-block-heading\">Salmos 40:12<\/h3>\n\n\n\n<p>Pois incont\u00e1veis problemas me cercam, as minhas culpas me alcan\u00e7aram e j\u00e1 n\u00e3o consigo ver. Mais numerosos s\u00e3o que os cabelos da minha cabe\u00e7a, e o meu cora\u00e7\u00e3o perdeu o \u00e2nimo.<\/p>\n\n\n\n<h3 class=\"wp-block-heading\">Salmos 40:13<\/h3>\n\n\n\n<p>Agrada-te, Senhor, em libertar-me; apressa-te, Senhor, a ajudar-me.<\/p>\n\n\n\n<h3 class=\"wp-block-heading\">Salmos 51:10<\/h3>\n\n\n\n<p>Cria em mim um cora\u00e7\u00e3o puro, \u00f3 Deus, e renova dentro de mim um esp\u00edrito est\u00e1vel.<\/p>\n\n\n\n<h3 class=\"wp-block-heading\">Salmos 51:16-17<\/h3>\n\n\n\n<p>N\u00e3o te deleitas em sacrif\u00edcios nem te agradas em holocaustos, se n\u00e3o eu os traria. Os sacrif\u00edcios que agradam a Deus s\u00e3o um esp\u00edrito quebrantado; um cora\u00e7\u00e3o quebrantado e contrito, \u00f3 Deus, n\u00e3o desprezar\u00e1s.<\/p>\n\n\n\n<h3 class=\"wp-block-heading\">Salmos 71:15<\/h3>\n\n\n\n<p>A minha boca falar\u00e1 sem cessar da tua justi\u00e7a e dos teus incont\u00e1veis atos de salva\u00e7\u00e3o.<\/p>\n\n\n\n<h3 class=\"wp-block-heading\">Salmos 73:21-22<\/h3>\n\n\n\n<p>Quando o meu cora\u00e7\u00e3o estava amargurado e no \u00edntimo eu sentia inveja, agi como insensato e ignorante; minha atitude para contigo era a de um animal irracional.<\/p>\n\n\n\n<h3 class=\"wp-block-heading\">Salmos 86:2<\/h3>\n\n\n\n<p>Guarda a minha vida, pois sou fiel a ti. Tu \u00e9s o meu Deus; salva o teu servo que em ti confia!<\/p>\n\n\n\n<h3 class=\"wp-block-heading\">Salmos 86:3<\/h3>\n\n\n\n<p>Miseric\u00f3rdia, Senhor, pois clamo a ti sem cessar.<\/p>\n\n\n\n<h3 class=\"wp-block-heading\">Salmos 130:1-2<\/h3>\n\n\n\n<p>Das profundezas clamo a ti, Senhor; ouve, Senhor, a minha voz! Estejam atentos os teus ouvidos \u00e0s minhas s\u00faplicas!<\/p>\n\n\n\n<h3 class=\"wp-block-heading\">Salmos 130:7<\/h3>\n\n\n\n<p>Ponha a sua esperan\u00e7a no Senhor, \u00f3 Israel, pois no Senhor h\u00e1 amor leal e plena reden\u00e7\u00e3o.<\/p>\n\n\n\n<h3 class=\"wp-block-heading\">Salmos 143:8<\/h3>\n\n\n\n<p>Faze-me ouvir do teu amor leal pela manh\u00e3, pois em ti confio. Mostra-me o caminho que devo seguir, pois a ti elevo a minha alma.<\/p>\n\n\n\n<h3 class=\"wp-block-heading\">Salmos 143:10<\/h3>\n\n\n\n<p>Ensina-me a fazer a tua vontade, pois tu \u00e9s o meu Deus; que o teu bondoso Esp\u00edrito me conduza por terreno plano.<\/p>\n\n\n\n<h3 class=\"wp-block-heading\">Salmos 145:14<\/h3>\n\n\n\n<p>O Senhor ampara todos os que caem e levanta todos os que est\u00e3o prostrados.<\/p>\n\n\n\n<h2 class=\"wp-block-heading\">Lee Tambi\u00e9n:<\/h2>\n\n\n\n<ul class=\"wp-block-list\">\n<li><a href=\"https:\/\/thebibleverses.org\/pt\/\">Vers\u00edculos por T\u00f3picos<\/a><\/li>\n\n\n\n<li><a href=\"https:\/\/thebibleverses.org\/pt\/amor\/\">Vers\u00edculos da B\u00edblia sobre o Amor<\/a><\/li>\n\n\n\n<li><a href=\"https:\/\/thebibleverses.org\/pt\/forca\/\">Vers\u00edculos da B\u00edblia sobre For\u00e7a<\/a><\/li>\n\n\n\n<li><a href=\"https:\/\/thebibleverses.org\/pt\/fe\/\">Vers\u00edculos B\u00edblicos sobre F\u00e9<\/a><\/li>\n\n\n\n<li><a href=\"https:\/\/thebibleverses.org\/pt\/jovens\/\">Vers\u00edculos da B\u00edblia para Jovens<\/a><\/li>\n\n\n\n<li><a href=\"https:\/\/thebibleverses.org\/pt\/amizade\/\">Vers\u00edculos da B\u00edblia sobre Amizade<\/a><\/li>\n\n\n\n<li><a href=\"https:\/\/thebibleverses.org\/pt\/cura\/\">Vers\u00edculos da B\u00edblia sobre Cura<\/a><\/li>\n<\/ul>\n","protected":false},"excerpt":{"rendered":"<p>Salmos de Arrependimento e Perd\u00e3o dos Pecados Encontre o caminho do arrependimento e da reconcilia\u00e7\u00e3o com nossos Salmos. Esses vers\u00edculos atemporais s\u00e3o uma fonte de reflex\u00e3o profunda e perd\u00e3o divino. Mergulhe nas palavras que inspiram mudan\u00e7as positivas e descubra a transforma\u00e7\u00e3o pessoal atrav\u00e9s do arrependimento. Salmos 6:6 Estou exausto de tanto gemer. De tanto chorar [&hellip;]<\/p>\n","protected":false},"author":1,"featured_media":2282,"parent":0,"menu_order":0,"comment_status":"closed","ping_status":"closed","template":"","meta":{"footnotes":""},"class_list":["post-2281","page","type-page","status-publish","has-post-thumbnail","hentry","entry","fw-tab-6 fw-tabr-4"],"_links":{"self":[{"href":"https:\/\/thebibleverses.org\/pt\/wp-json\/wp\/v2\/pages\/2281","targetHints":{"allow":["GET"]}}],"collection":[{"href":"https:\/\/thebibleverses.org\/pt\/wp-json\/wp\/v2\/pages"}],"about":[{"href":"https:\/\/thebibleverses.org\/pt\/wp-json\/wp\/v2\/types\/page"}],"author":[{"embeddable":true,"href":"https:\/\/thebibleverses.org\/pt\/wp-json\/wp\/v2\/users\/1"}],"replies":[{"embeddable":true,"href":"https:\/\/thebibleverses.org\/pt\/wp-json\/wp\/v2\/comments?post=2281"}],"version-history":[{"count":1,"href":"https:\/\/thebibleverses.org\/pt\/wp-json\/wp\/v2\/pages\/2281\/revisions"}],"predecessor-version":[{"id":2283,"href":"https:\/\/thebibleverses.org\/pt\/wp-json\/wp\/v2\/pages\/2281\/revisions\/2283"}],"wp:featuredmedia":[{"embeddable":true,"href":"https:\/\/thebibleverses.org\/pt\/wp-json\/wp\/v2\/media\/2282"}],"wp:attachment":[{"href":"https:\/\/thebibleverses.org\/pt\/wp-json\/wp\/v2\/media?parent=2281"}],"curies":[{"name":"wp","href":"https:\/\/api.w.org\/{rel}","templated":true}]}}