{"id":2278,"date":"2023-09-08T18:36:54","date_gmt":"2023-09-08T18:36:54","guid":{"rendered":"https:\/\/thebibleverses.org\/pt\/?page_id=2278"},"modified":"2023-09-08T18:36:56","modified_gmt":"2023-09-08T18:36:56","slug":"salmos-de-encorajamento","status":"publish","type":"page","link":"https:\/\/thebibleverses.org\/pt\/salmos-de-encorajamento\/","title":{"rendered":"30 Salmos de Encorajamento"},"content":{"rendered":"<div class=\"wp-block-image\">\n<figure class=\"aligncenter size-large\"><img decoding=\"async\" width=\"1024\" height=\"631\" data-src=\"https:\/\/thebibleverses.org\/pt\/wp-content\/uploads\/2023\/09\/salmos-de-encorajamento-1024x631.webp\" alt=\"Salmos de Encorajamento\" class=\"wp-image-2279 lazyload\" data-srcset=\"https:\/\/thebibleverses.org\/pt\/wp-content\/uploads\/2023\/09\/salmos-de-encorajamento-1024x631.webp 1024w, https:\/\/thebibleverses.org\/pt\/wp-content\/uploads\/2023\/09\/salmos-de-encorajamento-300x185.webp 300w, https:\/\/thebibleverses.org\/pt\/wp-content\/uploads\/2023\/09\/salmos-de-encorajamento-768x474.webp 768w, https:\/\/thebibleverses.org\/pt\/wp-content\/uploads\/2023\/09\/salmos-de-encorajamento-320x197.webp 320w, https:\/\/thebibleverses.org\/pt\/wp-content\/uploads\/2023\/09\/salmos-de-encorajamento-450x278.webp 450w, https:\/\/thebibleverses.org\/pt\/wp-content\/uploads\/2023\/09\/salmos-de-encorajamento-720x444.webp 720w, https:\/\/thebibleverses.org\/pt\/wp-content\/uploads\/2023\/09\/salmos-de-encorajamento.webp 1200w\" data-sizes=\"(max-width: 1024px) 100vw, 1024px\" src=\"data:image\/svg+xml;base64,PHN2ZyB3aWR0aD0iMSIgaGVpZ2h0PSIxIiB4bWxucz0iaHR0cDovL3d3dy53My5vcmcvMjAwMC9zdmciPjwvc3ZnPg==\" style=\"--smush-placeholder-width: 1024px; --smush-placeholder-aspect-ratio: 1024\/631;\" \/><figcaption class=\"wp-element-caption\">Salmos de Encorajamento &#8211; Nova Vers\u00e3o Internacional (NVI-PT).<\/figcaption><\/figure><\/div>\n\n\n<h2 class=\"wp-block-heading\">Salmos de Encorajamento para dar For\u00e7a em Tempos Dif\u00edceis<\/h2>\n\n\n\n<p>Eleve seu \u00e2nimo com os Salmos inspiradores. Esses vers\u00edculos atemporais s\u00e3o uma fonte de for\u00e7a durante os desafios da vida. Explore mensagens que inspiram esperan\u00e7a e motiva\u00e7\u00e3o, e descubra uma fonte de encorajamento inabal\u00e1vel. Junte-se a n\u00f3s em uma jornada de resili\u00eancia e f\u00e9 com nossa cole\u00e7\u00e3o de Salmos inspiradores.<\/p>\n\n\n\n<h3 class=\"wp-block-heading\">Salmos 16:9<\/h3>\n\n\n\n<p>Por isso o meu cora\u00e7\u00e3o se alegra e no \u00edntimo exulto; mesmo o meu corpo repousar\u00e1 tranq\u00fcilo.<\/p>\n\n\n\n<h3 class=\"wp-block-heading\">Salmos 23:4<\/h3>\n\n\n\n<p>Mesmo quando eu andar por um vale de trevas e morte, n\u00e3o temerei perigo algum, pois tu est\u00e1s comigo; a tua vara e o teu cajado me protegem.<\/p>\n\n\n\n<h3 class=\"wp-block-heading\">Salmos 27:14<\/h3>\n\n\n\n<p>Espere no Senhor. Seja forte! Coragem! Espere no Senhor.<\/p>\n\n\n\n<h3 class=\"wp-block-heading\">Salmos 30:5<\/h3>\n\n\n\n<p>Pois a sua ira s\u00f3 dura um instante, mas o seu favor dura a vida toda; o choro pode persistir uma noite, mas de manh\u00e3 irrompe a alegria.<\/p>\n\n\n\n<h3 class=\"wp-block-heading\">Salmos 31:24<\/h3>\n\n\n\n<p>Sejam fortes e corajosos, todos voc\u00eas que esperam no Senhor!<\/p>\n\n\n\n<h3 class=\"wp-block-heading\">Salmos 34:17<\/h3>\n\n\n\n<p>Os justos clamam, o Senhor os ouve e os livra de todas as suas tribula\u00e7\u00f5es.<\/p>\n\n\n\n<h3 class=\"wp-block-heading\">Salmos 42:11<\/h3>\n\n\n\n<p>Por que voc\u00ea est\u00e1 assim t\u00e3o triste, \u00f3 minha alma? Por que est\u00e1 assim t\u00e3o perturbada dentro de mim? Ponha a sua esperan\u00e7a em Deus! Pois ainda o louvarei; ele \u00e9 o meu Salvador e o meu Deus.<\/p>\n\n\n\n<h3 class=\"wp-block-heading\">Salmos 46:1<\/h3>\n\n\n\n<p>Deus \u00e9 o nosso ref\u00fagio e a nossa fortaleza, aux\u00edlio sempre presente na adversidade.<\/p>\n\n\n\n<h3 class=\"wp-block-heading\">Salmos 55:22<\/h3>\n\n\n\n<p>Entregue suas preocupa\u00e7\u00f5es ao Senhor, e ele o suster\u00e1; jamais permitir\u00e1 que o justo venha a cair.<\/p>\n\n\n\n<h3 class=\"wp-block-heading\">Salmos 56:3<\/h3>\n\n\n\n<p>Mas eu, quando estiver com medo, confiarei em ti.<\/p>\n\n\n\n<h3 class=\"wp-block-heading\">Salmos 59:16<\/h3>\n\n\n\n<p>Mas eu cantarei louvores \u00e0 tua for\u00e7a; de manh\u00e3 louvarei a tua fidelidade, pois tu \u00e9s o meu alto ref\u00fagio, abrigo seguro nos tempos dif\u00edceis.<\/p>\n\n\n\n<h3 class=\"wp-block-heading\">Salmos 62:5<\/h3>\n\n\n\n<p>Descanse somente em Deus, \u00f3 minha alma; dele vem a minha esperan\u00e7a.<\/p>\n\n\n\n<h3 class=\"wp-block-heading\">Salmos 91:15<\/h3>\n\n\n\n<p>Ele clamar\u00e1 a mim, e eu lhe darei resposta, e na adversidade estarei com ele; vou livr\u00e1-lo e cobri-lo de honra.<\/p>\n\n\n\n<h3 class=\"wp-block-heading\">Salmos 94:19<\/h3>\n\n\n\n<p>Quando a ansiedade j\u00e1 me dominava no \u00edntimo, o teu consolo trouxe al\u00edvio \u00e0 minha alma.<\/p>\n\n\n\n<h3 class=\"wp-block-heading\">Salmos 112:7<\/h3>\n\n\n\n<p>N\u00e3o temer\u00e1 m\u00e1s not\u00edcias; seu cora\u00e7\u00e3o est\u00e1 firme, confiante no Senhor.<\/p>\n\n\n\n<h3 class=\"wp-block-heading\">Salmos 118:14<\/h3>\n\n\n\n<p>O Senhor \u00e9 a minha for\u00e7a e o meu c\u00e2ntico; ele \u00e9 a minha salva\u00e7\u00e3o.<\/p>\n\n\n\n<h3 class=\"wp-block-heading\">Salmos 119:25<\/h3>\n\n\n\n<p>Agora estou prostrado no p\u00f3; preserva a minha vida conforme a tua promessa.<\/p>\n\n\n\n<h3 class=\"wp-block-heading\">Salmos 120:1<\/h3>\n\n\n\n<p>Eu clamo pelo Senhor na minha ang\u00fastia, e ele me responde.<\/p>\n\n\n\n<h3 class=\"wp-block-heading\">Salmos 138:3<\/h3>\n\n\n\n<p>Quando clamei, tu me respondeste; deste-me for\u00e7a e coragem.<\/p>\n\n\n\n<h3 class=\"wp-block-heading\">Salmos 139:23-24<\/h3>\n\n\n\n<p>Sonda-me, \u00f3 Deus, e conhece o meu cora\u00e7\u00e3o;prova-me, e conhece as minhas inquieta\u00e7\u00f5es. V\u00ea se em minha conduta algo te ofende, e dirige-me pelo caminho eterno.<\/p>\n\n\n\n<h3 class=\"wp-block-heading\">Salmos 144:1<\/h3>\n\n\n\n<p>Bendito seja o Senhor, a minha Rocha, que treina as minhas m\u00e3os para a guerra e os meus dedos para a batalha.<\/p>\n\n\n\n<h3 class=\"wp-block-heading\">Salmos 143:8<\/h3>\n\n\n\n<p>Faze-me ouvir do teu amor leal pela manh\u00e3, pois em ti confio. Mostra-me o caminho que devo seguir, pois a ti elevo a minha alma.<\/p>\n\n\n\n<h3 class=\"wp-block-heading\">Salmos 147:3<\/h3>\n\n\n\n<p>S\u00f3 ele cura os de cora\u00e7\u00e3o quebrantado e cuida das suas feridas.<\/p>\n\n\n\n<h3 class=\"wp-block-heading\">Salmos 16:11<\/h3>\n\n\n\n<p>Tu me far\u00e1s conhecer a vereda da vida, a alegria plena da tua presen\u00e7a, eterno prazer \u00e0 tua direita.<\/p>\n\n\n\n<h3 class=\"wp-block-heading\">Salmos 121:1-2<\/h3>\n\n\n\n<p>Levanto os meus olhos para os montes e pergunto: De onde me vem o socorro? O meu socorro vem do Senhor, que fez os c\u00e9us e a terra.<\/p>\n\n\n\n<h3 class=\"wp-block-heading\">Salmos 146:5<\/h3>\n\n\n\n<p>Como \u00e9 feliz aquele cujo aux\u00edlio \u00e9 o Deus de Jac\u00f3, cuja esperan\u00e7a est\u00e1 no Senhor, no seu Deus.<\/p>\n\n\n\n<h3 class=\"wp-block-heading\">Salmos 30:11<\/h3>\n\n\n\n<p>Mudaste o meu pranto em dan\u00e7a, a minha veste de lamento em veste de alegria.<\/p>\n\n\n\n<h3 class=\"wp-block-heading\">Salmos 126:5<\/h3>\n\n\n\n<p>Aqueles que semeiam com l\u00e1grimas, com cantos de alegria colher\u00e3o.<\/p>\n\n\n\n<h3 class=\"wp-block-heading\">Salmos 34:4<\/h3>\n\n\n\n<p>Busquei o Senhor, e ele me respondeu; livrou-me de todos os meus temores.<\/p>\n\n\n\n<h3 class=\"wp-block-heading\">Salmos 37:39<\/h3>\n\n\n\n<p>Do Senhor vem a salva\u00e7\u00e3o dos justos; ele \u00e9 a sua fortaleza na hora da adversidade.<\/p>\n\n\n\n<h2 class=\"wp-block-heading\">Lee Tambi\u00e9n:<\/h2>\n\n\n\n<ul class=\"wp-block-list\">\n<li><a href=\"https:\/\/thebibleverses.org\/pt\/\">Vers\u00edculos por T\u00f3picos<\/a><\/li>\n\n\n\n<li><a href=\"https:\/\/thebibleverses.org\/pt\/amor\/\">Vers\u00edculos da B\u00edblia sobre o Amor<\/a><\/li>\n\n\n\n<li><a href=\"https:\/\/thebibleverses.org\/pt\/forca\/\">Vers\u00edculos da B\u00edblia sobre For\u00e7a<\/a><\/li>\n\n\n\n<li><a href=\"https:\/\/thebibleverses.org\/pt\/fe\/\">Vers\u00edculos B\u00edblicos sobre F\u00e9<\/a><\/li>\n\n\n\n<li><a href=\"https:\/\/thebibleverses.org\/pt\/jovens\/\">Vers\u00edculos da B\u00edblia para Jovens<\/a><\/li>\n\n\n\n<li><a href=\"https:\/\/thebibleverses.org\/pt\/amizade\/\">Vers\u00edculos da B\u00edblia sobre Amizade<\/a><\/li>\n\n\n\n<li><a href=\"https:\/\/thebibleverses.org\/pt\/cura\/\">Vers\u00edculos da B\u00edblia sobre Cura<\/a><\/li>\n<\/ul>\n","protected":false},"excerpt":{"rendered":"<p>Salmos de Encorajamento para dar For\u00e7a em Tempos Dif\u00edceis Eleve seu \u00e2nimo com os Salmos inspiradores. Esses vers\u00edculos atemporais s\u00e3o uma fonte de for\u00e7a durante os desafios da vida. Explore mensagens que inspiram esperan\u00e7a e motiva\u00e7\u00e3o, e descubra uma fonte de encorajamento inabal\u00e1vel. Junte-se a n\u00f3s em uma jornada de resili\u00eancia e f\u00e9 com nossa [&hellip;]<\/p>\n","protected":false},"author":1,"featured_media":2279,"parent":0,"menu_order":0,"comment_status":"closed","ping_status":"closed","template":"","meta":{"footnotes":""},"class_list":["post-2278","page","type-page","status-publish","has-post-thumbnail","hentry","entry","fw-tab-6 fw-tabr-4"],"_links":{"self":[{"href":"https:\/\/thebibleverses.org\/pt\/wp-json\/wp\/v2\/pages\/2278","targetHints":{"allow":["GET"]}}],"collection":[{"href":"https:\/\/thebibleverses.org\/pt\/wp-json\/wp\/v2\/pages"}],"about":[{"href":"https:\/\/thebibleverses.org\/pt\/wp-json\/wp\/v2\/types\/page"}],"author":[{"embeddable":true,"href":"https:\/\/thebibleverses.org\/pt\/wp-json\/wp\/v2\/users\/1"}],"replies":[{"embeddable":true,"href":"https:\/\/thebibleverses.org\/pt\/wp-json\/wp\/v2\/comments?post=2278"}],"version-history":[{"count":1,"href":"https:\/\/thebibleverses.org\/pt\/wp-json\/wp\/v2\/pages\/2278\/revisions"}],"predecessor-version":[{"id":2280,"href":"https:\/\/thebibleverses.org\/pt\/wp-json\/wp\/v2\/pages\/2278\/revisions\/2280"}],"wp:featuredmedia":[{"embeddable":true,"href":"https:\/\/thebibleverses.org\/pt\/wp-json\/wp\/v2\/media\/2279"}],"wp:attachment":[{"href":"https:\/\/thebibleverses.org\/pt\/wp-json\/wp\/v2\/media?parent=2278"}],"curies":[{"name":"wp","href":"https:\/\/api.w.org\/{rel}","templated":true}]}}