{"id":2275,"date":"2023-09-08T18:14:35","date_gmt":"2023-09-08T18:14:35","guid":{"rendered":"https:\/\/thebibleverses.org\/pt\/?page_id=2275"},"modified":"2023-09-08T18:14:38","modified_gmt":"2023-09-08T18:14:38","slug":"salmos-amor-de-deus","status":"publish","type":"page","link":"https:\/\/thebibleverses.org\/pt\/salmos-amor-de-deus\/","title":{"rendered":"30 Salmos sobre o Amor de Deus"},"content":{"rendered":"<div class=\"wp-block-image\">\n<figure class=\"aligncenter size-large\"><img decoding=\"async\" width=\"1024\" height=\"631\" data-src=\"https:\/\/thebibleverses.org\/pt\/wp-content\/uploads\/2023\/09\/salmos-sobre-o-amor-de-deus-1024x631.webp\" alt=\"Salmos sobre o Amor de Deus\" class=\"wp-image-2276 lazyload\" data-srcset=\"https:\/\/thebibleverses.org\/pt\/wp-content\/uploads\/2023\/09\/salmos-sobre-o-amor-de-deus-1024x631.webp 1024w, https:\/\/thebibleverses.org\/pt\/wp-content\/uploads\/2023\/09\/salmos-sobre-o-amor-de-deus-300x185.webp 300w, https:\/\/thebibleverses.org\/pt\/wp-content\/uploads\/2023\/09\/salmos-sobre-o-amor-de-deus-768x474.webp 768w, https:\/\/thebibleverses.org\/pt\/wp-content\/uploads\/2023\/09\/salmos-sobre-o-amor-de-deus-320x197.webp 320w, https:\/\/thebibleverses.org\/pt\/wp-content\/uploads\/2023\/09\/salmos-sobre-o-amor-de-deus-450x278.webp 450w, https:\/\/thebibleverses.org\/pt\/wp-content\/uploads\/2023\/09\/salmos-sobre-o-amor-de-deus-720x444.webp 720w, https:\/\/thebibleverses.org\/pt\/wp-content\/uploads\/2023\/09\/salmos-sobre-o-amor-de-deus.webp 1200w\" data-sizes=\"(max-width: 1024px) 100vw, 1024px\" src=\"data:image\/svg+xml;base64,PHN2ZyB3aWR0aD0iMSIgaGVpZ2h0PSIxIiB4bWxucz0iaHR0cDovL3d3dy53My5vcmcvMjAwMC9zdmciPjwvc3ZnPg==\" style=\"--smush-placeholder-width: 1024px; --smush-placeholder-aspect-ratio: 1024\/631;\" \/><figcaption class=\"wp-element-caption\">Salmos sobre o Amor de Deus &#8211; Nova Vers\u00e3o Internacional (NVI-PT).<\/figcaption><\/figure><\/div>\n\n\n<h2 class=\"wp-block-heading\">Salmos sobre o Amor Divino de Deus na B\u00edblia<\/h2>\n\n\n\n<p>Descubra o profundo amor de Deus atrav\u00e9s de nossos Salmos. Esses vers\u00edculos sinceros expressam a profundidade do afeto divino e oferecem consolo em momentos de necessidade. Mergulhe na devo\u00e7\u00e3o ilimitada contida nesses Salmos e experimente uma conex\u00e3o profunda com o Criador.<\/p>\n\n\n\n<h3 class=\"wp-block-heading\">Salmos 13:5<\/h3>\n\n\n\n<p>Eu, por\u00e9m, confio em teu amor; o meu cora\u00e7\u00e3o exulta em tua salva\u00e7\u00e3o.<\/p>\n\n\n\n<h3 class=\"wp-block-heading\">Salmos 23:6<\/h3>\n\n\n\n<p>Sei que a bondade e a fidelidade me acompanhar\u00e3o todos os dias da minha vida, e voltarei \u00e0 casa do Senhor enquanto eu viver.<\/p>\n\n\n\n<h3 class=\"wp-block-heading\">Salmos 25:10<\/h3>\n\n\n\n<p>Todos os caminhos do Senhor s\u00e3o amor e fidelidade para com os que cumprem os preceitos da sua alian\u00e7a.<\/p>\n\n\n\n<h3 class=\"wp-block-heading\">Salmos 33:5<\/h3>\n\n\n\n<p>Ele ama a justi\u00e7a e a retid\u00e3o; a terra est\u00e1 cheia da bondade do Senhor.<\/p>\n\n\n\n<h3 class=\"wp-block-heading\">Salmos 36:5<\/h3>\n\n\n\n<p>O teu amor, Senhor, chega at\u00e9 os c\u00e9us; a tua fidelidade at\u00e9 as nuvens.<\/p>\n\n\n\n<h3 class=\"wp-block-heading\">Salmos 42:8<\/h3>\n\n\n\n<p>Conceda-me o Senhor o seu fiel amor de dia; de noite esteja comigo a sua can\u00e7\u00e3o. \u00c9 a minha ora\u00e7\u00e3o ao Deus que me d\u00e1 vida.<\/p>\n\n\n\n<h3 class=\"wp-block-heading\">Salmos 52:8<\/h3>\n\n\n\n<p>Mas eu sou como uma oliveira que floresce na casa de Deus; confio no amor de Deus para todo o sempre.<\/p>\n\n\n\n<h3 class=\"wp-block-heading\">Salmos 63:3<\/h3>\n\n\n\n<p>O teu amor \u00e9 melhor do que a vida! Por isso os meus l\u00e1bios te exaltar\u00e3o.<\/p>\n\n\n\n<h3 class=\"wp-block-heading\">Salmos 86:15<\/h3>\n\n\n\n<p>Mas tu, Senhor, \u00e9s Deus compassivo e misericordioso, muito paciente, rico em amor e em fidelidade.<\/p>\n\n\n\n<h3 class=\"wp-block-heading\">Salmos 89:2<\/h3>\n\n\n\n<p>Sei que firme est\u00e1 o teu amor para sempre, e que firmaste nos c\u00e9us a tua fidelidade.<\/p>\n\n\n\n<h3 class=\"wp-block-heading\">Salmos 100:5<\/h3>\n\n\n\n<p>Pois o Senhor \u00e9 bom e o seu amor leal \u00e9 eterno; a sua fidelidade permanece por todas as gera\u00e7\u00f5es.<\/p>\n\n\n\n<h3 class=\"wp-block-heading\">Salmos 103:8<\/h3>\n\n\n\n<p>O Senhor \u00e9 compassivo e misericordioso, mui paciente e cheio de amor.<\/p>\n\n\n\n<h3 class=\"wp-block-heading\">Salmos 108:4<\/h3>\n\n\n\n<p>Porque o teu amor leal se eleva muito acima dos c\u00e9us; a tua fidelidade alcan\u00e7a as nuvens!<\/p>\n\n\n\n<h3 class=\"wp-block-heading\">Salmos 115:1<\/h3>\n\n\n\n<p>N\u00e3o a n\u00f3s, Senhor, nenhuma gl\u00f3ria para n\u00f3s, mas sim ao teu nome, por teu amor e por tua fidelidade!<\/p>\n\n\n\n<h3 class=\"wp-block-heading\">Salmos 118:1<\/h3>\n\n\n\n<p>D\u00eaem gra\u00e7as ao Senhor porque ele \u00e9 bom; o seu amor dura para sempre.<\/p>\n\n\n\n<h3 class=\"wp-block-heading\">Salmos 136:26<\/h3>\n\n\n\n<p>D\u00eaem gra\u00e7as ao Deus dos c\u00e9us. O seu amor dura para sempre!<\/p>\n\n\n\n<h3 class=\"wp-block-heading\">Salmos 143:8<\/h3>\n\n\n\n<p>Faze-me ouvir do teu amor leal pela manh\u00e3, pois em ti confio. Mostra-me o caminho que devo seguir, pois a ti elevo a minha alma.<\/p>\n\n\n\n<h3 class=\"wp-block-heading\">Salmos 145:8<\/h3>\n\n\n\n<p>O Senhor \u00e9 misericordioso e compassivo, paciente e transbordante de amor.<\/p>\n\n\n\n<h3 class=\"wp-block-heading\">Salmos 147:11<\/h3>\n\n\n\n<p>O Senhor se agrada dos que o temem, dos que colocam sua esperan\u00e7a no seu amor leal.<\/p>\n\n\n\n<h3 class=\"wp-block-heading\">Salmos 148:8<\/h3>\n\n\n\n<p>Rel\u00e2mpagos e granizo, neve e neblina, vendavais que cumprem o que ele determina,<\/p>\n\n\n\n<h3 class=\"wp-block-heading\">Salmos 136:1<\/h3>\n\n\n\n<p>D\u00eaem gra\u00e7as ao Senhor, porque ele \u00e9 bom. O seu amor dura para sempre!<\/p>\n\n\n\n<h3 class=\"wp-block-heading\">Salmos 119:64<\/h3>\n\n\n\n<p>A terra est\u00e1 cheia do teu amor, Senhor; ensina-me os teus decretos.<\/p>\n\n\n\n<h3 class=\"wp-block-heading\">Salmos 130:7<\/h3>\n\n\n\n<p>Ponha a sua esperan\u00e7a no Senhor, \u00f3 Israel, pois no Senhor h\u00e1 amor leal e plena reden\u00e7\u00e3o.<\/p>\n\n\n\n<h3 class=\"wp-block-heading\">Salmos 136:4<\/h3>\n\n\n\n<p>Ao \u00fanico que faz grandes maravilhas, O seu amor dura para sempre!<\/p>\n\n\n\n<h3 class=\"wp-block-heading\">Salmos 145:9<\/h3>\n\n\n\n<p>O Senhor \u00e9 bom para todos; a sua compaix\u00e3o alcan\u00e7a todas as suas criaturas.<\/p>\n\n\n\n<h3 class=\"wp-block-heading\">Salmos 147:6<\/h3>\n\n\n\n<p>O Senhor sust\u00e9m o oprimido, mas lan\u00e7a por terra o \u00edmpio.<\/p>\n\n\n\n<h3 class=\"wp-block-heading\">Salmos 136:23<\/h3>\n\n\n\n<p>\u00c0quele que se lembrou de n\u00f3s quando fomos humilhados O seu amor dura para sempre!<\/p>\n\n\n\n<h3 class=\"wp-block-heading\">Salmos 103:11<\/h3>\n\n\n\n<p>Pois como os c\u00e9us se elevam acima da terra, assim \u00e9 grande o seu amor para com os que o temem.<\/p>\n\n\n\n<h3 class=\"wp-block-heading\">Salmos 136:25<\/h3>\n\n\n\n<p>\u00c0quele que d\u00e1 alimento a todos os seres vivos. O seu amor dura para sempre!<\/p>\n\n\n\n<h3 class=\"wp-block-heading\">Salmos 136:10<\/h3>\n\n\n\n<p>\u00c0quele que matou os primog\u00eanitos do Egito O seu amor dura para sempre!<\/p>\n\n\n\n<h2 class=\"wp-block-heading\">Lee Tambi\u00e9n:<\/h2>\n\n\n\n<ul class=\"wp-block-list\">\n<li><a href=\"https:\/\/thebibleverses.org\/pt\/\">Vers\u00edculos por T\u00f3picos<\/a><\/li>\n\n\n\n<li><a href=\"https:\/\/thebibleverses.org\/pt\/amor\/\">Vers\u00edculos da B\u00edblia sobre o Amor<\/a><\/li>\n\n\n\n<li><a href=\"https:\/\/thebibleverses.org\/pt\/forca\/\">Vers\u00edculos da B\u00edblia sobre For\u00e7a<\/a><\/li>\n\n\n\n<li><a href=\"https:\/\/thebibleverses.org\/pt\/fe\/\">Vers\u00edculos B\u00edblicos sobre F\u00e9<\/a><\/li>\n\n\n\n<li><a href=\"https:\/\/thebibleverses.org\/pt\/jovens\/\">Vers\u00edculos da B\u00edblia para Jovens<\/a><\/li>\n\n\n\n<li><a href=\"https:\/\/thebibleverses.org\/pt\/amizade\/\">Vers\u00edculos da B\u00edblia sobre Amizade<\/a><\/li>\n\n\n\n<li><a href=\"https:\/\/thebibleverses.org\/pt\/cura\/\">Vers\u00edculos da B\u00edblia sobre Cura<\/a><\/li>\n<\/ul>\n","protected":false},"excerpt":{"rendered":"<p>Salmos sobre o Amor Divino de Deus na B\u00edblia Descubra o profundo amor de Deus atrav\u00e9s de nossos Salmos. Esses vers\u00edculos sinceros expressam a profundidade do afeto divino e oferecem consolo em momentos de necessidade. Mergulhe na devo\u00e7\u00e3o ilimitada contida nesses Salmos e experimente uma conex\u00e3o profunda com o Criador. Salmos 13:5 Eu, por\u00e9m, confio [&hellip;]<\/p>\n","protected":false},"author":1,"featured_media":2276,"parent":0,"menu_order":0,"comment_status":"closed","ping_status":"closed","template":"","meta":{"footnotes":""},"class_list":["post-2275","page","type-page","status-publish","has-post-thumbnail","hentry","entry","fw-tab-6 fw-tabr-4"],"_links":{"self":[{"href":"https:\/\/thebibleverses.org\/pt\/wp-json\/wp\/v2\/pages\/2275","targetHints":{"allow":["GET"]}}],"collection":[{"href":"https:\/\/thebibleverses.org\/pt\/wp-json\/wp\/v2\/pages"}],"about":[{"href":"https:\/\/thebibleverses.org\/pt\/wp-json\/wp\/v2\/types\/page"}],"author":[{"embeddable":true,"href":"https:\/\/thebibleverses.org\/pt\/wp-json\/wp\/v2\/users\/1"}],"replies":[{"embeddable":true,"href":"https:\/\/thebibleverses.org\/pt\/wp-json\/wp\/v2\/comments?post=2275"}],"version-history":[{"count":1,"href":"https:\/\/thebibleverses.org\/pt\/wp-json\/wp\/v2\/pages\/2275\/revisions"}],"predecessor-version":[{"id":2277,"href":"https:\/\/thebibleverses.org\/pt\/wp-json\/wp\/v2\/pages\/2275\/revisions\/2277"}],"wp:featuredmedia":[{"embeddable":true,"href":"https:\/\/thebibleverses.org\/pt\/wp-json\/wp\/v2\/media\/2276"}],"wp:attachment":[{"href":"https:\/\/thebibleverses.org\/pt\/wp-json\/wp\/v2\/media?parent=2275"}],"curies":[{"name":"wp","href":"https:\/\/api.w.org\/{rel}","templated":true}]}}