{"id":2272,"date":"2023-09-08T17:36:18","date_gmt":"2023-09-08T17:36:18","guid":{"rendered":"https:\/\/thebibleverses.org\/pt\/?page_id=2272"},"modified":"2023-09-08T17:36:19","modified_gmt":"2023-09-08T17:36:19","slug":"salmos-de-alegria","status":"publish","type":"page","link":"https:\/\/thebibleverses.org\/pt\/salmos-de-alegria\/","title":{"rendered":"25 Salmos de Alegria e Felicidade"},"content":{"rendered":"<div class=\"wp-block-image\">\n<figure class=\"aligncenter size-large\"><img decoding=\"async\" width=\"1024\" height=\"631\" data-src=\"https:\/\/thebibleverses.org\/pt\/wp-content\/uploads\/2023\/09\/salmos-de-alegr195173a-1-1024x631.webp\" alt=\"Salmos de Alegria e Felicidade\" class=\"wp-image-2273 lazyload\" data-srcset=\"https:\/\/thebibleverses.org\/pt\/wp-content\/uploads\/2023\/09\/salmos-de-alegr195173a-1-1024x631.webp 1024w, https:\/\/thebibleverses.org\/pt\/wp-content\/uploads\/2023\/09\/salmos-de-alegr195173a-1-300x185.webp 300w, https:\/\/thebibleverses.org\/pt\/wp-content\/uploads\/2023\/09\/salmos-de-alegr195173a-1-768x474.webp 768w, https:\/\/thebibleverses.org\/pt\/wp-content\/uploads\/2023\/09\/salmos-de-alegr195173a-1-320x197.webp 320w, https:\/\/thebibleverses.org\/pt\/wp-content\/uploads\/2023\/09\/salmos-de-alegr195173a-1-450x278.webp 450w, https:\/\/thebibleverses.org\/pt\/wp-content\/uploads\/2023\/09\/salmos-de-alegr195173a-1-720x444.webp 720w, https:\/\/thebibleverses.org\/pt\/wp-content\/uploads\/2023\/09\/salmos-de-alegr195173a-1.webp 1200w\" data-sizes=\"(max-width: 1024px) 100vw, 1024px\" src=\"data:image\/svg+xml;base64,PHN2ZyB3aWR0aD0iMSIgaGVpZ2h0PSIxIiB4bWxucz0iaHR0cDovL3d3dy53My5vcmcvMjAwMC9zdmciPjwvc3ZnPg==\" style=\"--smush-placeholder-width: 1024px; --smush-placeholder-aspect-ratio: 1024\/631;\" \/><figcaption class=\"wp-element-caption\">Salmos de Alegria e Felicidade &#8211; Nova Vers\u00e3o Internacional (NVI-PT).<\/figcaption><\/figure><\/div>\n\n\n<h2 class=\"wp-block-heading\">Salmos de Alegria e Felicidade na B\u00edblia<\/h2>\n\n\n\n<p>Experimente a alegria e a felicidade sem limites atrav\u00e9s de nossos Salmos que irradiam pura alegria. Esses vers\u00edculos inspiradores nutrem a alma e celebram as b\u00ean\u00e7\u00e3os da vida. Mergulhe na fonte de felicidade contida nesses Salmos e descubra um caminho para a alegria interior.<\/p>\n\n\n\n<h3 class=\"wp-block-heading\">Salmos 4:7<\/h3>\n\n\n\n<p>Encheste o meu cora\u00e7\u00e3o de alegria, alegria maior do que a daqueles que t\u00eam fartura de trigo e de vinho.<\/p>\n\n\n\n<h3 class=\"wp-block-heading\">Salmos 5:11<\/h3>\n\n\n\n<p>Alegrem-se, por\u00e9m, todos os que se refugiam em ti; cantem sempre de alegria! Estende sobre eles a tua prote\u00e7\u00e3o. Em ti exultem os que amam o teu nome.<\/p>\n\n\n\n<h3 class=\"wp-block-heading\">Salmos 16:11<\/h3>\n\n\n\n<p>Tu me far\u00e1s conhecer a vereda da vida, a alegria plena da tua presen\u00e7a, eterno prazer \u00e0 tua direita.<\/p>\n\n\n\n<h3 class=\"wp-block-heading\">Salmos 19:8<\/h3>\n\n\n\n<p>Os preceitos do Senhor s\u00e3o justos, e d\u00e3o alegria ao cora\u00e7\u00e3o. Os mandamentos do Senhor s\u00e3o l\u00edmpidos, e trazem luz aos olhos.<\/p>\n\n\n\n<h3 class=\"wp-block-heading\">Salmos 21:1<\/h3>\n\n\n\n<p>O rei se alegra na tua for\u00e7a, \u00f3 Senhor! Como \u00e9 grande a sua exulta\u00e7\u00e3o pelas vit\u00f3rias que lhe d\u00e1s!<\/p>\n\n\n\n<h3 class=\"wp-block-heading\">Salmos 21:1<\/h3>\n\n\n\n<p>O rei se alegra na tua for\u00e7a, \u00f3 Senhor! Como \u00e9 grande a sua exulta\u00e7\u00e3o pelas vit\u00f3rias que lhe d\u00e1s!<\/p>\n\n\n\n<h3 class=\"wp-block-heading\">Salmos 32:11<\/h3>\n\n\n\n<p>Alegrem-se no Senhor e exultem, voc\u00eas que s\u00e3o justos! Cantem de alegria, todos voc\u00eas que s\u00e3o retos de cora\u00e7\u00e3o!<\/p>\n\n\n\n<h3 class=\"wp-block-heading\">Salmos 33:1<\/h3>\n\n\n\n<p>Cantem de alegria ao Senhor, voc\u00eas que s\u00e3o justos; aos que s\u00e3o retos fica bem louv\u00e1-lo.<\/p>\n\n\n\n<h3 class=\"wp-block-heading\">Salmos 35:9<\/h3>\n\n\n\n<p>Ent\u00e3o a minha alma exultar\u00e1 no Senhor e se regozijar\u00e1 na sua salva\u00e7\u00e3o.<\/p>\n\n\n\n<h3 class=\"wp-block-heading\">Salmos 42:4<\/h3>\n\n\n\n<p>Quando me lembro destas coisas choro angustiado. Pois eu costumava ir com a multid\u00e3o, conduzindo a prociss\u00e3o \u00e0 casa de Deus, com cantos de alegria e de a\u00e7\u00e3o de gra\u00e7as entre a multid\u00e3o que festejava.<\/p>\n\n\n\n<h3 class=\"wp-block-heading\">Salmos 47:1<\/h3>\n\n\n\n<p>Batam palmas, voc\u00eas, todos os povos; aclamem a Deus com cantos de alegria.<\/p>\n\n\n\n<h3 class=\"wp-block-heading\">Salmos 51:8<\/h3>\n\n\n\n<p>Faze-me ouvir de novo j\u00fabilo e alegria, e os ossos que esmagaste exultar\u00e3o.<\/p>\n\n\n\n<h3 class=\"wp-block-heading\">Salmos 63:5<\/h3>\n\n\n\n<p>A minha alma ficar\u00e1 satisfeita como quando tem rico banquete; com l\u00e1bios jubilosos a minha boca te louvar\u00e1.<\/p>\n\n\n\n<h3 class=\"wp-block-heading\">Salmos 66:1<\/h3>\n\n\n\n<p>Aclamem a Deus, povos de toda terra!<\/p>\n\n\n\n<h3 class=\"wp-block-heading\">Salmos 68:3<\/h3>\n\n\n\n<p>Alegrem-se, por\u00e9m, os justos! Exultem diante de Deus! Regozijem-se com grande alegria!<\/p>\n\n\n\n<h3 class=\"wp-block-heading\">Salmos 95:1-2<\/h3>\n\n\n\n<p>Venham! Cantemos ao Senhor com alegria! Aclamemos a Rocha da nossa salva\u00e7\u00e3o. Vamos \u00e0 presen\u00e7a dele com a\u00e7\u00f5es de gra\u00e7as; vamos aclam\u00e1-lo com c\u00e2nticos de louvor.<\/p>\n\n\n\n<h3 class=\"wp-block-heading\">Salmos 96:11<\/h3>\n\n\n\n<p>Regozijem-se os c\u00e9us e exulte a terra! Ressoe o mar e tudo o que nele existe!<\/p>\n\n\n\n<h3 class=\"wp-block-heading\">Salmos 97:11<\/h3>\n\n\n\n<p>A luz nasce sobre o justo e a alegria sobre os retos de cora\u00e7\u00e3o.<\/p>\n\n\n\n<h3 class=\"wp-block-heading\">Salmos 100:2<\/h3>\n\n\n\n<p>Prestem culto ao Senhor com alegria; entrem na sua presen\u00e7a com c\u00e2nticos alegres.<\/p>\n\n\n\n<h3 class=\"wp-block-heading\">Salmos 105:3<\/h3>\n\n\n\n<p>Gloriem-se no seu santo nome; alegre-se o cora\u00e7\u00e3o dos que buscam o Senhor.<\/p>\n\n\n\n<h3 class=\"wp-block-heading\">Salmos 126:2<\/h3>\n\n\n\n<p>Ent\u00e3o a nossa boca encheu-se de riso, e a nossa l\u00edngua de cantos de alegria. At\u00e9 nas outras na\u00e7\u00f5es se dizia: \u201cO Senhor fez coisas grandiosas por este povo\u201d.<\/p>\n\n\n\n<h3 class=\"wp-block-heading\">Salmos 132:9<\/h3>\n\n\n\n<p>Vistam-se de retid\u00e3o os teus sacerdotes; cantem de alegria os teus fi\u00e9is\u201d.<\/p>\n\n\n\n<h3 class=\"wp-block-heading\">Salmos 137:6<\/h3>\n\n\n\n<p>Que a l\u00edngua se me grude ao c\u00e9u da boca, se eu n\u00e3o me lembrar de ti, e n\u00e3o considerar Jerusal\u00e9m a minha maior alegria!<\/p>\n\n\n\n<h3 class=\"wp-block-heading\">Salmos 149:2<\/h3>\n\n\n\n<p>Alegre-se Israel no seu Criador, exulte o povo de Si\u00e3o no seu Rei!<\/p>\n\n\n\n<h3 class=\"wp-block-heading\">Salmos 150:4<\/h3>\n\n\n\n<p>Louvem-no com tamborins e dan\u00e7as, louvem-no com instrumentos de cordas e com flautas.<\/p>\n\n\n\n<h2 class=\"wp-block-heading\">Lee Tambi\u00e9n:<\/h2>\n\n\n\n<ul class=\"wp-block-list\">\n<li><a href=\"https:\/\/thebibleverses.org\/pt\/\">Vers\u00edculos por T\u00f3picos<\/a><\/li>\n\n\n\n<li><a href=\"https:\/\/thebibleverses.org\/pt\/amor\/\">Vers\u00edculos da B\u00edblia sobre o Amor<\/a><\/li>\n\n\n\n<li><a href=\"https:\/\/thebibleverses.org\/pt\/forca\/\">Vers\u00edculos da B\u00edblia sobre For\u00e7a<\/a><\/li>\n\n\n\n<li><a href=\"https:\/\/thebibleverses.org\/pt\/fe\/\">Vers\u00edculos B\u00edblicos sobre F\u00e9<\/a><\/li>\n\n\n\n<li><a href=\"https:\/\/thebibleverses.org\/pt\/jovens\/\">Vers\u00edculos da B\u00edblia para Jovens<\/a><\/li>\n\n\n\n<li><a href=\"https:\/\/thebibleverses.org\/pt\/amizade\/\">Vers\u00edculos da B\u00edblia sobre Amizade<\/a><\/li>\n\n\n\n<li><a href=\"https:\/\/thebibleverses.org\/pt\/cura\/\">Vers\u00edculos da B\u00edblia sobre Cura<\/a><\/li>\n<\/ul>\n","protected":false},"excerpt":{"rendered":"<p>Salmos de Alegria e Felicidade na B\u00edblia Experimente a alegria e a felicidade sem limites atrav\u00e9s de nossos Salmos que irradiam pura alegria. Esses vers\u00edculos inspiradores nutrem a alma e celebram as b\u00ean\u00e7\u00e3os da vida. Mergulhe na fonte de felicidade contida nesses Salmos e descubra um caminho para a alegria interior. Salmos 4:7 Encheste o [&hellip;]<\/p>\n","protected":false},"author":1,"featured_media":2273,"parent":0,"menu_order":0,"comment_status":"closed","ping_status":"closed","template":"","meta":{"footnotes":""},"class_list":["post-2272","page","type-page","status-publish","has-post-thumbnail","hentry","entry","fw-tab-6 fw-tabr-4"],"_links":{"self":[{"href":"https:\/\/thebibleverses.org\/pt\/wp-json\/wp\/v2\/pages\/2272","targetHints":{"allow":["GET"]}}],"collection":[{"href":"https:\/\/thebibleverses.org\/pt\/wp-json\/wp\/v2\/pages"}],"about":[{"href":"https:\/\/thebibleverses.org\/pt\/wp-json\/wp\/v2\/types\/page"}],"author":[{"embeddable":true,"href":"https:\/\/thebibleverses.org\/pt\/wp-json\/wp\/v2\/users\/1"}],"replies":[{"embeddable":true,"href":"https:\/\/thebibleverses.org\/pt\/wp-json\/wp\/v2\/comments?post=2272"}],"version-history":[{"count":1,"href":"https:\/\/thebibleverses.org\/pt\/wp-json\/wp\/v2\/pages\/2272\/revisions"}],"predecessor-version":[{"id":2274,"href":"https:\/\/thebibleverses.org\/pt\/wp-json\/wp\/v2\/pages\/2272\/revisions\/2274"}],"wp:featuredmedia":[{"embeddable":true,"href":"https:\/\/thebibleverses.org\/pt\/wp-json\/wp\/v2\/media\/2273"}],"wp:attachment":[{"href":"https:\/\/thebibleverses.org\/pt\/wp-json\/wp\/v2\/media?parent=2272"}],"curies":[{"name":"wp","href":"https:\/\/api.w.org\/{rel}","templated":true}]}}