{"id":2269,"date":"2023-09-08T17:21:51","date_gmt":"2023-09-08T17:21:51","guid":{"rendered":"https:\/\/thebibleverses.org\/pt\/?page_id=2269"},"modified":"2023-09-08T17:21:53","modified_gmt":"2023-09-08T17:21:53","slug":"salmos-de-louvor","status":"publish","type":"page","link":"https:\/\/thebibleverses.org\/pt\/salmos-de-louvor\/","title":{"rendered":"30 Salmos de Louvor"},"content":{"rendered":"<div class=\"wp-block-image\">\n<figure class=\"aligncenter size-large\"><img decoding=\"async\" width=\"1024\" height=\"631\" data-src=\"https:\/\/thebibleverses.org\/pt\/wp-content\/uploads\/2023\/09\/salmos-de-louvor-1024x631.webp\" alt=\"Salmos de Louvor a Deus\" class=\"wp-image-2270 lazyload\" data-srcset=\"https:\/\/thebibleverses.org\/pt\/wp-content\/uploads\/2023\/09\/salmos-de-louvor-1024x631.webp 1024w, https:\/\/thebibleverses.org\/pt\/wp-content\/uploads\/2023\/09\/salmos-de-louvor-300x185.webp 300w, https:\/\/thebibleverses.org\/pt\/wp-content\/uploads\/2023\/09\/salmos-de-louvor-768x474.webp 768w, https:\/\/thebibleverses.org\/pt\/wp-content\/uploads\/2023\/09\/salmos-de-louvor-320x197.webp 320w, https:\/\/thebibleverses.org\/pt\/wp-content\/uploads\/2023\/09\/salmos-de-louvor-450x278.webp 450w, https:\/\/thebibleverses.org\/pt\/wp-content\/uploads\/2023\/09\/salmos-de-louvor-720x444.webp 720w, https:\/\/thebibleverses.org\/pt\/wp-content\/uploads\/2023\/09\/salmos-de-louvor.webp 1200w\" data-sizes=\"(max-width: 1024px) 100vw, 1024px\" src=\"data:image\/svg+xml;base64,PHN2ZyB3aWR0aD0iMSIgaGVpZ2h0PSIxIiB4bWxucz0iaHR0cDovL3d3dy53My5vcmcvMjAwMC9zdmciPjwvc3ZnPg==\" style=\"--smush-placeholder-width: 1024px; --smush-placeholder-aspect-ratio: 1024\/631;\" \/><figcaption class=\"wp-element-caption\">Salmos de Louvor a Deus &#8211; Nova Vers\u00e3o Internacional (NVI-PT).<\/figcaption><\/figure><\/div>\n\n\n<h2 class=\"wp-block-heading\">Salmos de Louvor a Deus<\/h2>\n\n\n\n<p>Eleve seu esp\u00edrito com os Salmos de Louvor a Deus. Mergulhe em uma cole\u00e7\u00e3o harmoniosa de vers\u00edculos que celebram o divino e inspiram uma conex\u00e3o mais profunda com sua f\u00e9. Esses Salmos atemporais de adora\u00e7\u00e3o e exulta\u00e7\u00e3o fornecem um caminho para a eleva\u00e7\u00e3o espiritual. Explore a alegria de louvar a Deus conosco.<\/p>\n\n\n\n<h3 class=\"wp-block-heading\">Salmos 7:17<\/h3>\n\n\n\n<p>Darei gra\u00e7as ao Senhor por sua justi\u00e7a; ao nome do Senhor Alt\u00edssimo cantarei louvores.<\/p>\n\n\n\n<h3 class=\"wp-block-heading\">Salmos 9:2<\/h3>\n\n\n\n<p>Em ti quero alegrar-me e exultar, e cantar louvores ao teu nome, \u00f3 Alt\u00edssimo.<\/p>\n\n\n\n<h3 class=\"wp-block-heading\">Salmos 18:3<\/h3>\n\n\n\n<p>Clamo ao Senhor, que \u00e9 digno de louvor, e estou salvo dos meus inimigos.<\/p>\n\n\n\n<h3 class=\"wp-block-heading\">Salmos 18:49<\/h3>\n\n\n\n<p>Por isso eu te louvarei entre as na\u00e7\u00f5es, \u00f3 Senhor; cantarei louvores ao teu nome.<\/p>\n\n\n\n<h3 class=\"wp-block-heading\">Salmos 21:13<\/h3>\n\n\n\n<p>S\u00ea exaltado, Senhor, na tua for\u00e7a! Cantaremos e louvaremos o teu poder.<\/p>\n\n\n\n<h3 class=\"wp-block-heading\">Salmos 22:22<\/h3>\n\n\n\n<p>Proclamarei o teu nome a meus irm\u00e3os; na assembl\u00e9ia te louvarei.<\/p>\n\n\n\n<h3 class=\"wp-block-heading\">Salmos 28:7<\/h3>\n\n\n\n<p>O Senhor \u00e9 a minha for\u00e7a e o meu escudo; nele o meu cora\u00e7\u00e3o confia, e dele recebo ajuda. Meu cora\u00e7\u00e3o exulta de alegria, e com o meu c\u00e2ntico lhe darei gra\u00e7as.<\/p>\n\n\n\n<h3 class=\"wp-block-heading\">Salmos 30:4<\/h3>\n\n\n\n<p>Cantem louvores ao Senhor, voc\u00eas, os seus fi\u00e9is; louvem o seu santo nome.<\/p>\n\n\n\n<h3 class=\"wp-block-heading\">Salmos 33:2<\/h3>\n\n\n\n<p>Louvem o Senhor com harpa; ofere\u00e7am-lhe m\u00fasica com lira de dez cordas.<\/p>\n\n\n\n<h3 class=\"wp-block-heading\">Salmos 34:1<\/h3>\n\n\n\n<p>Bendirei o Senhor o tempo todo! Os meus l\u00e1bios sempre o louvar\u00e3o.<\/p>\n\n\n\n<h3 class=\"wp-block-heading\">Salmos 35:18<\/h3>\n\n\n\n<p>Eu te darei gra\u00e7as na grande assembl\u00e9ia; no meio da grande multid\u00e3o te louvarei.<\/p>\n\n\n\n<h3 class=\"wp-block-heading\">Salmos 40:3<\/h3>\n\n\n\n<p>P\u00f4s um novo c\u00e2ntico na minha boca, um hino de louvor ao nosso Deus. Muitos ver\u00e3o isso e temer\u00e3o, e confiar\u00e3o no Senhor.<\/p>\n\n\n\n<h3 class=\"wp-block-heading\">Salmos 42:4<\/h3>\n\n\n\n<p>Quando me lembro destas coisas choro angustiado. Pois eu costumava ir com a multid\u00e3o, conduzindo a prociss\u00e3o \u00e0 casa de Deus, com cantos de alegria e de a\u00e7\u00e3o de gra\u00e7as entre a multid\u00e3o que festejava.<\/p>\n\n\n\n<h3 class=\"wp-block-heading\">Salmos 43:4<\/h3>\n\n\n\n<p>Ent\u00e3o irei ao altar de Deus, a Deus, a fonte da minha plena alegria. Com a harpa te louvarei, \u00f3 Deus, meu Deus!<\/p>\n\n\n\n<h3 class=\"wp-block-heading\">Salmos 47:6<\/h3>\n\n\n\n<p>Ofere\u00e7am m\u00fasica a Deus, cantem louvores! Ofere\u00e7am m\u00fasica ao nosso Rei, cantem louvores!<\/p>\n\n\n\n<h3 class=\"wp-block-heading\">Salmos 47:7<\/h3>\n\n\n\n<p>Pois Deus \u00e9 o rei de toda a terra; cantem louvores com harmonia e arte.<\/p>\n\n\n\n<h3 class=\"wp-block-heading\">Salmos 48:1<\/h3>\n\n\n\n<p>Grande \u00e9 o Senhor, e digno de todo louvor na cidade do nosso Deus.<\/p>\n\n\n\n<h3 class=\"wp-block-heading\">Salmos 52:9<\/h3>\n\n\n\n<p>Para sempre te louvarei pelo que fizeste; na presen\u00e7a dos teus fi\u00e9is proclamarei o teu nome, porque tu \u00e9s bom.<\/p>\n\n\n\n<h3 class=\"wp-block-heading\">Salmos 54:6<\/h3>\n\n\n\n<p>Eu te oferecerei um sacrif\u00edcio volunt\u00e1rio; louvarei o teu nome, \u00f3 Senhor, porque tu \u00e9s bom.<\/p>\n\n\n\n<h3 class=\"wp-block-heading\">Salmos 57:7<\/h3>\n\n\n\n<p>Meu cora\u00e7\u00e3o est\u00e1 firme, \u00f3 Deus, meu cora\u00e7\u00e3o est\u00e1 firme; cantarei ao som de instrumentos!<\/p>\n\n\n\n<h3 class=\"wp-block-heading\">Salmos 61:8<\/h3>\n\n\n\n<p>Ent\u00e3o sempre cantarei louvores ao teu nome, cumprindo os meus votos cada dia.<\/p>\n\n\n\n<h3 class=\"wp-block-heading\">Salmos 63:3<\/h3>\n\n\n\n<p>O teu amor \u00e9 melhor do que a vida! Por isso os meus l\u00e1bios te exaltar\u00e3o.<\/p>\n\n\n\n<h3 class=\"wp-block-heading\">Salmos 66:2<\/h3>\n\n\n\n<p>Cantem louvores ao seu glorioso nome; louvem-no gloriosamente!<\/p>\n\n\n\n<h3 class=\"wp-block-heading\">Salmos 68:4<\/h3>\n\n\n\n<p>Cantem a Deus, louvem o seu nome, exaltem aquele que cavalga sobre as nuvens; seu nome \u00e9 Senhor! Exultem diante dele!<\/p>\n\n\n\n<h3 class=\"wp-block-heading\">Salmos 68:32<\/h3>\n\n\n\n<p>Cantem a Deus, reinos da terra, louvem o Senhor.<\/p>\n\n\n\n<h3 class=\"wp-block-heading\">Salmos 69:30<\/h3>\n\n\n\n<p>Louvarei o nome de Deus com c\u00e2nticos e proclamarei sua grandeza com a\u00e7\u00f5es de gra\u00e7as.<\/p>\n\n\n\n<h3 class=\"wp-block-heading\">Salmos 71:14<\/h3>\n\n\n\n<p>Mas eu sempre terei esperan\u00e7a e te louvarei cada vez mais.<\/p>\n\n\n\n<h3 class=\"wp-block-heading\">Salmos 71:22<\/h3>\n\n\n\n<p>E eu te louvarei com a lira por tua fidelidade, \u00f3 meu Deus; cantarei louvores a ti com a harpa, \u00f3 Santo de Israel.<\/p>\n\n\n\n<h3 class=\"wp-block-heading\">Salmos 75:1<\/h3>\n\n\n\n<p>Damos-te gra\u00e7as, \u00f3 Deus, damos-te gra\u00e7as, pois perto est\u00e1 o teu nome; todos falam dos teus feitos maravilhosos.<\/p>\n\n\n\n<h3 class=\"wp-block-heading\">Salmos 95:1<\/h3>\n\n\n\n<p>Venham! Cantemos ao Senhor com alegria! Aclamemos a Rocha da nossa salva\u00e7\u00e3o.<\/p>\n\n\n\n<h2 class=\"wp-block-heading\">Lee Tambi\u00e9n:<\/h2>\n\n\n\n<ul class=\"wp-block-list\">\n<li><a href=\"https:\/\/thebibleverses.org\/pt\/\">Vers\u00edculos por T\u00f3picos<\/a><\/li>\n\n\n\n<li><a href=\"https:\/\/thebibleverses.org\/pt\/amor\/\">Vers\u00edculos da B\u00edblia sobre o Amor<\/a><\/li>\n\n\n\n<li><a href=\"https:\/\/thebibleverses.org\/pt\/forca\/\">Vers\u00edculos da B\u00edblia sobre For\u00e7a<\/a><\/li>\n\n\n\n<li><a href=\"https:\/\/thebibleverses.org\/pt\/fe\/\">Vers\u00edculos B\u00edblicos sobre F\u00e9<\/a><\/li>\n\n\n\n<li><a href=\"https:\/\/thebibleverses.org\/pt\/jovens\/\">Vers\u00edculos da B\u00edblia para Jovens<\/a><\/li>\n\n\n\n<li><a href=\"https:\/\/thebibleverses.org\/pt\/amizade\/\">Vers\u00edculos da B\u00edblia sobre Amizade<\/a><\/li>\n\n\n\n<li><a href=\"https:\/\/thebibleverses.org\/pt\/cura\/\">Vers\u00edculos da B\u00edblia sobre Cura<\/a><\/li>\n<\/ul>\n","protected":false},"excerpt":{"rendered":"<p>Salmos de Louvor a Deus Eleve seu esp\u00edrito com os Salmos de Louvor a Deus. Mergulhe em uma cole\u00e7\u00e3o harmoniosa de vers\u00edculos que celebram o divino e inspiram uma conex\u00e3o mais profunda com sua f\u00e9. Esses Salmos atemporais de adora\u00e7\u00e3o e exulta\u00e7\u00e3o fornecem um caminho para a eleva\u00e7\u00e3o espiritual. Explore a alegria de louvar a [&hellip;]<\/p>\n","protected":false},"author":1,"featured_media":2270,"parent":0,"menu_order":0,"comment_status":"closed","ping_status":"closed","template":"","meta":{"footnotes":""},"class_list":["post-2269","page","type-page","status-publish","has-post-thumbnail","hentry","entry","fw-tab-6 fw-tabr-4"],"_links":{"self":[{"href":"https:\/\/thebibleverses.org\/pt\/wp-json\/wp\/v2\/pages\/2269","targetHints":{"allow":["GET"]}}],"collection":[{"href":"https:\/\/thebibleverses.org\/pt\/wp-json\/wp\/v2\/pages"}],"about":[{"href":"https:\/\/thebibleverses.org\/pt\/wp-json\/wp\/v2\/types\/page"}],"author":[{"embeddable":true,"href":"https:\/\/thebibleverses.org\/pt\/wp-json\/wp\/v2\/users\/1"}],"replies":[{"embeddable":true,"href":"https:\/\/thebibleverses.org\/pt\/wp-json\/wp\/v2\/comments?post=2269"}],"version-history":[{"count":1,"href":"https:\/\/thebibleverses.org\/pt\/wp-json\/wp\/v2\/pages\/2269\/revisions"}],"predecessor-version":[{"id":2271,"href":"https:\/\/thebibleverses.org\/pt\/wp-json\/wp\/v2\/pages\/2269\/revisions\/2271"}],"wp:featuredmedia":[{"embeddable":true,"href":"https:\/\/thebibleverses.org\/pt\/wp-json\/wp\/v2\/media\/2270"}],"wp:attachment":[{"href":"https:\/\/thebibleverses.org\/pt\/wp-json\/wp\/v2\/media?parent=2269"}],"curies":[{"name":"wp","href":"https:\/\/api.w.org\/{rel}","templated":true}]}}