{"id":2266,"date":"2023-09-08T16:54:37","date_gmt":"2023-09-08T16:54:37","guid":{"rendered":"https:\/\/thebibleverses.org\/pt\/?page_id=2266"},"modified":"2023-09-09T17:26:36","modified_gmt":"2023-09-09T17:26:36","slug":"salmos-de-acao-de-gracas","status":"publish","type":"page","link":"https:\/\/thebibleverses.org\/pt\/salmos-de-acao-de-gracas\/","title":{"rendered":"30 Salmos de A\u00e7\u00e3o de Gra\u00e7as"},"content":{"rendered":"<div class=\"wp-block-image\">\n<figure class=\"aligncenter size-large\"><img decoding=\"async\" width=\"1024\" height=\"631\" data-src=\"https:\/\/thebibleverses.org\/pt\/wp-content\/uploads\/2023\/09\/Salmos-de-Acao-de-Gracas-1024x631.jpg\" alt=\"Salmos de A\u00e7\u00e3o de Gra\u00e7as\" class=\"wp-image-2267 lazyload\" data-srcset=\"https:\/\/thebibleverses.org\/pt\/wp-content\/uploads\/2023\/09\/Salmos-de-Acao-de-Gracas-1024x631.jpg 1024w, https:\/\/thebibleverses.org\/pt\/wp-content\/uploads\/2023\/09\/Salmos-de-Acao-de-Gracas-300x185.jpg 300w, https:\/\/thebibleverses.org\/pt\/wp-content\/uploads\/2023\/09\/Salmos-de-Acao-de-Gracas-768x474.jpg 768w, https:\/\/thebibleverses.org\/pt\/wp-content\/uploads\/2023\/09\/Salmos-de-Acao-de-Gracas-320x197.jpg 320w, https:\/\/thebibleverses.org\/pt\/wp-content\/uploads\/2023\/09\/Salmos-de-Acao-de-Gracas-450x278.jpg 450w, https:\/\/thebibleverses.org\/pt\/wp-content\/uploads\/2023\/09\/Salmos-de-Acao-de-Gracas-720x444.jpg 720w, https:\/\/thebibleverses.org\/pt\/wp-content\/uploads\/2023\/09\/Salmos-de-Acao-de-Gracas.jpg 1200w\" data-sizes=\"(max-width: 1024px) 100vw, 1024px\" src=\"data:image\/svg+xml;base64,PHN2ZyB3aWR0aD0iMSIgaGVpZ2h0PSIxIiB4bWxucz0iaHR0cDovL3d3dy53My5vcmcvMjAwMC9zdmciPjwvc3ZnPg==\" style=\"--smush-placeholder-width: 1024px; --smush-placeholder-aspect-ratio: 1024\/631;\" \/><figcaption class=\"wp-element-caption\">Salmos de A\u00e7\u00e3o de Gra\u00e7as &#8211; Nova Vers\u00e3o Internacional (NVI-PT).<\/figcaption><\/figure><\/div>\n\n\n<h2 class=\"wp-block-heading\">Salmos de A\u00e7\u00e3o de Gra\u00e7as e Gratid\u00e3o a Deus<\/h2>\n\n\n\n<p>Descubra el poder transformador de la gratitud con nuestros Salmos de Acci\u00f3n de Gracias. Sum\u00e9rgete en estas versiones que enriquecen el alma e inspiran un coraz\u00f3n agradecido y bendecido. Explora la belleza de agradecer a Dios a trav\u00e9s de estos Salmos eternos, cultivando un profundo sentido de gratitud en tu viaje espiritual.<\/p>\n\n\n\n<h3 class=\"wp-block-heading\">Salmos 75:1<\/h3>\n\n\n\n<p>Damos-te gra\u00e7as, \u00f3 Deus, damos-te gra\u00e7as, pois perto est\u00e1 o teu nome; todos falam dos teus feitos maravilhosos.<\/p>\n\n\n\n<h3 class=\"wp-block-heading\">Salmos 9:1<\/h3>\n\n\n\n<p>Senhor, quero dar-te gra\u00e7as de todo o cora\u00e7\u00e3o e falar de todas as tuas maravilhas.<\/p>\n\n\n\n<h3 class=\"wp-block-heading\">Salmos 100:4<\/h3>\n\n\n\n<p>Entrem por suas portas com a\u00e7\u00f5es de gra\u00e7as, e em seus \u00e1trios, com louvor; d\u00eaem-lhe gra\u00e7as e bendigam o seu nome.<\/p>\n\n\n\n<h3 class=\"wp-block-heading\">Salmos 18:49<\/h3>\n\n\n\n<p>Por isso eu te louvarei entre as na\u00e7\u00f5es, \u00f3 Senhor; cantarei louvores ao teu nome.<\/p>\n\n\n\n<h3 class=\"wp-block-heading\">Salmos 136:26<\/h3>\n\n\n\n<p>D\u00eaem gra\u00e7as ao Deus dos c\u00e9us. O seu amor dura para sempre!<\/p>\n\n\n\n<h3 class=\"wp-block-heading\">Salmos 30:4<\/h3>\n\n\n\n<p>Cantem louvores ao Senhor, voc\u00eas, os seus fi\u00e9is; louvem o seu santo nome.<\/p>\n\n\n\n<h3 class=\"wp-block-heading\">Salmos 95:2<\/h3>\n\n\n\n<p>Vamos \u00e0 presen\u00e7a dele com a\u00e7\u00f5es de gra\u00e7as; vamos aclam\u00e1-lo com c\u00e2nticos de louvor.<\/p>\n\n\n\n<h3 class=\"wp-block-heading\">Salmos 30:12<\/h3>\n\n\n\n<p>Para que o meu cora\u00e7\u00e3o cante louvores a ti e n\u00e3o se cale. Senhor, meu Deus, eu te darei gra\u00e7as para sempre.<\/p>\n\n\n\n<h3 class=\"wp-block-heading\">Salmos 107:22<\/h3>\n\n\n\n<p>Que eles ofere\u00e7am sacrif\u00edcios de a\u00e7\u00e3o de gra\u00e7as e anunciem as suas obras com c\u00e2nticos de alegria.<\/p>\n\n\n\n<h3 class=\"wp-block-heading\">Salmos 34:1<\/h3>\n\n\n\n<p>Bendirei o Senhor o tempo todo! Os meus l\u00e1bios sempre o louvar\u00e3o.<\/p>\n\n\n\n<h3 class=\"wp-block-heading\">Salmos 116:17<\/h3>\n\n\n\n<p>Oferecerei a ti um sacrif\u00edcio de gratid\u00e3o e invocarei o nome do Senhor.<\/p>\n\n\n\n<h3 class=\"wp-block-heading\">Salmos 35:18<\/h3>\n\n\n\n<p>Eu te darei gra\u00e7as na grande assembl\u00e9ia; no meio da grande multid\u00e3o te louvarei.<\/p>\n\n\n\n<h3 class=\"wp-block-heading\">Salmos 118:21<\/h3>\n\n\n\n<p>Dou-te gra\u00e7as, porque me respondeste e foste a minha salva\u00e7\u00e3o.<\/p>\n\n\n\n<h3 class=\"wp-block-heading\">Salmos 69:30<\/h3>\n\n\n\n<p>Louvarei o nome de Deus com c\u00e2nticos e proclamarei sua grandeza com a\u00e7\u00f5es de gra\u00e7as;<\/p>\n\n\n\n<h3 class=\"wp-block-heading\">Salmos 86:12<\/h3>\n\n\n\n<p>De todo o meu cora\u00e7\u00e3o te louvarei, Senhor, meu Deus; glorificarei o teu nome para sempre.<\/p>\n\n\n\n<h3 class=\"wp-block-heading\">Salmos 92:1<\/h3>\n\n\n\n<p>Como \u00e9 bom render gra\u00e7as ao Senhor e cantar louvores ao teu nome, \u00f3 Alt\u00edssimo,<\/p>\n\n\n\n<h3 class=\"wp-block-heading\">Salmos 103:1-2<\/h3>\n\n\n\n<p>Bendiga o Senhor a minha alma! Bendiga o Senhor todo o meu ser! Bendiga o Senhor a minha alma! N\u00e3o esque\u00e7a nenhuma de suas b\u00ean\u00e7\u00e3os!<\/p>\n\n\n\n<h3 class=\"wp-block-heading\">Salmos 105:1<\/h3>\n\n\n\n<p>D\u00eaem gra\u00e7as ao Senhor, proclamem o seu nome; divulguem os seus feitos entre as na\u00e7\u00f5es.<\/p>\n\n\n\n<h3 class=\"wp-block-heading\">Salmos 106:1<\/h3>\n\n\n\n<p>Aleluia! D\u00eaem gra\u00e7as ao Senhor porque ele \u00e9 bom; o seu amor dura para sempre.<\/p>\n\n\n\n<h3 class=\"wp-block-heading\">Salmos 107:1<\/h3>\n\n\n\n<p>D\u00eaem gra\u00e7as ao Senhor porque ele \u00e9 bom; o seu amor dura para sempre.<\/p>\n\n\n\n<h3 class=\"wp-block-heading\">Salmos 116:12<\/h3>\n\n\n\n<p>Como posso retribuir ao Senhor toda a sua bondade para comigo?<\/p>\n\n\n\n<h3 class=\"wp-block-heading\">Salmos 118:1<\/h3>\n\n\n\n<p>D\u00eaem gra\u00e7as ao Senhor porque ele \u00e9 bom; o seu amor dura para sempre.<\/p>\n\n\n\n<h3 class=\"wp-block-heading\">Salmos 118:21<\/h3>\n\n\n\n<p>Dou-te gra\u00e7as, porque me respondeste e foste a minha salva\u00e7\u00e3o.<\/p>\n\n\n\n<h3 class=\"wp-block-heading\">Salmos 119:7<\/h3>\n\n\n\n<p>Eu te louvarei de cora\u00e7\u00e3o sincero quando aprender as tuas justas ordenan\u00e7as.<\/p>\n\n\n\n<h3 class=\"wp-block-heading\">Salmos 136:1<\/h3>\n\n\n\n<p>D\u00eaem gra\u00e7as ao Senhor, porque ele \u00e9 bom. O seu amor dura para sempre!<\/p>\n\n\n\n<h3 class=\"wp-block-heading\">Salmos 138:1<\/h3>\n\n\n\n<p>Eu te louvarei, Senhor, de todo o cora\u00e7\u00e3o; diante dos deuses cantarei louvores a ti.<\/p>\n\n\n\n<h3 class=\"wp-block-heading\">Salmos 139:14<\/h3>\n\n\n\n<p>Eu te louvo porque me fizeste de modo especial e admir\u00e1vel. Tuas obras s\u00e3o maravilhosas! Digo isso com convic\u00e7\u00e3o.<\/p>\n\n\n\n<h3 class=\"wp-block-heading\">Salmos 140:13<\/h3>\n\n\n\n<p>Com certeza os justos dar\u00e3o gra\u00e7as ao teu nome, e os homens \u00edntegros viver\u00e3o na tua presen\u00e7a.<\/p>\n\n\n\n<h3 class=\"wp-block-heading\">Salmos 145:1-2<\/h3>\n\n\n\n<p>Eu te exaltarei, meu Deus e meu rei; bendirei o teu nome para todo o sempre! Todos os dias te bendirei e louvarei o teu nome para todo o sempre!<\/p>\n\n\n\n<h3 class=\"wp-block-heading\">Salmos 146:2<\/h3>\n\n\n\n<p>Louvarei o Senhor por toda a minha vida; cantarei louvores ao meu Deus enquanto eu viver.<\/p>\n\n\n\n<h2 class=\"wp-block-heading\">Lee Tambi\u00e9n:<\/h2>\n\n\n\n<ul class=\"wp-block-list\">\n<li><a href=\"https:\/\/thebibleverses.org\/pt\/\">Vers\u00edculos por T\u00f3picos<\/a><\/li>\n\n\n\n<li><a href=\"https:\/\/thebibleverses.org\/pt\/amor\/\">Vers\u00edculos da B\u00edblia sobre o Amor<\/a><\/li>\n\n\n\n<li><a href=\"https:\/\/thebibleverses.org\/pt\/forca\/\">Vers\u00edculos da B\u00edblia sobre For\u00e7a<\/a><\/li>\n\n\n\n<li><a href=\"https:\/\/thebibleverses.org\/pt\/fe\/\">Vers\u00edculos B\u00edblicos sobre F\u00e9<\/a><\/li>\n\n\n\n<li><a href=\"https:\/\/thebibleverses.org\/pt\/jovens\/\">Vers\u00edculos da B\u00edblia para Jovens<\/a><\/li>\n\n\n\n<li><a href=\"https:\/\/thebibleverses.org\/pt\/amizade\/\">Vers\u00edculos da B\u00edblia sobre Amizade<\/a><\/li>\n\n\n\n<li><a href=\"https:\/\/thebibleverses.org\/pt\/cura\/\">Vers\u00edculos da B\u00edblia sobre Cura<\/a><\/li>\n<\/ul>\n","protected":false},"excerpt":{"rendered":"<p>Salmos de A\u00e7\u00e3o de Gra\u00e7as e Gratid\u00e3o a Deus Descubra el poder transformador de la gratitud con nuestros Salmos de Acci\u00f3n de Gracias. Sum\u00e9rgete en estas versiones que enriquecen el alma e inspiran un coraz\u00f3n agradecido y bendecido. Explora la belleza de agradecer a Dios a trav\u00e9s de estos Salmos eternos, cultivando un profundo sentido [&hellip;]<\/p>\n","protected":false},"author":1,"featured_media":2267,"parent":0,"menu_order":0,"comment_status":"closed","ping_status":"closed","template":"","meta":{"footnotes":""},"class_list":["post-2266","page","type-page","status-publish","has-post-thumbnail","hentry","entry","fw-tab-6 fw-tabr-4"],"_links":{"self":[{"href":"https:\/\/thebibleverses.org\/pt\/wp-json\/wp\/v2\/pages\/2266","targetHints":{"allow":["GET"]}}],"collection":[{"href":"https:\/\/thebibleverses.org\/pt\/wp-json\/wp\/v2\/pages"}],"about":[{"href":"https:\/\/thebibleverses.org\/pt\/wp-json\/wp\/v2\/types\/page"}],"author":[{"embeddable":true,"href":"https:\/\/thebibleverses.org\/pt\/wp-json\/wp\/v2\/users\/1"}],"replies":[{"embeddable":true,"href":"https:\/\/thebibleverses.org\/pt\/wp-json\/wp\/v2\/comments?post=2266"}],"version-history":[{"count":1,"href":"https:\/\/thebibleverses.org\/pt\/wp-json\/wp\/v2\/pages\/2266\/revisions"}],"predecessor-version":[{"id":2268,"href":"https:\/\/thebibleverses.org\/pt\/wp-json\/wp\/v2\/pages\/2266\/revisions\/2268"}],"wp:featuredmedia":[{"embeddable":true,"href":"https:\/\/thebibleverses.org\/pt\/wp-json\/wp\/v2\/media\/2267"}],"wp:attachment":[{"href":"https:\/\/thebibleverses.org\/pt\/wp-json\/wp\/v2\/media?parent=2266"}],"curies":[{"name":"wp","href":"https:\/\/api.w.org\/{rel}","templated":true}]}}