{"id":2263,"date":"2023-09-08T16:34:25","date_gmt":"2023-09-08T16:34:25","guid":{"rendered":"https:\/\/thebibleverses.org\/pt\/?page_id=2263"},"modified":"2023-09-08T16:34:27","modified_gmt":"2023-09-08T16:34:27","slug":"salmos-de-adoracao","status":"publish","type":"page","link":"https:\/\/thebibleverses.org\/pt\/salmos-de-adoracao\/","title":{"rendered":"30 Salmos de Adora\u00e7\u00e3o a Deus"},"content":{"rendered":"<div class=\"wp-block-image\">\n<figure class=\"aligncenter size-large\"><img decoding=\"async\" width=\"1024\" height=\"631\" data-src=\"https:\/\/thebibleverses.org\/pt\/wp-content\/uploads\/2023\/09\/salmos-de-adora195167195163o-a-deus-1024x631.webp\" alt=\"Salmos de Adora\u00e7\u00e3o a Deus\" class=\"wp-image-2264 lazyload\" data-srcset=\"https:\/\/thebibleverses.org\/pt\/wp-content\/uploads\/2023\/09\/salmos-de-adora195167195163o-a-deus-1024x631.webp 1024w, https:\/\/thebibleverses.org\/pt\/wp-content\/uploads\/2023\/09\/salmos-de-adora195167195163o-a-deus-300x185.webp 300w, https:\/\/thebibleverses.org\/pt\/wp-content\/uploads\/2023\/09\/salmos-de-adora195167195163o-a-deus-768x474.webp 768w, https:\/\/thebibleverses.org\/pt\/wp-content\/uploads\/2023\/09\/salmos-de-adora195167195163o-a-deus-320x197.webp 320w, https:\/\/thebibleverses.org\/pt\/wp-content\/uploads\/2023\/09\/salmos-de-adora195167195163o-a-deus-450x278.webp 450w, https:\/\/thebibleverses.org\/pt\/wp-content\/uploads\/2023\/09\/salmos-de-adora195167195163o-a-deus-720x444.webp 720w, https:\/\/thebibleverses.org\/pt\/wp-content\/uploads\/2023\/09\/salmos-de-adora195167195163o-a-deus.webp 1200w\" data-sizes=\"(max-width: 1024px) 100vw, 1024px\" src=\"data:image\/svg+xml;base64,PHN2ZyB3aWR0aD0iMSIgaGVpZ2h0PSIxIiB4bWxucz0iaHR0cDovL3d3dy53My5vcmcvMjAwMC9zdmciPjwvc3ZnPg==\" style=\"--smush-placeholder-width: 1024px; --smush-placeholder-aspect-ratio: 1024\/631;\" \/><figcaption class=\"wp-element-caption\">Salmos de Adora\u00e7\u00e3o a Deus &#8211; Nova Vers\u00e3o Internacional (NVI-PT).<\/figcaption><\/figure><\/div>\n\n\n<h2 class=\"wp-block-heading\">Salmos sobre Adorar a Deus<\/h2>\n\n\n\n<p>Envolva-se na adora\u00e7\u00e3o a Deus atrav\u00e9s dos Salmos. Estes vers\u00edculos intemporais inspiram a devo\u00e7\u00e3o profunda e fortalecem a liga\u00e7\u00e3o com a f\u00e9. Explore a riqueza da adora\u00e7\u00e3o divina nos Salmos e descubra uma jornada espiritual enriquecedora. Alcance a eleva\u00e7\u00e3o espiritual atrav\u00e9s da nossa cole\u00e7\u00e3o cuidadosamente selecionada de Salmos de Adora\u00e7\u00e3o.<\/p>\n\n\n\n<h3 class=\"wp-block-heading\">Salmos 29:2<\/h3>\n\n\n\n<p>Atribuam ao Senhor a gl\u00f3ria que o seu nome merece; adorem o Senhor no esplendor do seu santu\u00e1rio.<\/p>\n\n\n\n<h3 class=\"wp-block-heading\">Salmos 66:4<\/h3>\n\n\n\n<p>Toda a terra te adora e canta louvores a ti, canta louvores ao teu nome\u201d.<\/p>\n\n\n\n<h3 class=\"wp-block-heading\">Salmos 95:6<\/h3>\n\n\n\n<p>Venham! Adoremos prostrados e ajoelhemos diante do Senhor, o nosso Criador.<\/p>\n\n\n\n<h3 class=\"wp-block-heading\">Salmos 96:9<\/h3>\n\n\n\n<p>Adorem o Senhor no esplendor da sua santidade; tremam diante dele todos os habitantes da terra.<\/p>\n\n\n\n<h3 class=\"wp-block-heading\">Salmos 99:5<\/h3>\n\n\n\n<p>Exaltem o Senhor, o nosso Deus, prostrem-se diante do estrado dos seus p\u00e9s. Ele \u00e9 santo!<\/p>\n\n\n\n<h3 class=\"wp-block-heading\">Salmos 100:2<\/h3>\n\n\n\n<p>Prestem culto ao Senhor com alegria; entrem na sua presen\u00e7a com c\u00e2nticos alegres.<\/p>\n\n\n\n<h3 class=\"wp-block-heading\">Salmos 103:1<\/h3>\n\n\n\n<p>Bendiga o Senhor a minha alma! Bendiga o Senhor todo o meu ser!<\/p>\n\n\n\n<h3 class=\"wp-block-heading\">Salmos 105:2<\/h3>\n\n\n\n<p>Cantem para ele e louvem-no; relatem todas as suas maravilhas.<\/p>\n\n\n\n<h3 class=\"wp-block-heading\">Salmos 132:7<\/h3>\n\n\n\n<p>Vamos para a habita\u00e7\u00e3o do Senhor! Vamos ador\u00e1-lo diante do estrado de seus p\u00e9s!<\/p>\n\n\n\n<h3 class=\"wp-block-heading\">Salmos 138:2<\/h3>\n\n\n\n<p>Voltado para o teu santo templo eu me prostrarei e renderei gra\u00e7as ao teu nome, por causa do teu amor e da tua fidelidade; pois exaltaste acima de todas as coisas o teu nome e a tua palavra.<\/p>\n\n\n\n<h3 class=\"wp-block-heading\">Salmos 145:1-2<\/h3>\n\n\n\n<p>Eu te exaltarei, meu Deus e meu rei; bendirei o teu nome para todo o sempre! Todos os dias te bendirei e louvarei o teu nome para todo o sempre!<\/p>\n\n\n\n<h3 class=\"wp-block-heading\">Salmos 147:1<\/h3>\n\n\n\n<p>Aleluia! Como \u00e9 bom cantar louvores ao nosso Deus! Como \u00e9 agrad\u00e1vel e pr\u00f3prio louv\u00e1-lo!<\/p>\n\n\n\n<h3 class=\"wp-block-heading\">Salmos 149:3<\/h3>\n\n\n\n<p>Louvem eles o seu nome com dan\u00e7as; ofere\u00e7am-lhe m\u00fasica com tamborim e harpa.<\/p>\n\n\n\n<h3 class=\"wp-block-heading\">Salmos 150:1-2<\/h3>\n\n\n\n<p>Aleluia! Louvem a Deus no seu santu\u00e1rio, louvem-no em seu magn\u00edfico firmamento. Louvem-no pelos seus feitos poderosos, louvem-no segundo a imensid\u00e3o de sua grandeza!<\/p>\n\n\n\n<h3 class=\"wp-block-heading\">Salmos 29:11<\/h3>\n\n\n\n<p>O Senhor d\u00e1 for\u00e7a ao seu povo; o Senhor d\u00e1 a seu povo a b\u00ean\u00e7\u00e3o da paz.<\/p>\n\n\n\n<h3 class=\"wp-block-heading\">Salmos 34:1<\/h3>\n\n\n\n<p>Bendirei o Senhor o tempo todo! Os meus l\u00e1bios sempre o louvar\u00e3o.<\/p>\n\n\n\n<h3 class=\"wp-block-heading\">Salmos 42:11<\/h3>\n\n\n\n<p>Por que voc\u00ea est\u00e1 assim t\u00e3o triste, \u00f3 minha alma? Por que est\u00e1 assim t\u00e3o perturbada dentro de mim? Ponha a sua esperan\u00e7a em Deus! Pois ainda o louvarei; ele \u00e9 o meu Salvador e o meu Deus.<\/p>\n\n\n\n<h3 class=\"wp-block-heading\">Salmos 47:1<\/h3>\n\n\n\n<p>Batam palmas, voc\u00eas, todos os povos; aclamem a Deus com cantos de alegria.<\/p>\n\n\n\n<h3 class=\"wp-block-heading\">Salmos 63:4<\/h3>\n\n\n\n<p>Enquanto eu viver te bendirei, e em teu nome levantarei as minhas m\u00e3os.<\/p>\n\n\n\n<h3 class=\"wp-block-heading\">Salmos 67:3-4<\/h3>\n\n\n\n<p>Louvem-te os povos, \u00f3 Deus; louvem-te todos os povos. Exultem e cantem de alegria as na\u00e7\u00f5es, pois governas os povos com justi\u00e7a e guias as na\u00e7\u00f5es na terra.<\/p>\n\n\n\n<h3 class=\"wp-block-heading\">Salmos 68:4<\/h3>\n\n\n\n<p>Cantem a Deus, louvem o seu nome, exaltem aquele que cavalga sobre as nuvens; seu nome \u00e9 Senhor! Exultem diante dele!<\/p>\n\n\n\n<h3 class=\"wp-block-heading\">Salmos 95:1-2<\/h3>\n\n\n\n<p>Venham! Cantemos ao Senhor com alegria! Aclamemos a Rocha da nossa salva\u00e7\u00e3o. Vamos \u00e0 presen\u00e7a dele com a\u00e7\u00f5es de gra\u00e7as; vamos aclam\u00e1-lo com c\u00e2nticos de louvor.<\/p>\n\n\n\n<h3 class=\"wp-block-heading\">Salmos 98:4-6<\/h3>\n\n\n\n<p>Aclamem o Senhor todos os habitantes da terra! Louvem-no com c\u00e2nticos de alegria e ao som de m\u00fasica! Ofere\u00e7am m\u00fasica ao Senhor com a harpa, com a harpa e ao som de can\u00e7\u00f5es, com cornetas e ao som da trombeta; exultem diante do Senhor, o Rei!<\/p>\n\n\n\n<h3 class=\"wp-block-heading\">Salmos 100:4<\/h3>\n\n\n\n<p>Entrem por suas portas com a\u00e7\u00f5es de gra\u00e7as, e em seus \u00e1trios, com louvor; d\u00eaem-lhe gra\u00e7as e bendigam o seu nome.<\/p>\n\n\n\n<h3 class=\"wp-block-heading\">Salmos 103:22<\/h3>\n\n\n\n<p>Bendigam o Senhor todas as suas obras em todos os lugares do seu dom\u00ednio. Bendiga o Senhor a minha alma!<\/p>\n\n\n\n<h3 class=\"wp-block-heading\">Salmos 113:3<\/h3>\n\n\n\n<p>Do nascente ao poente, seja louvado o nome do Senhor!<\/p>\n\n\n\n<h3 class=\"wp-block-heading\">Salmos 134:2<\/h3>\n\n\n\n<p>Levantem as m\u00e3os na dire\u00e7\u00e3o do santu\u00e1rio e bendigam o Senhor!<\/p>\n\n\n\n<h3 class=\"wp-block-heading\">Salmos 138:5<\/h3>\n\n\n\n<p>Celebrar\u00e3o os feitos do Senhor, pois grande \u00e9 a gl\u00f3ria do Senhor!<\/p>\n\n\n\n<h3 class=\"wp-block-heading\">Salmos 149:6<\/h3>\n\n\n\n<p>Altos louvores estejam em seus l\u00e1bios e uma espada de dois gumes em suas m\u00e3os.<\/p>\n\n\n\n<h3 class=\"wp-block-heading\">Salmos 150:6<\/h3>\n\n\n\n<p>Tudo o que tem vida louve o Senhor! Aleluia!<\/p>\n\n\n\n<h2 class=\"wp-block-heading\">Lee Tambi\u00e9n:<\/h2>\n\n\n\n<ul class=\"wp-block-list\">\n<li><a href=\"https:\/\/thebibleverses.org\/pt\/\">Vers\u00edculos por T\u00f3picos<\/a><\/li>\n\n\n\n<li><a href=\"https:\/\/thebibleverses.org\/pt\/amor\/\">Vers\u00edculos da B\u00edblia sobre o Amor<\/a><\/li>\n\n\n\n<li><a href=\"https:\/\/thebibleverses.org\/pt\/forca\/\">Vers\u00edculos da B\u00edblia sobre For\u00e7a<\/a><\/li>\n\n\n\n<li><a href=\"https:\/\/thebibleverses.org\/pt\/fe\/\">Vers\u00edculos B\u00edblicos sobre F\u00e9<\/a><\/li>\n\n\n\n<li><a href=\"https:\/\/thebibleverses.org\/pt\/jovens\/\">Vers\u00edculos da B\u00edblia para Jovens<\/a><\/li>\n\n\n\n<li><a href=\"https:\/\/thebibleverses.org\/pt\/amizade\/\">Vers\u00edculos da B\u00edblia sobre Amizade<\/a><\/li>\n\n\n\n<li><a href=\"https:\/\/thebibleverses.org\/pt\/cura\/\">Vers\u00edculos da B\u00edblia sobre Cura<\/a><\/li>\n<\/ul>\n","protected":false},"excerpt":{"rendered":"<p>Salmos sobre Adorar a Deus Envolva-se na adora\u00e7\u00e3o a Deus atrav\u00e9s dos Salmos. Estes vers\u00edculos intemporais inspiram a devo\u00e7\u00e3o profunda e fortalecem a liga\u00e7\u00e3o com a f\u00e9. Explore a riqueza da adora\u00e7\u00e3o divina nos Salmos e descubra uma jornada espiritual enriquecedora. Alcance a eleva\u00e7\u00e3o espiritual atrav\u00e9s da nossa cole\u00e7\u00e3o cuidadosamente selecionada de Salmos de Adora\u00e7\u00e3o. [&hellip;]<\/p>\n","protected":false},"author":1,"featured_media":2264,"parent":0,"menu_order":0,"comment_status":"closed","ping_status":"closed","template":"","meta":{"footnotes":""},"class_list":["post-2263","page","type-page","status-publish","has-post-thumbnail","hentry","entry","fw-tab-6 fw-tabr-4"],"_links":{"self":[{"href":"https:\/\/thebibleverses.org\/pt\/wp-json\/wp\/v2\/pages\/2263","targetHints":{"allow":["GET"]}}],"collection":[{"href":"https:\/\/thebibleverses.org\/pt\/wp-json\/wp\/v2\/pages"}],"about":[{"href":"https:\/\/thebibleverses.org\/pt\/wp-json\/wp\/v2\/types\/page"}],"author":[{"embeddable":true,"href":"https:\/\/thebibleverses.org\/pt\/wp-json\/wp\/v2\/users\/1"}],"replies":[{"embeddable":true,"href":"https:\/\/thebibleverses.org\/pt\/wp-json\/wp\/v2\/comments?post=2263"}],"version-history":[{"count":1,"href":"https:\/\/thebibleverses.org\/pt\/wp-json\/wp\/v2\/pages\/2263\/revisions"}],"predecessor-version":[{"id":2265,"href":"https:\/\/thebibleverses.org\/pt\/wp-json\/wp\/v2\/pages\/2263\/revisions\/2265"}],"wp:featuredmedia":[{"embeddable":true,"href":"https:\/\/thebibleverses.org\/pt\/wp-json\/wp\/v2\/media\/2264"}],"wp:attachment":[{"href":"https:\/\/thebibleverses.org\/pt\/wp-json\/wp\/v2\/media?parent=2263"}],"curies":[{"name":"wp","href":"https:\/\/api.w.org\/{rel}","templated":true}]}}