{"id":210,"date":"2019-11-20T20:17:44","date_gmt":"2019-11-20T20:17:44","guid":{"rendered":"https:\/\/thebibleverses.org\/pt\/?page_id=210"},"modified":"2022-06-25T21:04:05","modified_gmt":"2022-06-25T21:04:05","slug":"humildade","status":"publish","type":"page","link":"https:\/\/thebibleverses.org\/pt\/humildade\/","title":{"rendered":"30 Vers\u00edculos da B\u00edblia sobre Humildade"},"content":{"rendered":"<div class=\"wp-block-image\">\n<figure class=\"aligncenter size-large\"><img decoding=\"async\" width=\"1024\" height=\"631\" data-src=\"https:\/\/thebibleverses.org\/pt\/wp-content\/uploads\/2022\/06\/Versiculos-da-Biblia-sobre-Humildade-1024x631.webp\" alt=\"Vers\u00edculos da B\u00edblia sobre Humildade\" class=\"wp-image-1575 lazyload\" data-srcset=\"https:\/\/thebibleverses.org\/pt\/wp-content\/uploads\/2022\/06\/Versiculos-da-Biblia-sobre-Humildade-1024x631.webp 1024w, https:\/\/thebibleverses.org\/pt\/wp-content\/uploads\/2022\/06\/Versiculos-da-Biblia-sobre-Humildade-300x185.webp 300w, https:\/\/thebibleverses.org\/pt\/wp-content\/uploads\/2022\/06\/Versiculos-da-Biblia-sobre-Humildade-768x474.webp 768w, https:\/\/thebibleverses.org\/pt\/wp-content\/uploads\/2022\/06\/Versiculos-da-Biblia-sobre-Humildade-320x197.webp 320w, https:\/\/thebibleverses.org\/pt\/wp-content\/uploads\/2022\/06\/Versiculos-da-Biblia-sobre-Humildade-450x278.webp 450w, https:\/\/thebibleverses.org\/pt\/wp-content\/uploads\/2022\/06\/Versiculos-da-Biblia-sobre-Humildade-720x444.webp 720w, https:\/\/thebibleverses.org\/pt\/wp-content\/uploads\/2022\/06\/Versiculos-da-Biblia-sobre-Humildade.webp 1200w\" data-sizes=\"(max-width: 1024px) 100vw, 1024px\" src=\"data:image\/svg+xml;base64,PHN2ZyB3aWR0aD0iMSIgaGVpZ2h0PSIxIiB4bWxucz0iaHR0cDovL3d3dy53My5vcmcvMjAwMC9zdmciPjwvc3ZnPg==\" style=\"--smush-placeholder-width: 1024px; --smush-placeholder-aspect-ratio: 1024\/631;\" \/><figcaption>Vers\u00edculos da B\u00edblia sobre Humildade &#8211; Nova Vers\u00e3o Internacional (NVI-PT).<\/figcaption><\/figure><\/div>\n\n\n<h2 class=\"wp-block-heading\">2 Cr\u00f4nicas 7:14 <\/h2>\n\n\n\n<p>Se o meu povo, que se chama pelo meu nome, se humilhar e orar, buscar a minha face e se afastar dos seus maus caminhos, dos c\u00e9us o ouvirei, perdoarei o seu pecado e curarei a sua terra (2 Cr\u00f4 7:14).<\/p>\n\n\n\n<h2 class=\"wp-block-heading\">Salmos 10:17 <\/h2>\n\n\n\n<p>Tu, Senhor, ouves a s\u00faplica dos necessitados; tu os reanimas e atendes ao seu clamor (Sal 10:17).<\/p>\n\n\n\n<h2 class=\"wp-block-heading\">Salmos 25:9 <\/h2>\n\n\n\n<p>Conduz os humildes na justi\u00e7a e lhes ensina o seu caminho (Sal 25:9).<\/p>\n\n\n\n<h2 class=\"wp-block-heading\">Salmos 34:2 <\/h2>\n\n\n\n<p>Minha alma se gloriar\u00e1 no Senhor; ou\u00e7am os oprimidos e se alegrem (Sal 34:2).<\/p>\n\n\n\n<h2 class=\"wp-block-heading\">Salmos 37:11 <\/h2>\n\n\n\n<p>Mas os humildes receber\u00e3o a terra por heran\u00e7a e desfrutar\u00e3o pleno bem-estar (Sal 37:11).<\/p>\n\n\n\n<h2 class=\"wp-block-heading\">Salmos 138:6 <\/h2>\n\n\n\n<p>Embora esteja nas alturas, o Senhor olha para os humildes, e de longe reconhece os arrogantes (Sal 138:6).<\/p>\n\n\n\n<h2 class=\"wp-block-heading\">Prov\u00e9rbios 11:2 <\/h2>\n\n\n\n<p>Quando vem o orgulho, chega a desgra\u00e7a, mas a sabedoria est\u00e1 com os humildes (Pr 11:2).<\/p>\n\n\n\n<h2 class=\"wp-block-heading\">Prov\u00e9rbios 15:33 <\/h2>\n\n\n\n<p>O temor do Senhor ensina a sabedoria, e a humildade antecede a honra (Pr 15:33).<\/p>\n\n\n\n<h2 class=\"wp-block-heading\">Prov\u00e9rbios 16:19 <\/h2>\n\n\n\n<p>Melhor \u00e9 ter esp\u00edrito humilde entre os oprimidos do que partilhar despojos com os orgulhosos (Pr 16:19).<\/p>\n\n\n\n<h2 class=\"wp-block-heading\">Prov\u00e9rbios 18:12<\/h2>\n\n\n\n<p>Antes da sua queda o cora\u00e7\u00e3o do homem se envaidece, mas a humildade antecede a honra (Pr 18:12).<\/p>\n\n\n\n<h2 class=\"wp-block-heading\">Prov\u00e9rbios 22:4 <\/h2>\n\n\n\n<p>A recompensa da humildade e do temor do Senhor s\u00e3o a riqueza, a honra e a vida (Pr 22:4).<\/p>\n\n\n\n<h2 class=\"wp-block-heading\">Prov\u00e9rbios 29:23 <\/h2>\n\n\n\n<p>O orgulho do homem o humilha, mas o de esp\u00edrito humilde obt\u00e9m honra (Pr 29:23).<\/p>\n\n\n\n<h2 class=\"wp-block-heading\">Isa\u00edas 57:15 <\/h2>\n\n\n\n<p>Pois assim diz o Alto e Sublime, que vive para sempre, e cujo nome \u00e9 santo: Habito num lugar alto e santo, mas habito tamb\u00e9m com o contrito e humilde de esp\u00edrito, para dar novo \u00e2nimo ao esp\u00edrito do humilde e novo alento ao cora\u00e7\u00e3o do contrito (Is 57:15).<\/p>\n\n\n\n<h2 class=\"wp-block-heading\">Isa\u00edas 66:2 <\/h2>\n\n\n\n<p>N\u00e3o foram as minhas m\u00e3os que fizeram todas essas coisas, e por isso vieram a existir?\u201d, pergunta o Senhor. A este eu estimo: ao humilde e contrito de esp\u00edrito, que treme diante da minha palavra (Is 66:2).<\/p>\n\n\n\n<h2 class=\"wp-block-heading\">Sofonias 2:3 <\/h2>\n\n\n\n<p>Busquem o Senhor, todos voc\u00eas, os humildes da terra, voc\u00eas que fazem o que ele ordena. Busquem a justi\u00e7a, busquem a humildade; talvez voc\u00eas tenham abrigo no dia da ira do Senhor (Sof 2:3).<\/p>\n\n\n\n<h2 class=\"wp-block-heading\">Mateus 5:3 <\/h2>\n\n\n\n<p>Bem-aventurados os pobres em esp\u00edrito, pois deles \u00e9 o Reino dos c\u00e9us (Mt 5:3).<\/p>\n\n\n\n<h2 class=\"wp-block-heading\">Mateus 5:5 <\/h2>\n\n\n\n<p>Bem-aventurados os humildes, pois eles receber\u00e3o a terra por heran\u00e7a (Mt 5:5).<\/p>\n\n\n\n<h2 class=\"wp-block-heading\">Mateus 11:29 <\/h2>\n\n\n\n<p>Tomem sobre voc\u00eas o meu jugo e aprendam de mim, pois sou manso e humilde de cora\u00e7\u00e3o, e voc\u00eas encontrar\u00e3o descanso para as suas almas (Mt 11:29).<\/p>\n\n\n\n<h2 class=\"wp-block-heading\">Mateus 23:12 <\/h2>\n\n\n\n<p>Pois todo aquele que a si mesmo se exaltar ser\u00e1 humilhado, e todo aquele que a si mesmo se humilhar ser\u00e1 exaltado (Mt 23:12).<\/p>\n\n\n\n<h2 class=\"wp-block-heading\">Lucas 1:52 <\/h2>\n\n\n\n<p>Derrubou governantes dos seus tronos, mas exaltou os humildes (Lc 1:52).<\/p>\n\n\n\n<h2 class=\"wp-block-heading\">Lucas 14:11 <\/h2>\n\n\n\n<p> Pois todo o que se exalta ser\u00e1 humilhado, e o que se humilha ser\u00e1 exaltado (Lc 14:11).<\/p>\n\n\n\n<h2 class=\"wp-block-heading\">Lucas 22:26 <\/h2>\n\n\n\n<p>Mas, voc\u00eas n\u00e3o ser\u00e3o assim. Ao contr\u00e1rio, o maior entre voc\u00eas dever\u00e1 ser como o mais jovem, e aquele que governa, como o que serve (Lc 22:26).<\/p>\n\n\n\n<h2 class=\"wp-block-heading\">Romanos 12:16 <\/h2>\n\n\n\n<p>Tenham uma mesma atitude uns para com os outros. N\u00e3o sejam orgulhosos, mas estejam dispostos a associar-se a pessoas de posi\u00e7\u00e3o inferior. N\u00e3o sejam s\u00e1bios aos seus pr\u00f3prios olhos (Ro 12:16).<\/p>\n\n\n\n<h2 class=\"wp-block-heading\">Ef\u00e9sios 4:2 <\/h2>\n\n\n\n<p>Sejam completamente humildes e d\u00f3ceis, e sejam pacientes, suportando uns aos outros com amor (Ef 4:2).<\/p>\n\n\n\n<h2 class=\"wp-block-heading\">Filipenses 2:3 <\/h2>\n\n\n\n<p>Nada fa\u00e7am por ambi\u00e7\u00e3o ego\u00edsta ou por vaidade, mas humildemente considerem os outros superiores a si mesmos (Filip 2:3).<\/p>\n\n\n\n<h2 class=\"wp-block-heading\">Colossenses 3:12 <\/h2>\n\n\n\n<p>Portanto, como povo escolhido de Deus, santo e amado, revistam-se de profunda compaix\u00e3o, bondade, humildade, mansid\u00e3o e paci\u00eancia.<\/p>\n\n\n\n<h2 class=\"wp-block-heading\">Tiago 1:21 <\/h2>\n\n\n\n<p>Portanto, livrem-se de toda impureza moral e da maldade que prevalece, e aceitem humildemente a palavra implantada em voc\u00eas, a qual \u00e9 poderosa para salv\u00e1-los (Tiago 1:21).<\/p>\n\n\n\n<h2 class=\"wp-block-heading\">Tiago 4:6 <\/h2>\n\n\n\n<p>Mas ele nos concede gra\u00e7a maior. Por isso diz a Escritura: \u201cDeus se op\u00f5e aos orgulhosos, mas concede gra\u00e7a aos humildes\u201d (Tiago 4:6).<\/p>\n\n\n\n<h2 class=\"wp-block-heading\">Tiago 4:10 <\/h2>\n\n\n\n<p>Humilhem-se diante do Senhor, e ele os exaltar\u00e1 (Tiago 4:10).<\/p>\n\n\n\n<h2 class=\"wp-block-heading\">1 Pedro 5:6 <\/h2>\n\n\n\n<p>Portanto, humilhem-se debaixo da poderosa m\u00e3o de Deus, para que ele os exalte no tempo devido (1 Pe 5:6).<\/p>\n\n\n\n<h2 class=\"wp-block-heading\">Lee Tambi\u00e9n:<\/h2>\n\n\n\n<ul class=\"wp-block-list\"><li><a href=\"https:\/\/thebibleverses.org\/pt\/\">Vers\u00edculos por T\u00f3picos<\/a><\/li><li><a href=\"https:\/\/thebibleverses.org\/pt\/amor\/\">Vers\u00edculos da B\u00edblia sobre o Amor<\/a><\/li><li><a href=\"https:\/\/thebibleverses.org\/pt\/forca\/\">Vers\u00edculos da B\u00edblia sobre For\u00e7a<\/a><\/li><li><a href=\"https:\/\/thebibleverses.org\/pt\/fe\/\">Vers\u00edculos B\u00edblicos sobre F\u00e9<\/a><\/li><li><a href=\"https:\/\/thebibleverses.org\/pt\/jovens\/\">Vers\u00edculos da B\u00edblia para Jovens<\/a><\/li><li><a href=\"https:\/\/thebibleverses.org\/pt\/amizade\/\">Vers\u00edculos da B\u00edblia sobre Amizade<\/a><\/li><li><a href=\"https:\/\/thebibleverses.org\/pt\/cura\/\">Vers\u00edculos da B\u00edblia sobre Cura<\/a><\/li><\/ul>\n","protected":false},"excerpt":{"rendered":"<p>2 Cr\u00f4nicas 7:14 Se o meu povo, que se chama pelo meu nome, se humilhar e orar, buscar a minha face e se afastar dos seus maus caminhos, dos c\u00e9us o ouvirei, perdoarei o seu pecado e curarei a sua terra (2 Cr\u00f4 7:14). Salmos 10:17 Tu, Senhor, ouves a s\u00faplica dos necessitados; tu os [&hellip;]<\/p>\n","protected":false},"author":1,"featured_media":1575,"parent":0,"menu_order":0,"comment_status":"open","ping_status":"closed","template":"","meta":{"footnotes":""},"class_list":["post-210","page","type-page","status-publish","has-post-thumbnail","hentry","entry","fw-tab-6 fw-tabr-4"],"_links":{"self":[{"href":"https:\/\/thebibleverses.org\/pt\/wp-json\/wp\/v2\/pages\/210","targetHints":{"allow":["GET"]}}],"collection":[{"href":"https:\/\/thebibleverses.org\/pt\/wp-json\/wp\/v2\/pages"}],"about":[{"href":"https:\/\/thebibleverses.org\/pt\/wp-json\/wp\/v2\/types\/page"}],"author":[{"embeddable":true,"href":"https:\/\/thebibleverses.org\/pt\/wp-json\/wp\/v2\/users\/1"}],"replies":[{"embeddable":true,"href":"https:\/\/thebibleverses.org\/pt\/wp-json\/wp\/v2\/comments?post=210"}],"version-history":[{"count":0,"href":"https:\/\/thebibleverses.org\/pt\/wp-json\/wp\/v2\/pages\/210\/revisions"}],"wp:featuredmedia":[{"embeddable":true,"href":"https:\/\/thebibleverses.org\/pt\/wp-json\/wp\/v2\/media\/1575"}],"wp:attachment":[{"href":"https:\/\/thebibleverses.org\/pt\/wp-json\/wp\/v2\/media?parent=210"}],"curies":[{"name":"wp","href":"https:\/\/api.w.org\/{rel}","templated":true}]}}