{"id":1967,"date":"2022-11-15T21:01:04","date_gmt":"2022-11-15T21:01:04","guid":{"rendered":"https:\/\/thebibleverses.org\/pt\/?page_id=1967"},"modified":"2022-11-15T21:02:05","modified_gmt":"2022-11-15T21:02:05","slug":"alimento-espiritual","status":"publish","type":"page","link":"https:\/\/thebibleverses.org\/pt\/alimento-espiritual\/","title":{"rendered":"18 Vers\u00edculos da B\u00edblia sobre Alimento Espiritual"},"content":{"rendered":"<div class=\"wp-block-image\">\n<figure class=\"aligncenter size-large\"><img decoding=\"async\" width=\"1024\" height=\"631\" data-src=\"https:\/\/thebibleverses.org\/pt\/wp-content\/uploads\/2022\/11\/Versiculos-da-Biblia-sobre-Alimento-Espiritual-1024x631.webp\" alt=\"Vers\u00edculos da B\u00edblia sobre Alimento Espiritual\" class=\"wp-image-1968 lazyload\" data-srcset=\"https:\/\/thebibleverses.org\/pt\/wp-content\/uploads\/2022\/11\/Versiculos-da-Biblia-sobre-Alimento-Espiritual-1024x631.webp 1024w, https:\/\/thebibleverses.org\/pt\/wp-content\/uploads\/2022\/11\/Versiculos-da-Biblia-sobre-Alimento-Espiritual-300x185.webp 300w, https:\/\/thebibleverses.org\/pt\/wp-content\/uploads\/2022\/11\/Versiculos-da-Biblia-sobre-Alimento-Espiritual-768x474.webp 768w, https:\/\/thebibleverses.org\/pt\/wp-content\/uploads\/2022\/11\/Versiculos-da-Biblia-sobre-Alimento-Espiritual-320x197.webp 320w, https:\/\/thebibleverses.org\/pt\/wp-content\/uploads\/2022\/11\/Versiculos-da-Biblia-sobre-Alimento-Espiritual-450x278.webp 450w, https:\/\/thebibleverses.org\/pt\/wp-content\/uploads\/2022\/11\/Versiculos-da-Biblia-sobre-Alimento-Espiritual-720x444.webp 720w, https:\/\/thebibleverses.org\/pt\/wp-content\/uploads\/2022\/11\/Versiculos-da-Biblia-sobre-Alimento-Espiritual.webp 1200w\" data-sizes=\"(max-width: 1024px) 100vw, 1024px\" src=\"data:image\/svg+xml;base64,PHN2ZyB3aWR0aD0iMSIgaGVpZ2h0PSIxIiB4bWxucz0iaHR0cDovL3d3dy53My5vcmcvMjAwMC9zdmciPjwvc3ZnPg==\" style=\"--smush-placeholder-width: 1024px; --smush-placeholder-aspect-ratio: 1024\/631;\" \/><figcaption class=\"wp-element-caption\">Vers\u00edculos da B\u00edblia sobre Alimento Espiritual &#8211; Nova Vers\u00e3o Internacional (NVI-PT).<\/figcaption><\/figure><\/div>\n\n\n<h2 class=\"wp-block-heading\">Salmos 19:9-10<\/h2>\n\n\n\n<p>O temor do Senhor \u00e9 puro, e dura para sempre. As ordenan\u00e7as do Senhor s\u00e3o verdadeiras, s\u00e3o todas elas justas. S\u00e3o mais desej\u00e1veis do que o ouro, do que muito ouro puro; s\u00e3o mais doces do que o mel, do que as gotas do favo (Sal 19:9-10).<\/p>\n\n\n\n<h2 class=\"wp-block-heading\">Salmos 119:103<\/h2>\n\n\n\n<p>Como s\u00e3o doces para o meu paladar as tuas palavras! Mais que o mel para a minha boca! (Sal 119:103)<\/p>\n\n\n\n<h2 class=\"wp-block-heading\">Isa\u00edas 25:6<\/h2>\n\n\n\n<p>Neste monte o Senhor dos Ex\u00e9rcitos preparar\u00e1 um farto banquete para todos os povos, um banquete de vinho envelhecido, com carnes suculentas e o melhor vinho (Is 25:6).<\/p>\n\n\n\n<h2 class=\"wp-block-heading\">Isa\u00edas 55:1<\/h2>\n\n\n\n<p>Venham, todos voc\u00eas que est\u00e3o com sede, venham \u00e0s \u00e1guas; e voc\u00eas que n\u00e3o possuem dinheiro algum, venham, comprem e comam! Venham, comprem vinho e leite sem dinheiro e sem custo (Is 55:1).<\/p>\n\n\n\n<h2 class=\"wp-block-heading\">Isa\u00edas 55:2<\/h2>\n\n\n\n<p>Por que gastar dinheiro naquilo que n\u00e3o \u00e9 p\u00e3o, e o seu trabalho \u00e1rduo naquilo que n\u00e3o satisfaz? Escutem, escutem-me, e comam o que \u00e9 bom, e a alma de voc\u00eas se deliciar\u00e1 com a mais fina refei\u00e7\u00e3o (Is 55:2).<\/p>\n\n\n\n<h2 class=\"wp-block-heading\">Jeremias 3:15<\/h2>\n\n\n\n<p>Ent\u00e3o eu lhes darei governantes conforme a minha vontade, que os dirigir\u00e3o com sabedoria e com entendimento (jr 3:15).<\/p>\n\n\n\n<h2 class=\"wp-block-heading\">Jeremias 15:16<\/h2>\n\n\n\n<p>Quando as tuas palavras foram encontradas, eu as comi; elas s\u00e3o a minha alegria e o meu j\u00fabilo, pois perten\u00e7o a ti, Senhor Deus dos Ex\u00e9rcitos (Jr 15:16).<\/p>\n\n\n\n<h2 class=\"wp-block-heading\">Ezequiel 34:14<\/h2>\n\n\n\n<p>Tomarei conta delas numa boa pastagem, e os altos dos montes de Israel ser\u00e3o a terra onde pastar\u00e3o; ali se alimentar\u00e3o, num rico pasto nos montes de Israel (Ez 34:14).<\/p>\n\n\n\n<h2 class=\"wp-block-heading\">Jo\u00e3o 6:51<\/h2>\n\n\n\n<p>Eu sou o p\u00e3o vivo que desceu do c\u00e9u. Se algu\u00e9m comer deste p\u00e3o, viver\u00e1 para sempre. Este p\u00e3o \u00e9 a minha carne, que eu darei pela vida do mundo (Jo\u00e3o 6:51).<\/p>\n\n\n\n<h2 class=\"wp-block-heading\">Jo\u00e3o 10:9<\/h2>\n\n\n\n<p>Eu sou a porta; quem entra por mim ser\u00e1 salvo. Entrar\u00e1 e sair\u00e1, e encontrar\u00e1 pastagem (Jo\u00e3o 10:9).<\/p>\n\n\n\n<h2 class=\"wp-block-heading\">1 Cor\u00edntios 10:3-4<\/h2>\n\n\n\n<p>Todos comeram do mesmo alimento espiritual e beberam da mesma bebida espiritual; pois bebiam da rocha espiritual que os acompanhava, e essa rocha era Cristo (1 Co 10:3-4).<\/p>\n\n\n\n<h2 class=\"wp-block-heading\">Hebreus 5:12-13<\/h2>\n\n\n\n<p>Embora a esta altura j\u00e1 devessem ser mestres, voc\u00eas precisam de algu\u00e9m que lhes ensine novamente os princ\u00edpios elementares da palavra de Deus. Est\u00e3o precisando de leite, e n\u00e3o de alimento s\u00f3lido! Quem se alimenta de leite ainda \u00e9 crian\u00e7a, e n\u00e3o tem experi\u00eancia no ensino da justi\u00e7a (Heb 5:12-13).<\/p>\n\n\n\n<h2 class=\"wp-block-heading\">1 Pedro 2:2<\/h2>\n\n\n\n<p>Como crian\u00e7as rec\u00e9m-nascidas, desejem de cora\u00e7\u00e3o o leite espiritual puro, para que por meio dele cres\u00e7am para a salva\u00e7\u00e3o (1 Pe 2:2).<\/p>\n\n\n\n<h2 class=\"wp-block-heading\">J\u00f3 23:12<\/h2>\n\n\n\n<p>N\u00e3o me afastei dos mandamentos dos seus l\u00e1bios; dei mais valor \u00e0s palavras de sua boca do que ao meu p\u00e3o de cada dia (J\u00f3 23:12).<\/p>\n\n\n\n<h2 class=\"wp-block-heading\">\u00caxodo 16:4<\/h2>\n\n\n\n<p>Disse, por\u00e9m, o Senhor a Mois\u00e9s: \u201cEu lhes farei chover p\u00e3o do c\u00e9u. O povo sair\u00e1 e recolher\u00e1 diariamente a por\u00e7\u00e3o necess\u00e1ria para aquele dia. Com isso os porei \u00e0 prova para ver se seguem ou n\u00e3o as minhas instru\u00e7\u00f5es (\u00cax 16:4).<\/p>\n\n\n\n<h2 class=\"wp-block-heading\">Salmos 78:24<\/h2>\n\n\n\n<p>Fez chover man\u00e1 para que o povo comesse, deu-lhe o p\u00e3o dos c\u00e9us (Sal 78:24).<\/p>\n\n\n\n<h2 class=\"wp-block-heading\">Apocalipse 2:7<\/h2>\n\n\n\n<p>Aquele que tem ouvidos ou\u00e7a o que o Esp\u00edrito diz \u00e0s igrejas. Ao vencedor darei o direito de comer da \u00e1rvore da vida, que est\u00e1 no para\u00edso de Deus (Ap 2:7).<\/p>\n\n\n\n<h2 class=\"wp-block-heading\">Apocalipse 2:17<\/h2>\n\n\n\n<p>Aquele que tem ouvidos ou\u00e7a o que o Esp\u00edrito diz \u00e0s igrejas. Ao vencedor darei do man\u00e1 escondido. Tamb\u00e9m lhe darei uma pedra branca com um novo nome nela inscrito, conhecido apenas por aquele que o recebe (Ap 2:17).<\/p>\n\n\n\n<h2 class=\"wp-block-heading\">Lee Tambi\u00e9n:<\/h2>\n\n\n\n<ul class=\"wp-block-list\">\n<li><a href=\"https:\/\/thebibleverses.org\/pt\/\">Vers\u00edculos por T\u00f3picos<\/a><\/li>\n\n\n\n<li><a href=\"https:\/\/thebibleverses.org\/pt\/amor\/\">Vers\u00edculos da B\u00edblia sobre o Amor<\/a><\/li>\n\n\n\n<li><a href=\"https:\/\/thebibleverses.org\/pt\/forca\/\">Vers\u00edculos da B\u00edblia sobre For\u00e7a<\/a><\/li>\n\n\n\n<li><a href=\"https:\/\/thebibleverses.org\/pt\/fe\/\">Vers\u00edculos B\u00edblicos sobre F\u00e9<\/a><\/li>\n\n\n\n<li><a href=\"https:\/\/thebibleverses.org\/pt\/jovens\/\">Vers\u00edculos da B\u00edblia para Jovens<\/a><\/li>\n\n\n\n<li><a href=\"https:\/\/thebibleverses.org\/pt\/amizade\/\">Vers\u00edculos da B\u00edblia sobre Amizade<\/a><\/li>\n\n\n\n<li><a href=\"https:\/\/thebibleverses.org\/pt\/cura\/\">Vers\u00edculos da B\u00edblia sobre Cura<\/a><\/li>\n<\/ul>\n","protected":false},"excerpt":{"rendered":"<p>Salmos 19:9-10 O temor do Senhor \u00e9 puro, e dura para sempre. As ordenan\u00e7as do Senhor s\u00e3o verdadeiras, s\u00e3o todas elas justas. S\u00e3o mais desej\u00e1veis do que o ouro, do que muito ouro puro; s\u00e3o mais doces do que o mel, do que as gotas do favo (Sal 19:9-10). Salmos 119:103 Como s\u00e3o doces para [&hellip;]<\/p>\n","protected":false},"author":1,"featured_media":1968,"parent":0,"menu_order":0,"comment_status":"open","ping_status":"closed","template":"","meta":{"footnotes":""},"class_list":["post-1967","page","type-page","status-publish","has-post-thumbnail","hentry","entry","fw-tab-6 fw-tabr-4"],"_links":{"self":[{"href":"https:\/\/thebibleverses.org\/pt\/wp-json\/wp\/v2\/pages\/1967","targetHints":{"allow":["GET"]}}],"collection":[{"href":"https:\/\/thebibleverses.org\/pt\/wp-json\/wp\/v2\/pages"}],"about":[{"href":"https:\/\/thebibleverses.org\/pt\/wp-json\/wp\/v2\/types\/page"}],"author":[{"embeddable":true,"href":"https:\/\/thebibleverses.org\/pt\/wp-json\/wp\/v2\/users\/1"}],"replies":[{"embeddable":true,"href":"https:\/\/thebibleverses.org\/pt\/wp-json\/wp\/v2\/comments?post=1967"}],"version-history":[{"count":0,"href":"https:\/\/thebibleverses.org\/pt\/wp-json\/wp\/v2\/pages\/1967\/revisions"}],"wp:featuredmedia":[{"embeddable":true,"href":"https:\/\/thebibleverses.org\/pt\/wp-json\/wp\/v2\/media\/1968"}],"wp:attachment":[{"href":"https:\/\/thebibleverses.org\/pt\/wp-json\/wp\/v2\/media?parent=1967"}],"curies":[{"name":"wp","href":"https:\/\/api.w.org\/{rel}","templated":true}]}}