{"id":1950,"date":"2022-11-15T20:48:45","date_gmt":"2022-11-15T20:48:45","guid":{"rendered":"https:\/\/thebibleverses.org\/pt\/?page_id=1950"},"modified":"2022-11-15T20:48:46","modified_gmt":"2022-11-15T20:48:46","slug":"frutos","status":"publish","type":"page","link":"https:\/\/thebibleverses.org\/pt\/frutos\/","title":{"rendered":"25 Vers\u00edculos da B\u00edblia sobre Dar Frutos"},"content":{"rendered":"<div class=\"wp-block-image\">\n<figure class=\"aligncenter size-large\"><img decoding=\"async\" width=\"1024\" height=\"631\" data-src=\"https:\/\/thebibleverses.org\/pt\/wp-content\/uploads\/2022\/11\/Versiculos-da-Biblia-sobre-Dar-Frutos-1024x631.webp\" alt=\"Vers\u00edculos da B\u00edblia sobre Dar Frutos\" class=\"wp-image-1957 lazyload\" data-srcset=\"https:\/\/thebibleverses.org\/pt\/wp-content\/uploads\/2022\/11\/Versiculos-da-Biblia-sobre-Dar-Frutos-1024x631.webp 1024w, https:\/\/thebibleverses.org\/pt\/wp-content\/uploads\/2022\/11\/Versiculos-da-Biblia-sobre-Dar-Frutos-300x185.webp 300w, https:\/\/thebibleverses.org\/pt\/wp-content\/uploads\/2022\/11\/Versiculos-da-Biblia-sobre-Dar-Frutos-768x474.webp 768w, https:\/\/thebibleverses.org\/pt\/wp-content\/uploads\/2022\/11\/Versiculos-da-Biblia-sobre-Dar-Frutos-320x197.webp 320w, https:\/\/thebibleverses.org\/pt\/wp-content\/uploads\/2022\/11\/Versiculos-da-Biblia-sobre-Dar-Frutos-450x278.webp 450w, https:\/\/thebibleverses.org\/pt\/wp-content\/uploads\/2022\/11\/Versiculos-da-Biblia-sobre-Dar-Frutos-720x444.webp 720w, https:\/\/thebibleverses.org\/pt\/wp-content\/uploads\/2022\/11\/Versiculos-da-Biblia-sobre-Dar-Frutos.webp 1200w\" data-sizes=\"(max-width: 1024px) 100vw, 1024px\" src=\"data:image\/svg+xml;base64,PHN2ZyB3aWR0aD0iMSIgaGVpZ2h0PSIxIiB4bWxucz0iaHR0cDovL3d3dy53My5vcmcvMjAwMC9zdmciPjwvc3ZnPg==\" style=\"--smush-placeholder-width: 1024px; --smush-placeholder-aspect-ratio: 1024\/631;\" \/><figcaption class=\"wp-element-caption\">Vers\u00edculos da B\u00edblia sobre Dar Frutos &#8211; Nova Vers\u00e3o Internacional (NVI-PT).<\/figcaption><\/figure><\/div>\n\n\n<h2 class=\"wp-block-heading\">Mateus 3:8<\/h2>\n\n\n\n<p>D\u00eaem fruto que mostre o arrependimento! (Mt 3:8).<\/p>\n\n\n\n<h2 class=\"wp-block-heading\">Mateus 7:16-18<\/h2>\n\n\n\n<p>Voc\u00eas os reconhecer\u00e3o por seus frutos. Pode algu\u00e9m colher uvas de um espinheiro ou figos de ervas daninhas? Semelhantemente, toda \u00e1rvore boa d\u00e1 frutos bons, mas a \u00e1rvore ruim d\u00e1 frutos ruins. A \u00e1rvore boa n\u00e3o pode dar frutos ruins, nem a \u00e1rvore ruim pode dar frutos bons (Mt 7:16-18).<\/p>\n\n\n\n<h2 class=\"wp-block-heading\">Mateus 12:33<\/h2>\n\n\n\n<p>Considerem: Uma \u00e1rvore boa d\u00e1 fruto bom, e uma \u00e1rvore ruim d\u00e1 fruto ruim, pois uma \u00e1rvore \u00e9 conhecida por seu fruto (Mt 12:33).<\/p>\n\n\n\n<h2 class=\"wp-block-heading\">Mateus 13:8<\/h2>\n\n\n\n<p>Outra ainda caiu em boa terra, deu boa colheita, a cem, sessenta e trinta por um (Mt 13:8).<\/p>\n\n\n\n<h2 class=\"wp-block-heading\">Jo\u00e3o 12:24<\/h2>\n\n\n\n<p>Digo-lhes verdadeiramente que, se o gr\u00e3o de trigo n\u00e3o cair na terra e n\u00e3o morrer, continuar\u00e1 ele s\u00f3. Mas se morrer, dar\u00e1 muito fruto (Jo\u00e3o 12:24).<\/p>\n\n\n\n<h2 class=\"wp-block-heading\">Mateus 13:23<\/h2>\n\n\n\n<p>E, finalmente, o que foi semeado em boa terra: este \u00e9 aquele que ouve a palavra e a entende, e d\u00e1 uma colheita de cem, sessenta e trinta por um (Mt 13:23).<\/p>\n\n\n\n<h2 class=\"wp-block-heading\">Jo\u00e3o 15:2<\/h2>\n\n\n\n<p>Todo ramo que, estando em mim, n\u00e3o d\u00e1 fruto, ele corta; e todo que d\u00e1 fruto ele poda, para que d\u00ea mais fruto ainda (Jo\u00e3o 15:2).<\/p>\n\n\n\n<h2 class=\"wp-block-heading\">Jo\u00e3o 15:5<\/h2>\n\n\n\n<p>Eu sou a videira; voc\u00eas s\u00e3o os ramos. Se algu\u00e9m permanecer em mim e eu nele, esse dar\u00e1 muito fruto; pois sem mim voc\u00eas n\u00e3o podem fazer coisa alguma (Jo\u00e3o 15:5).<\/p>\n\n\n\n<h2 class=\"wp-block-heading\">Jo\u00e3o 15:8<\/h2>\n\n\n\n<p>Meu Pai \u00e9 glorificado pelo fato de voc\u00eas darem muito fruto; e assim ser\u00e3o meus disc\u00edpulos (Jo\u00e3o 15:8).<\/p>\n\n\n\n<h2 class=\"wp-block-heading\">Jo\u00e3o 15:16<\/h2>\n\n\n\n<p>Voc\u00eas n\u00e3o me escolheram, mas eu os escolhi para irem e darem fruto, fruto que permane\u00e7a, a fim de que o Pai lhes conceda o que pedirem em meu nome (Jo\u00e3o 15:16).<\/p>\n\n\n\n<h2 class=\"wp-block-heading\">Romanos 7:4<\/h2>\n\n\n\n<p>Assim, meus irm\u00e3os, voc\u00eas tamb\u00e9m morreram para a Lei, por meio do corpo de Cristo, para pertencerem a outro, \u00e0quele que ressuscitou dos mortos, a fim de que venhamos a dar fruto para Deus (Ro 7:4).<\/p>\n\n\n\n<h2 class=\"wp-block-heading\">G\u00e1latas 5:22-23<\/h2>\n\n\n\n<p>Mas o fruto do Esp\u00edrito \u00e9 amor, alegria, paz, paci\u00eancia, amabilidade, bondade, fidelidade, mansid\u00e3o e dom\u00ednio pr\u00f3prio. Contra essas coisas n\u00e3o h\u00e1 lei (G\u00e1 5:22-23).<\/p>\n\n\n\n<h2 class=\"wp-block-heading\">Ef\u00e9sios 5:8-9<\/h2>\n\n\n\n<p>Porque outrora voc\u00eas eram trevas, mas agora s\u00e3o luz no Senhor. Vivam como filhos da luz, pois o fruto da luz consiste em toda bondade, justi\u00e7a e verdade (Ef 5:8-9).<\/p>\n\n\n\n<h2 class=\"wp-block-heading\">Filipenses 1:11<\/h2>\n\n\n\n<p>Cheios do fruto da justi\u00e7a, fruto que vem por meio de Jesus Cristo, para gl\u00f3ria e louvor de Deus (Filp 1:11).<\/p>\n\n\n\n<h2 class=\"wp-block-heading\">Colossenses 1:10<\/h2>\n\n\n\n<p>E isso para que voc\u00eas vivam de maneira digna do Senhor e em tudo possam agrad\u00e1-lo, frutificando em toda boa obra, crescendo no conhecimento de Deus (Col 1:10).<\/p>\n\n\n\n<h2 class=\"wp-block-heading\">Hebreus 12:11<\/h2>\n\n\n\n<p>Nenhuma disciplina parece ser motivo de alegria no momento, mas sim de tristeza. Mais tarde, por\u00e9m, produz fruto de justi\u00e7a e paz para aqueles que por ela foram exercitados (Heb 12:11).<\/p>\n\n\n\n<h2 class=\"wp-block-heading\">Tiago 3:17<\/h2>\n\n\n\n<p>Mas a sabedoria que vem do alto \u00e9 antes de tudo pura; depois, pac\u00edfica, am\u00e1vel, compreensiva, cheia de miseric\u00f3rdia e de bons frutos, imparcial e sincera (Tiago 3:17).<\/p>\n\n\n\n<h2 class=\"wp-block-heading\">Tiago 3:18<\/h2>\n\n\n\n<p>O fruto da justi\u00e7a semeia-se em paz para os pacificadores (Tiago3:18).<\/p>\n\n\n\n<h2 class=\"wp-block-heading\">Mateus 7:20<\/h2>\n\n\n\n<p>Assim, pelos seus frutos voc\u00eas os reconhecer\u00e3o! (Mt 7:20).<\/p>\n\n\n\n<h2 class=\"wp-block-heading\">Salmos 1:1-3<\/h2>\n\n\n\n<p>Como \u00e9 feliz aquele que n\u00e3o segue o conselho dos \u00edmpios, n\u00e3o imita a conduta dos pecadores, nem se assenta na roda dos zombadores! Ao contr\u00e1rio, sua satisfa\u00e7\u00e3o est\u00e1 na lei do Senhor, e nessa lei medita dia e noite. \u00c9 como \u00e1rvore plantada \u00e0 beira de \u00e1guas correntes: D\u00e1 fruto no tempo certo e suas folhas n\u00e3o murcham. Tudo o que ele faz prospera! (1:1-3)<\/p>\n\n\n\n<h2 class=\"wp-block-heading\">Salmos 92:12-14<\/h2>\n\n\n\n<p>Os justos florescer\u00e3o como a palmeira, crescer\u00e3o como o cedro do L\u00edbano; plantados na casa do Senhor, florescer\u00e3o nos \u00e1trios do nosso Deus. Mesmo na velhice dar\u00e3o fruto, permanecer\u00e3o vi\u00e7osos e verdejantes (Sal 92:12-14).<\/p>\n\n\n\n<h2 class=\"wp-block-heading\">Prov\u00e9rbios 11:30<\/h2>\n\n\n\n<p>O fruto da retid\u00e3o \u00e9 \u00e1rvore de vida, e aquele que conquista almas \u00e9 s\u00e1bio (Pr 11:30).<\/p>\n\n\n\n<h2 class=\"wp-block-heading\">Prov\u00e9rbios 12:14<\/h2>\n\n\n\n<p>Do fruto de sua boca o homem se beneficia, e o trabalho de suas m\u00e3os ser\u00e1 (Pr 12:14) recompensado.<\/p>\n\n\n\n<h2 class=\"wp-block-heading\">Jeremias 17:7-8<\/h2>\n\n\n\n<p>Mas bendito \u00e9 o homem cuja confian\u00e7a est\u00e1 no Senhor, cuja confian\u00e7a nele est\u00e1. Ele ser\u00e1 como uma \u00e1rvore plantada junto \u00e0s \u00e1guas e que estende as suas ra\u00edzes para o ribeiro. Ela n\u00e3o temer\u00e1 quando chegar o calor, porque as suas folhas est\u00e3o sempre verdes; n\u00e3o ficar\u00e1 ansiosa no ano da seca nem deixar\u00e1 de dar fruto (Jr 17:7-8).<\/p>\n\n\n\n<h2 class=\"wp-block-heading\">Isa\u00edas 27:6<\/h2>\n\n\n\n<p>Nos dias vindouros Jac\u00f3 lan\u00e7ar\u00e1 ra\u00edzes, Israel ter\u00e1 bot\u00f5es e flores e encher\u00e1 o mundo de frutos (Is 27:6).<\/p>\n\n\n\n<h2 class=\"wp-block-heading\">Lee Tambi\u00e9n:<\/h2>\n\n\n\n<ul class=\"wp-block-list\">\n<li><a href=\"https:\/\/thebibleverses.org\/pt\/\">Vers\u00edculos por T\u00f3picos<\/a><\/li>\n\n\n\n<li><a href=\"https:\/\/thebibleverses.org\/pt\/amor\/\">Vers\u00edculos da B\u00edblia sobre o Amor<\/a><\/li>\n\n\n\n<li><a href=\"https:\/\/thebibleverses.org\/pt\/forca\/\">Vers\u00edculos da B\u00edblia sobre For\u00e7a<\/a><\/li>\n\n\n\n<li><a href=\"https:\/\/thebibleverses.org\/pt\/fe\/\">Vers\u00edculos B\u00edblicos sobre F\u00e9<\/a><\/li>\n\n\n\n<li><a href=\"https:\/\/thebibleverses.org\/pt\/jovens\/\">Vers\u00edculos da B\u00edblia para Jovens<\/a><\/li>\n\n\n\n<li><a href=\"https:\/\/thebibleverses.org\/pt\/amizade\/\">Vers\u00edculos da B\u00edblia sobre Amizade<\/a><\/li>\n\n\n\n<li><a href=\"https:\/\/thebibleverses.org\/pt\/cura\/\">Vers\u00edculos da B\u00edblia sobre Cura<\/a><\/li>\n<\/ul>\n","protected":false},"excerpt":{"rendered":"<p>Mateus 3:8 D\u00eaem fruto que mostre o arrependimento! (Mt 3:8). Mateus 7:16-18 Voc\u00eas os reconhecer\u00e3o por seus frutos. Pode algu\u00e9m colher uvas de um espinheiro ou figos de ervas daninhas? Semelhantemente, toda \u00e1rvore boa d\u00e1 frutos bons, mas a \u00e1rvore ruim d\u00e1 frutos ruins. A \u00e1rvore boa n\u00e3o pode dar frutos ruins, nem a \u00e1rvore [&hellip;]<\/p>\n","protected":false},"author":1,"featured_media":1957,"parent":0,"menu_order":0,"comment_status":"open","ping_status":"closed","template":"","meta":{"footnotes":""},"class_list":["post-1950","page","type-page","status-publish","has-post-thumbnail","hentry","entry","fw-tab-6 fw-tabr-4"],"_links":{"self":[{"href":"https:\/\/thebibleverses.org\/pt\/wp-json\/wp\/v2\/pages\/1950","targetHints":{"allow":["GET"]}}],"collection":[{"href":"https:\/\/thebibleverses.org\/pt\/wp-json\/wp\/v2\/pages"}],"about":[{"href":"https:\/\/thebibleverses.org\/pt\/wp-json\/wp\/v2\/types\/page"}],"author":[{"embeddable":true,"href":"https:\/\/thebibleverses.org\/pt\/wp-json\/wp\/v2\/users\/1"}],"replies":[{"embeddable":true,"href":"https:\/\/thebibleverses.org\/pt\/wp-json\/wp\/v2\/comments?post=1950"}],"version-history":[{"count":0,"href":"https:\/\/thebibleverses.org\/pt\/wp-json\/wp\/v2\/pages\/1950\/revisions"}],"wp:featuredmedia":[{"embeddable":true,"href":"https:\/\/thebibleverses.org\/pt\/wp-json\/wp\/v2\/media\/1957"}],"wp:attachment":[{"href":"https:\/\/thebibleverses.org\/pt\/wp-json\/wp\/v2\/media?parent=1950"}],"curies":[{"name":"wp","href":"https:\/\/api.w.org\/{rel}","templated":true}]}}