{"id":1939,"date":"2022-11-15T20:02:16","date_gmt":"2022-11-15T20:02:16","guid":{"rendered":"https:\/\/thebibleverses.org\/pt\/?page_id=1939"},"modified":"2023-06-01T21:01:24","modified_gmt":"2023-06-01T21:01:24","slug":"fidelidade-de-deus","status":"publish","type":"page","link":"https:\/\/thebibleverses.org\/pt\/fidelidade-de-deus\/","title":{"rendered":"30 Vers\u00edculos da B\u00edblia sobre a Fidelidade de Deus"},"content":{"rendered":"<div class=\"wp-block-image\">\n<figure class=\"aligncenter size-large\"><img decoding=\"async\" width=\"1024\" height=\"631\" data-src=\"https:\/\/thebibleverses.org\/pt\/wp-content\/uploads\/2022\/11\/Fidelidade-de-Deus-1024x631.webp\" alt=\"Vers\u00edculos da B\u00edblia sobre a Fidelidade de Deus\" class=\"wp-image-1948 lazyload\" data-srcset=\"https:\/\/thebibleverses.org\/pt\/wp-content\/uploads\/2022\/11\/Fidelidade-de-Deus-1024x631.webp 1024w, https:\/\/thebibleverses.org\/pt\/wp-content\/uploads\/2022\/11\/Fidelidade-de-Deus-300x185.webp 300w, https:\/\/thebibleverses.org\/pt\/wp-content\/uploads\/2022\/11\/Fidelidade-de-Deus-768x474.webp 768w, https:\/\/thebibleverses.org\/pt\/wp-content\/uploads\/2022\/11\/Fidelidade-de-Deus-320x197.webp 320w, https:\/\/thebibleverses.org\/pt\/wp-content\/uploads\/2022\/11\/Fidelidade-de-Deus-450x278.webp 450w, https:\/\/thebibleverses.org\/pt\/wp-content\/uploads\/2022\/11\/Fidelidade-de-Deus-720x444.webp 720w, https:\/\/thebibleverses.org\/pt\/wp-content\/uploads\/2022\/11\/Fidelidade-de-Deus.webp 1200w\" data-sizes=\"(max-width: 1024px) 100vw, 1024px\" src=\"data:image\/svg+xml;base64,PHN2ZyB3aWR0aD0iMSIgaGVpZ2h0PSIxIiB4bWxucz0iaHR0cDovL3d3dy53My5vcmcvMjAwMC9zdmciPjwvc3ZnPg==\" style=\"--smush-placeholder-width: 1024px; --smush-placeholder-aspect-ratio: 1024\/631;\" \/><figcaption class=\"wp-element-caption\">Vers\u00edculos da B\u00edblia sobre a Fidelidade de Deus &#8211; Nova Vers\u00e3o Internacional (NVI-PT)<\/figcaption><\/figure><\/div>\n\n\n<h2 class=\"wp-block-heading\">Deuteron\u00f4mio 7:9<\/h2>\n\n\n\n<p>Saibam, portanto, que o Senhor, o seu Deus, \u00e9 Deus; ele \u00e9 o Deus fiel, que mant\u00e9m a alian\u00e7a e a bondade por mil gera\u00e7\u00f5es daqueles que o amam e obedecem aos seus mandamentos (Dt 7:9).<\/p>\n\n\n\n<h2 class=\"wp-block-heading\">Deuteron\u00f4mio 9:5<\/h2>\n\n\n\n<p>N\u00e3o \u00e9 por causa de sua justi\u00e7a ou de sua retid\u00e3o que voc\u00ea conquistar\u00e1 a terra delas. Mas \u00e9 por causa da maldade destas na\u00e7\u00f5es que o Senhor, o seu Deus, as expulsar\u00e1 de diante de voc\u00ea, para cumprir a palavra que o Senhor prometeu, sob juramento, aos seus antepassados, Abra\u00e3o, Isaque e Jac\u00f3 (Dt 9:5).<\/p>\n\n\n\n<h2 class=\"wp-block-heading\">Deuteron\u00f4mio 32:4<\/h2>\n\n\n\n<p>Ele \u00e9 a Rocha, as suas obras s\u00e3o perfeitas, e todos os seus caminhos s\u00e3o justos. \u00c9 Deus fiel, que n\u00e3o comete erros; justo e reto ele \u00e9 (Dt 32:4).<\/p>\n\n\n\n<h2 class=\"wp-block-heading\">1 Reis 8:56<\/h2>\n\n\n\n<p>Bendito seja o Senhor, que deu descanso a Israel, o seu povo, como havia prometido. N\u00e3o ficou sem cumprimento nem uma de todas as boas promessas que ele fez por meio do seu servo Mois\u00e9s (1 Reis 8:56).<\/p>\n\n\n\n<h2 class=\"wp-block-heading\">2 Samuel 22:26<\/h2>\n\n\n\n<p>Ao fiel te revelas fiel, ao irrepreens\u00edvel te revelas irrepreens\u00edvel (2 Sa 22:26).<\/p>\n\n\n\n<h2 class=\"wp-block-heading\">Salmos 19:7<\/h2>\n\n\n\n<p>A lei do Senhor \u00e9 perfeita, e revigora a alma. Os testemunhos do Senhor s\u00e3o dignos de confian\u00e7a, e tornam s\u00e1bios os inexperientes (Sal 19:7).<\/p>\n\n\n\n<h2 class=\"wp-block-heading\">Salmos 33:4<\/h2>\n\n\n\n<p>Pois a palavra do Senhor \u00e9 verdadeira; ele \u00e9 fiel em tudo o que faz (Sal 33:4).<\/p>\n\n\n\n<h2 class=\"wp-block-heading\">Salmos 36:5<\/h2>\n\n\n\n<p>O teu amor, Senhor, chega at\u00e9 os c\u00e9us; a tua fidelidade at\u00e9 as nuvens (Sal 36:5).<\/p>\n\n\n\n<h2 class=\"wp-block-heading\">Salmos 89:1<\/h2>\n\n\n\n<p>Cantarei para sempre o amor do Senhor; com minha boca anunciarei a tua fidelidade por todas as gera\u00e7\u00f5es (Sal 89:1).<\/p>\n\n\n\n<h2 class=\"wp-block-heading\">Salmos 92:1-2<\/h2>\n\n\n\n<p>Como \u00e9 bom render gra\u00e7as ao Senhor e cantar louvores ao teu nome, \u00f3 Alt\u00edssimo, anunciar de manh\u00e3 o teu amor leal e de noite a tua fidelidade (Sal 92:1-2).<\/p>\n\n\n\n<h2 class=\"wp-block-heading\">Salmos 105:8<\/h2>\n\n\n\n<p>Ele se lembra para sempre da sua alian\u00e7a, por mil gera\u00e7\u00f5es, da palavra que ordenou (Sal 105:8).<\/p>\n\n\n\n<h2 class=\"wp-block-heading\">Salmos 117:2<\/h2>\n\n\n\n<p>Porque imenso \u00e9 o seu amor leal por n\u00f3s, e a fidelidade do Senhor dura para sempre. Aleluia! (Sal 117:2).<\/p>\n\n\n\n<h2 class=\"wp-block-heading\">Salmos 119:90<\/h2>\n\n\n\n<p>A tua fidelidade \u00e9 constante por todas as gera\u00e7\u00f5es; estabeleceste a terra, que firme subsiste (Sal 119:90).<\/p>\n\n\n\n<h2 class=\"wp-block-heading\">Isa\u00edas 49:7<\/h2>\n\n\n\n<p>Assim diz o Senhor, o Redentor, o Santo de Israel, \u00e0quele que foi desprezado e detestado pela na\u00e7\u00e3o, ao servo de governantes: \u201cReis o ver\u00e3o e se levantar\u00e3o, l\u00edderes o ver\u00e3o e se encurvar\u00e3o, por causa do Senhor, que \u00e9 fiel, o Santo de Israel, que o escolheu\u201d (Is 49:7).<\/p>\n\n\n\n<h2 class=\"wp-block-heading\">Isa\u00edas 55:3<\/h2>\n\n\n\n<p>D\u00eaem-me ouvidos e venham a mim; ou\u00e7am-me, para que sua alma viva. Farei uma alian\u00e7a eterna com voc\u00eas, minha fidelidade prometida a Davi (Is 55:3).<\/p>\n\n\n\n<h2 class=\"wp-block-heading\">Lamenta\u00e7\u00f5es de Jeremias 3:22-23<\/h2>\n\n\n\n<p>Gra\u00e7as ao grande amor do Senhor \u00e9 que n\u00e3o somos consumidos, pois as suas miseric\u00f3rdias s\u00e3o inesgot\u00e1veis. Renovam-se cada manh\u00e3; grande \u00e9 a sua fidelidade! (Lm 3:22-23)<\/p>\n\n\n\n<h2 class=\"wp-block-heading\">1 Cor\u00edntios 1:9<\/h2>\n\n\n\n<p>Fiel \u00e9 Deus, o qual os chamou \u00e0 comunh\u00e3o com seu Filho Jesus Cristo, nosso Senhor (1 Co 1:9).<\/p>\n\n\n\n<h2 class=\"wp-block-heading\">1 Tessalonicenses 5:24<\/h2>\n\n\n\n<p>Aquele que os chama \u00e9 fiel, e far\u00e1 isso (1 Ts 5:24).<\/p>\n\n\n\n<h2 class=\"wp-block-heading\">2 Tessalonicenses 3:3<\/h2>\n\n\n\n<p>Mas o Senhor \u00e9 fiel; ele os fortalecer\u00e1 e os guardar\u00e1 do Maligno (2 Ts 3:3).<\/p>\n\n\n\n<h2 class=\"wp-block-heading\">2 Tim\u00f3teo 2:13<\/h2>\n\n\n\n<p>Se somos infi\u00e9is, ele permanece fiel, pois n\u00e3o pode negar-se a si mesmo (2 Ti 2:13).<\/p>\n\n\n\n<h2 class=\"wp-block-heading\">Hebreus 2:17<\/h2>\n\n\n\n<p>Por essa raz\u00e3o era necess\u00e1rio que ele se tornasse semelhante a seus irm\u00e3os em todos os aspectos, para se tornar sumo sacerdote misericordioso e fiel com rela\u00e7\u00e3o a Deus, e fazer propicia\u00e7\u00e3o pelos pecados do povo (Heb 2:17).<\/p>\n\n\n\n<h2 class=\"wp-block-heading\">Hebreus 3:6<\/h2>\n\n\n\n<p>Mas Cristo \u00e9 fiel como Filho sobre a casa de Deus; e esta casa somos n\u00f3s, se \u00e9 que nos apegamos firmemente \u00e0 confian\u00e7a e \u00e0 esperan\u00e7a da qual nos gloriamos (Heb 3:6).<\/p>\n\n\n\n<h2 class=\"wp-block-heading\">Hebreus 6:18<\/h2>\n\n\n\n<p>Para que, por meio de duas coisas imut\u00e1veis nas quais \u00e9 imposs\u00edvel que Deus minta, sejamos firmemente encorajados, n\u00f3s, que nos refugiamos nele para tomar posse da esperan\u00e7a a n\u00f3s proposta (Heb 6:18).<\/p>\n\n\n\n<h2 class=\"wp-block-heading\">Hebreus 10:23<\/h2>\n\n\n\n<p>Apeguemo-nos com firmeza \u00e0 esperan\u00e7a que professamos, pois aquele que prometeu \u00e9 fiel (Heb 10:23).<\/p>\n\n\n\n<h2 class=\"wp-block-heading\">Hebreus 11:11<\/h2>\n\n\n\n<p>Pela f\u00e9 Abra\u00e3o \u2014 e tamb\u00e9m a pr\u00f3pria Sara, apesar de est\u00e9ril e avan\u00e7ada em idade \u2014 recebeu poder para gerar um filho, porque considerou fiel aquele que lhe havia feito a promessa (Heb 11:11).<\/p>\n\n\n\n<h2 class=\"wp-block-heading\">1 Pedro 4:19<\/h2>\n\n\n\n<p>Por isso mesmo, aqueles que sofrem de acordo com a vontade de Deus devem confiar sua vida ao seu fiel Criador e praticar o bem (1 Pe 4:19).<\/p>\n\n\n\n<h2 class=\"wp-block-heading\">1 Jo\u00e3o 1:9<\/h2>\n\n\n\n<p>Se confessarmos os nossos pecados, ele \u00e9 fiel e justo para perdoar os nossos pecados e nos purificar de toda injusti\u00e7a (1 Jo\u00e3o 1:9).<\/p>\n\n\n\n<h2 class=\"wp-block-heading\">Apocalipse 1:5<\/h2>\n\n\n\n<p>E de Jesus Cristo, que \u00e9 a testemunha fiel, o primog\u00eanito dentre os mortos e o soberano dos reis da terra. Ele nos ama e nos libertou dos nossos pecados por meio do seu sangue (Ap 1:5).<\/p>\n\n\n\n<h2 class=\"wp-block-heading\">Apocalipse 3:14<\/h2>\n\n\n\n<p>Ao anjo da igreja em Laodic\u00e9ia escreva: Estas s\u00e3o as palavras do Am\u00e9m, a testemunha fiel e verdadeira, o soberano da cria\u00e7\u00e3o de Deus (Ap 3:14).<\/p>\n\n\n\n<h2 class=\"wp-block-heading\">Apocalipse 19:11<\/h2>\n\n\n\n<p>Vi os c\u00e9us abertos e diante de mim um cavalo branco, cujo cavaleiro se chama Fiel e Verdadeiro. Ele julga e guerreia com justi\u00e7a (Ap 19:11).<\/p>\n\n\n\n<h2 class=\"wp-block-heading\">Lee Tambi\u00e9n:<\/h2>\n\n\n\n<ul class=\"wp-block-list\">\n<li><a href=\"https:\/\/thebibleverses.org\/pt\/\">Vers\u00edculos por T\u00f3picos<\/a><\/li>\n\n\n\n<li><a href=\"https:\/\/thebibleverses.org\/pt\/amor\/\">Vers\u00edculos da B\u00edblia sobre o Amor<\/a><\/li>\n\n\n\n<li><a href=\"https:\/\/thebibleverses.org\/pt\/forca\/\">Vers\u00edculos da B\u00edblia sobre For\u00e7a<\/a><\/li>\n\n\n\n<li><a href=\"https:\/\/thebibleverses.org\/pt\/fe\/\">Vers\u00edculos B\u00edblicos sobre F\u00e9<\/a><\/li>\n\n\n\n<li><a href=\"https:\/\/thebibleverses.org\/pt\/jovens\/\">Vers\u00edculos da B\u00edblia para Jovens<\/a><\/li>\n\n\n\n<li><a href=\"https:\/\/thebibleverses.org\/pt\/amizade\/\">Vers\u00edculos da B\u00edblia sobre Amizade<\/a><\/li>\n\n\n\n<li><a href=\"https:\/\/thebibleverses.org\/pt\/cura\/\">Vers\u00edculos da B\u00edblia sobre Cura<\/a><\/li>\n<\/ul>\n","protected":false},"excerpt":{"rendered":"<p>Deuteron\u00f4mio 7:9 Saibam, portanto, que o Senhor, o seu Deus, \u00e9 Deus; ele \u00e9 o Deus fiel, que mant\u00e9m a alian\u00e7a e a bondade por mil gera\u00e7\u00f5es daqueles que o amam e obedecem aos seus mandamentos (Dt 7:9). Deuteron\u00f4mio 9:5 N\u00e3o \u00e9 por causa de sua justi\u00e7a ou de sua retid\u00e3o que voc\u00ea conquistar\u00e1 a [&hellip;]<\/p>\n","protected":false},"author":1,"featured_media":1948,"parent":0,"menu_order":0,"comment_status":"open","ping_status":"closed","template":"","meta":{"footnotes":""},"class_list":["post-1939","page","type-page","status-publish","has-post-thumbnail","hentry","entry","fw-tab-6 fw-tabr-4"],"_links":{"self":[{"href":"https:\/\/thebibleverses.org\/pt\/wp-json\/wp\/v2\/pages\/1939","targetHints":{"allow":["GET"]}}],"collection":[{"href":"https:\/\/thebibleverses.org\/pt\/wp-json\/wp\/v2\/pages"}],"about":[{"href":"https:\/\/thebibleverses.org\/pt\/wp-json\/wp\/v2\/types\/page"}],"author":[{"embeddable":true,"href":"https:\/\/thebibleverses.org\/pt\/wp-json\/wp\/v2\/users\/1"}],"replies":[{"embeddable":true,"href":"https:\/\/thebibleverses.org\/pt\/wp-json\/wp\/v2\/comments?post=1939"}],"version-history":[{"count":0,"href":"https:\/\/thebibleverses.org\/pt\/wp-json\/wp\/v2\/pages\/1939\/revisions"}],"wp:featuredmedia":[{"embeddable":true,"href":"https:\/\/thebibleverses.org\/pt\/wp-json\/wp\/v2\/media\/1948"}],"wp:attachment":[{"href":"https:\/\/thebibleverses.org\/pt\/wp-json\/wp\/v2\/media?parent=1939"}],"curies":[{"name":"wp","href":"https:\/\/api.w.org\/{rel}","templated":true}]}}