{"id":184,"date":"2019-11-19T01:50:25","date_gmt":"2019-11-19T01:50:25","guid":{"rendered":"https:\/\/thebibleverses.org\/pt\/?page_id=184"},"modified":"2022-06-25T20:45:46","modified_gmt":"2022-06-25T20:45:46","slug":"forca","status":"publish","type":"page","link":"https:\/\/thebibleverses.org\/pt\/forca\/","title":{"rendered":"30 Vers\u00edculos da B\u00edblia sobre For\u00e7a"},"content":{"rendered":"<div class=\"wp-block-image\">\n<figure class=\"aligncenter size-large\"><img decoding=\"async\" width=\"1024\" height=\"631\" data-src=\"https:\/\/thebibleverses.org\/pt\/wp-content\/uploads\/2022\/06\/Versiculos-da-Biblia-sobre-Forca-1024x631.webp\" alt=\"Vers\u00edculos da B\u00edblia sobre For\u00e7a\" class=\"wp-image-1565 lazyload\" data-srcset=\"https:\/\/thebibleverses.org\/pt\/wp-content\/uploads\/2022\/06\/Versiculos-da-Biblia-sobre-Forca-1024x631.webp 1024w, https:\/\/thebibleverses.org\/pt\/wp-content\/uploads\/2022\/06\/Versiculos-da-Biblia-sobre-Forca-300x185.webp 300w, https:\/\/thebibleverses.org\/pt\/wp-content\/uploads\/2022\/06\/Versiculos-da-Biblia-sobre-Forca-768x474.webp 768w, https:\/\/thebibleverses.org\/pt\/wp-content\/uploads\/2022\/06\/Versiculos-da-Biblia-sobre-Forca-320x197.webp 320w, https:\/\/thebibleverses.org\/pt\/wp-content\/uploads\/2022\/06\/Versiculos-da-Biblia-sobre-Forca-450x278.webp 450w, https:\/\/thebibleverses.org\/pt\/wp-content\/uploads\/2022\/06\/Versiculos-da-Biblia-sobre-Forca-720x444.webp 720w, https:\/\/thebibleverses.org\/pt\/wp-content\/uploads\/2022\/06\/Versiculos-da-Biblia-sobre-Forca.webp 1200w\" data-sizes=\"(max-width: 1024px) 100vw, 1024px\" src=\"data:image\/svg+xml;base64,PHN2ZyB3aWR0aD0iMSIgaGVpZ2h0PSIxIiB4bWxucz0iaHR0cDovL3d3dy53My5vcmcvMjAwMC9zdmciPjwvc3ZnPg==\" style=\"--smush-placeholder-width: 1024px; --smush-placeholder-aspect-ratio: 1024\/631;\" \/><figcaption>Vers\u00edculos da B\u00edblia sobre For\u00e7a &#8211; Nova Vers\u00e3o Internacional (NVI-PT).<\/figcaption><\/figure><\/div>\n\n\n<h2 class=\"wp-block-heading\">\u00caxodo 15:2 <\/h2>\n\n\n\n<p>O Senhor \u00e9 a minha for\u00e7a e a minha can\u00e7\u00e3o; ele \u00e9 a minha salva\u00e7\u00e3o! Ele \u00e9 o meu Deus e eu o louvarei, \u00e9 o Deus de meu pai, e eu o exaltarei! (\u00cax 15:2).<\/p>\n\n\n\n<h2 class=\"wp-block-heading\">Salmos 18:2 <\/h2>\n\n\n\n<p>O Senhor \u00e9 a minha rocha, a minha fortaleza e o meu libertador; o meu Deus \u00e9 o meu rochedo, em quem me refugio. Ele \u00e9 o meu escudo e o poder que me salva, a minha torre alta (Sal 18:2).<\/p>\n\n\n\n<h2 class=\"wp-block-heading\">Deuteron\u00f4mio 31:6 <\/h2>\n\n\n\n<p>Sejam fortes e corajosos. N\u00e3o tenham medo nem fiquem apavorados por causa delas, pois o Senhor, o seu Deus, vai com voc\u00eas; nunca os deixar\u00e1, nunca os abandonar\u00e1 (Dt 31:6).<\/p>\n\n\n\n<h2 class=\"wp-block-heading\">Salmos 27:1 <\/h2>\n\n\n\n<p>O Senhor \u00e9 a minha luz e a minha salva\u00e7\u00e3o; de quem terei temor? O Senhor \u00e9 o meu forte ref\u00fagio; de quem terei medo? (Sal 27:1).<\/p>\n\n\n\n<h2 class=\"wp-block-heading\">Josu\u00e9 1:9<\/h2>\n\n\n\n<p> N\u00e3o fui eu que lhe ordenei? Seja forte e corajoso! N\u00e3o se apavore, nem desanime, pois o&nbsp;Senhor, o seu Deus, estar\u00e1 com voc\u00ea por onde voc\u00ea andar (Jos 1:9).<\/p>\n\n\n\n<h2 class=\"wp-block-heading\">Salmos 28:7-8 <\/h2>\n\n\n\n<p>O&nbsp;Senhor&nbsp;\u00e9 a minha for\u00e7a e o meu escudo;&nbsp;nele o meu cora\u00e7\u00e3o confia, e dele recebo ajuda. Meu cora\u00e7\u00e3o exulta de alegria,&nbsp;e com o meu c\u00e2ntico lhe darei gra\u00e7as. O&nbsp;Senhor&nbsp;\u00e9 a for\u00e7a do seu povo,&nbsp;a fortaleza que salva o seu ungido (Sal 28:7-8).<\/p>\n\n\n\n<h2 class=\"wp-block-heading\">2 Samuel 22:3 <\/h2>\n\n\n\n<p>O meu Deus \u00e9 a minha rocha, em que me refugio; o meu escudo e o meu poderoso salvador. Ele \u00e9 a minha torre alta, o meu abrigo seguro. Tu, Senhor, \u00e9s o meu salvador, e me salvas dos violentos (2 Sa 22:3).<\/p>\n\n\n\n<h2 class=\"wp-block-heading\">2 Samuel 22:33 <\/h2>\n\n\n\n<p>\u00c9 Deus quem me reveste de for\u00e7a e torna perfeito o meu caminho (2 Sa 22:33).<\/p>\n\n\n\n<h2 class=\"wp-block-heading\">Salmos 31:2-3 <\/h2>\n\n\n\n<p>Inclina os teus ouvidos para mim, vem livrar-me depressa! S\u00ea minha rocha de ref\u00fagio, uma fortaleza poderosa para me salvar. Sim, tu \u00e9s a minha rocha e a minha fortaleza; por amor do teu nome, conduze-me e guia-me (Sal 31:2-3).<\/p>\n\n\n\n<h2 class=\"wp-block-heading\">Isa\u00edas 12:2 <\/h2>\n\n\n\n<p>Deus \u00e9 a minha salva\u00e7\u00e3o; terei confian\u00e7a e n\u00e3o temerei. O Senhor, sim, o Senhor \u00e9 a minha for\u00e7a e o meu c\u00e2ntico; ele \u00e9 a minha salva\u00e7\u00e3o! (Is 12:2).<\/p>\n\n\n\n<h2 class=\"wp-block-heading\">Salmos 37:39<\/h2>\n\n\n\n<p>Do&nbsp;Senhor&nbsp;vem a salva\u00e7\u00e3o dos justos; ele \u00e9 a sua fortaleza na hora da adversidade (Sal 37:39).<\/p>\n\n\n\n<h2 class=\"wp-block-heading\">Isa\u00edas 26:4<\/h2>\n\n\n\n<p>Confiem para sempre no&nbsp;Senhor, pois o&nbsp;Senhor, somente o&nbsp;Senhor,&nbsp;\u00e9 a Rocha eterna (Is 26:4).<\/p>\n\n\n\n<h2 class=\"wp-block-heading\">Salmos 46:1 <\/h2>\n\n\n\n<p>Deus \u00e9 o nosso ref\u00fagio e a nossa fortaleza,aux\u00edlio sempre presente na adversidade (Sal 46:1).<\/p>\n\n\n\n<h2 class=\"wp-block-heading\">Isa\u00edas 40:29 <\/h2>\n\n\n\n<p>Ele fortalece o cansado e d\u00e1 grande vigor ao que est\u00e1 sem for\u00e7as (Is 40:29).<\/p>\n\n\n\n<h2 class=\"wp-block-heading\">Salmos 59:17<\/h2>\n\n\n\n<p>\u00d3 minha for\u00e7a, canto louvores a ti; tu \u00e9s, \u00f3 Deus, o meu alto ref\u00fagio, o Deus que me ama (Sal 59:17).<\/p>\n\n\n\n<h2 class=\"wp-block-heading\">Isa\u00edas 40:31 <\/h2>\n\n\n\n<p>Mas aqueles que esperam no Senhor renovam as suas for\u00e7as. Voam alto como \u00e1guias; correm e n\u00e3o ficam exaustos, andam e n\u00e3o se cansam (Is 40:31).<\/p>\n\n\n\n<h2 class=\"wp-block-heading\">Salmos 71:3 <\/h2>\n\n\n\n<p>Pe\u00e7o-te que sejas a minha rocha de ref\u00fagio, para onde eu sempre possa ir; d\u00e1 ordem para que me libertem, pois \u00e9s a minha rocha e a minha fortaleza (Sal 71:3).<\/p>\n\n\n\n<h2 class=\"wp-block-heading\">Isa\u00edas 41:10<\/h2>\n\n\n\n<p>Por isso n\u00e3o tema, pois estou com voc\u00ea; n\u00e3o tenha medo, pois sou o seu Deus. Eu o fortalecerei e o ajudarei; eu o segurarei com a minha m\u00e3o direita vitoriosa (Is 41:10).<\/p>\n\n\n\n<h2 class=\"wp-block-heading\">Salmos 81:1 <\/h2>\n\n\n\n<p>Cantem de alegria a Deus, nossa for\u00e7a; aclamem o Deus de Jac\u00f3! (Salmos 81:1).<\/p>\n\n\n\n<h2 class=\"wp-block-heading\">Isa\u00edas 43:1<\/h2>\n\n\n\n<p>Mas agora assim diz o Senhor, aquele que o criou, \u00f3 Jac\u00f3, aquele que o formou, \u00f3 Israel: N\u00e3o tema, pois eu o resgatei; eu o chamei pelo nome; voc\u00ea \u00e9 meu (Is 43:1).<\/p>\n\n\n\n<h2 class=\"wp-block-heading\">Jeremias 16:19 <\/h2>\n\n\n\n<p>Senhor, minha for\u00e7a e minha fortaleza, meu abrigo seguro na hora da adversidade, a ti vir\u00e3o as na\u00e7\u00f5es desde os confins da terra e dir\u00e3o: Nossos antepassados possu\u00edam deuses falsos, \u00eddolos in\u00fateis, que n\u00e3o lhes fizeram bem algum (Jr 16:19).<\/p>\n\n\n\n<h2 class=\"wp-block-heading\">Salmos 118:14<\/h2>\n\n\n\n<p> O&nbsp;Senhor&nbsp;\u00e9 a minha for\u00e7a e o meu c\u00e2ntico;&nbsp;ele \u00e9 a minha salva\u00e7\u00e3o (Sal 118:14).<\/p>\n\n\n\n<h2 class=\"wp-block-heading\">Joel 3:16<\/h2>\n\n\n\n<p>O Senhor rugir\u00e1 de Si\u00e3o, e de Jerusal\u00e9m levantar\u00e1 a sua voz; a terra e o c\u00e9u tremer\u00e3o. Mas o Senhor ser\u00e1 um ref\u00fagio para o seu povo, uma fortaleza para Israel (Joel 3:16).<\/p>\n\n\n\n<h2 class=\"wp-block-heading\">Naum 1:7 <\/h2>\n\n\n\n<p>O Senhor \u00e9 bom, um ref\u00fagio em tempos de ang\u00fastia. Ele protege os que nele confiam (Naum 1:7).<\/p>\n\n\n\n<h2 class=\"wp-block-heading\">Habacuque 3:19 <\/h2>\n\n\n\n<p>O Senhor, o Soberano, \u00e9 a minha for\u00e7a; ele faz os meus p\u00e9s como os do cervo; faz-me andar em lugares altos (Hab 3:19).<\/p>\n\n\n\n<h2 class=\"wp-block-heading\">Salmos 144:2 <\/h2>\n\n\n\n<p>Ele \u00e9 o meu aliado fiel, a minha fortaleza, a minha torre de prote\u00e7\u00e3o e o meu libertador, \u00e9 o meu escudo, aquele em quem me refugio. Ele subjuga a mim os povos (Sal 144:2).<\/p>\n\n\n\n<h2 class=\"wp-block-heading\">2 Cor\u00edntios 12:9<\/h2>\n\n\n\n<p>Mas ele me disse: \u201cMinha gra\u00e7a \u00e9 suficiente para voc\u00ea, pois o meu poder se aperfei\u00e7oa na fraqueza\u201d. Portanto, eu me gloriarei ainda mais alegremente em minhas fraquezas, para que o poder de Cristo repouse em mim (2 Co 12:9).<\/p>\n\n\n\n<h2 class=\"wp-block-heading\">Ef\u00e9sios 6:10<\/h2>\n\n\n\n<p> Finalmente, fortale\u00e7am-se no Senhor e no seu forte poder (Ef 6:10).<\/p>\n\n\n\n<h2 class=\"wp-block-heading\">Filipenses 4:13<\/h2>\n\n\n\n<p> Tudo posso naquele que me fortalece (Filip 4:13).<\/p>\n\n\n\n<h2 class=\"wp-block-heading\">2 Tim\u00f3teo 2:1<\/h2>\n\n\n\n<p>Portanto, voc\u00ea, meu filho, fortifique-se na gra\u00e7a que h\u00e1 em Cristo Jesus (2 Ti 2:1).<\/p>\n\n\n\n<h2 class=\"wp-block-heading\">Lee Tambi\u00e9n:<\/h2>\n\n\n\n<ul class=\"wp-block-list\"><li><a href=\"https:\/\/thebibleverses.org\/pt\/\">Vers\u00edculos por T\u00f3picos<\/a><\/li><li><a href=\"https:\/\/thebibleverses.org\/pt\/amor\/\">Vers\u00edculos da B\u00edblia sobre o Amor<\/a><\/li><li><a href=\"https:\/\/thebibleverses.org\/pt\/forca\/\">Vers\u00edculos da B\u00edblia sobre For\u00e7a<\/a><\/li><li><a href=\"https:\/\/thebibleverses.org\/pt\/fe\/\">Vers\u00edculos B\u00edblicos sobre F\u00e9<\/a><\/li><li><a href=\"https:\/\/thebibleverses.org\/pt\/jovens\/\">Vers\u00edculos da B\u00edblia para Jovens<\/a><\/li><li><a href=\"https:\/\/thebibleverses.org\/pt\/amizade\/\">Vers\u00edculos da B\u00edblia sobre Amizade<\/a><\/li><li><a href=\"https:\/\/thebibleverses.org\/pt\/cura\/\">Vers\u00edculos da B\u00edblia sobre Cura<\/a><\/li><\/ul>\n","protected":false},"excerpt":{"rendered":"<p>\u00caxodo 15:2 O Senhor \u00e9 a minha for\u00e7a e a minha can\u00e7\u00e3o; ele \u00e9 a minha salva\u00e7\u00e3o! Ele \u00e9 o meu Deus e eu o louvarei, \u00e9 o Deus de meu pai, e eu o exaltarei! (\u00cax 15:2). Salmos 18:2 O Senhor \u00e9 a minha rocha, a minha fortaleza e o meu libertador; o meu [&hellip;]<\/p>\n","protected":false},"author":1,"featured_media":1565,"parent":0,"menu_order":0,"comment_status":"open","ping_status":"closed","template":"","meta":{"footnotes":""},"class_list":["post-184","page","type-page","status-publish","has-post-thumbnail","hentry","entry","fw-tab-6 fw-tabr-4"],"_links":{"self":[{"href":"https:\/\/thebibleverses.org\/pt\/wp-json\/wp\/v2\/pages\/184","targetHints":{"allow":["GET"]}}],"collection":[{"href":"https:\/\/thebibleverses.org\/pt\/wp-json\/wp\/v2\/pages"}],"about":[{"href":"https:\/\/thebibleverses.org\/pt\/wp-json\/wp\/v2\/types\/page"}],"author":[{"embeddable":true,"href":"https:\/\/thebibleverses.org\/pt\/wp-json\/wp\/v2\/users\/1"}],"replies":[{"embeddable":true,"href":"https:\/\/thebibleverses.org\/pt\/wp-json\/wp\/v2\/comments?post=184"}],"version-history":[{"count":0,"href":"https:\/\/thebibleverses.org\/pt\/wp-json\/wp\/v2\/pages\/184\/revisions"}],"wp:featuredmedia":[{"embeddable":true,"href":"https:\/\/thebibleverses.org\/pt\/wp-json\/wp\/v2\/media\/1565"}],"wp:attachment":[{"href":"https:\/\/thebibleverses.org\/pt\/wp-json\/wp\/v2\/media?parent=184"}],"curies":[{"name":"wp","href":"https:\/\/api.w.org\/{rel}","templated":true}]}}