{"id":18,"date":"2019-07-16T03:22:44","date_gmt":"2019-07-16T03:22:44","guid":{"rendered":"https:\/\/thebibleverses.org\/pt\/?page_id=18"},"modified":"2019-07-16T03:23:43","modified_gmt":"2019-07-16T03:23:43","slug":"politica-de-cookies","status":"publish","type":"page","link":"https:\/\/thebibleverses.org\/pt\/politica-de-cookies\/","title":{"rendered":"Pol\u00edtica de Cookies"},"content":{"rendered":"\n<p>Cookie \u00e9 um arquivo que \u00e9 baixado para o seu computador ao acessar determinadas p\u00e1ginas da web.\u00a0Os cookies permitem que um site, entre outras coisas, armazenar e recuperar informa\u00e7\u00f5es sobre h\u00e1bitos de navega\u00e7\u00e3o de um usu\u00e1rio ou computador, dependendo das informa\u00e7\u00f5es que cont\u00eam e a maneira como voc\u00ea usa seu computador, pode ser usado para reconhecer para o usu\u00e1rio.<\/p>\n\n\n\n<p>O navegador do usu\u00e1rio memoriza os cookies no disco r\u00edgido somente durante a sess\u00e3o atual, ocupando um espa\u00e7o m\u00ednimo de mem\u00f3ria e n\u00e3o prejudicando o computador.&nbsp;Os cookies n\u00e3o cont\u00eam qualquer tipo de informa\u00e7\u00e3o pessoal espec\u00edfica, e a maioria deles s\u00e3o exclu\u00eddos do disco r\u00edgido no final da sess\u00e3o do navegador (os chamados cookies de sess\u00e3o).<\/p>\n\n\n\n<p>A maioria dos navegadores aceita cookies como padr\u00e3o e, independentemente deles, permitem ou impedem cookies tempor\u00e1rios ou armazenados em configura\u00e7\u00f5es de seguran\u00e7a.<\/p>\n\n\n\n<p>Sem o seu consentimento expresso -atrav\u00e9s os biscoitos accionam em seu browser-thebibleverses.org n\u00e3o unir em cookies dados armazenados com os dados pessoais fornecidos no momento da inscri\u00e7\u00e3o ou compra.<\/p>\n\n\n\n<h3 class=\"wp-block-heading\"><strong>Quais tipos de cookies esse site usa?<\/strong><\/h3>\n\n\n\n<p><strong>biscoitos t\u00e9cnicos<\/strong>&nbsp;: aqueles que permitem ao usu\u00e1rio navegar atrav\u00e9s de um site, plataforma ou aplica\u00e7\u00e3o e uso de diferentes op\u00e7\u00f5es ou servi\u00e7os que existem como, por exemplo, o tr\u00e1fego de controle e comunica\u00e7\u00e3o de dados, identificar o partes o acesso a sess\u00f5es de acesso restrito, lembre-se os elementos de uma ordem, fazer o processo de compra de uma ordem, fazer o pedido de inscri\u00e7\u00e3o ou participa\u00e7\u00e3o em um evento, use os recursos de seguran\u00e7a enquanto navega armazenar conte\u00fado para a radiodifus\u00e3o de v\u00eddeos ou som ou compartilhar conte\u00fado atrav\u00e9s de redes sociais.<\/p>\n\n\n\n<p><strong>Biscoitos Personaliza\u00e7\u00e3o<\/strong>&nbsp;: aqueles que permitem que o usu\u00e1rio para&nbsp;acessar o servi\u00e7o com algumas caracter\u00edsticas de uma&nbsp;natureza geral predefinida dependendo de uma s\u00e9rie de crit\u00e9rios no terminal do usu\u00e1rio, como seria o idioma, o tipo de navegador atrav\u00e9s do qual acessa o servi\u00e7o , a configura\u00e7\u00e3o regional de onde voc\u00ea acessa o servi\u00e7o, etc.<\/p>\n\n\n\n<p><strong>Cookies de An\u00e1lise<\/strong>&nbsp;: Aqueles que s\u00e3o bem tratados por n\u00f3s ou por terceiros, nos permitem quantificar o n\u00famero de usu\u00e1rios e, assim, realizar a medi\u00e7\u00e3o e an\u00e1lise estat\u00edstica do uso feito pelos usu\u00e1rios do servi\u00e7o oferecido.&nbsp;Para fazer isso, analisamos sua navega\u00e7\u00e3o em nosso site para melhorar a oferta de produtos ou servi\u00e7os que oferecemos.<\/p>\n\n\n\n<p><strong>Cookies de publicidade<\/strong>&nbsp;: Estes s\u00e3o bem tratados por n\u00f3s ou por terceiros, permitir-nos a&nbsp;gerir mais eficazmente poss\u00edvel o fornecimento de espa\u00e7os publicit\u00e1rios no website, adaptando o conte\u00fado do an\u00fancio para o conte\u00fado do servi\u00e7o ou utiliza\u00e7\u00e3o pretendida que voc\u00ea faz da nossa p\u00e1gina web.&nbsp;Para isso, podemos analisar seus h\u00e1bitos de navega\u00e7\u00e3o na Internet e podemos mostrar publicidade relacionada ao seu perfil de navega\u00e7\u00e3o.<\/p>\n\n\n\n<p><strong>Os cookies de publicidade comportamental<\/strong>&nbsp;: s\u00e3o aqueles que permitem a gest\u00e3o da forma mais eficiente de espa\u00e7os publicit\u00e1rios, se houver, o editor tem inclu\u00eddo em um site, aplicativo ou plataforma de presta\u00e7\u00e3o do servi\u00e7o solicitado.&nbsp;Esses cookies armazenam informa\u00e7\u00f5es sobre o comportamento dos usu\u00e1rios obtidos atrav\u00e9s da observa\u00e7\u00e3o cont\u00ednua de seus h\u00e1bitos de navega\u00e7\u00e3o, o que permite o desenvolvimento de um perfil espec\u00edfico para exibir publicidade com base nele.<\/p>\n\n\n\n<p><strong>Cookies de terceiros<\/strong>&nbsp;: O Web de thebibleverses.org pode usar terceiro \u2013&nbsp;servi\u00e7os de terceiros em nome do Google, compilar informa\u00e7\u00f5es para fins estat\u00edsticos, utilizar o site, o usu\u00e1rio e para fornecer outra atividade Site servi\u00e7os relacionados e outros servi\u00e7os da Internet.<\/p>\n\n\n\n<p>Em particular, este site utiliza o Google Analytics, um servi\u00e7o de anal\u00edtica Web fornecido pelo Google, Inc. domiciliados nos Estados Unidos, com sede em 1600 Amphitheatre Parkway, Mountain View, Calif\u00f3rnia 94043 Para fornecer esses servi\u00e7os, eles usam cookies que coletam informa\u00e7\u00f5es, incluindo o endere\u00e7o IP do usu\u00e1rio, que ser\u00e3o transmitidos, processados \u200b\u200be armazenados pelo Google nos termos definidos no site do Google.com.br.&nbsp;Incluindo a poss\u00edvel transmiss\u00e3o de tais informa\u00e7\u00f5es a terceiros por motivos de exig\u00eancia legal ou quando tais terceiros processarem as informa\u00e7\u00f5es em nome do Google.<\/p>\n\n\n\n<p>O Usu\u00e1rio aceita expressamente, para o uso deste Site, o tratamento das informa\u00e7\u00f5es coletadas da maneira e com os prop\u00f3sitos acima mencionados.&nbsp;E tamb\u00e9m reconhece conhecer a possibilidade de rejeitar o tratamento de tais dados ou informa\u00e7\u00f5es que rejeitam o uso de Cookies, selecionando a configura\u00e7\u00e3o apropriada para essa finalidade em seu navegador.&nbsp;Embora esta op\u00e7\u00e3o para bloquear cookies no seu navegador n\u00e3o permita o uso total de todos os recursos do site.<\/p>\n\n\n\n<p>Voc\u00ea pode permitir, bloquear ou excluir os cookies instalados no seu computador, configurando as op\u00e7\u00f5es do navegador instaladas no seu computador:<\/p>\n\n\n\n<p><a href=\"https:\/\/support.google.com\/chrome\/answer\/95647?hl=pt\" target=\"_blank\" rel=\"noopener\">Chrome<\/a><\/p>\n\n\n\n<p><a href=\"https:\/\/support.microsoft.com\/pt-br\/hub\/4338813\/windows-help?os=windows-7\" target=\"_blank\" rel=\"noopener\">Explorer<\/a><\/p>\n\n\n\n<p><a href=\"https:\/\/support.mozilla.org\/pt-BR\/kb\/ative-e-desative-os-cookies-que-os-sites-usam\" target=\"_blank\" rel=\"noopener\">Firefox<\/a><\/p>\n\n\n\n<p><a href=\"https:\/\/support.apple.com\/kb\/ph21411?locale=es_ES\" target=\"_blank\" rel=\"noopener\">Safari<\/a><\/p>\n","protected":false},"excerpt":{"rendered":"<p>Cookie \u00e9 um arquivo que \u00e9 baixado para o seu computador ao acessar determinadas p\u00e1ginas da web.\u00a0Os cookies permitem que um site, entre outras coisas, armazenar e recuperar informa\u00e7\u00f5es sobre h\u00e1bitos de navega\u00e7\u00e3o de um usu\u00e1rio ou computador, dependendo das informa\u00e7\u00f5es que cont\u00eam e a maneira como voc\u00ea usa seu computador, pode ser usado para [&hellip;]<\/p>\n","protected":false},"author":1,"featured_media":0,"parent":0,"menu_order":0,"comment_status":"closed","ping_status":"closed","template":"","meta":{"footnotes":""},"class_list":["post-18","page","type-page","status-publish","hentry","entry","fw-tab-6 fw-tabr-4"],"_links":{"self":[{"href":"https:\/\/thebibleverses.org\/pt\/wp-json\/wp\/v2\/pages\/18","targetHints":{"allow":["GET"]}}],"collection":[{"href":"https:\/\/thebibleverses.org\/pt\/wp-json\/wp\/v2\/pages"}],"about":[{"href":"https:\/\/thebibleverses.org\/pt\/wp-json\/wp\/v2\/types\/page"}],"author":[{"embeddable":true,"href":"https:\/\/thebibleverses.org\/pt\/wp-json\/wp\/v2\/users\/1"}],"replies":[{"embeddable":true,"href":"https:\/\/thebibleverses.org\/pt\/wp-json\/wp\/v2\/comments?post=18"}],"version-history":[{"count":0,"href":"https:\/\/thebibleverses.org\/pt\/wp-json\/wp\/v2\/pages\/18\/revisions"}],"wp:attachment":[{"href":"https:\/\/thebibleverses.org\/pt\/wp-json\/wp\/v2\/media?parent=18"}],"curies":[{"name":"wp","href":"https:\/\/api.w.org\/{rel}","templated":true}]}}