{"id":174,"date":"2019-11-19T01:11:44","date_gmt":"2019-11-19T01:11:44","guid":{"rendered":"https:\/\/thebibleverses.org\/pt\/?page_id=174"},"modified":"2022-06-25T20:42:00","modified_gmt":"2022-06-25T20:42:00","slug":"fe","status":"publish","type":"page","link":"https:\/\/thebibleverses.org\/pt\/fe\/","title":{"rendered":"70 Vers\u00edculos da B\u00edblia sobre F\u00e9 em Deus"},"content":{"rendered":"<div class=\"wp-block-image\">\n<figure class=\"aligncenter size-large\"><img decoding=\"async\" width=\"1024\" height=\"631\" data-src=\"https:\/\/thebibleverses.org\/pt\/wp-content\/uploads\/2022\/06\/Versiculos-da-Biblia-sobre-Fe-1024x631.webp\" alt=\"Vers\u00edculos da B\u00edblia sobre F\u00e9\" class=\"wp-image-1562 lazyload\" data-srcset=\"https:\/\/thebibleverses.org\/pt\/wp-content\/uploads\/2022\/06\/Versiculos-da-Biblia-sobre-Fe-1024x631.webp 1024w, https:\/\/thebibleverses.org\/pt\/wp-content\/uploads\/2022\/06\/Versiculos-da-Biblia-sobre-Fe-300x185.webp 300w, https:\/\/thebibleverses.org\/pt\/wp-content\/uploads\/2022\/06\/Versiculos-da-Biblia-sobre-Fe-768x474.webp 768w, https:\/\/thebibleverses.org\/pt\/wp-content\/uploads\/2022\/06\/Versiculos-da-Biblia-sobre-Fe-320x197.webp 320w, https:\/\/thebibleverses.org\/pt\/wp-content\/uploads\/2022\/06\/Versiculos-da-Biblia-sobre-Fe-450x278.webp 450w, https:\/\/thebibleverses.org\/pt\/wp-content\/uploads\/2022\/06\/Versiculos-da-Biblia-sobre-Fe-720x444.webp 720w, https:\/\/thebibleverses.org\/pt\/wp-content\/uploads\/2022\/06\/Versiculos-da-Biblia-sobre-Fe.webp 1200w\" data-sizes=\"(max-width: 1024px) 100vw, 1024px\" src=\"data:image\/svg+xml;base64,PHN2ZyB3aWR0aD0iMSIgaGVpZ2h0PSIxIiB4bWxucz0iaHR0cDovL3d3dy53My5vcmcvMjAwMC9zdmciPjwvc3ZnPg==\" style=\"--smush-placeholder-width: 1024px; --smush-placeholder-aspect-ratio: 1024\/631;\" \/><figcaption>Vers\u00edculos da B\u00edblia sobre F\u00e9 e Confian\u00e7a em Deus &#8211; Nova Vers\u00e3o Internacional (NVI-PT).<\/figcaption><\/figure><\/div>\n\n\n<h2 class=\"wp-block-heading\">Hebreus 11:1 <\/h2>\n\n\n\n<p>Ora, a f\u00e9 \u00e9 a certeza daquilo que esperamos e a prova das coisas que n\u00e3o vemos (Heb 11:1).<\/p>\n\n\n\n<h2 class=\"wp-block-heading\">Romanos 10:17 <\/h2>\n\n\n\n<p>Conseq\u00fcentemente, a f\u00e9 vem por se ouvir a mensagem, e a mensagem \u00e9 ouvida mediante a palavra de Cristo (Ro 10:17).<\/p>\n\n\n\n<h2 class=\"wp-block-heading\">2 Cor\u00edntios 5:7 <\/h2>\n\n\n\n<p>Porque vivemos por f\u00e9, e n\u00e3o pelo que vemos (2 Co 5:7).<\/p>\n\n\n\n<h2 class=\"wp-block-heading\">G\u00e1latas 5:6 <\/h2>\n\n\n\n<p>Porque em Cristo Jesus nem circuncis\u00e3o nem incircuncis\u00e3o t\u00eam efeito algum, mas sim a f\u00e9 que atua pelo amor (G\u00e1l 5:6).<\/p>\n\n\n\n<h2 class=\"wp-block-heading\">Hebreus 11:6 <\/h2>\n\n\n\n<p>Sem f\u00e9 \u00e9 imposs\u00edvel agradar a Deus, pois quem dele se aproxima precisa crer que ele existe e que recompensa aqueles que o buscam (Heb 11:6).<\/p>\n\n\n\n<h2 class=\"wp-block-heading\">Romanos 1:17 <\/h2>\n\n\n\n<p>Porque no evangelho \u00e9 revelada a justi\u00e7a de Deus, uma justi\u00e7a que do princ\u00edpio ao fim \u00e9 pela f\u00e9, como est\u00e1 escrito: \u201cO justo viver\u00e1 pela f\u00e9\u201d (Ro 1:17).<\/p>\n\n\n\n<h2 class=\"wp-block-heading\">Ef\u00e9sios 2:8 <\/h2>\n\n\n\n<p>Pois voc\u00eas s\u00e3o salvos pela gra\u00e7a, por meio da f\u00e9, e isto n\u00e3o vem de voc\u00eas, \u00e9 dom de Deus (Ef 2:8).<\/p>\n\n\n\n<h2 class=\"wp-block-heading\">Romanos 5:1 <\/h2>\n\n\n\n<p> Tendo sido, pois, justificados pela f\u00e9, temos&nbsp;paz com Deus, por nosso Senhor Jesus Cristo (Ro 5:1).<\/p>\n\n\n\n<h2 class=\"wp-block-heading\">G\u00e1latas 3:24 <\/h2>\n\n\n\n<p> Assim, a Lei foi o nosso tutor at\u00e9 Cristo, para que f\u00f4ssemos justificados pela f\u00e9 (G\u00e1l 3:24).<\/p>\n\n\n\n<h2 class=\"wp-block-heading\">1 Tim\u00f3teo 4:12 <\/h2>\n\n\n\n<p>Ningu\u00e9m o despreze pelo fato de voc\u00ea ser jovem, mas seja um exemplo para os fi\u00e9is na palavra, no procedimento, no amor, na f\u00e9 e na pureza (1 Ti 4:12).<\/p>\n\n\n\n<h2 class=\"wp-block-heading\">2 Tim\u00f3teo 4:7 <\/h2>\n\n\n\n<p>Combati o bom combate, terminei a corrida, guardei a f\u00e9 (2 Ti 4:7).<\/p>\n\n\n\n<h2 class=\"wp-block-heading\">Tiago 2:17<\/h2>\n\n\n\n<p>Assim tamb\u00e9m a f\u00e9, por si s\u00f3, se n\u00e3o for acompanhada de obras, est\u00e1 morta (Tiago 2:17).<\/p>\n\n\n\n<h2 class=\"wp-block-heading\">G\u00e1latas 3:11 <\/h2>\n\n\n\n<p>\u00c9 evidente que diante de Deus ningu\u00e9m \u00e9 justificado pela Lei, pois \u201co justo viver\u00e1 pela f\u00e9\u201d (G\u00e1l 3:11).<\/p>\n\n\n\n<h2 class=\"wp-block-heading\">1 Pedro 1:7 <\/h2>\n\n\n\n<p>Assim acontece para que fique comprovado que a f\u00e9 que voc\u00eas t\u00eam, muito mais valiosa do que o ouro que perece, mesmo que refinado pelo fogo, \u00e9 genu\u00edna e resultar\u00e1 em louvor, gl\u00f3ria e honra, quando Jesus Cristo for revelado (1 Pe 1:7).<\/p>\n\n\n\n<h2 class=\"wp-block-heading\">1 Jo\u00e3o 5:4 <\/h2>\n\n\n\n<p>O que \u00e9 nascido de Deus vence o mundo; e esta \u00e9 a vit\u00f3ria que vence o mundo: a nossa f\u00e9 (1 Jo\u00e3o 5:4).<\/p>\n\n\n\n<h2 class=\"wp-block-heading\">Mateus 21:21 <\/h2>\n\n\n\n<p>Jesus respondeu: Eu lhes asseguro que, se voc\u00eas tiverem f\u00e9 e n\u00e3o duvidarem, poder\u00e3o fazer n\u00e3o somente o que foi feito \u00e0 figueira, mas tamb\u00e9m dizer a este monte: \u2018Levante-se e atire-se no mar\u2019, e assim ser\u00e1 feito (Mt 21:21).<\/p>\n\n\n\n<h2 class=\"wp-block-heading\">Romanos 14:1 <\/h2>\n\n\n\n<p>Aceitem o que \u00e9 fraco na f\u00e9, sem discutir assuntos controvertidos (Ro 14:1).<\/p>\n\n\n\n<h2 class=\"wp-block-heading\">1 Cor\u00edntios 2:5 <\/h2>\n\n\n\n<p>Para que a f\u00e9 que voc\u00eas t\u00eam n\u00e3o se baseasse na sabedoria humana, mas no poder de Deus (1 Co 2:5).<\/p>\n\n\n\n<h2 class=\"wp-block-heading\">Lucas 17:5 <\/h2>\n\n\n\n<p>Os ap\u00f3stolos disseram ao Senhor: \u201cAumenta a nossa f\u00e9!\u201d (Lc 17:5).<\/p>\n\n\n\n<h2 class=\"wp-block-heading\">Romanos 14:23 <\/h2>\n\n\n\n<p>Mas aquele que tem d\u00favida \u00e9 condenado se comer, porque n\u00e3o come com f\u00e9; e tudo o que n\u00e3o prov\u00e9m da f\u00e9 \u00e9 pecado (Ro 14:23).<\/p>\n\n\n\n<h2 class=\"wp-block-heading\">Marcos 16:16 <\/h2>\n\n\n\n<p>Quem crer e for batizado ser\u00e1 salvo, mas quem n\u00e3o crer ser\u00e1 condenado (Mr 16:16).<\/p>\n\n\n\n<h2 class=\"wp-block-heading\">Jo\u00e3o 1:12 <\/h2>\n\n\n\n<p>Contudo, aos que o receberam, aos que creram em seu nome, deu-lhes o direito de se tornarem filhos de Deus (Jo\u00e3o 1:12).<\/p>\n\n\n\n<h2 class=\"wp-block-heading\">Jo\u00e3o 3:16 <\/h2>\n\n\n\n<p>Porque Deus tanto amou o mundo que deu o seu Filho Unig\u00eanito, para que todo o que nele crer n\u00e3o pere\u00e7a, mas tenha a vida eterna (Jo\u00e3o 3:16). <\/p>\n\n\n\n<h2 class=\"wp-block-heading\">Jo\u00e3o 3:36 <\/h2>\n\n\n\n<p>Quem cr\u00ea no Filho tem a vida eterna; j\u00e1 quem rejeita o Filho n\u00e3o ver\u00e1 a vida, mas a ira de Deus permanece sobre ele\u201d (Jo\u00e3o 3:36).<\/p>\n\n\n\n<h2 class=\"wp-block-heading\">Jo\u00e3o 6:40 <\/h2>\n\n\n\n<p>Porque a vontade de meu Pai \u00e9 que todo aquele que olhar para o Filho e nele crer tenha a vida eterna, e eu o ressuscitarei no \u00faltimo dia (Jo\u00e3o 6:40).<\/p>\n\n\n\n<h2 class=\"wp-block-heading\">Jo\u00e3o 6:47 <\/h2>\n\n\n\n<p>Asseguro-lhes que aquele que cr\u00ea tem a vida eterna (Jo\u00e3o 6:47).<\/p>\n\n\n\n<h2 class=\"wp-block-heading\">Jo\u00e3o 7:38 <\/h2>\n\n\n\n<p>Quem crer em mim, como diz a Escritura, do seu interior fluir\u00e3o rios de \u00e1gua viva (Jo\u00e3o 7:38).<\/p>\n\n\n\n<h2 class=\"wp-block-heading\">Jo\u00e3o 11:25 <\/h2>\n\n\n\n<p>Disse-lhe Jesus: Eu sou a ressurrei\u00e7\u00e3o e a vida. Aquele que cr\u00ea em mim, ainda que morra, viver\u00e1 (Jo\u00e3o 11:25).<\/p>\n\n\n\n<h2 class=\"wp-block-heading\">Atos 16:31 <\/h2>\n\n\n\n<p>Eles responderam: \u201cCreia no Senhor Jesus, e ser\u00e3o salvos, voc\u00ea e os de sua casa\u201d (Atos 16:31).<\/p>\n\n\n\n<h2 class=\"wp-block-heading\">Filipenses 3:9 <\/h2>\n\n\n\n<p>E ser encontrado nele, n\u00e3o tendo a minha pr\u00f3pria justi\u00e7a que procede da Lei, mas a que vem mediante a f\u00e9 em Cristo, a justi\u00e7a que procede de Deus e se baseia na f\u00e9 (Filip 3:9).<\/p>\n\n\n\n<h2 class=\"wp-block-heading\">Colossenses 2:12 <\/h2>\n\n\n\n<p>Isso aconteceu quando voc\u00eas foram sepultados com ele no batismo, e com ele foram ressuscitados mediante a f\u00e9 no poder de Deus que o ressuscitou dentre os mortos (Col 2:12).<\/p>\n\n\n\n<h2 class=\"wp-block-heading\">2 Tessalonicenses 2:13 <\/h2>\n\n\n\n<p>Mas n\u00f3s devemos sempre dar gra\u00e7as a Deus por voc\u00eas, irm\u00e3os amados pelo Senhor, porque desde o princ\u00edpio Deus os escolheu para serem salvos mediante a obra santificadora do Esp\u00edrito e a f\u00e9 na verdade (2 Tessalonicenses 2:13).<\/p>\n\n\n\n<h2 class=\"wp-block-heading\">1 Pedro 1:9 <\/h2>\n\n\n\n<p>Pois voc\u00eas est\u00e3o alcan\u00e7ando o alvo da sua f\u00e9, a salva\u00e7\u00e3o das suas almas (1 Pe 1:9).<\/p>\n\n\n\n<h2 class=\"wp-block-heading\">Salmos 9:10 <\/h2>\n\n\n\n<p>Os que conhecem o teu nome confiam em ti, pois tu, Senhor, jamais abandonas os que te buscam (Sal 9:10).<\/p>\n\n\n\n<h2 class=\"wp-block-heading\">Salmos 20:7 <\/h2>\n\n\n\n<p>Alguns confiam em carros e outros em cavalos, mas n\u00f3s confiamos no nome do Senhor, o nosso Deus (Salmos 20:7).<\/p>\n\n\n\n<h2 class=\"wp-block-heading\">Salmos 22:5 <\/h2>\n\n\n\n<p>Clamaram a ti, e foram libertos; em ti confiaram, e n\u00e3o se decepcionaram (Sal 22:5).<\/p>\n\n\n\n<h2 class=\"wp-block-heading\">Salmos 37:5 <\/h2>\n\n\n\n<p>Entregue o seu caminho ao Senhor; confie nele, e ele agir\u00e1 (Sal 37:5).<\/p>\n\n\n\n<h2 class=\"wp-block-heading\">Salmos 40:4 <\/h2>\n\n\n\n<p>Como \u00e9 feliz o homem que p\u00f5e no Senhor a sua confian\u00e7a, e n\u00e3o vai atr\u00e1s dos orgulhosos, dos que se afastam para seguir deuses falsos (Sal 40:4).<\/p>\n\n\n\n<h2 class=\"wp-block-heading\">Salmos 64:10 <\/h2>\n\n\n\n<p>Alegrem-se os justos no Senhor e nele busquem ref\u00fagio; congratulem-se todos os retos de cora\u00e7\u00e3o! (Sal 64:10).<\/p>\n\n\n\n<h2 class=\"wp-block-heading\">Salmos 94:22 <\/h2>\n\n\n\n<p>Mas o Senhor \u00e9 a minha torre segura; o meu Deus \u00e9 a rocha em que encontro ref\u00fagio (Sal 94:22).<\/p>\n\n\n\n<h2 class=\"wp-block-heading\">Salmos 118:8 <\/h2>\n\n\n\n<p>\u00c9 melhor buscar ref\u00fagio no Senhor do que confiar nos homens (Sal 118:8).<\/p>\n\n\n\n<h2 class=\"wp-block-heading\">Salmos 141:8 <\/h2>\n\n\n\n<p>Mas os meus olhos est\u00e3o fixos em ti, \u00f3 Soberano Senhor; em ti me refugio; n\u00e3o me entregues \u00e0 morte (Sal 141:8).<\/p>\n\n\n\n<h2 class=\"wp-block-heading\">Salmos 144:2 <\/h2>\n\n\n\n<p> Ele \u00e9 o meu aliado fiel, a minha fortaleza,&nbsp;a minha torre de prote\u00e7\u00e3o&nbsp;e o meu libertador, \u00e9 o meu escudo, aquele em quem me refugio. Ele subjuga a mim os povos (Sal 144:2).<\/p>\n\n\n\n<h2 class=\"wp-block-heading\">Prov\u00e9rbios 3:5 <\/h2>\n\n\n\n<p>Confie no Senhor de todo o seu cora\u00e7\u00e3o e n\u00e3o se ap\u00f3ie em seu pr\u00f3prio entendimento (Pr 3:5).<\/p>\n\n\n\n<h2 class=\"wp-block-heading\">Prov\u00e9rbios 3:26 <\/h2>\n\n\n\n<p>Pois o Senhor ser\u00e1 a sua seguran\u00e7a e o impedir\u00e1 de cair em armadilha (Pr 3:26).<\/p>\n\n\n\n<h2 class=\"wp-block-heading\">Prov\u00e9rbios 29:25 <\/h2>\n\n\n\n<p>Quem teme o homem cai em armadilhas, mas quem confia no Senhor est\u00e1 seguro (Pr 29:25).<\/p>\n\n\n\n<h2 class=\"wp-block-heading\">Isa\u00edas 26:3 <\/h2>\n\n\n\n<p>Tu, Senhor, guardar\u00e1s em perfeita paz aquele cujo prop\u00f3sito est\u00e1 firme, porque em ti confia (Is 26:3).<\/p>\n\n\n\n<h2 class=\"wp-block-heading\">Jeremias 17:7 <\/h2>\n\n\n\n<p>Mas bendito \u00e9 o homem cuja confian\u00e7a est\u00e1 no Senhor, cuja confian\u00e7a nele est\u00e1 (Jr 17:7).<\/p>\n\n\n\n<h2 class=\"wp-block-heading\">Naum 1:7 <\/h2>\n\n\n\n<p>O Senhor \u00e9 bom, um ref\u00fagio em tempos de ang\u00fastia. Ele protege os que nele confiam (Naum 1:7).<\/p>\n\n\n\n<h2 class=\"wp-block-heading\">Habacuque 2:4 <\/h2>\n\n\n\n<p>Escreva: O \u00edmpio est\u00e1 envaidecido; seus desejos n\u00e3o s\u00e3o bons; mas o justo viver\u00e1 pela sua fidelidade (Hab 2:4).<\/p>\n\n\n\n<h2 class=\"wp-block-heading\">Romanos 4:3 <\/h2>\n\n\n\n<p>Que diz a Escritura? \u201cAbra\u00e3o creu em Deus, e isso lhe foi creditado como justi\u00e7a\u201d (Romanos 4:3).<\/p>\n\n\n\n<h2 class=\"wp-block-heading\">1 Cor\u00edntios 16:13 <\/h2>\n\n\n\n<p>Estejam vigilantes, mantenham-se firmes na f\u00e9, sejam homens de coragem, sejam fortes (1 Co 16:13).<\/p>\n\n\n\n<h2 class=\"wp-block-heading\">Ef\u00e9sios 3:17 <\/h2>\n\n\n\n<p>Para que Cristo habite no cora\u00e7\u00e3o de voc\u00eas mediante a f\u00e9; e oro para que, estando arraigados e alicer\u00e7ados em amor (Ef 3:17).<\/p>\n\n\n\n<h2 class=\"wp-block-heading\">Ef\u00e9sios 6:16 <\/h2>\n\n\n\n<p> Al\u00e9m disso, usem o escudo da f\u00e9, com o qual voc\u00eas poder\u00e3o apagar todas as setas inflamadas do Maligno (Ef 6:16).<\/p>\n\n\n\n<h2 class=\"wp-block-heading\">1 Tessalonicenses 5:8 <\/h2>\n\n\n\n<p> N\u00f3s, por\u00e9m, que somos do dia, sejamos s\u00f3brios, vestindo a coura\u00e7a da f\u00e9 e do amor e o capacete da esperan\u00e7a da salva\u00e7\u00e3o (1 Tess 5:8).<\/p>\n\n\n\n<h2 class=\"wp-block-heading\">2 Tim\u00f3teo 2:22 <\/h2>\n\n\n\n<p> Fuja dos desejos malignos da juventude e siga a justi\u00e7a, a f\u00e9, o amor e a paz, com aqueles que, de cora\u00e7\u00e3o puro, invocam o Senhor (2 Ti 2:22).<\/p>\n\n\n\n<h2 class=\"wp-block-heading\">Hebreus 10:38 <\/h2>\n\n\n\n<p>Mas o meu justo viver\u00e1 pela f\u00e9. E, se retroceder, n\u00e3o me agradarei dele (Heb 10:38).<\/p>\n\n\n\n<h2 class=\"wp-block-heading\">Tiago 1:6<\/h2>\n\n\n\n<p>Pe\u00e7a-a, por\u00e9m, com f\u00e9, sem duvidar, pois aquele que duvida \u00e9 semelhante \u00e0 onda do mar, levada e agitada pelo vento (Tiago 1:6).<\/p>\n\n\n\n<h2 class=\"wp-block-heading\">Salmos 3:5 <\/h2>\n\n\n\n<p>Eu me deito e durmo, e torno a acordar, porque \u00e9 o Senhor que me sust\u00e9m (Sal 3:5).<\/p>\n\n\n\n<h2 class=\"wp-block-heading\">Salmos 4:8 <\/h2>\n\n\n\n<p>Em paz me deito e logo adorme\u00e7o, pois s\u00f3 tu, Senhor, me fazes viver em seguran\u00e7a (Sal 4:8).<\/p>\n\n\n\n<h2 class=\"wp-block-heading\">Salmos 5:11 <\/h2>\n\n\n\n<p>Alegrem-se, por\u00e9m, todos os que se refugiam em ti; cantem sempre de alegria! Estende sobre eles a tua prote\u00e7\u00e3o. Em ti exultem os que amam o teu nome (Sal 5:11).<\/p>\n\n\n\n<h2 class=\"wp-block-heading\">Salmos 13:5 <\/h2>\n\n\n\n<p>Eu, por\u00e9m, confio em teu amor; o meu cora\u00e7\u00e3o exulta em tua salva\u00e7\u00e3o (Sal 13:5).<\/p>\n\n\n\n<h2 class=\"wp-block-heading\">Salmos 16:1 <\/h2>\n\n\n\n<p>Protege-me, \u00f3 Deus, pois em ti me refugio (Sal 16:1).<\/p>\n\n\n\n<h2 class=\"wp-block-heading\">Salmos 18:2 <\/h2>\n\n\n\n<p>O Senhor \u00e9 a minha rocha, a minha fortaleza e o meu libertador; o meu Deus \u00e9 o meu rochedo, em quem me refugio. Ele \u00e9 o meu escudo e o poder que me salva, a minha torre alta (Sal 18:2).<\/p>\n\n\n\n<h2 class=\"wp-block-heading\">Salmos 22:9 <\/h2>\n\n\n\n<p>Contudo, tu mesmo me tiraste do ventre; deste-me seguran\u00e7a&nbsp;junto ao seio de minha m\u00e3e (Sal 22:9).<\/p>\n\n\n\n<h2 class=\"wp-block-heading\">Salmos 27:3 <\/h2>\n\n\n\n<p>Ainda que um ex\u00e9rcito se acampe contra mim,&nbsp;meu cora\u00e7\u00e3o n\u00e3o temer\u00e1; ainda que se declare guerra contra mim,&nbsp;mesmo assim estarei confiante (Sal 27:3).<\/p>\n\n\n\n<h2 class=\"wp-block-heading\">Salmos 34:8 <\/h2>\n\n\n\n<p>Provem, e vejam como o Senhor \u00e9 bom. Como \u00e9 feliz o homem que nele se refugia! (Sal 34:8).<\/p>\n\n\n\n<h2 class=\"wp-block-heading\">Salmos 37:5 <\/h2>\n\n\n\n<p>Entregue o seu caminho ao Senhor; confie nele, e ele agir\u00e1 (Sal 37:5).<\/p>\n\n\n\n<h2 class=\"wp-block-heading\">Salmos 56:11 <\/h2>\n\n\n\n<p>Em Deus eu confio, e n\u00e3o temerei. Que poder\u00e1 fazer-me o homem?<\/p>\n\n\n\n<h2 class=\"wp-block-heading\">Salmos 115:11 <\/h2>\n\n\n\n<p>Voc\u00eas que temem o Senhor, confiem no Senhor! Ele \u00e9 o seu socorro e o seu escudo (Sal 115:11).<\/p>\n\n\n\n<h2 class=\"wp-block-heading\">Lee Tambi\u00e9n:<\/h2>\n\n\n\n<ul class=\"wp-block-list\"><li><a href=\"https:\/\/thebibleverses.org\/pt\/\">Vers\u00edculos por T\u00f3picos<\/a><\/li><li><a href=\"https:\/\/thebibleverses.org\/pt\/amor\/\">Vers\u00edculos da B\u00edblia sobre o Amor<\/a><\/li><li><a href=\"https:\/\/thebibleverses.org\/pt\/forca\/\">Vers\u00edculos da B\u00edblia sobre For\u00e7a<\/a><\/li><li><a href=\"https:\/\/thebibleverses.org\/pt\/fe\/\">Vers\u00edculos B\u00edblicos sobre F\u00e9<\/a><\/li><li><a href=\"https:\/\/thebibleverses.org\/pt\/jovens\/\">Vers\u00edculos da B\u00edblia para Jovens<\/a><\/li><li><a href=\"https:\/\/thebibleverses.org\/pt\/amizade\/\">Vers\u00edculos da B\u00edblia sobre Amizade<\/a><\/li><li><a href=\"https:\/\/thebibleverses.org\/pt\/cura\/\">Vers\u00edculos da B\u00edblia sobre Cura<\/a><\/li><\/ul>\n","protected":false},"excerpt":{"rendered":"<p>Hebreus 11:1 Ora, a f\u00e9 \u00e9 a certeza daquilo que esperamos e a prova das coisas que n\u00e3o vemos (Heb 11:1). Romanos 10:17 Conseq\u00fcentemente, a f\u00e9 vem por se ouvir a mensagem, e a mensagem \u00e9 ouvida mediante a palavra de Cristo (Ro 10:17). 2 Cor\u00edntios 5:7 Porque vivemos por f\u00e9, e n\u00e3o pelo que [&hellip;]<\/p>\n","protected":false},"author":1,"featured_media":1562,"parent":0,"menu_order":0,"comment_status":"open","ping_status":"closed","template":"","meta":{"footnotes":""},"class_list":["post-174","page","type-page","status-publish","has-post-thumbnail","hentry","entry","fw-tab-6 fw-tabr-4"],"_links":{"self":[{"href":"https:\/\/thebibleverses.org\/pt\/wp-json\/wp\/v2\/pages\/174","targetHints":{"allow":["GET"]}}],"collection":[{"href":"https:\/\/thebibleverses.org\/pt\/wp-json\/wp\/v2\/pages"}],"about":[{"href":"https:\/\/thebibleverses.org\/pt\/wp-json\/wp\/v2\/types\/page"}],"author":[{"embeddable":true,"href":"https:\/\/thebibleverses.org\/pt\/wp-json\/wp\/v2\/users\/1"}],"replies":[{"embeddable":true,"href":"https:\/\/thebibleverses.org\/pt\/wp-json\/wp\/v2\/comments?post=174"}],"version-history":[{"count":0,"href":"https:\/\/thebibleverses.org\/pt\/wp-json\/wp\/v2\/pages\/174\/revisions"}],"wp:featuredmedia":[{"embeddable":true,"href":"https:\/\/thebibleverses.org\/pt\/wp-json\/wp\/v2\/media\/1562"}],"wp:attachment":[{"href":"https:\/\/thebibleverses.org\/pt\/wp-json\/wp\/v2\/media?parent=174"}],"curies":[{"name":"wp","href":"https:\/\/api.w.org\/{rel}","templated":true}]}}