{"id":1723,"date":"2022-06-30T22:38:49","date_gmt":"2022-06-30T22:38:49","guid":{"rendered":"https:\/\/thebibleverses.org\/pt\/?page_id=1723"},"modified":"2022-06-30T22:38:50","modified_gmt":"2022-06-30T22:38:50","slug":"motivacao","status":"publish","type":"page","link":"https:\/\/thebibleverses.org\/pt\/motivacao\/","title":{"rendered":"37 Vers\u00edculos da B\u00edblia de Motiva\u00e7\u00e3o"},"content":{"rendered":"<div class=\"wp-block-image\">\n<figure class=\"aligncenter size-large\"><img decoding=\"async\" width=\"1024\" height=\"631\" data-src=\"https:\/\/thebibleverses.org\/pt\/wp-content\/uploads\/2022\/06\/Versiculos-Biblicos-Motivacionais-1024x631.webp\" alt=\"Vers\u00edculos da B\u00edblia de Motiva\u00e7\u00e3o\" class=\"wp-image-1724 lazyload\" data-srcset=\"https:\/\/thebibleverses.org\/pt\/wp-content\/uploads\/2022\/06\/Versiculos-Biblicos-Motivacionais-1024x631.webp 1024w, https:\/\/thebibleverses.org\/pt\/wp-content\/uploads\/2022\/06\/Versiculos-Biblicos-Motivacionais-300x185.webp 300w, https:\/\/thebibleverses.org\/pt\/wp-content\/uploads\/2022\/06\/Versiculos-Biblicos-Motivacionais-768x474.webp 768w, https:\/\/thebibleverses.org\/pt\/wp-content\/uploads\/2022\/06\/Versiculos-Biblicos-Motivacionais-320x197.webp 320w, https:\/\/thebibleverses.org\/pt\/wp-content\/uploads\/2022\/06\/Versiculos-Biblicos-Motivacionais-450x278.webp 450w, https:\/\/thebibleverses.org\/pt\/wp-content\/uploads\/2022\/06\/Versiculos-Biblicos-Motivacionais-720x444.webp 720w, https:\/\/thebibleverses.org\/pt\/wp-content\/uploads\/2022\/06\/Versiculos-Biblicos-Motivacionais.webp 1200w\" data-sizes=\"(max-width: 1024px) 100vw, 1024px\" src=\"data:image\/svg+xml;base64,PHN2ZyB3aWR0aD0iMSIgaGVpZ2h0PSIxIiB4bWxucz0iaHR0cDovL3d3dy53My5vcmcvMjAwMC9zdmciPjwvc3ZnPg==\" style=\"--smush-placeholder-width: 1024px; --smush-placeholder-aspect-ratio: 1024\/631;\" \/><figcaption>Vers\u00edculos da B\u00edblia de Motiva\u00e7\u00e3o \u2013 Nova Vers\u00e3o Internacional (NVI-PT).<\/figcaption><\/figure><\/div>\n\n\n<h2 class=\"wp-block-heading\">G\u00eanesis 28:15<\/h2>\n\n\n\n<p>Estou com voc\u00ea e cuidarei de voc\u00ea, aonde quer que v\u00e1; e eu o trarei de volta a esta terra. N\u00e3o o deixarei enquanto n\u00e3o fizer o que lhe prometi.<\/p>\n\n\n\n<h2 class=\"wp-block-heading\">Josu\u00e9 1:9<\/h2>\n\n\n\n<p>N\u00e3o fui eu que lhe ordenei? Seja forte e corajoso! N\u00e3o se apavore, nem desanime, pois o Senhor, o seu Deus, estar\u00e1 com voc\u00ea por onde voc\u00ea andar.<\/p>\n\n\n\n<h2 class=\"wp-block-heading\">Deuteron\u00f4mio 31:8<\/h2>\n\n\n\n<p>O pr\u00f3prio Senhor ir\u00e1 \u00e0 sua frente e estar\u00e1 com voc\u00ea; ele nunca o deixar\u00e1, nunca o abandonar\u00e1. N\u00e3o tenha medo! N\u00e3o desanime!.<\/p>\n\n\n\n<h2 class=\"wp-block-heading\">Salmos 3:5<\/h2>\n\n\n\n<p>Eu me deito e durmo, e torno a acordar, porque \u00e9 o Senhor que me sust\u00e9m.<\/p>\n\n\n\n<h2 class=\"wp-block-heading\">Salmos 18:2<\/h2>\n\n\n\n<p>O Senhor \u00e9 a minha rocha, a minha fortaleza e o meu libertador; o meu Deus \u00e9 o meu rochedo, em quem me refugio. Ele \u00e9 o meu escudo e o poder que me salva, a minha torre alta.<\/p>\n\n\n\n<h2 class=\"wp-block-heading\">Salmos 18:30<\/h2>\n\n\n\n<p>Este \u00e9 o Deus cujo caminho \u00e9 perfeito; a palavra do Senhor \u00e9 comprovadamente genu\u00edna. Ele \u00e9 um escudo para todos os que nele se refugiam.<\/p>\n\n\n\n<h2 class=\"wp-block-heading\">Salmos 23:4<\/h2>\n\n\n\n<p>Mesmo quando eu andar por um vale de trevas e morte, n\u00e3o temerei perigo algum, pois tu est\u00e1s comigo; a tua vara e o teu cajado me protegem.<\/p>\n\n\n\n<h2 class=\"wp-block-heading\">Salmos 27:1<\/h2>\n\n\n\n<p>O Senhor \u00e9 a minha luz e a minha salva\u00e7\u00e3o; de quem terei temor? O Senhor \u00e9 o meu forte ref\u00fagio; de quem terei medo?.<\/p>\n\n\n\n<h2 class=\"wp-block-heading\">Salmos 31:24<\/h2>\n\n\n\n<p>Sejam fortes e corajosos, todos voc\u00eas que esperam no Senhor!.<\/p>\n\n\n\n<h2 class=\"wp-block-heading\">Salmos 32:8<\/h2>\n\n\n\n<p>Eu o instruirei e o ensinarei no caminho que voc\u00ea deve seguir; eu o aconselharei e cuidarei de voc\u00ea.<\/p>\n\n\n\n<h2 class=\"wp-block-heading\">Salmos 33:18<\/h2>\n\n\n\n<p>Mas o Senhor protege aqueles que o temem, aqueles que firmam a esperan\u00e7a no seu amor.<\/p>\n\n\n\n<h2 class=\"wp-block-heading\">Salmos 37:5<\/h2>\n\n\n\n<p>Entregue o seu caminho ao Senhor; confie nele, e ele agir\u00e1.<\/p>\n\n\n\n<h2 class=\"wp-block-heading\">Salmos 40:1<\/h2>\n\n\n\n<p>Coloquei toda minha esperan\u00e7a no Senhor; ele se inclinou para mim<br>e ouviu o meu grito de socorro.<\/p>\n\n\n\n<h2 class=\"wp-block-heading\">Salmos 46:7<\/h2>\n\n\n\n<p>O Senhor dos Ex\u00e9rcitos est\u00e1 conosco; o Deus de Jac\u00f3 \u00e9 a nossa torre segura.<\/p>\n\n\n\n<h2 class=\"wp-block-heading\">Salmos 56:11<\/h2>\n\n\n\n<p>Em Deus eu confio, e n\u00e3o temerei. Que poder\u00e1 fazer-me o homem?<\/p>\n\n\n\n<h2 class=\"wp-block-heading\">Salmos 121:1-2<\/h2>\n\n\n\n<p>Levanto os meus olhos para os montes e pergunto: De onde me vem o socorro? O meu socorro vem do Senhor, que fez os c\u00e9us e a terra.<\/p>\n\n\n\n<h2 class=\"wp-block-heading\">Salmos 125:1<\/h2>\n\n\n\n<p>Os que confiam no Senhor s\u00e3o como o monte Si\u00e3o, que n\u00e3o se pode abalar, mas permanece para sempre.<\/p>\n\n\n\n<h2 class=\"wp-block-heading\">Isa\u00edas 26:3<\/h2>\n\n\n\n<p>Tu, Senhor, guardar\u00e1s em perfeita paz aquele cujo prop\u00f3sito est\u00e1 firme,<br>porque em ti confia.<\/p>\n\n\n\n<h2 class=\"wp-block-heading\">Isa\u00edas 40:31<\/h2>\n\n\n\n<p>Mas aqueles que esperam no Senhor renovam as suas for\u00e7as. Voam alto como \u00e1guias; correm e n\u00e3o ficam exaustos, andam e n\u00e3o se cansam.<\/p>\n\n\n\n<h2 class=\"wp-block-heading\">Isa\u00edas 43:1<\/h2>\n\n\n\n<p>Mas agora assim diz o Senhor, aquele que o criou, \u00f3 Jac\u00f3, aquele que o formou, \u00f3 Israel: N\u00e3o tema, pois eu o resgatei; eu o chamei pelo nome; voc\u00ea \u00e9 meu.<\/p>\n\n\n\n<h2 class=\"wp-block-heading\">Isa\u00edas 43:2<\/h2>\n\n\n\n<p>Quando voc\u00ea atravessar as \u00e1guas, eu estarei com voc\u00ea; quando voc\u00ea atravessar os rios, eles n\u00e3o o encobrir\u00e3o. Quando voc\u00ea andar atrav\u00e9s do fogo, n\u00e3o se queimar\u00e1; as chamas n\u00e3o o deixar\u00e3o em brasas.<\/p>\n\n\n\n<h2 class=\"wp-block-heading\">Isa\u00edas 51:12<\/h2>\n\n\n\n<p>Eu, eu mesmo, sou quem a consola. Quem \u00e9 voc\u00ea para que tema homens mortais, os filhos de homens, que n\u00e3o passam de relva.<\/p>\n\n\n\n<h2 class=\"wp-block-heading\">Jeremias 1:8<\/h2>\n\n\n\n<p>N\u00e3o tenha medo deles, pois eu estou com voc\u00ea para proteg\u00ea-lo, diz o Senhor.<\/p>\n\n\n\n<h2 class=\"wp-block-heading\">Mateus 11:28<\/h2>\n\n\n\n<p>Venham a mim, todos os que est\u00e3o cansados e sobrecarregados, e eu lhes darei descanso.<\/p>\n\n\n\n<h2 class=\"wp-block-heading\">Jo\u00e3o 14:27<\/h2>\n\n\n\n<p>Deixo-lhes a paz; a minha paz lhes dou. N\u00e3o a dou como o mundo a d\u00e1. N\u00e3o se perturbe o seu cora\u00e7\u00e3o, nem tenham medo.<\/p>\n\n\n\n<h2 class=\"wp-block-heading\">Jo\u00e3o 16:33<\/h2>\n\n\n\n<p>\u201cEu lhes disse essas coisas para que em mim voc\u00eas tenham paz. Neste mundo voc\u00eas ter\u00e3o afli\u00e7\u00f5es; contudo, tenham \u00e2nimo! Eu venci o mundo\u201d.<\/p>\n\n\n\n<h2 class=\"wp-block-heading\">Romanos 8:31<\/h2>\n\n\n\n<p>Que diremos, pois, diante dessas coisas? Se Deus \u00e9 por n\u00f3s, quem ser\u00e1 contra n\u00f3s?<\/p>\n\n\n\n<h2 class=\"wp-block-heading\">Romanos 15:5<\/h2>\n\n\n\n<p>O Deus que concede perseveran\u00e7a e \u00e2nimo d\u00ea-lhes um esp\u00edrito de unidade, segundo Cristo Jesus.<\/p>\n\n\n\n<h2 class=\"wp-block-heading\">1 Cor\u00edntios 15:58<\/h2>\n\n\n\n<p>Portanto, meus amados irm\u00e3os, mantenham-se firmes, e que nada os abale. Sejam sempre dedicados \u00e0 obra do Senhor, pois voc\u00eas sabem que, no Senhor, o trabalho de voc\u00eas n\u00e3o ser\u00e1 in\u00fatil.<\/p>\n\n\n\n<h2 class=\"wp-block-heading\">1 Cor\u00edntios 16:13<\/h2>\n\n\n\n<p>Estejam vigilantes, mantenham-se firmes na f\u00e9, sejam homens de coragem, sejam fortes.<\/p>\n\n\n\n<h2 class=\"wp-block-heading\">2 Cor\u00edntios 1:3-4<\/h2>\n\n\n\n<p>Bendito seja o Deus e Pai de nosso Senhor Jesus Cristo, Pai das miseric\u00f3rdias e Deus de toda consola\u00e7\u00e3o, que nos consola em todas as nossas tribula\u00e7\u00f5es, para que, com a consola\u00e7\u00e3o que recebemos de Deus[a], possamos consolar os que est\u00e3o passando por tribula\u00e7\u00f5es.<\/p>\n\n\n\n<h2 class=\"wp-block-heading\">2 Cor\u00edntios 1:5<\/h2>\n\n\n\n<p>Pois assim como os sofrimentos de Cristo transbordam sobre n\u00f3s, tamb\u00e9m por meio de Cristo transborda a nossa consola\u00e7\u00e3o.<\/p>\n\n\n\n<h2 class=\"wp-block-heading\">Filipenses 4:7<\/h2>\n\n\n\n<p>E a paz de Deus, que excede todo o entendimento, guardar\u00e1 o cora\u00e7\u00e3o e a mente de voc\u00eas em Cristo Jesus.<\/p>\n\n\n\n<h2 class=\"wp-block-heading\">2 Tim\u00f3teo 1:7<\/h2>\n\n\n\n<p>Pois Deus n\u00e3o nos deu esp\u00edrito de covardia, mas de poder, de amor e de equil\u00edbrio.<\/p>\n\n\n\n<h2 class=\"wp-block-heading\">1 Pedro 5:7<\/h2>\n\n\n\n<p>Lancem sobre ele toda a sua ansiedade, porque ele tem cuidado de voc\u00eas.<\/p>\n\n\n\n<h2 class=\"wp-block-heading\">1 Jo\u00e3o 4:4<\/h2>\n\n\n\n<p>Filhinhos, voc\u00eas s\u00e3o de Deus e os venceram, porque aquele que est\u00e1 em voc\u00eas \u00e9 maior do que aquele que est\u00e1 no mundo.<\/p>\n\n\n\n<h2 class=\"wp-block-heading\">1 Jo\u00e3o 5:4<\/h2>\n\n\n\n<p>O que \u00e9 nascido de Deus vence o mundo; e esta \u00e9 a vit\u00f3ria que vence o mundo: a nossa f\u00e9.<\/p>\n\n\n\n<h2 class=\"wp-block-heading\">Lee Tambi\u00e9n:<\/h2>\n\n\n\n<ul class=\"wp-block-list\"><li><a href=\"https:\/\/thebibleverses.org\/pt\/\">Vers\u00edculos por T\u00f3picos<\/a><\/li><li><a href=\"https:\/\/thebibleverses.org\/pt\/amor\/\">Vers\u00edculos da B\u00edblia sobre o Amor<\/a><\/li><li><a href=\"https:\/\/thebibleverses.org\/pt\/forca\/\">Vers\u00edculos da B\u00edblia sobre For\u00e7a<\/a><\/li><li><a href=\"https:\/\/thebibleverses.org\/pt\/fe\/\">Vers\u00edculos B\u00edblicos sobre F\u00e9<\/a><\/li><li><a href=\"https:\/\/thebibleverses.org\/pt\/jovens\/\">Vers\u00edculos da B\u00edblia para Jovens<\/a><\/li><li><a href=\"https:\/\/thebibleverses.org\/pt\/amizade\/\">Vers\u00edculos da B\u00edblia sobre Amizade<\/a><\/li><li><a href=\"https:\/\/thebibleverses.org\/pt\/cura\/\">Vers\u00edculos da B\u00edblia sobre Cura<\/a><\/li><\/ul>\n","protected":false},"excerpt":{"rendered":"<p>G\u00eanesis 28:15 Estou com voc\u00ea e cuidarei de voc\u00ea, aonde quer que v\u00e1; e eu o trarei de volta a esta terra. N\u00e3o o deixarei enquanto n\u00e3o fizer o que lhe prometi. Josu\u00e9 1:9 N\u00e3o fui eu que lhe ordenei? Seja forte e corajoso! N\u00e3o se apavore, nem desanime, pois o Senhor, o seu Deus, [&hellip;]<\/p>\n","protected":false},"author":1,"featured_media":1724,"parent":0,"menu_order":0,"comment_status":"open","ping_status":"closed","template":"","meta":{"footnotes":""},"class_list":["post-1723","page","type-page","status-publish","has-post-thumbnail","hentry","entry","fw-tab-6 fw-tabr-4"],"_links":{"self":[{"href":"https:\/\/thebibleverses.org\/pt\/wp-json\/wp\/v2\/pages\/1723","targetHints":{"allow":["GET"]}}],"collection":[{"href":"https:\/\/thebibleverses.org\/pt\/wp-json\/wp\/v2\/pages"}],"about":[{"href":"https:\/\/thebibleverses.org\/pt\/wp-json\/wp\/v2\/types\/page"}],"author":[{"embeddable":true,"href":"https:\/\/thebibleverses.org\/pt\/wp-json\/wp\/v2\/users\/1"}],"replies":[{"embeddable":true,"href":"https:\/\/thebibleverses.org\/pt\/wp-json\/wp\/v2\/comments?post=1723"}],"version-history":[{"count":0,"href":"https:\/\/thebibleverses.org\/pt\/wp-json\/wp\/v2\/pages\/1723\/revisions"}],"wp:featuredmedia":[{"embeddable":true,"href":"https:\/\/thebibleverses.org\/pt\/wp-json\/wp\/v2\/media\/1724"}],"wp:attachment":[{"href":"https:\/\/thebibleverses.org\/pt\/wp-json\/wp\/v2\/media?parent=1723"}],"curies":[{"name":"wp","href":"https:\/\/api.w.org\/{rel}","templated":true}]}}