{"id":1720,"date":"2022-06-30T22:25:09","date_gmt":"2022-06-30T22:25:09","guid":{"rendered":"https:\/\/thebibleverses.org\/pt\/?page_id=1720"},"modified":"2022-06-30T22:25:10","modified_gmt":"2022-06-30T22:25:10","slug":"conforto","status":"publish","type":"page","link":"https:\/\/thebibleverses.org\/pt\/conforto\/","title":{"rendered":"27 Vers\u00edculos B\u00edblicos de Conforto e Consolo"},"content":{"rendered":"<div class=\"wp-block-image\">\n<figure class=\"aligncenter size-large\"><img decoding=\"async\" width=\"1024\" height=\"631\" data-src=\"https:\/\/thebibleverses.org\/pt\/wp-content\/uploads\/2022\/06\/Versiculos-Biblicos-de-Conforto-e-Consolo-1024x631.webp\" alt=\"Vers\u00edculos B\u00edblicos de Conforto e Consolo\" class=\"wp-image-1721 lazyload\" data-srcset=\"https:\/\/thebibleverses.org\/pt\/wp-content\/uploads\/2022\/06\/Versiculos-Biblicos-de-Conforto-e-Consolo-1024x631.webp 1024w, https:\/\/thebibleverses.org\/pt\/wp-content\/uploads\/2022\/06\/Versiculos-Biblicos-de-Conforto-e-Consolo-300x185.webp 300w, https:\/\/thebibleverses.org\/pt\/wp-content\/uploads\/2022\/06\/Versiculos-Biblicos-de-Conforto-e-Consolo-768x474.webp 768w, https:\/\/thebibleverses.org\/pt\/wp-content\/uploads\/2022\/06\/Versiculos-Biblicos-de-Conforto-e-Consolo-320x197.webp 320w, https:\/\/thebibleverses.org\/pt\/wp-content\/uploads\/2022\/06\/Versiculos-Biblicos-de-Conforto-e-Consolo-450x278.webp 450w, https:\/\/thebibleverses.org\/pt\/wp-content\/uploads\/2022\/06\/Versiculos-Biblicos-de-Conforto-e-Consolo-720x444.webp 720w, https:\/\/thebibleverses.org\/pt\/wp-content\/uploads\/2022\/06\/Versiculos-Biblicos-de-Conforto-e-Consolo.webp 1200w\" data-sizes=\"(max-width: 1024px) 100vw, 1024px\" src=\"data:image\/svg+xml;base64,PHN2ZyB3aWR0aD0iMSIgaGVpZ2h0PSIxIiB4bWxucz0iaHR0cDovL3d3dy53My5vcmcvMjAwMC9zdmciPjwvc3ZnPg==\" style=\"--smush-placeholder-width: 1024px; --smush-placeholder-aspect-ratio: 1024\/631;\" \/><figcaption>Vers\u00edculos B\u00edblicos de Conforto e Consolo &#8211; Nova Vers\u00e3o Internacional (NVI-PT).<\/figcaption><\/figure><\/div>\n\n\n<h2 class=\"wp-block-heading\">J\u00f3 5:19<\/h2>\n\n\n\n<p>De seis desgra\u00e7as ele o livrar\u00e1; em sete delas voc\u00ea nada sofrer\u00e1.<\/p>\n\n\n\n<h2 class=\"wp-block-heading\">Salmos 6:2<\/h2>\n\n\n\n<p>Miseric\u00f3rdia, Senhor, pois vou desfalecendo! Cura-me, Senhor, pois os meus ossos tremem.<\/p>\n\n\n\n<h2 class=\"wp-block-heading\">Salmos 23:4<\/h2>\n\n\n\n<p>Mesmo quando eu andar por um vale de trevas e morte, n\u00e3o temerei perigo algum, pois tu est\u00e1s comigo; a tua vara e o teu cajado me protegem.<\/p>\n\n\n\n<h2 class=\"wp-block-heading\">Salmos 27:10<\/h2>\n\n\n\n<p>Ainda que me abandonem pai e m\u00e3e, o Senhor me acolher\u00e1.<\/p>\n\n\n\n<h2 class=\"wp-block-heading\">Salmos 30:5<\/h2>\n\n\n\n<p>Pois a sua ira s\u00f3 dura um instante, mas o seu favor dura a vida toda; o choro pode persistir uma noite, mas de manh\u00e3 irrompe a alegria.<\/p>\n\n\n\n<h2 class=\"wp-block-heading\">Salmos 34:18<\/h2>\n\n\n\n<p>O Senhor est\u00e1 perto dos que t\u00eam o cora\u00e7\u00e3o quebrantado e salva os de esp\u00edrito abatido.<\/p>\n\n\n\n<h2 class=\"wp-block-heading\">Salmos 41:4<\/h2>\n\n\n\n<p>Eu disse: Miseric\u00f3rdia, Senhor, cura-me, pois pequei contra ti.<\/p>\n\n\n\n<h2 class=\"wp-block-heading\">Salmos 51:17<\/h2>\n\n\n\n<p>Os sacrif\u00edcios que agradam a Deus s\u00e3o um esp\u00edrito quebrantado; um cora\u00e7\u00e3o quebrantado e contrito, \u00f3 Deus, n\u00e3o desprezar\u00e1s.<\/p>\n\n\n\n<h2 class=\"wp-block-heading\">Salmos 71:21<\/h2>\n\n\n\n<p>Tu me far\u00e1s mais honrado e mais uma vez me consolar\u00e1s.<\/p>\n\n\n\n<h2 class=\"wp-block-heading\">Salmos 86:17<\/h2>\n\n\n\n<p>D\u00e1-me um sinal da tua bondade, para que os meus inimigos vejam e sejam humilhados, pois tu, Senhor, me ajudaste e me consolaste.<\/p>\n\n\n\n<h2 class=\"wp-block-heading\">Salmos 94:19<\/h2>\n\n\n\n<p>Quando a ansiedade j\u00e1 me dominava no \u00edntimo, o teu consolo trouxe al\u00edvio \u00e0 minha alma.<\/p>\n\n\n\n<h2 class=\"wp-block-heading\">Salmos 119:50<\/h2>\n\n\n\n<p>Este \u00e9 o meu consolo no meu sofrimento: A tua promessa d\u00e1-me vida.<\/p>\n\n\n\n<h2 class=\"wp-block-heading\">Salmos 147:3<\/h2>\n\n\n\n<p>S\u00f3 ele cura os de cora\u00e7\u00e3o quebrantado e cuida das suas feridas.<\/p>\n\n\n\n<h2 class=\"wp-block-heading\">Isa\u00edas 12:1<\/h2>\n\n\n\n<p>Naquele dia voc\u00ea dir\u00e1: Eu te louvarei, Senhor! Pois estavas irado contra mim, mas a tua ira desviou-se, e tu me consolaste.<\/p>\n\n\n\n<h2 class=\"wp-block-heading\">Isa\u00edas 51:3<\/h2>\n\n\n\n<p>Com certeza o Senhor consolar\u00e1 Si\u00e3o e olhar\u00e1 com compaix\u00e3o para todas as ru\u00ednas dela; ele tornar\u00e1 seus desertos como o \u00c9den, seus ermos, como o jardim do Senhor. Alegria e contentamento ser\u00e3o achados nela, a\u00e7\u00f5es de gra\u00e7as e som de can\u00e7\u00f5es.<\/p>\n\n\n\n<h2 class=\"wp-block-heading\">Isa\u00edas 57:15<\/h2>\n\n\n\n<p>Pois assim diz o Alto e Sublime, que vive para sempre, e cujo nome \u00e9 santo: Habito num lugar alto e santo, mas habito tamb\u00e9m com o contrito e humilde de esp\u00edrito, para dar novo \u00e2nimo ao esp\u00edrito do humilde e novo alento ao cora\u00e7\u00e3o do contrito.<\/p>\n\n\n\n<h2 class=\"wp-block-heading\">Isa\u00edas 57:18<\/h2>\n\n\n\n<p>Eu vi os seus caminhos, mas vou cur\u00e1-lo; eu o guiarei e tornarei a dar-lhe consolo.<\/p>\n\n\n\n<h2 class=\"wp-block-heading\">Isa\u00edas 61:1<\/h2>\n\n\n\n<p>O Esp\u00edrito do Soberano, o Senhor, est\u00e1 sobre mim, porque o Senhor ungiu-me para levar boas not\u00edcias aos pobres. Enviou-me para cuidar dos que est\u00e3o com o cora\u00e7\u00e3o quebrantado, anunciar liberdade aos cativos e liberta\u00e7\u00e3o das trevas aos prisioneiros.<\/p>\n\n\n\n<h2 class=\"wp-block-heading\">Isa\u00edas 66:13<\/h2>\n\n\n\n<p>Assim como uma m\u00e3e consola seu filho, tamb\u00e9m eu os consolarei; em Jerusal\u00e9m voc\u00eas ser\u00e3o consolados.<\/p>\n\n\n\n<h2 class=\"wp-block-heading\">Mateus 5:4<\/h2>\n\n\n\n<p>Bem-aventurados os que choram, pois ser\u00e3o consolados.<\/p>\n\n\n\n<h2 class=\"wp-block-heading\">Jo\u00e3o 14:1<\/h2>\n\n\n\n<p>N\u00e3o se perturbe o cora\u00e7\u00e3o de voc\u00eas. Creiam em Deus; creiam tamb\u00e9m em mim.<\/p>\n\n\n\n<h2 class=\"wp-block-heading\">Jo\u00e3o 14:18<\/h2>\n\n\n\n<p>N\u00e3o os deixarei \u00f3rf\u00e3os; voltarei para voc\u00eas.<\/p>\n\n\n\n<h2 class=\"wp-block-heading\">Jo\u00e3o 16:22<\/h2>\n\n\n\n<p>Assim acontece com voc\u00eas: agora \u00e9 hora de tristeza para voc\u00eas, mas eu os verei outra vez, e voc\u00eas se alegrar\u00e3o, e ningu\u00e9m lhes tirar\u00e1 essa alegria.<\/p>\n\n\n\n<h2 class=\"wp-block-heading\">Jo\u00e3o 16:33<\/h2>\n\n\n\n<p>\u201cEu lhes disse essas coisas para que em mim voc\u00eas tenham paz. Neste mundo voc\u00eas ter\u00e3o afli\u00e7\u00f5es; contudo, tenham \u00e2nimo! Eu venci o mundo\u201d.<\/p>\n\n\n\n<h2 class=\"wp-block-heading\">2 Cor\u00edntios 1:3-4<\/h2>\n\n\n\n<p>Bendito seja o Deus e Pai de nosso Senhor Jesus Cristo, Pai das miseric\u00f3rdias e Deus de toda consola\u00e7\u00e3o, que nos consola em todas as nossas tribula\u00e7\u00f5es, para que, com a consola\u00e7\u00e3o que recebemos de Deus, possamos consolar os que est\u00e3o passando por tribula\u00e7\u00f5es.<\/p>\n\n\n\n<h2 class=\"wp-block-heading\">1 Tessalonicenses 4:18<\/h2>\n\n\n\n<p>Consolem-se uns aos outros com essas palavras.<\/p>\n\n\n\n<h2 class=\"wp-block-heading\">2 Tessalonicenses 2:16-17<\/h2>\n\n\n\n<p>Que o pr\u00f3prio Senhor Jesus Cristo e Deus nosso Pai, que nos amou e nos deu eterna consola\u00e7\u00e3o e boa esperan\u00e7a pela gra\u00e7a, d\u00eaem \u00e2nimo ao cora\u00e7\u00e3o de voc\u00eas e os fortale\u00e7am para fazerem sempre o bem, tanto em atos como em palavras.<\/p>\n\n\n\n<h2 class=\"wp-block-heading\">Lee Tambi\u00e9n:<\/h2>\n\n\n\n<ul class=\"wp-block-list\"><li><a href=\"https:\/\/thebibleverses.org\/pt\/\">Vers\u00edculos por T\u00f3picos<\/a><\/li><li><a href=\"https:\/\/thebibleverses.org\/pt\/amor\/\">Vers\u00edculos da B\u00edblia sobre o Amor<\/a><\/li><li><a href=\"https:\/\/thebibleverses.org\/pt\/forca\/\">Vers\u00edculos da B\u00edblia sobre For\u00e7a<\/a><\/li><li><a href=\"https:\/\/thebibleverses.org\/pt\/fe\/\">Vers\u00edculos B\u00edblicos sobre F\u00e9<\/a><\/li><li><a href=\"https:\/\/thebibleverses.org\/pt\/jovens\/\">Vers\u00edculos da B\u00edblia para Jovens<\/a><\/li><li><a href=\"https:\/\/thebibleverses.org\/pt\/amizade\/\">Vers\u00edculos da B\u00edblia sobre Amizade<\/a><\/li><li><a href=\"https:\/\/thebibleverses.org\/pt\/cura\/\">Vers\u00edculos da B\u00edblia sobre Cura<\/a><\/li><\/ul>\n","protected":false},"excerpt":{"rendered":"<p>J\u00f3 5:19 De seis desgra\u00e7as ele o livrar\u00e1; em sete delas voc\u00ea nada sofrer\u00e1. Salmos 6:2 Miseric\u00f3rdia, Senhor, pois vou desfalecendo! Cura-me, Senhor, pois os meus ossos tremem. Salmos 23:4 Mesmo quando eu andar por um vale de trevas e morte, n\u00e3o temerei perigo algum, pois tu est\u00e1s comigo; a tua vara e o teu [&hellip;]<\/p>\n","protected":false},"author":1,"featured_media":1721,"parent":0,"menu_order":0,"comment_status":"open","ping_status":"closed","template":"","meta":{"footnotes":""},"class_list":["post-1720","page","type-page","status-publish","has-post-thumbnail","hentry","entry","fw-tab-6 fw-tabr-4"],"_links":{"self":[{"href":"https:\/\/thebibleverses.org\/pt\/wp-json\/wp\/v2\/pages\/1720","targetHints":{"allow":["GET"]}}],"collection":[{"href":"https:\/\/thebibleverses.org\/pt\/wp-json\/wp\/v2\/pages"}],"about":[{"href":"https:\/\/thebibleverses.org\/pt\/wp-json\/wp\/v2\/types\/page"}],"author":[{"embeddable":true,"href":"https:\/\/thebibleverses.org\/pt\/wp-json\/wp\/v2\/users\/1"}],"replies":[{"embeddable":true,"href":"https:\/\/thebibleverses.org\/pt\/wp-json\/wp\/v2\/comments?post=1720"}],"version-history":[{"count":0,"href":"https:\/\/thebibleverses.org\/pt\/wp-json\/wp\/v2\/pages\/1720\/revisions"}],"wp:featuredmedia":[{"embeddable":true,"href":"https:\/\/thebibleverses.org\/pt\/wp-json\/wp\/v2\/media\/1721"}],"wp:attachment":[{"href":"https:\/\/thebibleverses.org\/pt\/wp-json\/wp\/v2\/media?parent=1720"}],"curies":[{"name":"wp","href":"https:\/\/api.w.org\/{rel}","templated":true}]}}