{"id":1707,"date":"2022-06-30T22:02:12","date_gmt":"2022-06-30T22:02:12","guid":{"rendered":"https:\/\/thebibleverses.org\/pt\/?page_id=1707"},"modified":"2022-06-30T22:02:12","modified_gmt":"2022-06-30T22:02:12","slug":"confianca-em-deus","status":"publish","type":"page","link":"https:\/\/thebibleverses.org\/pt\/confianca-em-deus\/","title":{"rendered":"35 Vers\u00edculos da B\u00edblia sobre Confian\u00e7a em Deus"},"content":{"rendered":"<div class=\"wp-block-image\">\n<figure class=\"aligncenter size-large\"><img decoding=\"async\" width=\"1024\" height=\"631\" data-src=\"https:\/\/thebibleverses.org\/pt\/wp-content\/uploads\/2022\/06\/Versiculos-da-Biblia-sobre-Confianca-em-Deus-1024x631.webp\" alt=\"Vers\u00edculos da B\u00edblia sobre Confian\u00e7a em Deus\" class=\"wp-image-1709 lazyload\" data-srcset=\"https:\/\/thebibleverses.org\/pt\/wp-content\/uploads\/2022\/06\/Versiculos-da-Biblia-sobre-Confianca-em-Deus-1024x631.webp 1024w, https:\/\/thebibleverses.org\/pt\/wp-content\/uploads\/2022\/06\/Versiculos-da-Biblia-sobre-Confianca-em-Deus-300x185.webp 300w, https:\/\/thebibleverses.org\/pt\/wp-content\/uploads\/2022\/06\/Versiculos-da-Biblia-sobre-Confianca-em-Deus-768x474.webp 768w, https:\/\/thebibleverses.org\/pt\/wp-content\/uploads\/2022\/06\/Versiculos-da-Biblia-sobre-Confianca-em-Deus-320x197.webp 320w, https:\/\/thebibleverses.org\/pt\/wp-content\/uploads\/2022\/06\/Versiculos-da-Biblia-sobre-Confianca-em-Deus-450x278.webp 450w, https:\/\/thebibleverses.org\/pt\/wp-content\/uploads\/2022\/06\/Versiculos-da-Biblia-sobre-Confianca-em-Deus-720x444.webp 720w, https:\/\/thebibleverses.org\/pt\/wp-content\/uploads\/2022\/06\/Versiculos-da-Biblia-sobre-Confianca-em-Deus.webp 1200w\" data-sizes=\"(max-width: 1024px) 100vw, 1024px\" src=\"data:image\/svg+xml;base64,PHN2ZyB3aWR0aD0iMSIgaGVpZ2h0PSIxIiB4bWxucz0iaHR0cDovL3d3dy53My5vcmcvMjAwMC9zdmciPjwvc3ZnPg==\" style=\"--smush-placeholder-width: 1024px; --smush-placeholder-aspect-ratio: 1024\/631;\" \/><figcaption>Vers\u00edculos da B\u00edblia sobre Confian\u00e7a em Deus &nbsp;\u2013 Nova Vers\u00e3o Internacional (NVI-PT).<\/figcaption><\/figure><\/div>\n\n\n<h2 class=\"wp-block-heading\">G\u00eanesis 28:15<\/h2>\n\n\n\n<p>Estou com voc\u00ea e cuidarei de voc\u00ea, aonde quer que v\u00e1; e eu o trarei de volta a esta terra. N\u00e3o o deixarei enquanto n\u00e3o fizer o que lhe prometi.<\/p>\n\n\n\n<h2 class=\"wp-block-heading\">\u00caxodo 15:2<\/h2>\n\n\n\n<p>O Senhor \u00e9 a minha for\u00e7a e a minha can\u00e7\u00e3o; ele \u00e9 a minha salva\u00e7\u00e3o!<br>Ele \u00e9 o meu Deus e eu o louvarei, \u00e9 o Deus de meu pai, e eu o exaltarei!.<\/p>\n\n\n\n<h2 class=\"wp-block-heading\">Deuteron\u00f4mio 20:1<\/h2>\n\n\n\n<p>Quando voc\u00eas forem \u00e0 guerra contra os seus inimigos e virem cavalos e carros, e um ex\u00e9rcito maior do que o seu, n\u00e3o tenham medo, pois o Senhor, o seu Deus, que os tirou do Egito, estar\u00e1 com voc\u00eas.<\/p>\n\n\n\n<h2 class=\"wp-block-heading\">Deuteron\u00f4mio 31:8<\/h2>\n\n\n\n<p>O pr\u00f3prio Senhor ir\u00e1 \u00e0 sua frente e estar\u00e1 com voc\u00ea; ele nunca o deixar\u00e1, nunca o abandonar\u00e1. N\u00e3o tenha medo! N\u00e3o desanime!.<\/p>\n\n\n\n<h2 class=\"wp-block-heading\">Josu\u00e9 1:9<\/h2>\n\n\n\n<p>N\u00e3o fui eu que lhe ordenei? Seja forte e corajoso! N\u00e3o se apavore, nem desanime, pois o Senhor, o seu Deus, estar\u00e1 com voc\u00ea por onde voc\u00ea andar.<\/p>\n\n\n\n<h2 class=\"wp-block-heading\">2 Samuel 22:3<\/h2>\n\n\n\n<p>O meu Deus \u00e9 a minha rocha, em que me refugio; o meu escudo e o meu poderoso salvador. Ele \u00e9 a minha torre alta, o meu abrigo seguro.<br>Tu, Senhor, \u00e9s o meu salvador, e me salvas dos violentos.<\/p>\n\n\n\n<h2 class=\"wp-block-heading\">Salmos 3:5<\/h2>\n\n\n\n<p>Eu me deito e durmo, e torno a acordar, porque \u00e9 o Senhor que me sust\u00e9m.<\/p>\n\n\n\n<h2 class=\"wp-block-heading\">Salmos 4:8<\/h2>\n\n\n\n<p>Em paz me deito e logo adorme\u00e7o, pois s\u00f3 tu, Senhor, me fazes viver em seguran\u00e7a.<\/p>\n\n\n\n<h2 class=\"wp-block-heading\">Salmos 5:11<\/h2>\n\n\n\n<p>Alegrem-se, por\u00e9m, todos os que se refugiam em ti; cantem sempre de alegria! Estende sobre eles a tua prote\u00e7\u00e3o. Em ti exultem os que amam o teu nome.<\/p>\n\n\n\n<h2 class=\"wp-block-heading\">Salmos 9:10<\/h2>\n\n\n\n<p>Os que conhecem o teu nome confiam em ti, pois tu, Senhor, jamais abandonas os que te buscam.<\/p>\n\n\n\n<h2 class=\"wp-block-heading\">Salmos 13:5<\/h2>\n\n\n\n<p>Eu, por\u00e9m, confio em teu amor; o meu cora\u00e7\u00e3o exulta em tua salva\u00e7\u00e3o.<\/p>\n\n\n\n<h2 class=\"wp-block-heading\">Salmos 16:1<\/h2>\n\n\n\n<p>Protege-me, \u00f3 Deus, pois em ti me refugio.<\/p>\n\n\n\n<h2 class=\"wp-block-heading\">Salmos 18:2<\/h2>\n\n\n\n<p>O Senhor \u00e9 a minha rocha, a minha fortaleza e o meu libertador; o meu Deus \u00e9 o meu rochedo, em quem me refugio. Ele \u00e9 o meu escudo e o poder que me salva, a minha torre alta.<\/p>\n\n\n\n<h2 class=\"wp-block-heading\">Salmos 20:7<\/h2>\n\n\n\n<p>Alguns confiam em carros e outros em cavalos, mas n\u00f3s confiamos<br>no nome do Senhor, o nosso Deus.<\/p>\n\n\n\n<h2 class=\"wp-block-heading\">Salmos 22:5<\/h2>\n\n\n\n<p>Clamaram a ti, e foram libertos; em ti confiaram, e n\u00e3o se decepcionaram.<\/p>\n\n\n\n<h2 class=\"wp-block-heading\">Salmos 22:9<\/h2>\n\n\n\n<p>Contudo, tu mesmo me tiraste do ventre; deste-me seguran\u00e7a junto ao seio de minha m\u00e3e.<\/p>\n\n\n\n<h2 class=\"wp-block-heading\">Salmos 23:4<\/h2>\n\n\n\n<p>Mesmo quando eu andar por um vale de trevas e morte, n\u00e3o temerei perigo algum, pois tu est\u00e1s comigo; a tua vara e o teu cajado me protegem.<\/p>\n\n\n\n<h2 class=\"wp-block-heading\">Salmos 27:1<\/h2>\n\n\n\n<p>O Senhor \u00e9 a minha luz e a minha salva\u00e7\u00e3o; de quem terei temor? O Senhor \u00e9 o meu forte ref\u00fagio; de quem terei medo?.<\/p>\n\n\n\n<h2 class=\"wp-block-heading\">Salmos 27:3<\/h2>\n\n\n\n<p>Ainda que um ex\u00e9rcito se acampe contra mim, meu cora\u00e7\u00e3o n\u00e3o temer\u00e1; ainda que se declare guerra contra mim, mesmo assim estarei confiante.<\/p>\n\n\n\n<h2 class=\"wp-block-heading\">Salmos 34:8<\/h2>\n\n\n\n<p>Provem, e vejam como o Senhor \u00e9 bom. Como \u00e9 feliz o homem que nele se refugia!.<\/p>\n\n\n\n<h2 class=\"wp-block-heading\">Salmos 46:1-3<\/h2>\n\n\n\n<p>Deus \u00e9 o nosso ref\u00fagio e a nossa fortaleza, aux\u00edlio sempre presente na adversidade. Por isso n\u00e3o temeremos, ainda que a terra trema e os montes afundem no cora\u00e7\u00e3o do mar, ainda que estrondem as suas \u00e1guas turbulentas e os montes sejam sacudidos pela sua f\u00faria.<\/p>\n\n\n\n<h2 class=\"wp-block-heading\">Salmos 46:11<\/h2>\n\n\n\n<p>O Senhor dos Ex\u00e9rcitos est\u00e1 conosco; o Deus de Jac\u00f3 \u00e9 a nossa torre segura.<\/p>\n\n\n\n<h2 class=\"wp-block-heading\">Salmos 56:4<\/h2>\n\n\n\n<p>Em Deus, cuja palavra eu louvo, em Deus eu confio, e n\u00e3o temerei. Que poder\u00e1 fazer-me o simples mortal?.<\/p>\n\n\n\n<h2 class=\"wp-block-heading\">Salmos 56:9<\/h2>\n\n\n\n<p>Os meus inimigos retroceder\u00e3o, quando eu clamar por socorro. Com isso saberei que Deus est\u00e1 a meu favor.<\/p>\n\n\n\n<h2 class=\"wp-block-heading\">Salmos 56:11<\/h2>\n\n\n\n<p>Em Deus eu confio, e n\u00e3o temerei. Que poder\u00e1 fazer-me o homem?.<\/p>\n\n\n\n<h2 class=\"wp-block-heading\">Prov\u00e9rbios 3:5<\/h2>\n\n\n\n<p>Confie no Senhor de todo o seu cora\u00e7\u00e3o e n\u00e3o se ap\u00f3ie em seu pr\u00f3prio entendimento.<\/p>\n\n\n\n<h2 class=\"wp-block-heading\">Isa\u00edas 12:2<\/h2>\n\n\n\n<p>Deus \u00e9 a minha salva\u00e7\u00e3o; terei confian\u00e7a e n\u00e3o temerei. O Senhor, sim, o Senhor \u00e9 a minha for\u00e7a e o meu c\u00e2ntico; ele \u00e9 a minha salva\u00e7\u00e3o!.<\/p>\n\n\n\n<h2 class=\"wp-block-heading\">Isa\u00edas 26:3<\/h2>\n\n\n\n<p>Tu, Senhor, guardar\u00e1s em perfeita paz aquele cujo prop\u00f3sito est\u00e1 firme, porque em ti confia.<\/p>\n\n\n\n<h2 class=\"wp-block-heading\">Isa\u00edas 26:4<\/h2>\n\n\n\n<p>Confiem para sempre no Senhor, pois o Senhor, somente o Senhor, \u00e9 a Rocha eterna.<\/p>\n\n\n\n<h2 class=\"wp-block-heading\">Isa\u00edas 41:10<\/h2>\n\n\n\n<p>Por isso n\u00e3o tema, pois estou com voc\u00ea; n\u00e3o tenha medo, pois sou o seu Deus. Eu o fortalecerei e o ajudarei; eu o segurarei com a minha m\u00e3o direita vitoriosa.<\/p>\n\n\n\n<h2 class=\"wp-block-heading\">Isa\u00edas 41:13<\/h2>\n\n\n\n<p>Pois eu sou o Senhor, o seu Deus, que o segura pela m\u00e3o direita e lhe diz: N\u00e3o tema; eu o ajudarei.<\/p>\n\n\n\n<h2 class=\"wp-block-heading\">Jerem\u00edas 17:7<\/h2>\n\n\n\n<p>Mas bendito \u00e9 o homem cuja confian\u00e7a est\u00e1 no Senhor, cuja confian\u00e7a nele est\u00e1.<\/p>\n\n\n\n<h2 class=\"wp-block-heading\">Naum 1:7<\/h2>\n\n\n\n<p>O Senhor \u00e9 bom, um ref\u00fagio em tempos de ang\u00fastia. Ele protege os que nele confiam.<\/p>\n\n\n\n<h2 class=\"wp-block-heading\">Romanos 8:31<\/h2>\n\n\n\n<p>Que diremos, pois, diante dessas coisas? Se Deus \u00e9 por n\u00f3s, quem ser\u00e1 contra n\u00f3s?<\/p>\n\n\n\n<h2 class=\"wp-block-heading\">Filipenses 4:13<\/h2>\n\n\n\n<p>Tudo posso naquele que me fortalece.<\/p>\n\n\n\n<h2 class=\"wp-block-heading\">Lee Tambi\u00e9n:<\/h2>\n\n\n\n<ul class=\"wp-block-list\"><li><a href=\"https:\/\/thebibleverses.org\/pt\/\">Vers\u00edculos por T\u00f3picos<\/a><\/li><li><a href=\"https:\/\/thebibleverses.org\/pt\/amor\/\">Vers\u00edculos da B\u00edblia sobre o Amor<\/a><\/li><li><a href=\"https:\/\/thebibleverses.org\/pt\/forca\/\">Vers\u00edculos da B\u00edblia sobre For\u00e7a<\/a><\/li><li><a href=\"https:\/\/thebibleverses.org\/pt\/fe\/\">Vers\u00edculos B\u00edblicos sobre F\u00e9<\/a><\/li><li><a href=\"https:\/\/thebibleverses.org\/pt\/jovens\/\">Vers\u00edculos da B\u00edblia para Jovens<\/a><\/li><li><a href=\"https:\/\/thebibleverses.org\/pt\/amizade\/\">Vers\u00edculos da B\u00edblia sobre Amizade<\/a><\/li><li><a href=\"https:\/\/thebibleverses.org\/pt\/cura\/\">Vers\u00edculos da B\u00edblia sobre Cura<\/a><\/li><\/ul>\n","protected":false},"excerpt":{"rendered":"<p>G\u00eanesis 28:15 Estou com voc\u00ea e cuidarei de voc\u00ea, aonde quer que v\u00e1; e eu o trarei de volta a esta terra. N\u00e3o o deixarei enquanto n\u00e3o fizer o que lhe prometi. \u00caxodo 15:2 O Senhor \u00e9 a minha for\u00e7a e a minha can\u00e7\u00e3o; ele \u00e9 a minha salva\u00e7\u00e3o!Ele \u00e9 o meu Deus e eu [&hellip;]<\/p>\n","protected":false},"author":1,"featured_media":1709,"parent":0,"menu_order":0,"comment_status":"open","ping_status":"closed","template":"","meta":{"footnotes":""},"class_list":["post-1707","page","type-page","status-publish","has-post-thumbnail","hentry","entry","fw-tab-6 fw-tabr-4"],"_links":{"self":[{"href":"https:\/\/thebibleverses.org\/pt\/wp-json\/wp\/v2\/pages\/1707","targetHints":{"allow":["GET"]}}],"collection":[{"href":"https:\/\/thebibleverses.org\/pt\/wp-json\/wp\/v2\/pages"}],"about":[{"href":"https:\/\/thebibleverses.org\/pt\/wp-json\/wp\/v2\/types\/page"}],"author":[{"embeddable":true,"href":"https:\/\/thebibleverses.org\/pt\/wp-json\/wp\/v2\/users\/1"}],"replies":[{"embeddable":true,"href":"https:\/\/thebibleverses.org\/pt\/wp-json\/wp\/v2\/comments?post=1707"}],"version-history":[{"count":0,"href":"https:\/\/thebibleverses.org\/pt\/wp-json\/wp\/v2\/pages\/1707\/revisions"}],"wp:featuredmedia":[{"embeddable":true,"href":"https:\/\/thebibleverses.org\/pt\/wp-json\/wp\/v2\/media\/1709"}],"wp:attachment":[{"href":"https:\/\/thebibleverses.org\/pt\/wp-json\/wp\/v2\/media?parent=1707"}],"curies":[{"name":"wp","href":"https:\/\/api.w.org\/{rel}","templated":true}]}}