{"id":163,"date":"2019-10-16T09:05:26","date_gmt":"2019-10-16T09:05:26","guid":{"rendered":"https:\/\/thebibleverses.org\/pt\/?page_id=163"},"modified":"2023-09-23T23:38:40","modified_gmt":"2023-09-23T23:38:40","slug":"home","status":"publish","type":"page","link":"https:\/\/thebibleverses.org\/pt\/","title":{"rendered":""},"content":{"rendered":"\n<h1 class=\"wp-block-heading has-text-align-center\">Vers\u00edculos da B\u00edblia por T\u00f3picos<\/h1>\n\n\n\n<div style=\"height:31px\" aria-hidden=\"true\" class=\"wp-block-spacer\"><\/div>\n\n\n\n<div class=\"wp-block-columns alignwide has-3-columns is-layout-flex wp-container-core-columns-is-layout-9d6595d7 wp-block-columns-is-layout-flex\">\n<div class=\"wp-block-column is-layout-flow wp-block-column-is-layout-flow\">\n<p class=\"has-text-align-center\"><a href=\"https:\/\/thebibleverses.org\/pt\/adoracao\/\">Adora\u00e7\u00e3o<\/a><\/p>\n\n\n\n<p class=\"has-text-align-center\"><a href=\"https:\/\/thebibleverses.org\/pt\/alegria\/\">Alegria<\/a><\/p>\n\n\n\n<p class=\"has-text-align-center\"><a href=\"https:\/\/thebibleverses.org\/pt\/alimento-espiritual\/\">Alimento Espiritual<\/a><\/p>\n\n\n\n<p class=\"has-text-align-center\"><a href=\"https:\/\/thebibleverses.org\/pt\/amizade\/\">Amizade<\/a><\/p>\n\n\n\n<p class=\"has-text-align-center\"><a href=\"https:\/\/thebibleverses.org\/pt\/amor\/\">Amor<\/a><\/p>\n\n\n\n<p class=\"has-text-align-center\"><a href=\"https:\/\/thebibleverses.org\/pt\/amor-de-deus\/\">Amor de Deus<\/a><\/p>\n\n\n\n<p class=\"has-text-align-center\"><a href=\"https:\/\/thebibleverses.org\/pt\/amor-de-jesus\/\">Amor de Jesus<\/a><\/p>\n\n\n\n<p class=\"has-text-align-center\"> <a href=\"https:\/\/thebibleverses.org\/pt\/arrependimento\/\">Arrependimento<\/a> <\/p>\n\n\n\n<p class=\"has-text-align-center\">  <a href=\"https:\/\/thebibleverses.org\/pt\/batismo\/\">Batismo<\/a><\/p>\n\n\n\n<p class=\"has-text-align-center\"> <a href=\"https:\/\/thebibleverses.org\/pt\/bencao\/\">Ben\u00e7\u00e3o<\/a><\/p>\n\n\n\n<p class=\"has-text-align-center\"> <a href=\"https:\/\/thebibleverses.org\/pt\/buscar-a-deus\/\">Buscar a Deus<\/a><\/p>\n\n\n\n<p class=\"has-text-align-center\"> <a href=\"https:\/\/thebibleverses.org\/pt\/casamento\/\">Casamento<\/a><\/p>\n\n\n\n<p class=\"has-text-align-center\"><a href=\"https:\/\/thebibleverses.org\/pt\/confianca-em-deus\/\">Confian\u00e7a em Deus<\/a><\/p>\n\n\n\n<p class=\"has-text-align-center\"><a href=\"https:\/\/thebibleverses.org\/pt\/conforto\/\">Consolo<\/a><\/p>\n\n\n\n<p class=\"has-text-align-center\"><a href=\"https:\/\/thebibleverses.org\/pt\/cura\/\">Cura<\/a><\/p>\n\n\n\n<p class=\"has-text-align-center\"><a href=\"https:\/\/thebibleverses.org\/pt\/cura-divina\/\">Cura Divina<\/a><\/p>\n\n\n\n<p class=\"has-text-align-center\"><a href=\"https:\/\/thebibleverses.org\/pt\/dizimos\/\">D\u00edzimos<\/a><\/p>\n\n\n\n<p class=\"has-text-align-center\"> <a href=\"https:\/\/thebibleverses.org\/pt\/encorajamento\/\">Encorajamento<\/a><\/p>\n\n\n\n<p class=\"has-text-align-center\"><a href=\"https:\/\/thebibleverses.org\/pt\/esperanca\/\">Esperan\u00e7a<\/a><\/p>\n<\/div>\n\n\n\n<div class=\"wp-block-column is-layout-flow wp-block-column-is-layout-flow\">\n<p class=\"has-text-align-center\"><a href=\"https:\/\/thebibleverses.org\/pt\/familia\/\">Fam\u00edlia<\/a><\/p>\n\n\n\n<p class=\"has-text-align-center\"><a href=\"https:\/\/thebibleverses.org\/pt\/fe\/\">F\u00e9<\/a><\/p>\n\n\n\n<p class=\"has-text-align-center\"><a href=\"https:\/\/thebibleverses.org\/pt\/fidelidade-de-deus\/\">Fidelidade de Deus<\/a><\/p>\n\n\n\n<p class=\"has-text-align-center\"><a href=\"https:\/\/thebibleverses.org\/pt\/forca\/\">For\u00e7a<\/a><\/p>\n\n\n\n<p class=\"has-text-align-center\"><a href=\"https:\/\/thebibleverses.org\/pt\/frutos\/\">Frutos<\/a><\/p>\n\n\n\n<p class=\"has-text-align-center\">  <a href=\"https:\/\/thebibleverses.org\/pt\/graca\/\">Gra\u00e7a<\/a><\/p>\n\n\n\n<p class=\"has-text-align-center\">   <a href=\"https:\/\/thebibleverses.org\/pt\/gratidao\/\">Gratid\u00e3o<\/a><\/p>\n\n\n\n<p class=\"has-text-align-center\"> <a href=\"https:\/\/thebibleverses.org\/pt\/humildade\/\">Humildade<\/a><\/p>\n\n\n\n<p class=\"has-text-align-center\"> <a href=\"https:\/\/thebibleverses.org\/pt\/jejum\/\">Jejum<\/a><\/p>\n\n\n\n<p class=\"has-text-align-center\"> <a href=\"https:\/\/thebibleverses.org\/pt\/jovens\/\">Jovens<\/a><\/p>\n\n\n\n<p class=\"has-text-align-center\"> <a href=\"https:\/\/thebibleverses.org\/pt\/justificacao\/\">Justifica\u00e7\u00e3o<\/a><\/p>\n\n\n\n<p class=\"has-text-align-center\"> <a href=\"https:\/\/thebibleverses.org\/pt\/louvor\/\">Louvor<\/a><\/p>\n\n\n\n<p class=\"has-text-align-center\"> <a href=\"https:\/\/thebibleverses.org\/pt\/medo\/\">Medo<\/a><\/p>\n\n\n\n<p class=\"has-text-align-center\"> <a href=\"https:\/\/thebibleverses.org\/pt\/misericordia\/\">Miseric\u00f3rdia<\/a><\/p>\n\n\n\n<p class=\"has-text-align-center\"><a href=\"https:\/\/thebibleverses.org\/pt\/motivacao\/\">Motiva\u00e7\u00e3o<\/a><\/p>\n\n\n\n<p class=\"has-text-align-center\"><a href=\"https:\/\/thebibleverses.org\/pt\/obediencia\/\">Obedi\u00eancia<\/a><\/p>\n\n\n\n<p class=\"has-text-align-center\"><a href=\"https:\/\/thebibleverses.org\/pt\/ofertas\/\">Ofertas<\/a><\/p>\n\n\n\n<p class=\"has-text-align-center\"><a href=\"https:\/\/thebibleverses.org\/pt\/oracao\/\">Ora\u00e7\u00e3o<\/a><\/p>\n\n\n\n<p class=\"has-text-align-center\"><a href=\"https:\/\/thebibleverses.org\/pt\/dez-mandamentos\/\">Os Dez Mandamentos<\/a><\/p>\n<\/div>\n\n\n\n<div class=\"wp-block-column is-layout-flow wp-block-column-is-layout-flow\">\n<p class=\"has-text-align-center\"><a href=\"https:\/\/thebibleverses.org\/pt\/paciencia\/\">Paci\u00eancia<\/a><\/p>\n\n\n\n<p class=\"has-text-align-center\"><a href=\"https:\/\/thebibleverses.org\/pt\/paz\/\">Paz<\/a><\/p>\n\n\n\n<p class=\"has-text-align-center\"><a href=\"https:\/\/thebibleverses.org\/pt\/perdao\/\">Perd\u00e3o<\/a><\/p>\n\n\n\n<p class=\"has-text-align-center\"><a href=\"https:\/\/thebibleverses.org\/pt\/preocupacao\/\">Preocupa\u00e7\u00e3o<\/a><\/p>\n\n\n\n<p class=\"has-text-align-center\"><a href=\"https:\/\/thebibleverses.org\/pt\/primicias\/\">Prim\u00edcias<\/a><\/p>\n\n\n\n<p class=\"has-text-align-center\"><a href=\"https:\/\/thebibleverses.org\/pt\/prosperidade\/\">Prosperidade<\/a><\/p>\n\n\n\n<p class=\"has-text-align-center\"><a href=\"https:\/\/thebibleverses.org\/pt\/raiva\/\">Raiva<\/a><\/p>\n\n\n\n<p class=\"has-text-align-center\"><a href=\"https:\/\/thebibleverses.org\/pt\/respeito\/\">Respeito<\/a><\/p>\n\n\n\n<p class=\"has-text-align-center\"><a href=\"https:\/\/thebibleverses.org\/pt\/responsabilidade\/\">Responsabilidade<\/a><\/p>\n\n\n\n<p class=\"has-text-align-center\"><a href=\"https:\/\/thebibleverses.org\/pt\/ressurreicao\/\">Ressurrei\u00e7\u00e3o<\/a><\/p>\n\n\n\n<p class=\"has-text-align-center\"><a href=\"https:\/\/thebibleverses.org\/pt\/restauracao\/\">Restaura\u00e7\u00e3o<\/a><\/p>\n\n\n\n<p class=\"has-text-align-center\"><a href=\"https:\/\/thebibleverses.org\/pt\/sabedoria\/\">Sabedoria<\/a><\/p>\n\n\n\n<p class=\"has-text-align-center\"><a href=\"https:\/\/thebibleverses.org\/pt\/salvacao\/\">Salva\u00e7\u00e3o<\/a><\/p>\n\n\n\n<p class=\"has-text-align-center\"><a href=\"https:\/\/thebibleverses.org\/pt\/santidade\/\">Santidade<\/a><\/p>\n\n\n\n<p class=\"has-text-align-center\"><a href=\"https:\/\/thebibleverses.org\/pt\/servir\/\">Servir<\/a><\/p>\n\n\n\n<p class=\"has-text-align-center\"><a href=\"https:\/\/thebibleverses.org\/pt\/trabalho\/\">Trabalho<\/a><\/p>\n\n\n\n<p class=\"has-text-align-center\"><a href=\"https:\/\/thebibleverses.org\/pt\/unidade\/\">Unidade<\/a><\/p>\n\n\n\n<p class=\"has-text-align-center\"><a href=\"https:\/\/thebibleverses.org\/pt\/vida-eterna\/\">Vida Eterna<\/a><\/p>\n\n\n\n<p class=\"has-text-align-center\"><a href=\"https:\/\/thebibleverses.org\/pt\/vontade-de-deus\/\">Vontade de Deus<\/a><\/p>\n<\/div>\n<\/div>\n\n\n\n<h2 class=\"wp-block-heading has-text-align-center\">Salmos da B\u00edblia por T\u00f3picos<\/h2>\n\n\n\n<div class=\"wp-block-columns is-layout-flex wp-container-core-columns-is-layout-9d6595d7 wp-block-columns-is-layout-flex\">\n<div class=\"wp-block-column is-layout-flow wp-block-column-is-layout-flow\">\n<p class=\"has-text-align-center\"><a href=\"https:\/\/thebibleverses.org\/pt\/salmos-de-acao-de-gracas\/\" data-type=\"link\" data-id=\"https:\/\/thebibleverses.org\/pt\/salmos-de-acao-de-gracas\/\">A\u00e7\u00e3o de Gra\u00e7as<\/a><\/p>\n\n\n\n<p class=\"has-text-align-center\"><a href=\"https:\/\/thebibleverses.org\/pt\/salmos-de-adoracao\/\" data-type=\"link\" data-id=\"https:\/\/thebibleverses.org\/pt\/salmos-de-adoracao\/\">Adora\u00e7\u00e3o<\/a><\/p>\n\n\n\n<p class=\"has-text-align-center\"><a href=\"https:\/\/thebibleverses.org\/pt\/salmos-de-alegria\/\" data-type=\"link\" data-id=\"https:\/\/thebibleverses.org\/pt\/salmos-de-alegria\/\">Alegria<\/a><\/p>\n\n\n\n<p class=\"has-text-align-center\"><a href=\"https:\/\/thebibleverses.org\/pt\/salmos-amor-de-deus\/\" data-type=\"link\" data-id=\"https:\/\/thebibleverses.org\/pt\/salmos-amor-de-deus\/\">Amor de Deus<\/a><\/p>\n\n\n\n<p class=\"has-text-align-center\"><a href=\"https:\/\/thebibleverses.org\/pt\/salmos-de-arrependimento\/\" data-type=\"link\" data-id=\"https:\/\/thebibleverses.org\/pt\/salmos-de-arrependimento\/\">Arrependimento<\/a><\/p>\n\n\n\n<p class=\"has-text-align-center\"><a href=\"https:\/\/thebibleverses.org\/pt\/salmos-de-bencao\/\">B\u00ean\u00e7\u00e3o<\/a><\/p>\n\n\n\n<p class=\"has-text-align-center\"><a href=\"https:\/\/thebibleverses.org\/pt\/salmos-bondade-de-deus\/\" data-type=\"link\" data-id=\"https:\/\/thebibleverses.org\/pt\/salmos-bondade-de-deus\/\">Bondade de Deus<\/a><\/p>\n\n\n\n<p class=\"has-text-align-center\"><a href=\"https:\/\/thebibleverses.org\/pt\/salmos-buscar-a-deus\/\" data-type=\"link\" data-id=\"https:\/\/thebibleverses.org\/pt\/salmos-buscar-a-deus\/\">Buscar a Deus<\/a><\/p>\n<\/div>\n\n\n\n<div class=\"wp-block-column is-layout-flow wp-block-column-is-layout-flow\">\n<p class=\"has-text-align-center\"><a href=\"https:\/\/thebibleverses.org\/pt\/salmos-de-confianca-em-deus\/\" data-type=\"link\" data-id=\"https:\/\/thebibleverses.org\/pt\/salmos-de-confianca-em-deus\/\">Confian\u00e7a em Deus<\/a><\/p>\n\n\n\n<p class=\"has-text-align-center\"><a href=\"https:\/\/thebibleverses.org\/pt\/salmos-de-conforto\/\" data-type=\"link\" data-id=\"https:\/\/thebibleverses.org\/pt\/salmos-de-conforto\/\">Conforto<\/a><\/p>\n\n\n\n<p class=\"has-text-align-center\"><a href=\"https:\/\/thebibleverses.org\/pt\/salmos-de-encorajamento\/\" data-type=\"link\" data-id=\"https:\/\/thebibleverses.org\/pt\/salmos-de-encorajamento\/\">Encorajamento<\/a><\/p>\n\n\n\n<p class=\"has-text-align-center\"><a href=\"https:\/\/thebibleverses.org\/pt\/salmos-de-esperanca\/\" data-type=\"link\" data-id=\"https:\/\/thebibleverses.org\/pt\/salmos-de-esperanca\/\">Esperan\u00e7a<\/a><\/p>\n\n\n\n<p class=\"has-text-align-center\"><a href=\"https:\/\/thebibleverses.org\/pt\/salmos-de-fe\/\" data-type=\"link\" data-id=\"https:\/\/thebibleverses.org\/pt\/salmos-de-fe\/\">F\u00e9<\/a><\/p>\n\n\n\n<p class=\"has-text-align-center\"><a href=\"https:\/\/thebibleverses.org\/pt\/salmos-fidelidade-de-deus\/\" data-type=\"link\" data-id=\"https:\/\/thebibleverses.org\/pt\/salmos-fidelidade-de-deus\/\">Fidelidade de Deus<\/a><\/p>\n\n\n\n<p class=\"has-text-align-center\"><a href=\"https:\/\/thebibleverses.org\/pt\/salmos-de-forca\/\" data-type=\"link\" data-id=\"https:\/\/thebibleverses.org\/pt\/salmos-de-forca\/\">For\u00e7a<\/a><\/p>\n\n\n\n<p class=\"has-text-align-center\"><a href=\"https:\/\/thebibleverses.org\/pt\/salmos-graca-de-deus\/\" data-type=\"link\" data-id=\"https:\/\/thebibleverses.org\/pt\/salmos-graca-de-deus\/\">Gra\u00e7a<\/a><\/p>\n<\/div>\n\n\n\n<div class=\"wp-block-column is-layout-flow wp-block-column-is-layout-flow\">\n<p class=\"has-text-align-center\"><a href=\"https:\/\/thebibleverses.org\/pt\/salmos-para-jovens\/\" data-type=\"link\" data-id=\"https:\/\/thebibleverses.org\/pt\/salmos-para-jovens\/\">Jovens<\/a><\/p>\n\n\n\n<p class=\"has-text-align-center\"><a href=\"https:\/\/thebibleverses.org\/pt\/salmos-de-louvor\/\" data-type=\"link\" data-id=\"https:\/\/thebibleverses.org\/pt\/salmos-de-louvor\/\">Louvor<\/a><\/p>\n\n\n\n<p class=\"has-text-align-center\"><a href=\"https:\/\/thebibleverses.org\/pt\/salmos-para-memorizar\/\" data-type=\"link\" data-id=\"https:\/\/thebibleverses.org\/pt\/salmos-para-memorizar\/\">Memorizar<\/a><\/p>\n\n\n\n<p class=\"has-text-align-center\"><a href=\"https:\/\/thebibleverses.org\/pt\/salmos-de-motivacao\/\" data-type=\"link\" data-id=\"https:\/\/thebibleverses.org\/pt\/salmos-de-motivacao\/\">Motiva\u00e7\u00e3o<\/a><\/p>\n\n\n\n<p class=\"has-text-align-center\"><a href=\"https:\/\/thebibleverses.org\/pt\/salmos-para-orar\/\" data-type=\"link\" data-id=\"https:\/\/thebibleverses.org\/pt\/salmos-para-orar\/\">Orar<\/a><\/p>\n\n\n\n<p class=\"has-text-align-center\"><a href=\"https:\/\/thebibleverses.org\/pt\/salmos-de-paz\/\" data-type=\"link\" data-id=\"https:\/\/thebibleverses.org\/pt\/salmos-de-paz\/\">Paz<\/a><\/p>\n\n\n\n<p class=\"has-text-align-center\"><a href=\"https:\/\/thebibleverses.org\/pt\/salmos-de-perseveranca\/\" data-type=\"link\" data-id=\"https:\/\/thebibleverses.org\/pt\/salmos-de-perseveranca\/\">Perseveran\u00e7a<\/a><\/p>\n\n\n\n<p class=\"has-text-align-center\"><a href=\"https:\/\/thebibleverses.org\/pt\/salmos-de-prosperidade\/\" data-type=\"link\" data-id=\"https:\/\/thebibleverses.org\/pt\/salmos-de-prosperidade\/\">Prosperidade<\/a><\/p>\n<\/div>\n<\/div>\n","protected":false},"excerpt":{"rendered":"<p>Vers\u00edculos da B\u00edblia por T\u00f3picos Adora\u00e7\u00e3o Alegria Alimento Espiritual Amizade Amor Amor de Deus Amor de Jesus Arrependimento Batismo Ben\u00e7\u00e3o Buscar a Deus Casamento Confian\u00e7a em Deus Consolo Cura Cura Divina D\u00edzimos Encorajamento Esperan\u00e7a Fam\u00edlia F\u00e9 Fidelidade de Deus For\u00e7a Frutos Gra\u00e7a Gratid\u00e3o Humildade Jejum Jovens Justifica\u00e7\u00e3o Louvor Medo Miseric\u00f3rdia Motiva\u00e7\u00e3o Obedi\u00eancia Ofertas Ora\u00e7\u00e3o Os [&hellip;]<\/p>\n","protected":false},"author":1,"featured_media":0,"parent":0,"menu_order":0,"comment_status":"open","ping_status":"closed","template":"","meta":{"footnotes":""},"class_list":["post-163","page","type-page","status-publish","hentry","entry","fw-tab-6 fw-tabr-4"],"_links":{"self":[{"href":"https:\/\/thebibleverses.org\/pt\/wp-json\/wp\/v2\/pages\/163","targetHints":{"allow":["GET"]}}],"collection":[{"href":"https:\/\/thebibleverses.org\/pt\/wp-json\/wp\/v2\/pages"}],"about":[{"href":"https:\/\/thebibleverses.org\/pt\/wp-json\/wp\/v2\/types\/page"}],"author":[{"embeddable":true,"href":"https:\/\/thebibleverses.org\/pt\/wp-json\/wp\/v2\/users\/1"}],"replies":[{"embeddable":true,"href":"https:\/\/thebibleverses.org\/pt\/wp-json\/wp\/v2\/comments?post=163"}],"version-history":[{"count":2,"href":"https:\/\/thebibleverses.org\/pt\/wp-json\/wp\/v2\/pages\/163\/revisions"}],"predecessor-version":[{"id":2341,"href":"https:\/\/thebibleverses.org\/pt\/wp-json\/wp\/v2\/pages\/163\/revisions\/2341"}],"wp:attachment":[{"href":"https:\/\/thebibleverses.org\/pt\/wp-json\/wp\/v2\/media?parent=163"}],"curies":[{"name":"wp","href":"https:\/\/api.w.org\/{rel}","templated":true}]}}