{"id":152,"date":"2019-10-15T20:51:36","date_gmt":"2019-10-15T20:51:36","guid":{"rendered":"https:\/\/thebibleverses.org\/pt\/?page_id=152"},"modified":"2022-06-25T18:00:31","modified_gmt":"2022-06-25T18:00:31","slug":"familia","status":"publish","type":"page","link":"https:\/\/thebibleverses.org\/pt\/familia\/","title":{"rendered":"15 Vers\u00edculos da B\u00edblia sobre Fam\u00edlia"},"content":{"rendered":"<div class=\"wp-block-image\">\n<figure class=\"aligncenter size-large\"><img decoding=\"async\" width=\"1024\" height=\"631\" data-src=\"https:\/\/thebibleverses.org\/pt\/wp-content\/uploads\/2022\/06\/Versiculos-da-Biblia-sobre-Familia-1024x631.webp\" alt=\"Vers\u00edculos da B\u00edblia sobre Familia\" class=\"wp-image-1540 lazyload\" data-srcset=\"https:\/\/thebibleverses.org\/pt\/wp-content\/uploads\/2022\/06\/Versiculos-da-Biblia-sobre-Familia-1024x631.webp 1024w, https:\/\/thebibleverses.org\/pt\/wp-content\/uploads\/2022\/06\/Versiculos-da-Biblia-sobre-Familia-300x185.webp 300w, https:\/\/thebibleverses.org\/pt\/wp-content\/uploads\/2022\/06\/Versiculos-da-Biblia-sobre-Familia-768x474.webp 768w, https:\/\/thebibleverses.org\/pt\/wp-content\/uploads\/2022\/06\/Versiculos-da-Biblia-sobre-Familia-320x197.webp 320w, https:\/\/thebibleverses.org\/pt\/wp-content\/uploads\/2022\/06\/Versiculos-da-Biblia-sobre-Familia-450x278.webp 450w, https:\/\/thebibleverses.org\/pt\/wp-content\/uploads\/2022\/06\/Versiculos-da-Biblia-sobre-Familia-720x444.webp 720w, https:\/\/thebibleverses.org\/pt\/wp-content\/uploads\/2022\/06\/Versiculos-da-Biblia-sobre-Familia.webp 1200w\" data-sizes=\"(max-width: 1024px) 100vw, 1024px\" src=\"data:image\/svg+xml;base64,PHN2ZyB3aWR0aD0iMSIgaGVpZ2h0PSIxIiB4bWxucz0iaHR0cDovL3d3dy53My5vcmcvMjAwMC9zdmciPjwvc3ZnPg==\" style=\"--smush-placeholder-width: 1024px; --smush-placeholder-aspect-ratio: 1024\/631;\" \/><figcaption>Vers\u00edculos da B\u00edblia sobre Fam\u00edlia &#8211; Nova Vers\u00e3o Internacional (NVI-PT).<\/figcaption><\/figure><\/div>\n\n\n<h2 class=\"wp-block-heading\">Atos 16:31 <\/h2>\n\n\n\n<p>Eles responderam: \u201cCreia no Senhor Jesus, e ser\u00e3o salvos, voc\u00ea e os de sua casa\u201d (Atos 16:31).<\/p>\n\n\n\n<h2 class=\"wp-block-heading\">Jeremias 32:39 <\/h2>\n\n\n\n<p>Darei a eles um s\u00f3 pensamento e uma s\u00f3 conduta, para que me temam durante toda a sua vida, para o seu pr\u00f3prio bem e o de seus filhos e descendentes (Jr 32:39).<\/p>\n\n\n\n<h2 class=\"wp-block-heading\">G\u00eanesis 12:3 <\/h2>\n\n\n\n<p>Aben\u00e7oarei os que o aben\u00e7oarem e amaldi\u00e7oarei os que o amaldi\u00e7oarem; e por meio de voc\u00ea todos os povos da terra ser\u00e3o aben\u00e7oados (G\u00ea 12:3).<\/p>\n\n\n\n<h2 class=\"wp-block-heading\">G\u00eanesis 17:7 <\/h2>\n\n\n\n<p>Estabelecerei a minha alian\u00e7a como alian\u00e7a eterna entre mim e voc\u00ea e os seus futuros descendentes, para ser o seu Deus e o Deus dos seus descendentes (G\u00ea 17:7).<\/p>\n\n\n\n<h2 class=\"wp-block-heading\">G\u00eanesis 28:14 <\/h2>\n\n\n\n<p>Seus descendentes ser\u00e3o como o p\u00f3 da terra, e se espalhar\u00e3o para o Oeste e para o Leste, para o Norte e para o Sul. Todos os povos da terra ser\u00e3o aben\u00e7oados por meio de voc\u00ea e da sua descend\u00eancia (G\u00ea 28:14).<\/p>\n\n\n\n<h2 class=\"wp-block-heading\">G\u00eanesis 35:2 <\/h2>\n\n\n\n<p>Disse, pois, Jac\u00f3 aos de sua casa e a todos os que estavam com ele: Livrem-se dos deuses estrangeiros que est\u00e3o entre voc\u00eas, purifiquem-se e troquem de roupa (G\u00ea 35:2).<\/p>\n\n\n\n<h2 class=\"wp-block-heading\">\u00caxodo 1:21 <\/h2>\n\n\n\n<p>Visto que as parteiras temeram a Deus, ele concedeu-lhes que tivessem suas pr\u00f3prias fam\u00edlias (\u00caxodo 1:21 <\/p>\n\n\n\n<h2 class=\"wp-block-heading\">\u00caxodo 20:12 <\/h2>\n\n\n\n<p>Honra teu pai e tua m\u00e3e, a fim de que tenhas vida longa na terra que o Senhor, o teu Deus, te d\u00e1 (\u00cax 20:12).<\/p>\n\n\n\n<h2 class=\"wp-block-heading\">Deuteron\u00f4mio 12:28 <\/h2>\n\n\n\n<p>Tenham o cuidado de obedecer a todos estes regulamentos que lhes estou dando, para que sempre v\u00e1 tudo bem com voc\u00eas e com os seus filhos, porque estar\u00e3o fazendo o que \u00e9 bom e certo perante o Senhor, o seu Deus (Dt 12:28).<\/p>\n\n\n\n<h2 class=\"wp-block-heading\">Josu\u00e9 24:15 <\/h2>\n\n\n\n<p>Se, por\u00e9m, n\u00e3o lhes agrada servir ao Senhor, escolham hoje a quem ir\u00e3o servir, se aos deuses que os seus antepassados serviram al\u00e9m do Eufrates, ou aos deuses dos amorreus, em cuja terra voc\u00eas est\u00e3o vivendo. Mas, eu e a minha fam\u00edlia serviremos ao Senhor (Josu\u00e9 24:15).<\/p>\n\n\n\n<h2 class=\"wp-block-heading\">Salmos 127:3 <\/h2>\n\n\n\n<p>Os filhos s\u00e3o heran\u00e7a do Senhor, uma recompensa que ele d\u00e1 (Sal 127:3).<\/p>\n\n\n\n<h2 class=\"wp-block-heading\">Prov\u00e9rbios 1:8 <\/h2>\n\n\n\n<p>Ou\u00e7a, meu filho, a instru\u00e7\u00e3o de seu pai e n\u00e3o despreze o ensino de sua m\u00e3e (Pr 1:8).<\/p>\n\n\n\n<h2 class=\"wp-block-heading\">Prov\u00e9rbios 17:6 <\/h2>\n\n\n\n<p>Os filhos dos filhos s\u00e3o uma coroa para os idosos, e os pais s\u00e3o o orgulho dos seus filhos (Pr 17:6).<\/p>\n\n\n\n<h2 class=\"wp-block-heading\">Ef\u00e9sios 2:19 <\/h2>\n\n\n\n<p>Portanto, voc\u00eas j\u00e1 n\u00e3o s\u00e3o estrangeiros nem forasteiros, mas concidad\u00e3os dos santos e membros da fam\u00edlia de Deus (Ef 2:19).<\/p>\n\n\n\n<h2 class=\"wp-block-heading\">1 Tim\u00f3teo 5:8 <\/h2>\n\n\n\n<p>Se algu\u00e9m n\u00e3o cuida de seus parentes, e especialmente dos de sua pr\u00f3pria fam\u00edlia, negou a f\u00e9 e \u00e9 pior que um descrente (1 Tim 5:8).<\/p>\n\n\n\n<h2 class=\"wp-block-heading\">Lee Tambi\u00e9n:<\/h2>\n\n\n\n<ul class=\"wp-block-list\"><li><a href=\"https:\/\/thebibleverses.org\/pt\/\">Vers\u00edculos por T\u00f3picos<\/a><\/li><li><a href=\"https:\/\/thebibleverses.org\/pt\/amor\/\">Vers\u00edculos da B\u00edblia sobre o Amor<\/a><\/li><li><a href=\"https:\/\/thebibleverses.org\/pt\/forca\/\">Vers\u00edculos da B\u00edblia sobre For\u00e7a<\/a><\/li><li><a href=\"https:\/\/thebibleverses.org\/pt\/fe\/\">Vers\u00edculos B\u00edblicos sobre F\u00e9<\/a><\/li><li><a href=\"https:\/\/thebibleverses.org\/pt\/jovens\/\">Vers\u00edculos da B\u00edblia para Jovens<\/a><\/li><li><a href=\"https:\/\/thebibleverses.org\/pt\/amizade\/\">Vers\u00edculos da B\u00edblia sobre Amizade<\/a><\/li><li><a href=\"https:\/\/thebibleverses.org\/pt\/cura\/\">Vers\u00edculos da B\u00edblia sobre Cura<\/a><\/li><\/ul>\n","protected":false},"excerpt":{"rendered":"<p>Atos 16:31 Eles responderam: \u201cCreia no Senhor Jesus, e ser\u00e3o salvos, voc\u00ea e os de sua casa\u201d (Atos 16:31). Jeremias 32:39 Darei a eles um s\u00f3 pensamento e uma s\u00f3 conduta, para que me temam durante toda a sua vida, para o seu pr\u00f3prio bem e o de seus filhos e descendentes (Jr 32:39). G\u00eanesis [&hellip;]<\/p>\n","protected":false},"author":1,"featured_media":1540,"parent":0,"menu_order":0,"comment_status":"open","ping_status":"closed","template":"","meta":{"footnotes":""},"class_list":["post-152","page","type-page","status-publish","has-post-thumbnail","hentry","entry","fw-tab-6 fw-tabr-4"],"_links":{"self":[{"href":"https:\/\/thebibleverses.org\/pt\/wp-json\/wp\/v2\/pages\/152","targetHints":{"allow":["GET"]}}],"collection":[{"href":"https:\/\/thebibleverses.org\/pt\/wp-json\/wp\/v2\/pages"}],"about":[{"href":"https:\/\/thebibleverses.org\/pt\/wp-json\/wp\/v2\/types\/page"}],"author":[{"embeddable":true,"href":"https:\/\/thebibleverses.org\/pt\/wp-json\/wp\/v2\/users\/1"}],"replies":[{"embeddable":true,"href":"https:\/\/thebibleverses.org\/pt\/wp-json\/wp\/v2\/comments?post=152"}],"version-history":[{"count":0,"href":"https:\/\/thebibleverses.org\/pt\/wp-json\/wp\/v2\/pages\/152\/revisions"}],"wp:featuredmedia":[{"embeddable":true,"href":"https:\/\/thebibleverses.org\/pt\/wp-json\/wp\/v2\/media\/1540"}],"wp:attachment":[{"href":"https:\/\/thebibleverses.org\/pt\/wp-json\/wp\/v2\/media?parent=152"}],"curies":[{"name":"wp","href":"https:\/\/api.w.org\/{rel}","templated":true}]}}