{"id":147,"date":"2019-10-15T20:51:18","date_gmt":"2019-10-15T20:51:18","guid":{"rendered":"https:\/\/thebibleverses.org\/pt\/?page_id=147"},"modified":"2022-06-25T17:57:51","modified_gmt":"2022-06-25T17:57:51","slug":"esperanca","status":"publish","type":"page","link":"https:\/\/thebibleverses.org\/pt\/esperanca\/","title":{"rendered":"37 Vers\u00edculos da B\u00edblia sobre Esperan\u00e7a"},"content":{"rendered":"<div class=\"wp-block-image\">\n<figure class=\"aligncenter size-large\"><img decoding=\"async\" width=\"1024\" height=\"631\" data-src=\"https:\/\/thebibleverses.org\/pt\/wp-content\/uploads\/2022\/06\/Versiculos-da-Biblia-sobre-Esperanca-1024x631.webp\" alt=\"Vers\u00edculos da B\u00edblia sobre Esperan\u00e7a\" class=\"wp-image-1536 lazyload\" data-srcset=\"https:\/\/thebibleverses.org\/pt\/wp-content\/uploads\/2022\/06\/Versiculos-da-Biblia-sobre-Esperanca-1024x631.webp 1024w, https:\/\/thebibleverses.org\/pt\/wp-content\/uploads\/2022\/06\/Versiculos-da-Biblia-sobre-Esperanca-300x185.webp 300w, https:\/\/thebibleverses.org\/pt\/wp-content\/uploads\/2022\/06\/Versiculos-da-Biblia-sobre-Esperanca-768x474.webp 768w, https:\/\/thebibleverses.org\/pt\/wp-content\/uploads\/2022\/06\/Versiculos-da-Biblia-sobre-Esperanca-320x197.webp 320w, https:\/\/thebibleverses.org\/pt\/wp-content\/uploads\/2022\/06\/Versiculos-da-Biblia-sobre-Esperanca-450x278.webp 450w, https:\/\/thebibleverses.org\/pt\/wp-content\/uploads\/2022\/06\/Versiculos-da-Biblia-sobre-Esperanca-720x444.webp 720w, https:\/\/thebibleverses.org\/pt\/wp-content\/uploads\/2022\/06\/Versiculos-da-Biblia-sobre-Esperanca.webp 1200w\" data-sizes=\"(max-width: 1024px) 100vw, 1024px\" src=\"data:image\/svg+xml;base64,PHN2ZyB3aWR0aD0iMSIgaGVpZ2h0PSIxIiB4bWxucz0iaHR0cDovL3d3dy53My5vcmcvMjAwMC9zdmciPjwvc3ZnPg==\" style=\"--smush-placeholder-width: 1024px; --smush-placeholder-aspect-ratio: 1024\/631;\" \/><figcaption>Vers\u00edculos da B\u00edblia sobre a Esperan\u00e7a &#8211; Nova Vers\u00e3o Internacional (NVI-PT).<\/figcaption><\/figure><\/div>\n\n\n<h2 class=\"wp-block-heading\">G\u00eanesis 49:18 <\/h2>\n\n\n\n<p>\u00d3 Senhor, eu espero a tua liberta\u00e7\u00e3o! (G\u00ea 49:18).<\/p>\n\n\n\n<h2 class=\"wp-block-heading\">Isa\u00edas 25:9 <\/h2>\n\n\n\n<p>Este \u00e9 o nosso Deus; n\u00f3s confiamos nele, e ele nos salvou. Este \u00e9 o Senhor, n\u00f3s confiamos nele; exultemos e alegremo-nos, pois ele nos salvou (Isa\u00edas 25:9).<\/p>\n\n\n\n<h2 class=\"wp-block-heading\">Salmos 31:24 <\/h2>\n\n\n\n<p>Sejam fortes e corajosos, todos voc\u00eas que esperam no Senhor! (Salmos 31:24 <\/p>\n\n\n\n<h2 class=\"wp-block-heading\">Isa\u00edas 30:18 <\/h2>\n\n\n\n<p>Contudo, o Senhor espera o momento de ser bondoso com voc\u00eas; ele ainda se levantar\u00e1 para mostrar-lhes compaix\u00e3o. Pois o Senhor \u00e9 Deus de justi\u00e7a. Como s\u00e3o felizes todos os que nele esperam! (Is 30:18).<\/p>\n\n\n\n<h2 class=\"wp-block-heading\">Salmos 33:18 <\/h2>\n\n\n\n<p>Mas o Senhor protege aqueles que o temem, aqueles que firmam a esperan\u00e7a no seu amor (Sal 33:18).<\/p>\n\n\n\n<h2 class=\"wp-block-heading\">Isa\u00edas 40:31 <\/h2>\n\n\n\n<p>Mas aqueles que esperam no&nbsp;Senhor&nbsp;renovam as suas for\u00e7as. Voam alto como \u00e1guias;&nbsp;correm e n\u00e3o ficam exaustos, andam e n\u00e3o se cansam (Isa\u00edas 40:31).<\/p>\n\n\n\n<h2 class=\"wp-block-heading\">Jeremias 14:8<\/h2>\n\n\n\n<p>\u00d3 Esperan\u00e7a de Israel, tu que o salvas na hora da adversidade, por que te comportas como um estrangeiro na terra, ou como um viajante que fica somente uma noite? (Jr 14:8).<\/p>\n\n\n\n<h2 class=\"wp-block-heading\">Jeremias 14:22 <\/h2>\n\n\n\n<p>Entre os \u00eddolos in\u00fateis das na\u00e7\u00f5es, existe algum que possa trazer chuva? Podem os c\u00e9us, por si mesmos, produzir chuvas copiosas? Somente tu o podes, Senhor, nosso Deus! Portanto, a nossa esperan\u00e7a est\u00e1 em ti, pois tu fazes todas essas coisas (Jr 14:22).<\/p>\n\n\n\n<h2 class=\"wp-block-heading\">Salmos 38:15 <\/h2>\n\n\n\n<p>Senhor, em ti espero; tu me responder\u00e1s, \u00f3 Senhor meu Deus! (Sal 38:15). <\/p>\n\n\n\n<h2 class=\"wp-block-heading\">Jeremias 29:11 <\/h2>\n\n\n\n<p>Porque sou eu que conhe\u00e7o os planos que tenho para voc\u00eas\u2019, diz o Senhor, \u2018planos de faz\u00ea-los prosperar e n\u00e3o de lhes causar dano, planos de dar-lhes esperan\u00e7a e um futuro (Jr 29:11).<\/p>\n\n\n\n<h2 class=\"wp-block-heading\">Lamenta\u00e7\u00f5es de Jeremias 3:24 <\/h2>\n\n\n\n<p>Digo a mim mesmo: A minha por\u00e7\u00e3o \u00e9 o Senhor; portanto, nele porei a minha esperan\u00e7a (Lam 3:24).<\/p>\n\n\n\n<h2 class=\"wp-block-heading\">Salmos 39:7 <\/h2>\n\n\n\n<p>Mas agora, Senhor, que hei de esperar? Minha esperan\u00e7a est\u00e1 em ti (Sal 39:7).<\/p>\n\n\n\n<h2 class=\"wp-block-heading\">Os\u00e9ias 12:6 <\/h2>\n\n\n\n<p>Portanto, volte para o seu Deus, e pratique a lealdade e a justi\u00e7a; confie sempre no seu Deus (Os 12:6).<\/p>\n\n\n\n<h2 class=\"wp-block-heading\">Miqu\u00e9ias 7:7 <\/h2>\n\n\n\n<p>Mas, quanto a mim, ficarei atento ao Senhor, esperando em Deus, o meu Salvador, pois o meu Deus me ouvir\u00e1 (Miq 7:7).<\/p>\n\n\n\n<h2 class=\"wp-block-heading\">Salmos 40:1 <\/h2>\n\n\n\n<p>Coloquei toda minha esperan\u00e7a no Senhor; ele se inclinou para mim e ouviu o meu grito de socorro (Sal 40:1).<\/p>\n\n\n\n<h2 class=\"wp-block-heading\">Zacarias 9:12 <\/h2>\n\n\n\n<p>Voltem \u00e0 sua fortaleza, \u00f3 prisioneiros da esperan\u00e7a; pois hoje mesmo anuncio que restaurarei tudo em dobro para voc\u00eas (Zac 9:12).<\/p>\n\n\n\n<h2 class=\"wp-block-heading\">Mateus 12:21 <\/h2>\n\n\n\n<p>Em seu nome as na\u00e7\u00f5es por\u00e3o sua esperan\u00e7a (Mt 12:21).<\/p>\n\n\n\n<h2 class=\"wp-block-heading\">Salmos 42:5-6 <\/h2>\n\n\n\n<p>Por que voc\u00ea est\u00e1 assim t\u00e3o triste, \u00f3 minha alma? Por que est\u00e1 assim t\u00e3o perturbada dentro de mim? Ponha a sua esperan\u00e7a em Deus! Pois ainda o louvarei; ele \u00e9 o meu Salvador e o meu Deus (Sal 42:5-6).<\/p>\n\n\n\n<h2 class=\"wp-block-heading\">Atos 24:15 <\/h2>\n\n\n\n<p>E tenho em Deus a mesma esperan\u00e7a desses homens: de que haver\u00e1 ressurrei\u00e7\u00e3o tanto de justos como de injustos (Atos 24:15).<\/p>\n\n\n\n<h2 class=\"wp-block-heading\">Romanos 5:2 <\/h2>\n\n\n\n<p>por meio de quem obtivemos acesso pela f\u00e9 a esta gra\u00e7a na qual agora estamos firmes; e nos gloriamos na esperan\u00e7a da gl\u00f3ria de Deus (Ro 5:2).<\/p>\n\n\n\n<h2 class=\"wp-block-heading\">Romanos 5:3-4 <\/h2>\n\n\n\n<p>N\u00e3o s\u00f3 isso, mas tamb\u00e9m nos gloriamos nas tribula\u00e7\u00f5es, porque sabemos que a tribula\u00e7\u00e3o produz perseveran\u00e7a; a perseveran\u00e7a, um car\u00e1ter aprovado; e o car\u00e1ter aprovado, esperan\u00e7a (Ro 5:3-4).<\/p>\n\n\n\n<h2 class=\"wp-block-heading\">Salmos 62:5 <\/h2>\n\n\n\n<p>Descanse somente em Deus, \u00f3 minha alma; dele vem a minha esperan\u00e7a (Sal 62:5).<\/p>\n\n\n\n<h2 class=\"wp-block-heading\">Romanos 15:12 <\/h2>\n\n\n\n<p>Brotar\u00e1 a raiz de Jess\u00e9, aquele que se levantar\u00e1 para reinar sobre os gentios; estes colocar\u00e3o nele a sua esperan\u00e7a (Ro 15:12).<\/p>\n\n\n\n<h2 class=\"wp-block-heading\">Romanos 15:13<\/h2>\n\n\n\n<p>Que o Deus da esperan\u00e7a os encha de toda alegria e paz, por sua confian\u00e7a nele, para que voc\u00eas transbordem de esperan\u00e7a, pelo poder do Esp\u00edrito Santo (Ro 15:13).<\/p>\n\n\n\n<h2 class=\"wp-block-heading\">Salmos 71:14 <\/h2>\n\n\n\n<p>Mas eu sempre terei esperan\u00e7a e te louvarei cada vez mais (Sal 71:14).<\/p>\n\n\n\n<h2 class=\"wp-block-heading\">1 Cor\u00edntios 15:19 <\/h2>\n\n\n\n<p>Se \u00e9 somente para esta vida que temos esperan\u00e7a em Cristo, somos, de todos os homens, os mais dignos de compaix\u00e3o (1 Co 15:19).<\/p>\n\n\n\n<h2 class=\"wp-block-heading\">2 Cor\u00edntios 1:9-10 <\/h2>\n\n\n\n<p>De fato, j\u00e1 t\u00ednhamos sobre n\u00f3s a senten\u00e7a de morte, para que n\u00e3o confi\u00e1ssemos em n\u00f3s mesmos, mas em Deus, que ressuscita os mortos. Ele nos livrou e continuar\u00e1 nos livrando de tal perigo de morte. Nele temos colocado a nossa esperan\u00e7a de que continuar\u00e1 a livrar-nos (2 Co 1:9-10 ).<\/p>\n\n\n\n<h2 class=\"wp-block-heading\">Salmos 119:166 <\/h2>\n\n\n\n<p>Aguardo a tua salva\u00e7\u00e3o, Senhor, e pratico os teus mandamentos (Sal 119:166).<\/p>\n\n\n\n<h2 class=\"wp-block-heading\">G\u00e1latas 5:5 <\/h2>\n\n\n\n<p>Pois \u00e9 mediante o Esp\u00edrito que n\u00f3s aguardamos pela f\u00e9 a justi\u00e7a, que \u00e9 a nossa esperan\u00e7a (G\u00e1 5:5).<\/p>\n\n\n\n<h2 class=\"wp-block-heading\">Ef\u00e9sios 1:18 <\/h2>\n\n\n\n<p>Oro tamb\u00e9m para que os olhos do cora\u00e7\u00e3o de voc\u00eas sejam iluminados, a fim de que voc\u00eas conhe\u00e7am a esperan\u00e7a para a qual ele os chamou, as riquezas da gloriosa heran\u00e7a dele nos santos (Ef 1:18).<\/p>\n\n\n\n<h2 class=\"wp-block-heading\">Salmos 130:5 <\/h2>\n\n\n\n<p>Espero no Senhor com todo o meu ser, e na sua palavra ponho a minha esperan\u00e7a (Sal 130:5).<\/p>\n\n\n\n<h2 class=\"wp-block-heading\">1 Tim\u00f3teo 4:10 <\/h2>\n\n\n\n<p>Se trabalhamos e lutamos \u00e9 porque temos colocado a nossa esperan\u00e7a no Deus vivo, o Salvador de todos os homens, especialmente dos que cr\u00eaem (1 Tim 4:10).<\/p>\n\n\n\n<h2 class=\"wp-block-heading\">1 Tim\u00f3teo 6:17 <\/h2>\n\n\n\n<p>Ordene aos que s\u00e3o ricos no presente mundo que n\u00e3o sejam arrogantes, nem ponham sua esperan\u00e7a na incerteza da riqueza, mas em Deus, que de tudo nos prov\u00ea ricamente, para a nossa satisfa\u00e7\u00e3o (1 Tim 6:17).<\/p>\n\n\n\n<h2 class=\"wp-block-heading\">Salmos 131:3 <\/h2>\n\n\n\n<p>Ponha a sua esperan\u00e7a no Senhor, \u00f3 Israel, desde agora e para sempre! (Sal 131:3).<\/p>\n\n\n\n<h2 class=\"wp-block-heading\">Hebreus 11:1 <\/h2>\n\n\n\n<p>Ora, a f\u00e9 \u00e9 a certeza daquilo que esperamos e a prova das coisas que n\u00e3o vemos (Heb 11:1).<\/p>\n\n\n\n<h2 class=\"wp-block-heading\">1 Pedro 1:3 <\/h2>\n\n\n\n<p>Bendito seja o Deus e Pai de nosso Senhor Jesus Cristo! Conforme a sua grande miseric\u00f3rdia, ele nos regenerou para uma esperan\u00e7a viva, por meio da ressurrei\u00e7\u00e3o de Jesus Cristo dentre os mortos (1 Pe 1:3).<\/p>\n\n\n\n<h2 class=\"wp-block-heading\">1 Jo\u00e3o 3:3 <\/h2>\n\n\n\n<p>Todo aquele que nele tem esta esperan\u00e7a purifica-se a si mesmo, assim como ele \u00e9 puro (1 Jo\u00e3o 3:3).<\/p>\n\n\n\n<h2 class=\"wp-block-heading\">Lee Tambi\u00e9n:<\/h2>\n\n\n\n<ul class=\"wp-block-list\"><li><a href=\"https:\/\/thebibleverses.org\/pt\/\">Vers\u00edculos por T\u00f3picos<\/a><\/li><li><a href=\"https:\/\/thebibleverses.org\/pt\/amor\/\">Vers\u00edculos da B\u00edblia sobre o Amor<\/a><\/li><li><a href=\"https:\/\/thebibleverses.org\/pt\/forca\/\">Vers\u00edculos da B\u00edblia sobre For\u00e7a<\/a><\/li><li><a href=\"https:\/\/thebibleverses.org\/pt\/fe\/\">Vers\u00edculos B\u00edblicos sobre F\u00e9<\/a><\/li><li><a href=\"https:\/\/thebibleverses.org\/pt\/jovens\/\">Vers\u00edculos da B\u00edblia para Jovens<\/a><\/li><li><a href=\"https:\/\/thebibleverses.org\/pt\/amizade\/\">Vers\u00edculos da B\u00edblia sobre Amizade<\/a><\/li><li><a href=\"https:\/\/thebibleverses.org\/pt\/cura\/\">Vers\u00edculos da B\u00edblia sobre Cura<\/a><\/li><\/ul>\n","protected":false},"excerpt":{"rendered":"<p>G\u00eanesis 49:18 \u00d3 Senhor, eu espero a tua liberta\u00e7\u00e3o! (G\u00ea 49:18). Isa\u00edas 25:9 Este \u00e9 o nosso Deus; n\u00f3s confiamos nele, e ele nos salvou. Este \u00e9 o Senhor, n\u00f3s confiamos nele; exultemos e alegremo-nos, pois ele nos salvou (Isa\u00edas 25:9). Salmos 31:24 Sejam fortes e corajosos, todos voc\u00eas que esperam no Senhor! (Salmos 31:24 [&hellip;]<\/p>\n","protected":false},"author":1,"featured_media":1536,"parent":0,"menu_order":0,"comment_status":"open","ping_status":"closed","template":"","meta":{"footnotes":""},"class_list":["post-147","page","type-page","status-publish","has-post-thumbnail","hentry","entry","fw-tab-6 fw-tabr-4"],"_links":{"self":[{"href":"https:\/\/thebibleverses.org\/pt\/wp-json\/wp\/v2\/pages\/147","targetHints":{"allow":["GET"]}}],"collection":[{"href":"https:\/\/thebibleverses.org\/pt\/wp-json\/wp\/v2\/pages"}],"about":[{"href":"https:\/\/thebibleverses.org\/pt\/wp-json\/wp\/v2\/types\/page"}],"author":[{"embeddable":true,"href":"https:\/\/thebibleverses.org\/pt\/wp-json\/wp\/v2\/users\/1"}],"replies":[{"embeddable":true,"href":"https:\/\/thebibleverses.org\/pt\/wp-json\/wp\/v2\/comments?post=147"}],"version-history":[{"count":0,"href":"https:\/\/thebibleverses.org\/pt\/wp-json\/wp\/v2\/pages\/147\/revisions"}],"wp:featuredmedia":[{"embeddable":true,"href":"https:\/\/thebibleverses.org\/pt\/wp-json\/wp\/v2\/media\/1536"}],"wp:attachment":[{"href":"https:\/\/thebibleverses.org\/pt\/wp-json\/wp\/v2\/media?parent=147"}],"curies":[{"name":"wp","href":"https:\/\/api.w.org\/{rel}","templated":true}]}}