{"id":144,"date":"2019-10-15T20:50:40","date_gmt":"2019-10-15T20:50:40","guid":{"rendered":"https:\/\/thebibleverses.org\/pt\/?page_id=144"},"modified":"2022-06-26T22:36:32","modified_gmt":"2022-06-26T22:36:32","slug":"raiva","status":"publish","type":"page","link":"https:\/\/thebibleverses.org\/pt\/raiva\/","title":{"rendered":"20 Vers\u00edculos da B\u00edblia sobre Raiva"},"content":{"rendered":"<div class=\"wp-block-image\">\n<figure class=\"aligncenter size-large\"><img decoding=\"async\" width=\"1024\" height=\"631\" data-src=\"https:\/\/thebibleverses.org\/pt\/wp-content\/uploads\/2022\/06\/Versiculos-da-Biblia-sobre-Raiva-1024x631.webp\" alt=\"Vers\u00edculos da B\u00edblia sobre Raiva\" class=\"wp-image-1653 lazyload\" data-srcset=\"https:\/\/thebibleverses.org\/pt\/wp-content\/uploads\/2022\/06\/Versiculos-da-Biblia-sobre-Raiva-1024x631.webp 1024w, https:\/\/thebibleverses.org\/pt\/wp-content\/uploads\/2022\/06\/Versiculos-da-Biblia-sobre-Raiva-300x185.webp 300w, https:\/\/thebibleverses.org\/pt\/wp-content\/uploads\/2022\/06\/Versiculos-da-Biblia-sobre-Raiva-768x474.webp 768w, https:\/\/thebibleverses.org\/pt\/wp-content\/uploads\/2022\/06\/Versiculos-da-Biblia-sobre-Raiva-320x197.webp 320w, https:\/\/thebibleverses.org\/pt\/wp-content\/uploads\/2022\/06\/Versiculos-da-Biblia-sobre-Raiva-450x278.webp 450w, https:\/\/thebibleverses.org\/pt\/wp-content\/uploads\/2022\/06\/Versiculos-da-Biblia-sobre-Raiva-720x444.webp 720w, https:\/\/thebibleverses.org\/pt\/wp-content\/uploads\/2022\/06\/Versiculos-da-Biblia-sobre-Raiva.webp 1200w\" data-sizes=\"(max-width: 1024px) 100vw, 1024px\" src=\"data:image\/svg+xml;base64,PHN2ZyB3aWR0aD0iMSIgaGVpZ2h0PSIxIiB4bWxucz0iaHR0cDovL3d3dy53My5vcmcvMjAwMC9zdmciPjwvc3ZnPg==\" style=\"--smush-placeholder-width: 1024px; --smush-placeholder-aspect-ratio: 1024\/631;\" \/><figcaption>Vers\u00edculos da B\u00edblia sobre Raiva &#8211; Nova Vers\u00e3o Internacional (NVI-PT).<\/figcaption><\/figure><\/div>\n\n\n<h2 class=\"wp-block-heading\">Salmos 37:8 <\/h2>\n\n\n\n<p>Evite a ira e rejeite a f\u00faria; n\u00e3o se irrite: isso s\u00f3 leva ao mal (Sal 37:8).<\/p>\n\n\n\n<h2 class=\"wp-block-heading\">Prov\u00e9rbios 10:19 <\/h2>\n\n\n\n<p>Quando s\u00e3o muitas as palavras, o pecado est\u00e1 presente, mas quem controla a l\u00edngua \u00e9 sensato (Pr 10:19).<\/p>\n\n\n\n<h2 class=\"wp-block-heading\">Prov\u00e9rbios 11:23 <\/h2>\n\n\n\n<p>O desejo dos justos resulta em bem; a esperan\u00e7a dos \u00edmpios, em ira (Pr 11:23).<\/p>\n\n\n\n<h2 class=\"wp-block-heading\">Prov\u00e9rbios 14:29 <\/h2>\n\n\n\n<p>O homem paciente d\u00e1 prova de grande entendimento, mas o precipitado revela insensatez (Pr 14:29). <\/p>\n\n\n\n<h2 class=\"wp-block-heading\">Prov\u00e9rbios 16:32 <\/h2>\n\n\n\n<p>Melhor \u00e9 o homem paciente do que o guerreiro, mais vale controlar o seu esp\u00edrito do que conquistar uma cidade (Pr 16:32).<\/p>\n\n\n\n<h2 class=\"wp-block-heading\">Prov\u00e9rbios 17:27 <\/h2>\n\n\n\n<p>Quem tem conhecimento \u00e9 comedido no falar, e quem tem entendimento \u00e9 de esp\u00edrito sereno (Pr 17:27).<\/p>\n\n\n\n<h2 class=\"wp-block-heading\">Eclesiastes 7:9 <\/h2>\n\n\n\n<p>N\u00e3o permita que a ira domine depressa o seu esp\u00edrito, pois a ira se aloja no \u00edntimo dos tolos (Ecl 7:9).<\/p>\n\n\n\n<h2 class=\"wp-block-heading\">Eclesiastes 11:10 <\/h2>\n\n\n\n<p>Afaste do cora\u00e7\u00e3o a ansiedade e acabe com o sofrimento do seu corpo, pois a juventude e o vigor s\u00e3o passageiros (Ecl 11:10).<\/p>\n\n\n\n<h2 class=\"wp-block-heading\">Mateus 5:22-24 <\/h2>\n\n\n\n<p>Mas eu lhes digo que qualquer que se irar contra seu irm\u00e3o estar\u00e1 sujeito a julgamento. Tamb\u00e9m, qualquer que disser a seu irm\u00e3o: \u2018Rac\u00e1\u2019, ser\u00e1 levado ao tribunal. E qualquer que disser: \u2018Louco!\u2019, corre o risco de ir para o fogo do inferno. \u201cPortanto, se voc\u00ea estiver apresentando sua oferta diante do altar e ali se lembrar de que seu irm\u00e3o tem algo contra voc\u00ea, deixe sua oferta ali, diante do altar, e v\u00e1 primeiro reconciliar-se com seu irm\u00e3o; depois volte e apresente sua oferta (Mt 5:22-24).<\/p>\n\n\n\n<h2 class=\"wp-block-heading\">1 Cor\u00edntios 1:10 <\/h2>\n\n\n\n<p>Irm\u00e3os, em nome de nosso Senhor Jesus Cristo suplico a todos voc\u00eas que concordem uns com os outros no que falam, para que n\u00e3o haja divis\u00f5es entre voc\u00eas; antes, que todos estejam unidos num s\u00f3 pensamento e num s\u00f3 parecer (1 Co 1:10).<\/p>\n\n\n\n<h2 class=\"wp-block-heading\">Ef\u00e9sios 4:26 <\/h2>\n\n\n\n<p>\u201cQuando voc\u00eas ficarem irados, n\u00e3o pequem\u201d. Apazig\u00faem a sua ira antes que o sol se ponha (Ef 4:26).<\/p>\n\n\n\n<h2 class=\"wp-block-heading\">Ef\u00e9sios 4:31 <\/h2>\n\n\n\n<p>Livrem-se de toda amargura, indigna\u00e7\u00e3o e ira, gritaria e cal\u00fania, bem como de toda maldade (Ef 4:31).<\/p>\n\n\n\n<h2 class=\"wp-block-heading\">Colossenses 3:8 <\/h2>\n\n\n\n<p>Mas agora, abandonem todas estas coisas: ira, indigna\u00e7\u00e3o, maldade, maledic\u00eancia e linguagem indecente no falar (Col 3:8).<\/p>\n\n\n\n<h2 class=\"wp-block-heading\">2 Tim\u00f3teo 2:24-25 <\/h2>\n\n\n\n<p>Ao servo do Senhor n\u00e3o conv\u00e9m brigar mas, sim, ser am\u00e1vel para com todos, apto para ensinar, paciente. Deve corrigir com mansid\u00e3o os que se lhe op\u00f5em, na esperan\u00e7a de que Deus lhes conceda o arrependimento, levando-os ao conhecimento da verdade (2 Tim 2:24-25).<\/p>\n\n\n\n<h2 class=\"wp-block-heading\">Tito 1:7 <\/h2>\n\n\n\n<p>Por ser encarregado da obra de Deus, \u00e9 necess\u00e1rio que o bispo seja irrepreens\u00edvel: n\u00e3o orgulhoso, n\u00e3o briguento, n\u00e3o apegado ao vinho, n\u00e3o violento, nem \u00e1vido por lucro desonesto (Tit 1:7).<\/p>\n\n\n\n<h2 class=\"wp-block-heading\">Tiago 1:19-20 <\/h2>\n\n\n\n<p>Meus amados irm\u00e3os, tenham isto em mente: Sejam todos prontos para ouvir, tardios para falar e tardios para irar-se, pois a ira do homem n\u00e3o produz a justi\u00e7a de Deus (Tiago 1:19-20).<\/p>\n\n\n\n<h2 class=\"wp-block-heading\">Tiago 1:26 <\/h2>\n\n\n\n<p>Se algu\u00e9m se considera religioso, mas n\u00e3o refreia a sua l\u00edngua, engana-se a si mesmo. Sua religi\u00e3o n\u00e3o tem valor algum! (Tiago 1:26).<\/p>\n\n\n\n<h2 class=\"wp-block-heading\">Tiago 3:7-10 <\/h2>\n\n\n\n<p>Toda esp\u00e9cie de animais, aves, r\u00e9pteis e criaturas do mar doma-se e tem sido domada pela esp\u00e9cie humana; a l\u00edngua, por\u00e9m, ningu\u00e9m consegue domar. \u00c9 um mal incontrol\u00e1vel, cheio de veneno mort\u00edfero. Com a l\u00edngua bendizemos o Senhor e Pai, e com ela amaldi\u00e7oamos os homens, feitos \u00e0 semelhan\u00e7a de Deus. Da mesma boca procedem b\u00ean\u00e7\u00e3o e maldi\u00e7\u00e3o. Meus irm\u00e3os, n\u00e3o pode ser assim! (Tiago 3:7-10).<\/p>\n\n\n\n<h2 class=\"wp-block-heading\">1 Jo\u00e3o 2:9 <\/h2>\n\n\n\n<p>Quem afirma estar na luz mas odeia seu irm\u00e3o, continua nas trevas (1 Jo\u00e3o 2:9).<\/p>\n\n\n\n<h2 class=\"wp-block-heading\">1 Jo\u00e3o 4:20<\/h2>\n\n\n\n<p>Se algu\u00e9m afirmar: \u201cEu amo a Deus\u201d, mas odiar seu irm\u00e3o, \u00e9 mentiroso, pois quem n\u00e3o ama seu irm\u00e3o, a quem v\u00ea, n\u00e3o pode amar a Deus, a quem n\u00e3o v\u00ea (1 Jo\u00e3o 4:20).<\/p>\n\n\n\n<h2 class=\"wp-block-heading\">Lee Tambi\u00e9n:<\/h2>\n\n\n\n<ul class=\"wp-block-list\"><li><a href=\"https:\/\/thebibleverses.org\/pt\/\">Vers\u00edculos por T\u00f3picos<\/a><\/li><li><a href=\"https:\/\/thebibleverses.org\/pt\/amor\/\">Vers\u00edculos da B\u00edblia sobre o Amor<\/a><\/li><li><a href=\"https:\/\/thebibleverses.org\/pt\/forca\/\">Vers\u00edculos da B\u00edblia sobre For\u00e7a<\/a><\/li><li><a href=\"https:\/\/thebibleverses.org\/pt\/fe\/\">Vers\u00edculos B\u00edblicos sobre F\u00e9<\/a><\/li><li><a href=\"https:\/\/thebibleverses.org\/pt\/jovens\/\">Vers\u00edculos da B\u00edblia para Jovens<\/a><\/li><li><a href=\"https:\/\/thebibleverses.org\/pt\/amizade\/\">Vers\u00edculos da B\u00edblia sobre Amizade<\/a><\/li><li><a href=\"https:\/\/thebibleverses.org\/pt\/cura\/\">Vers\u00edculos da B\u00edblia sobre Cura<\/a><\/li><\/ul>\n","protected":false},"excerpt":{"rendered":"<p>Salmos 37:8 Evite a ira e rejeite a f\u00faria; n\u00e3o se irrite: isso s\u00f3 leva ao mal (Sal 37:8). Prov\u00e9rbios 10:19 Quando s\u00e3o muitas as palavras, o pecado est\u00e1 presente, mas quem controla a l\u00edngua \u00e9 sensato (Pr 10:19). Prov\u00e9rbios 11:23 O desejo dos justos resulta em bem; a esperan\u00e7a dos \u00edmpios, em ira (Pr [&hellip;]<\/p>\n","protected":false},"author":1,"featured_media":1653,"parent":0,"menu_order":0,"comment_status":"open","ping_status":"closed","template":"","meta":{"footnotes":""},"class_list":["post-144","page","type-page","status-publish","has-post-thumbnail","hentry","entry","fw-tab-6 fw-tabr-4"],"_links":{"self":[{"href":"https:\/\/thebibleverses.org\/pt\/wp-json\/wp\/v2\/pages\/144","targetHints":{"allow":["GET"]}}],"collection":[{"href":"https:\/\/thebibleverses.org\/pt\/wp-json\/wp\/v2\/pages"}],"about":[{"href":"https:\/\/thebibleverses.org\/pt\/wp-json\/wp\/v2\/types\/page"}],"author":[{"embeddable":true,"href":"https:\/\/thebibleverses.org\/pt\/wp-json\/wp\/v2\/users\/1"}],"replies":[{"embeddable":true,"href":"https:\/\/thebibleverses.org\/pt\/wp-json\/wp\/v2\/comments?post=144"}],"version-history":[{"count":0,"href":"https:\/\/thebibleverses.org\/pt\/wp-json\/wp\/v2\/pages\/144\/revisions"}],"wp:featuredmedia":[{"embeddable":true,"href":"https:\/\/thebibleverses.org\/pt\/wp-json\/wp\/v2\/media\/1653"}],"wp:attachment":[{"href":"https:\/\/thebibleverses.org\/pt\/wp-json\/wp\/v2\/media?parent=144"}],"curies":[{"name":"wp","href":"https:\/\/api.w.org\/{rel}","templated":true}]}}