{"id":133,"date":"2019-10-10T22:55:08","date_gmt":"2019-10-10T22:55:08","guid":{"rendered":"https:\/\/thebibleverses.org\/pt\/?page_id=133"},"modified":"2022-06-25T21:45:39","modified_gmt":"2022-06-25T21:45:39","slug":"dez-mandamentos","status":"publish","type":"page","link":"https:\/\/thebibleverses.org\/pt\/dez-mandamentos\/","title":{"rendered":"Os Dez Mandamentos nos Vers\u00edculos da B\u00edblia"},"content":{"rendered":"<div class=\"wp-block-image\">\n<figure class=\"aligncenter size-large\"><img decoding=\"async\" width=\"1024\" height=\"631\" data-src=\"https:\/\/thebibleverses.org\/pt\/wp-content\/uploads\/2022\/06\/Versiculos-da-Biblia-sobre-Os-Dez-Mandamentos-1024x631.webp\" alt=\"Vers\u00edculos da B\u00edblia sobre Os Dez Mandamentos\" class=\"wp-image-1605 lazyload\" data-srcset=\"https:\/\/thebibleverses.org\/pt\/wp-content\/uploads\/2022\/06\/Versiculos-da-Biblia-sobre-Os-Dez-Mandamentos-1024x631.webp 1024w, https:\/\/thebibleverses.org\/pt\/wp-content\/uploads\/2022\/06\/Versiculos-da-Biblia-sobre-Os-Dez-Mandamentos-300x185.webp 300w, https:\/\/thebibleverses.org\/pt\/wp-content\/uploads\/2022\/06\/Versiculos-da-Biblia-sobre-Os-Dez-Mandamentos-768x474.webp 768w, https:\/\/thebibleverses.org\/pt\/wp-content\/uploads\/2022\/06\/Versiculos-da-Biblia-sobre-Os-Dez-Mandamentos-320x197.webp 320w, https:\/\/thebibleverses.org\/pt\/wp-content\/uploads\/2022\/06\/Versiculos-da-Biblia-sobre-Os-Dez-Mandamentos-450x278.webp 450w, https:\/\/thebibleverses.org\/pt\/wp-content\/uploads\/2022\/06\/Versiculos-da-Biblia-sobre-Os-Dez-Mandamentos-720x444.webp 720w, https:\/\/thebibleverses.org\/pt\/wp-content\/uploads\/2022\/06\/Versiculos-da-Biblia-sobre-Os-Dez-Mandamentos.webp 1200w\" data-sizes=\"(max-width: 1024px) 100vw, 1024px\" src=\"data:image\/svg+xml;base64,PHN2ZyB3aWR0aD0iMSIgaGVpZ2h0PSIxIiB4bWxucz0iaHR0cDovL3d3dy53My5vcmcvMjAwMC9zdmciPjwvc3ZnPg==\" style=\"--smush-placeholder-width: 1024px; --smush-placeholder-aspect-ratio: 1024\/631;\" \/><figcaption>Os Dez Mandamentos nos Vers\u00edculos da B\u00edblia &#8211; Nova Vers\u00e3o Internacional (NVI-PT).<\/figcaption><\/figure><\/div>\n\n\n<h2 class=\"wp-block-heading\">\u00caxodo 20:3 <\/h2>\n\n\n\n<p>N\u00e3o ter\u00e1s outros deuses al\u00e9m de mim (\u00cax 20:3).<\/p>\n\n\n\n<h2 class=\"wp-block-heading\">\u00caxodo 20:4 <\/h2>\n\n\n\n<p>N\u00e3o far\u00e1s para ti nenhum \u00eddolo, nenhuma imagem de qualquer coisa no c\u00e9u, na terra, ou nas \u00e1guas debaixo da terra (\u00cax 20:4).<\/p>\n\n\n\n<h2 class=\"wp-block-heading\">\u00caxodo 20:7 <\/h2>\n\n\n\n<p>N\u00e3o tomar\u00e1s em v\u00e3o o nome do Senhor, o teu Deus, pois o Senhor n\u00e3o deixar\u00e1 impune quem tomar o seu nome em v\u00e3o (\u00cax 20:7).<\/p>\n\n\n\n<h2 class=\"wp-block-heading\">\u00caxodo 20:8 <\/h2>\n\n\n\n<p>Lembra-te do dia de s\u00e1bado, para santific\u00e1-lo (\u00cax 20:8).<\/p>\n\n\n\n<h2 class=\"wp-block-heading\">\u00caxodo 20:12 <\/h2>\n\n\n\n<p>Honra teu pai e tua m\u00e3e, a fim de que tenhas vida longa na terra que o Senhor, o teu Deus, te d\u00e1 (\u00cax 20:12).<\/p>\n\n\n\n<h2 class=\"wp-block-heading\">\u00caxodo 20:13 <\/h2>\n\n\n\n<p>N\u00e3o matar\u00e1s (\u00cax 20:13).<\/p>\n\n\n\n<h2 class=\"wp-block-heading\">\u00caxodo 20:14 <\/h2>\n\n\n\n<p>N\u00e3o adulterar\u00e1s (\u00cax 20:14).<\/p>\n\n\n\n<h2 class=\"wp-block-heading\">\u00caxodo 20:15 <\/h2>\n\n\n\n<p>N\u00e3o furtar\u00e1s (\u00cax 20:15).<\/p>\n\n\n\n<h2 class=\"wp-block-heading\">\u00caxodo 20:16 <\/h2>\n\n\n\n<p>N\u00e3o dar\u00e1s falso testemunho contra o teu pr\u00f3ximo (\u00cax 20:16).<\/p>\n\n\n\n<h2 class=\"wp-block-heading\">\u00caxodo 20:17 <\/h2>\n\n\n\n<p>N\u00e3o cobi\u00e7ar\u00e1s a casa do teu pr\u00f3ximo. N\u00e3o cobi\u00e7ar\u00e1s a mulher do teu pr\u00f3ximo, nem seus servos ou servas, nem seu boi ou jumento, nem coisa alguma que lhe perten\u00e7a (\u00cax 20:17).<\/p>\n\n\n\n<h2 class=\"wp-block-heading\">Lee Tambi\u00e9n:<\/h2>\n\n\n\n<ul class=\"wp-block-list\"><li><a href=\"https:\/\/thebibleverses.org\/pt\/\">Vers\u00edculos por T\u00f3picos<\/a><\/li><li><a href=\"https:\/\/thebibleverses.org\/pt\/amor\/\">Vers\u00edculos da B\u00edblia sobre o Amor<\/a><\/li><li><a href=\"https:\/\/thebibleverses.org\/pt\/forca\/\">Vers\u00edculos da B\u00edblia sobre For\u00e7a<\/a><\/li><li><a href=\"https:\/\/thebibleverses.org\/pt\/fe\/\">Vers\u00edculos B\u00edblicos sobre F\u00e9<\/a><\/li><li><a href=\"https:\/\/thebibleverses.org\/pt\/jovens\/\">Vers\u00edculos da B\u00edblia para Jovens<\/a><\/li><li><a href=\"https:\/\/thebibleverses.org\/pt\/amizade\/\">Vers\u00edculos da B\u00edblia sobre Amizade<\/a><\/li><li><a href=\"https:\/\/thebibleverses.org\/pt\/cura\/\">Vers\u00edculos da B\u00edblia sobre Cura<\/a><\/li><\/ul>\n","protected":false},"excerpt":{"rendered":"<p>\u00caxodo 20:3 N\u00e3o ter\u00e1s outros deuses al\u00e9m de mim (\u00cax 20:3). \u00caxodo 20:4 N\u00e3o far\u00e1s para ti nenhum \u00eddolo, nenhuma imagem de qualquer coisa no c\u00e9u, na terra, ou nas \u00e1guas debaixo da terra (\u00cax 20:4). \u00caxodo 20:7 N\u00e3o tomar\u00e1s em v\u00e3o o nome do Senhor, o teu Deus, pois o Senhor n\u00e3o deixar\u00e1 impune [&hellip;]<\/p>\n","protected":false},"author":1,"featured_media":1605,"parent":0,"menu_order":0,"comment_status":"open","ping_status":"closed","template":"","meta":{"footnotes":""},"class_list":["post-133","page","type-page","status-publish","has-post-thumbnail","hentry","entry","fw-tab-6 fw-tabr-4"],"_links":{"self":[{"href":"https:\/\/thebibleverses.org\/pt\/wp-json\/wp\/v2\/pages\/133","targetHints":{"allow":["GET"]}}],"collection":[{"href":"https:\/\/thebibleverses.org\/pt\/wp-json\/wp\/v2\/pages"}],"about":[{"href":"https:\/\/thebibleverses.org\/pt\/wp-json\/wp\/v2\/types\/page"}],"author":[{"embeddable":true,"href":"https:\/\/thebibleverses.org\/pt\/wp-json\/wp\/v2\/users\/1"}],"replies":[{"embeddable":true,"href":"https:\/\/thebibleverses.org\/pt\/wp-json\/wp\/v2\/comments?post=133"}],"version-history":[{"count":0,"href":"https:\/\/thebibleverses.org\/pt\/wp-json\/wp\/v2\/pages\/133\/revisions"}],"wp:featuredmedia":[{"embeddable":true,"href":"https:\/\/thebibleverses.org\/pt\/wp-json\/wp\/v2\/media\/1605"}],"wp:attachment":[{"href":"https:\/\/thebibleverses.org\/pt\/wp-json\/wp\/v2\/media?parent=133"}],"curies":[{"name":"wp","href":"https:\/\/api.w.org\/{rel}","templated":true}]}}