{"id":130,"date":"2019-10-10T22:54:29","date_gmt":"2019-10-10T22:54:29","guid":{"rendered":"https:\/\/thebibleverses.org\/pt\/?page_id=130"},"modified":"2022-06-25T17:40:02","modified_gmt":"2022-06-25T17:40:02","slug":"buscar-a-deus","status":"publish","type":"page","link":"https:\/\/thebibleverses.org\/pt\/buscar-a-deus\/","title":{"rendered":"25 Vers\u00edculos da B\u00edblia sobre Buscar a Deus"},"content":{"rendered":"<div class=\"wp-block-image\">\n<figure class=\"aligncenter size-large\"><img decoding=\"async\" width=\"1024\" height=\"631\" data-src=\"https:\/\/thebibleverses.org\/pt\/wp-content\/uploads\/2022\/06\/Versiculos-da-Biblia-sobre-Buscar-a-Deus-1024x631.webp\" alt=\"Vers\u00edculos da B\u00edblia sobre Buscar a Deus\" class=\"wp-image-1517 lazyload\" data-srcset=\"https:\/\/thebibleverses.org\/pt\/wp-content\/uploads\/2022\/06\/Versiculos-da-Biblia-sobre-Buscar-a-Deus-1024x631.webp 1024w, https:\/\/thebibleverses.org\/pt\/wp-content\/uploads\/2022\/06\/Versiculos-da-Biblia-sobre-Buscar-a-Deus-300x185.webp 300w, https:\/\/thebibleverses.org\/pt\/wp-content\/uploads\/2022\/06\/Versiculos-da-Biblia-sobre-Buscar-a-Deus-768x474.webp 768w, https:\/\/thebibleverses.org\/pt\/wp-content\/uploads\/2022\/06\/Versiculos-da-Biblia-sobre-Buscar-a-Deus-320x197.webp 320w, https:\/\/thebibleverses.org\/pt\/wp-content\/uploads\/2022\/06\/Versiculos-da-Biblia-sobre-Buscar-a-Deus-450x278.webp 450w, https:\/\/thebibleverses.org\/pt\/wp-content\/uploads\/2022\/06\/Versiculos-da-Biblia-sobre-Buscar-a-Deus-720x444.webp 720w, https:\/\/thebibleverses.org\/pt\/wp-content\/uploads\/2022\/06\/Versiculos-da-Biblia-sobre-Buscar-a-Deus.webp 1200w\" data-sizes=\"(max-width: 1024px) 100vw, 1024px\" src=\"data:image\/svg+xml;base64,PHN2ZyB3aWR0aD0iMSIgaGVpZ2h0PSIxIiB4bWxucz0iaHR0cDovL3d3dy53My5vcmcvMjAwMC9zdmciPjwvc3ZnPg==\" style=\"--smush-placeholder-width: 1024px; --smush-placeholder-aspect-ratio: 1024\/631;\" \/><figcaption>Vers\u00edculos da B\u00edblia sobre Buscar a Deus &#8211; Nova Vers\u00e3o Internacional (NVI-PT).<\/figcaption><\/figure><\/div>\n\n\n<h2 class=\"wp-block-heading\">1 Cr\u00f4nicas 16:10-11 <\/h2>\n\n\n\n<p>Gloriem-se no seu santo nome; alegre-se o cora\u00e7\u00e3o dos que buscam o Senhor. Olhem para o Senhor e para a sua for\u00e7a; busquem sempre a sua face (1 Cr\u00f4 16:10-11).<\/p>\n\n\n\n<h2 class=\"wp-block-heading\">2 Cr\u00f4nicas 7:14 <\/h2>\n\n\n\n<p>Se o meu povo, que se chama pelo meu nome, se humilhar e orar, buscar a minha face e se afastar dos seus maus caminhos, dos c\u00e9us o ouvirei, perdoarei o seu pecado e curarei a sua terra (2 Cr\u00f4 7:14).<\/p>\n\n\n\n<h2 class=\"wp-block-heading\">2 Cr\u00f4nicas 15:2b<\/h2>\n\n\n\n<p>O Senhor est\u00e1 com voc\u00eas quando voc\u00eas est\u00e3o com ele. Se o buscarem, ele deixar\u00e1 que o encontrem, mas, se o abandonarem, ele os abandonar\u00e1 (2 Cr\u00f4 15:2b).<\/p>\n\n\n\n<h2 class=\"wp-block-heading\">Salmos 9:10 <\/h2>\n\n\n\n<p>Os que conhecem o teu nome confiam em ti, pois tu, Senhor, jamais abandonas os que te buscam (Sal 9:10).<\/p>\n\n\n\n<h2 class=\"wp-block-heading\">Salmos 10:4 <\/h2>\n\n\n\n<p>Em sua presun\u00e7\u00e3o o \u00edmpio n\u00e3o o busca; n\u00e3o h\u00e1 lugar para Deus em nenhum dos seus planos (Sal 10:4).<\/p>\n\n\n\n<h2 class=\"wp-block-heading\">Salmos 14:2 <\/h2>\n\n\n\n<p>O Senhor olha dos c\u00e9us para os filhos dos homens, para ver se h\u00e1 algu\u00e9m que tenha entendimento, algu\u00e9m que busque a Deus (Sal 14:2).<\/p>\n\n\n\n<h2 class=\"wp-block-heading\">Salmos 27:8 <\/h2>\n\n\n\n<p>A teu respeito diz o meu cora\u00e7\u00e3o: Busque a minha face! A tua face, Senhor, buscarei (Sal 27:8). <\/p>\n\n\n\n<h2 class=\"wp-block-heading\">Salmos 34:4 <\/h2>\n\n\n\n<p>Busquei o Senhor, e ele me respondeu; livrou-me de todos os meus temores (Sal 34:4).<\/p>\n\n\n\n<h2 class=\"wp-block-heading\">Salmos 34:10 <\/h2>\n\n\n\n<p>Os le\u00f5es podem passar necessidade e fome, mas os que buscam o Senhor de nada t\u00eam falta (Sal 34:10).<\/p>\n\n\n\n<h2 class=\"wp-block-heading\">Salmos 63:1 <\/h2>\n\n\n\n<p>\u00d3 Deus, tu \u00e9s o meu Deus, eu te busco intensamente; a minha alma tem sede de ti! Todo o meu ser anseia por ti, numa terra seca, exausta e sem \u00e1gua (Sal 63:1).<\/p>\n\n\n\n<h2 class=\"wp-block-heading\">Salmos 105:4 <\/h2>\n\n\n\n<p>Recorram ao Senhor e ao seu poder; busquem sempre a sua presen\u00e7a (Sal 105:4).<\/p>\n\n\n\n<h2 class=\"wp-block-heading\">Salmos 119:2 <\/h2>\n\n\n\n<p>Como s\u00e3o felizes os que obedecem aos seus estatutos e de todo o cora\u00e7\u00e3o o buscam! (Sal 119:2).<\/p>\n\n\n\n<h2 class=\"wp-block-heading\">Salmos 119:45 <\/h2>\n\n\n\n<p>Andarei em verdadeira liberdade, pois tenho buscado os teus preceitos (Sal 119:45).<\/p>\n\n\n\n<h2 class=\"wp-block-heading\">Prov\u00e9rbios 8:17 <\/h2>\n\n\n\n<p>Amo os que me amam, e quem me procura me encontra (Pr 8:17).<\/p>\n\n\n\n<h2 class=\"wp-block-heading\">Prov\u00e9rbios 15:14 <\/h2>\n\n\n\n<p>O cora\u00e7\u00e3o que sabe discernir busca o conhecimento, mas a boca dos tolos alimenta-se de insensatez (Pr 15:14).<\/p>\n\n\n\n<h2 class=\"wp-block-heading\">Prov\u00e9rbios 28:5 <\/h2>\n\n\n\n<p>Os homens maus n\u00e3o entendem a justi\u00e7a, mas os que buscam o Senhor a entendem plenamente (Pr 28:5).<\/p>\n\n\n\n<h2 class=\"wp-block-heading\">Isa\u00edas 55:6 <\/h2>\n\n\n\n<p>Busquem o Senhor enquanto \u00e9 poss\u00edvel ach\u00e1-lo; clamem por ele enquanto est\u00e1 perto (Is 55:6). <\/p>\n\n\n\n<h2 class=\"wp-block-heading\">Lamenta\u00e7\u00f5es de Jeremias 3:25 <\/h2>\n\n\n\n<p>O Senhor \u00e9 bom para com aqueles cuja esperan\u00e7a est\u00e1 nele, para com aqueles que o buscam (Lam 3:25).<\/p>\n\n\n\n<h2 class=\"wp-block-heading\">Am\u00f3s 5:4 <\/h2>\n\n\n\n<p>Assim diz o Senhor \u00e0 na\u00e7\u00e3o de Israel: Busquem-me e ter\u00e3o vida (Am\u00f3s 5:4).<\/p>\n\n\n\n<h2 class=\"wp-block-heading\">Zacarias 8:21 <\/h2>\n\n\n\n<p>E os habitantes de uma cidade ir\u00e3o a outra e dir\u00e3o: Vamos logo suplicar o favor do Senhor e buscar o Senhor dos Ex\u00e9rcitos. Eu mesmo j\u00e1 estou indo (Zcc 8:21).<\/p>\n\n\n\n<h2 class=\"wp-block-heading\">Mateus 6:33 <\/h2>\n\n\n\n<p>Busquem, pois, em primeiro lugar o Reino de Deus e a sua justi\u00e7a, e todas essas coisas lhes ser\u00e3o acrescentadas (Mt 6:33).<\/p>\n\n\n\n<h2 class=\"wp-block-heading\">Mateus 7:7 <\/h2>\n\n\n\n<p>Pe\u00e7am, e lhes ser\u00e1 dado; busquem, e encontrar\u00e3o; batam, e a porta lhes ser\u00e1 aberta (Mt 7:7).<\/p>\n\n\n\n<h2 class=\"wp-block-heading\">Lucas 11:10 <\/h2>\n\n\n\n<p>Pois todo o que pede, recebe; o que busca, encontra; e \u00e0quele que bate, a porta ser\u00e1 aberta (Lc 11:10).<\/p>\n\n\n\n<h2 class=\"wp-block-heading\">Colossenses 3:1 <\/h2>\n\n\n\n<p> Portanto, j\u00e1 que voc\u00eas ressuscitaram com Cristo, procurem as coisas que s\u00e3o do alto, onde Cristo est\u00e1 assentado \u00e0 direita de Deus (Col 3:1).<\/p>\n\n\n\n<h2 class=\"wp-block-heading\">Hebreus 11:6 <\/h2>\n\n\n\n<p>Sem f\u00e9 \u00e9 imposs\u00edvel agradar a Deus, pois quem dele se aproxima precisa crer que ele existe e que recompensa aqueles que o buscam (Heb 11:6).<\/p>\n\n\n\n<h2 class=\"wp-block-heading\">Lee Tambi\u00e9n:<\/h2>\n\n\n\n<ul class=\"wp-block-list\"><li><a href=\"https:\/\/thebibleverses.org\/pt\/\">Vers\u00edculos por T\u00f3picos<\/a><\/li><li><a href=\"https:\/\/thebibleverses.org\/pt\/amor\/\">Vers\u00edculos da B\u00edblia sobre o Amor<\/a><\/li><li><a href=\"https:\/\/thebibleverses.org\/pt\/forca\/\">Vers\u00edculos da B\u00edblia sobre For\u00e7a<\/a><\/li><li><a href=\"https:\/\/thebibleverses.org\/pt\/fe\/\">Vers\u00edculos B\u00edblicos sobre F\u00e9<\/a><\/li><li><a href=\"https:\/\/thebibleverses.org\/pt\/jovens\/\">Vers\u00edculos da B\u00edblia para Jovens<\/a><\/li><li><a href=\"https:\/\/thebibleverses.org\/pt\/amizade\/\">Vers\u00edculos da B\u00edblia sobre Amizade<\/a><\/li><li><a href=\"https:\/\/thebibleverses.org\/pt\/cura\/\">Vers\u00edculos da B\u00edblia sobre Cura<\/a><\/li><\/ul>\n","protected":false},"excerpt":{"rendered":"<p>1 Cr\u00f4nicas 16:10-11 Gloriem-se no seu santo nome; alegre-se o cora\u00e7\u00e3o dos que buscam o Senhor. Olhem para o Senhor e para a sua for\u00e7a; busquem sempre a sua face (1 Cr\u00f4 16:10-11). 2 Cr\u00f4nicas 7:14 Se o meu povo, que se chama pelo meu nome, se humilhar e orar, buscar a minha face e [&hellip;]<\/p>\n","protected":false},"author":1,"featured_media":1517,"parent":0,"menu_order":0,"comment_status":"open","ping_status":"closed","template":"","meta":{"footnotes":""},"class_list":["post-130","page","type-page","status-publish","has-post-thumbnail","hentry","entry","fw-tab-6 fw-tabr-4"],"_links":{"self":[{"href":"https:\/\/thebibleverses.org\/pt\/wp-json\/wp\/v2\/pages\/130","targetHints":{"allow":["GET"]}}],"collection":[{"href":"https:\/\/thebibleverses.org\/pt\/wp-json\/wp\/v2\/pages"}],"about":[{"href":"https:\/\/thebibleverses.org\/pt\/wp-json\/wp\/v2\/types\/page"}],"author":[{"embeddable":true,"href":"https:\/\/thebibleverses.org\/pt\/wp-json\/wp\/v2\/users\/1"}],"replies":[{"embeddable":true,"href":"https:\/\/thebibleverses.org\/pt\/wp-json\/wp\/v2\/comments?post=130"}],"version-history":[{"count":0,"href":"https:\/\/thebibleverses.org\/pt\/wp-json\/wp\/v2\/pages\/130\/revisions"}],"wp:featuredmedia":[{"embeddable":true,"href":"https:\/\/thebibleverses.org\/pt\/wp-json\/wp\/v2\/media\/1517"}],"wp:attachment":[{"href":"https:\/\/thebibleverses.org\/pt\/wp-json\/wp\/v2\/media?parent=130"}],"curies":[{"name":"wp","href":"https:\/\/api.w.org\/{rel}","templated":true}]}}