{"id":123,"date":"2019-10-10T22:51:07","date_gmt":"2019-10-10T22:51:07","guid":{"rendered":"https:\/\/thebibleverses.org\/pt\/?page_id=123"},"modified":"2022-06-25T17:37:35","modified_gmt":"2022-06-25T17:37:35","slug":"bencao","status":"publish","type":"page","link":"https:\/\/thebibleverses.org\/pt\/bencao\/","title":{"rendered":"30 Vers\u00edculos da B\u00edblia sobre Ben\u00e7\u00e3o"},"content":{"rendered":"<div class=\"wp-block-image\">\n<figure class=\"aligncenter size-large\"><img decoding=\"async\" width=\"1024\" height=\"631\" data-src=\"https:\/\/thebibleverses.org\/pt\/wp-content\/uploads\/2022\/06\/Versiculos-da-Biblia-sobre-Bencao-1024x631.webp\" alt=\"Vers\u00edculos da B\u00edblia sobre Ben\u00e7\u00e3o\" class=\"wp-image-1513 lazyload\" data-srcset=\"https:\/\/thebibleverses.org\/pt\/wp-content\/uploads\/2022\/06\/Versiculos-da-Biblia-sobre-Bencao-1024x631.webp 1024w, https:\/\/thebibleverses.org\/pt\/wp-content\/uploads\/2022\/06\/Versiculos-da-Biblia-sobre-Bencao-300x185.webp 300w, https:\/\/thebibleverses.org\/pt\/wp-content\/uploads\/2022\/06\/Versiculos-da-Biblia-sobre-Bencao-768x474.webp 768w, https:\/\/thebibleverses.org\/pt\/wp-content\/uploads\/2022\/06\/Versiculos-da-Biblia-sobre-Bencao-320x197.webp 320w, https:\/\/thebibleverses.org\/pt\/wp-content\/uploads\/2022\/06\/Versiculos-da-Biblia-sobre-Bencao-450x278.webp 450w, https:\/\/thebibleverses.org\/pt\/wp-content\/uploads\/2022\/06\/Versiculos-da-Biblia-sobre-Bencao-720x444.webp 720w, https:\/\/thebibleverses.org\/pt\/wp-content\/uploads\/2022\/06\/Versiculos-da-Biblia-sobre-Bencao.webp 1200w\" data-sizes=\"(max-width: 1024px) 100vw, 1024px\" src=\"data:image\/svg+xml;base64,PHN2ZyB3aWR0aD0iMSIgaGVpZ2h0PSIxIiB4bWxucz0iaHR0cDovL3d3dy53My5vcmcvMjAwMC9zdmciPjwvc3ZnPg==\" style=\"--smush-placeholder-width: 1024px; --smush-placeholder-aspect-ratio: 1024\/631;\" \/><figcaption>Vers\u00edculos da B\u00edblia sobre Ben\u00e7\u00e3o &#8211; Nova Vers\u00e3o Internacional (NVI-PT).<\/figcaption><\/figure><\/div>\n\n\n<h2 class=\"wp-block-heading\">G\u00eanesis 1:27-28 <\/h2>\n\n\n\n<p>Criou Deus o homem \u00e0 sua imagem, \u00e0 imagem de Deus o criou; homem e mulher os criou. Deus os aben\u00e7oou, e lhes disse: \u201cSejam f\u00e9rteis e multipliquem-se! Encham e subjuguem a terra! Dominem sobre os peixes do mar, sobre as aves do c\u00e9u e sobre todos os animais que se movem pela terra\u201d (G\u00ea 1:27-28).<\/p>\n\n\n\n<h2 class=\"wp-block-heading\">G\u00eanesis 2:3 <\/h2>\n\n\n\n<p>Aben\u00e7oou Deus o s\u00e9timo dia e o santificou, porque nele descansou de toda a obra que realizara na cria\u00e7\u00e3o (G\u00ea 2:3).<\/p>\n\n\n\n<h2 class=\"wp-block-heading\">G\u00eanesis 5:2 <\/h2>\n\n\n\n<p>Homem e mulher os criou. Quando foram criados, ele os aben\u00e7oou e os chamou Homem (G\u00ea 5:2).<\/p>\n\n\n\n<h2 class=\"wp-block-heading\">G\u00eanesis 9:1 <\/h2>\n\n\n\n<p>Deus aben\u00e7oou No\u00e9 e seus filhos, dizendo-lhes: Sejam f\u00e9rteis, multipliquem-se e encham a terra (G\u00ea 9:1).<\/p>\n\n\n\n<h2 class=\"wp-block-heading\">G\u00eanesis 12:1-3 <\/h2>\n\n\n\n<p>Ent\u00e3o o Senhor disse a Abr\u00e3o: \u201cSaia da sua terra, do meio dos seus parentes e da casa de seu pai, e v\u00e1 para a terra que eu lhe mostrarei. \u201cFarei de voc\u00ea um grande povo, e o aben\u00e7oarei. Tornarei famoso o seu nome, e voc\u00ea ser\u00e1 uma b\u00ean\u00e7\u00e3o. Aben\u00e7oarei os que o aben\u00e7oarem e amaldi\u00e7oarei os que o amaldi\u00e7oarem; e por meio de voc\u00ea todos os povos da terra ser\u00e3o aben\u00e7oados\u201d (G\u00ea 12:1-3).<\/p>\n\n\n\n<h2 class=\"wp-block-heading\">G\u00eanesis 14:18-20 <\/h2>\n\n\n\n<p>Ent\u00e3o Melquisedeque, rei de Sal\u00e9m e sacerdote do Deus Alt\u00edssimo, trouxe p\u00e3o e vinho e aben\u00e7oou Abr\u00e3o, dizendo: \u201cBendito seja Abr\u00e3o pelo Deus Alt\u00edssimo, Criador dos c\u00e9us e da terra. E bendito seja o Deus Alt\u00edssimo, que entregou seus inimigos em suas m\u00e3os\u201d. E Abr\u00e3o lhe deu o d\u00edzimo de tudo (G\u00ea 14:18-20).<\/p>\n\n\n\n<h2 class=\"wp-block-heading\">G\u00eanesis 22:18 <\/h2>\n\n\n\n<p>E, por meio dela, todos os povos da terra ser\u00e3o aben\u00e7oados, porque voc\u00ea me obedeceu (G\u00ea 22:18).<\/p>\n\n\n\n<h2 class=\"wp-block-heading\">G\u00eanesis 26:12 <\/h2>\n\n\n\n<p>Isaque formou lavoura naquela terra e no mesmo ano colheu a cem por um, porque o Senhor o aben\u00e7oou (G\u00ea 26:12).<\/p>\n\n\n\n<h2 class=\"wp-block-heading\">\u00caxodo 23:25 <\/h2>\n\n\n\n<p>Prestem culto ao Senhor, o Deus de voc\u00eas, e ele os aben\u00e7oar\u00e1, dando-lhes alimento e \u00e1gua. Tirarei a doen\u00e7a do meio de voc\u00eas (\u00cax 23:25).<\/p>\n\n\n\n<h2 class=\"wp-block-heading\">Deuteron\u00f4mio 11:26-28 <\/h2>\n\n\n\n<p>Prestem aten\u00e7\u00e3o! Hoje estou pondo diante de voc\u00eas a b\u00ean\u00e7\u00e3o e a maldi\u00e7\u00e3o. Voc\u00eas ter\u00e3o b\u00ean\u00e7\u00e3o, se obedecerem aos mandamentos do Senhor, o seu Deus, que hoje lhes estou dando; mas ter\u00e3o maldi\u00e7\u00e3o, se desobedecerem aos mandamentos do Senhor, o seu Deus, e se afastarem do caminho que hoje lhes ordeno, para seguir deuses desconhecidos (Dt 11:26-28).<\/p>\n\n\n\n<h2 class=\"wp-block-heading\">Deuteron\u00f4mio 28:2-6 <\/h2>\n\n\n\n<p>Todas estas b\u00ean\u00e7\u00e3os vir\u00e3o sobre voc\u00eas e os acompanhar\u00e3o, se voc\u00eas obedecerem ao Senhor, o seu Deus: \u201cVoc\u00eas ser\u00e3o aben\u00e7oados na cidade e ser\u00e3o aben\u00e7oados no campo. Os filhos do seu ventre ser\u00e3o aben\u00e7oados, como tamb\u00e9m as colheitas da sua terra e os bezerros e os cordeiros dos seus rebanhos. A sua cesta e a sua amassadeira ser\u00e3o aben\u00e7oadas. Voc\u00eas ser\u00e3o aben\u00e7oados em tudo o que fizerem (Dt 28:2-6).<\/p>\n\n\n\n<h2 class=\"wp-block-heading\">Deuteron\u00f4mio 28:8 <\/h2>\n\n\n\n<p>O Senhor enviar\u00e1 b\u00ean\u00e7\u00e3os aos seus celeiros e a tudo o que as suas m\u00e3os fizerem. O Senhor, o seu Deus, os aben\u00e7oar\u00e1 na terra que lhes d\u00e1 (Dt 28:8).<\/p>\n\n\n\n<h2 class=\"wp-block-heading\">2 Samuel 6:11 <\/h2>\n\n\n\n<p>A arca do Senhor ficou na casa dele por tr\u00eas meses, e o Senhor o aben\u00e7oou e a toda a sua fam\u00edlia (2 Sa 6:11).<\/p>\n\n\n\n<h2 class=\"wp-block-heading\">1 Cr\u00f4nicas 4:10 <\/h2>\n\n\n\n<p>Jabez orou ao Deus de Israel: \u201cAh, aben\u00e7oa-me e aumenta as minhas terras! Que a tua m\u00e3o esteja comigo, guardando-me de males e livrando-me de dores\u201d. E Deus atendeu ao seu pedido (1 Cr\u00f4 4:10).<\/p>\n\n\n\n<h2 class=\"wp-block-heading\">J\u00f3 1:21 <\/h2>\n\n\n\n<p>Sa\u00ed nu do ventre da minha m\u00e3e, e nu partirei. O Senhor o deu, o Senhor o levou; louvado seja o nome do Senhor (J\u00f3 1:21).<\/p>\n\n\n\n<h2 class=\"wp-block-heading\">J\u00f3 42:12 <\/h2>\n\n\n\n<p>O Senhor aben\u00e7oou o final da vida de J\u00f3 mais do que o in\u00edcio. Ele teve catorze mil ovelhas, seis mil camelos, mil juntas de boi e mil jumentos (J\u00f3 42:12).<\/p>\n\n\n\n<h2 class=\"wp-block-heading\">Salmos 3:8 <\/h2>\n\n\n\n<p>Do Senhor vem o livramento. A tua b\u00ean\u00e7\u00e3o est\u00e1 sobre o teu povo (Salmos 3:8).<\/p>\n\n\n\n<h2 class=\"wp-block-heading\">Salmos 29:11 <\/h2>\n\n\n\n<p>O Senhor d\u00e1 for\u00e7a ao seu povo; o Senhor d\u00e1 a seu povo a b\u00ean\u00e7\u00e3o da paz (Sal 29:11).<\/p>\n\n\n\n<h2 class=\"wp-block-heading\">Salmos 34:1 <\/h2>\n\n\n\n<p>Bendirei o Senhor o tempo todo! Os meus l\u00e1bios sempre o louvar\u00e3o (Salmos 34:1).<\/p>\n\n\n\n<h2 class=\"wp-block-heading\">Salmos 115:14 <\/h2>\n\n\n\n<p>Que o Senhor os multiplique, voc\u00eas e os seus filhos (Sal 115:14).<\/p>\n\n\n\n<h2 class=\"wp-block-heading\">Prov\u00e9rbios 10:6 <\/h2>\n\n\n\n<p>As b\u00ean\u00e7\u00e3os coroam a cabe\u00e7a dos justos, mas a boca dos \u00edmpios abriga a viol\u00eancia (Pr 10:6). <\/p>\n\n\n\n<h2 class=\"wp-block-heading\">Prov\u00e9rbios 10:22 <\/h2>\n\n\n\n<p>A b\u00ean\u00e7\u00e3o do Senhor traz riqueza, e n\u00e3o inclui dor alguma (Pr 10:22).<\/p>\n\n\n\n<h2 class=\"wp-block-heading\">Prov\u00e9rbios 22:9 <\/h2>\n\n\n\n<p>Quem \u00e9 generoso ser\u00e1 aben\u00e7oado, pois reparte o seu p\u00e3o com o pobre (Pr 22:9).<\/p>\n\n\n\n<h2 class=\"wp-block-heading\">Jeremias 17:7-8 <\/h2>\n\n\n\n<p>Mas bendito \u00e9 o homem cuja confian\u00e7a est\u00e1 no Senhor, cuja confian\u00e7a nele est\u00e1. Ele ser\u00e1 como uma \u00e1rvore plantada junto \u00e0s \u00e1guas e que estende as suas ra\u00edzes para o ribeiro. Ela n\u00e3o temer\u00e1 quando chegar o calor, porque as suas folhas est\u00e3o sempre verdes; n\u00e3o ficar\u00e1 ansiosa no ano da seca nem deixar\u00e1 de dar fruto (Jr 17:7-8).<\/p>\n\n\n\n<h2 class=\"wp-block-heading\">Mateus 14:19 <\/h2>\n\n\n\n<p>E ordenou que a multid\u00e3o se assentasse na grama. Tomando os cinco p\u00e3es e os dois peixes e, olhando para o c\u00e9u, deu gra\u00e7as e partiu os p\u00e3es. Em seguida, deu-os aos disc\u00edpulos, e estes \u00e0 multid\u00e3o (Mt 14:19).<\/p>\n\n\n\n<h2 class=\"wp-block-heading\">Lucas 6:27-28 <\/h2>\n\n\n\n<p>Mas eu digo a voc\u00eas que est\u00e3o me ouvindo: Amem os seus inimigos, fa\u00e7am o bem aos que os odeiam, aben\u00e7oem os que os amaldi\u00e7oam, orem por aqueles que os maltratam (Lc 6:27-28).<\/p>\n\n\n\n<h2 class=\"wp-block-heading\">Romanos 12:14 <\/h2>\n\n\n\n<p>Aben\u00e7oem aqueles que os perseguem; aben\u00e7oem, e n\u00e3o os amaldi\u00e7oem (Ro 12:14).<\/p>\n\n\n\n<h2 class=\"wp-block-heading\">G\u00e1latas 3:14 <\/h2>\n\n\n\n<p>Isso para que em Cristo Jesus a b\u00ean\u00e7\u00e3o de Abra\u00e3o chegasse tamb\u00e9m aos gentios, para que receb\u00eassemos a promessa do Esp\u00edrito mediante a f\u00e9 (G\u00e1 3:14).<\/p>\n\n\n\n<h2 class=\"wp-block-heading\">Ef\u00e9sios 1:3 <\/h2>\n\n\n\n<p>Bendito seja o Deus e Pai de nosso Senhor Jesus Cristo, que nos aben\u00e7oou com todas as b\u00ean\u00e7\u00e3os espirituais nas regi\u00f5es celestiais em Cristo (Ef 1:3).<\/p>\n\n\n\n<h2 class=\"wp-block-heading\">1 Pedro 3:9 <\/h2>\n\n\n\n<p>N\u00e3o retribuam mal com mal, nem insulto com insulto; ao contr\u00e1rio, bendigam; pois para isso voc\u00eas foram chamados, para receberem b\u00ean\u00e7\u00e3o por heran\u00e7a (1 Pe 3:9).<\/p>\n\n\n\n<h2 class=\"wp-block-heading\">Lee Tambi\u00e9n:<\/h2>\n\n\n\n<ul class=\"wp-block-list\"><li><a href=\"https:\/\/thebibleverses.org\/pt\/\">Vers\u00edculos por T\u00f3picos<\/a><\/li><li><a href=\"https:\/\/thebibleverses.org\/pt\/amor\/\">Vers\u00edculos da B\u00edblia sobre o Amor<\/a><\/li><li><a href=\"https:\/\/thebibleverses.org\/pt\/forca\/\">Vers\u00edculos da B\u00edblia sobre For\u00e7a<\/a><\/li><li><a href=\"https:\/\/thebibleverses.org\/pt\/fe\/\">Vers\u00edculos B\u00edblicos sobre F\u00e9<\/a><\/li><li><a href=\"https:\/\/thebibleverses.org\/pt\/jovens\/\">Vers\u00edculos da B\u00edblia para Jovens<\/a><\/li><li><a href=\"https:\/\/thebibleverses.org\/pt\/amizade\/\">Vers\u00edculos da B\u00edblia sobre Amizade<\/a><\/li><li><a href=\"https:\/\/thebibleverses.org\/pt\/cura\/\">Vers\u00edculos da B\u00edblia sobre Cura<\/a><\/li><\/ul>\n","protected":false},"excerpt":{"rendered":"<p>G\u00eanesis 1:27-28 Criou Deus o homem \u00e0 sua imagem, \u00e0 imagem de Deus o criou; homem e mulher os criou. Deus os aben\u00e7oou, e lhes disse: \u201cSejam f\u00e9rteis e multipliquem-se! Encham e subjuguem a terra! Dominem sobre os peixes do mar, sobre as aves do c\u00e9u e sobre todos os animais que se movem pela [&hellip;]<\/p>\n","protected":false},"author":1,"featured_media":1513,"parent":0,"menu_order":0,"comment_status":"open","ping_status":"closed","template":"","meta":{"footnotes":""},"class_list":["post-123","page","type-page","status-publish","has-post-thumbnail","hentry","entry","fw-tab-6 fw-tabr-4"],"_links":{"self":[{"href":"https:\/\/thebibleverses.org\/pt\/wp-json\/wp\/v2\/pages\/123","targetHints":{"allow":["GET"]}}],"collection":[{"href":"https:\/\/thebibleverses.org\/pt\/wp-json\/wp\/v2\/pages"}],"about":[{"href":"https:\/\/thebibleverses.org\/pt\/wp-json\/wp\/v2\/types\/page"}],"author":[{"embeddable":true,"href":"https:\/\/thebibleverses.org\/pt\/wp-json\/wp\/v2\/users\/1"}],"replies":[{"embeddable":true,"href":"https:\/\/thebibleverses.org\/pt\/wp-json\/wp\/v2\/comments?post=123"}],"version-history":[{"count":0,"href":"https:\/\/thebibleverses.org\/pt\/wp-json\/wp\/v2\/pages\/123\/revisions"}],"wp:featuredmedia":[{"embeddable":true,"href":"https:\/\/thebibleverses.org\/pt\/wp-json\/wp\/v2\/media\/1513"}],"wp:attachment":[{"href":"https:\/\/thebibleverses.org\/pt\/wp-json\/wp\/v2\/media?parent=123"}],"curies":[{"name":"wp","href":"https:\/\/api.w.org\/{rel}","templated":true}]}}