{"id":112,"date":"2019-10-10T04:40:37","date_gmt":"2019-10-10T04:40:37","guid":{"rendered":"https:\/\/thebibleverses.org\/pt\/?page_id=112"},"modified":"2022-06-25T17:35:22","modified_gmt":"2022-06-25T17:35:22","slug":"batismo","status":"publish","type":"page","link":"https:\/\/thebibleverses.org\/pt\/batismo\/","title":{"rendered":"20 Vers\u00edculos da B\u00edblia sobre Batismo"},"content":{"rendered":"<div class=\"wp-block-image\">\n<figure class=\"aligncenter size-large\"><img decoding=\"async\" width=\"1024\" height=\"631\" data-src=\"https:\/\/thebibleverses.org\/pt\/wp-content\/uploads\/2022\/06\/Versiculos-da-Biblia-sobre-Batismo-1024x631.webp\" alt=\"Vers\u00edculos da B\u00edblia sobre Batismo\" class=\"wp-image-1510 lazyload\" data-srcset=\"https:\/\/thebibleverses.org\/pt\/wp-content\/uploads\/2022\/06\/Versiculos-da-Biblia-sobre-Batismo-1024x631.webp 1024w, https:\/\/thebibleverses.org\/pt\/wp-content\/uploads\/2022\/06\/Versiculos-da-Biblia-sobre-Batismo-300x185.webp 300w, https:\/\/thebibleverses.org\/pt\/wp-content\/uploads\/2022\/06\/Versiculos-da-Biblia-sobre-Batismo-768x474.webp 768w, https:\/\/thebibleverses.org\/pt\/wp-content\/uploads\/2022\/06\/Versiculos-da-Biblia-sobre-Batismo-320x197.webp 320w, https:\/\/thebibleverses.org\/pt\/wp-content\/uploads\/2022\/06\/Versiculos-da-Biblia-sobre-Batismo-450x278.webp 450w, https:\/\/thebibleverses.org\/pt\/wp-content\/uploads\/2022\/06\/Versiculos-da-Biblia-sobre-Batismo-720x444.webp 720w, https:\/\/thebibleverses.org\/pt\/wp-content\/uploads\/2022\/06\/Versiculos-da-Biblia-sobre-Batismo.webp 1200w\" data-sizes=\"(max-width: 1024px) 100vw, 1024px\" src=\"data:image\/svg+xml;base64,PHN2ZyB3aWR0aD0iMSIgaGVpZ2h0PSIxIiB4bWxucz0iaHR0cDovL3d3dy53My5vcmcvMjAwMC9zdmciPjwvc3ZnPg==\" style=\"--smush-placeholder-width: 1024px; --smush-placeholder-aspect-ratio: 1024\/631;\" \/><figcaption>Vers\u00edculos da B\u00edblia sobre o Batismo &#8211; Nova Vers\u00e3o Internacional (NVI-PT).<\/figcaption><\/figure><\/div>\n\n\n<h2 class=\"wp-block-heading\">Mateus 28:19 <\/h2>\n\n\n\n<p>Portanto, v\u00e3o e fa\u00e7am disc\u00edpulos de todas as na\u00e7\u00f5es, batizando-os em nome do Pai e do Filho e do Esp\u00edrito Santo (Mt 28:19).<\/p>\n\n\n\n<h2 class=\"wp-block-heading\">Marcos 1:4 <\/h2>\n\n\n\n<p>Assim surgiu Jo\u00e3o, batizando no deserto e pregando um batismo de arrependimento para o perd\u00e3o dos pecados (Mr 1:4).<\/p>\n\n\n\n<h2 class=\"wp-block-heading\">Marcos 16:16 <\/h2>\n\n\n\n<p>Quem crer e for batizado ser\u00e1 salvo, mas quem n\u00e3o crer ser\u00e1 condenado (Mr 16:16).<\/p>\n\n\n\n<h2 class=\"wp-block-heading\">Jo\u00e3o 3:5 <\/h2>\n\n\n\n<p>Respondeu Jesus: Digo-lhe a verdade: Ningu\u00e9m pode entrar no Reino de Deus, se n\u00e3o nascer da \u00e1gua e do Esp\u00edrito (Jo\u00e3o 3:5).<\/p>\n\n\n\n<h2 class=\"wp-block-heading\">Atos 2:38 <\/h2>\n\n\n\n<p>Pedro respondeu: Arrependam-se, e cada um de voc\u00eas seja batizado em nome de Jesus Cristo para perd\u00e3o dos seus pecados, e receber\u00e3o o dom do Esp\u00edrito Santo (Atos 2:38).<\/p>\n\n\n\n<h2 class=\"wp-block-heading\">Romanos 6:3-4 <\/h2>\n\n\n\n<p>Ou voc\u00eas n\u00e3o sabem que todos n\u00f3s, que fomos batizados em Cristo Jesus, fomos batizados em sua morte? Portanto, fomos sepultados com ele na morte por meio do batismo, a fim de que, assim como Cristo foi ressuscitado dos mortos mediante a gl\u00f3ria do Pai, tamb\u00e9m n\u00f3s vivamos uma vida nova (Ro 6:3-4).<\/p>\n\n\n\n<h2 class=\"wp-block-heading\">1 Cor\u00edntios 12:13 <\/h2>\n\n\n\n<p>Pois em um s\u00f3 corpo todos n\u00f3s fomos batizados em um \u00fanico Esp\u00edrito: quer judeus, quer gregos, quer escravos, quer livres. E a todos n\u00f3s foi dado beber de um \u00fanico Esp\u00edrito (1 Co 12:13).<\/p>\n\n\n\n<h2 class=\"wp-block-heading\">G\u00e1latas 3:27 <\/h2>\n\n\n\n<p>Pois os que em Cristo foram batizados, de Cristo se revestiram (G\u00e1 3:27).<\/p>\n\n\n\n<h2 class=\"wp-block-heading\">Colossenses 2:12 <\/h2>\n\n\n\n<p>Isso aconteceu quando voc\u00eas foram sepultados com ele no batismo, e com ele foram ressuscitados mediante a f\u00e9 no poder de Deus que o ressuscitou dentre os mortos (Col 2:12).<\/p>\n\n\n\n<h2 class=\"wp-block-heading\">1 Pedro 3:21 <\/h2>\n\n\n\n<p>E isso \u00e9 representado pelo batismo que agora tamb\u00e9m salva voc\u00eas \u2014 n\u00e3o a remo\u00e7\u00e3o da sujeira do corpo, mas o compromisso de uma boa consci\u00eancia diante de Deus \u2014 por meio da ressurrei\u00e7\u00e3o de Jesus Cristo (1 Pe 3:21).<\/p>\n\n\n\n<h2 class=\"wp-block-heading\">Mateus 3:1-2<\/h2>\n\n\n\n<p>Naqueles dias surgiu Jo\u00e3o Batista, pregando no deserto da Jud\u00e9ia. Ele dizia: \u201cArrependam-se, pois o Reino dos c\u00e9us est\u00e1 pr\u00f3ximo\u201d (Mt 3:1-2).<\/p>\n\n\n\n<h2 class=\"wp-block-heading\">Mateus 3:11 <\/h2>\n\n\n\n<p>Eu os batizo com \u00e1gua para arrependimento. Mas depois de mim vem algu\u00e9m mais poderoso do que eu, tanto que n\u00e3o sou digno nem de levar as suas sand\u00e1lias. Ele os batizar\u00e1 com o Esp\u00edrito Santo e com fogo (Mt 3:11).<\/p>\n\n\n\n<h2 class=\"wp-block-heading\">Marcos 1:8 <\/h2>\n\n\n\n<p>Eu os batizo com \u00e1gua, mas ele os batizar\u00e1 com o Esp\u00edrito Santo (Mr 1:8)<\/p>\n\n\n\n<h2 class=\"wp-block-heading\">Marcos 1:9-10 <\/h2>\n\n\n\n<p>Naquela ocasi\u00e3o Jesus veio de Nazar\u00e9 da Galil\u00e9ia e foi batizado por Jo\u00e3o no Jord\u00e3o. Assim que saiu da \u00e1gua, Jesus viu o c\u00e9u se abrindo, e o Esp\u00edrito descendo como pomba sobre ele (Mr 1:9-10).<\/p>\n\n\n\n<h2 class=\"wp-block-heading\">Lucas 3:3 <\/h2>\n\n\n\n<p>Ele percorreu toda a regi\u00e3o pr\u00f3xima ao Jord\u00e3o, pregando um batismo de arrependimento para o perd\u00e3o dos pecados (Lc 3:3).<\/p>\n\n\n\n<h2 class=\"wp-block-heading\">Lucas 3:7-8 <\/h2>\n\n\n\n<p>Jo\u00e3o dizia \u00e0s multid\u00f5es que sa\u00edam para serem batizadas por ele: Ra\u00e7a de v\u00edboras! Quem lhes deu a id\u00e9ia de fugir da ira que se aproxima? D\u00eaem frutos que mostrem o arrependimento. E n\u00e3o comecem a dizer a si mesmos: \u2018Abra\u00e3o \u00e9 nosso pai\u2019. Pois eu lhes digo que destas pedras Deus pode fazer surgir filhos a Abra\u00e3o (Lc 3:7-8).<\/p>\n\n\n\n<h2 class=\"wp-block-heading\">Lucas 3:21 <\/h2>\n\n\n\n<p>Quando todo o povo estava sendo batizado, tamb\u00e9m Jesus o foi. E, enquanto ele estava orando, o c\u00e9u se abriu (Lc 3:21).<\/p>\n\n\n\n<h2 class=\"wp-block-heading\">Atos 19:4 <\/h2>\n\n\n\n<p>Disse Paulo: \u201cO batismo de Jo\u00e3o foi um batismo de arrependimento. Ele dizia ao povo que cresse naquele que viria depois dele, isto \u00e9, em Jesus\u201d (Atos 19:4).<\/p>\n\n\n\n<h2 class=\"wp-block-heading\">Atos 22:16 <\/h2>\n\n\n\n<p>E agora, que est\u00e1 esperando? Levante-se, seja batizado e lave os seus pecados, invocando o nome dele (Atos 22:16).<\/p>\n\n\n\n<h2 class=\"wp-block-heading\">Ef\u00e9sios 4:5 <\/h2>\n\n\n\n<p>H\u00e1 um s\u00f3 Senhor, uma s\u00f3 f\u00e9, um s\u00f3 batismo (Ef 4:5).<\/p>\n\n\n\n<h2 class=\"wp-block-heading\">Lee Tambi\u00e9n:<\/h2>\n\n\n\n<ul class=\"wp-block-list\"><li><a href=\"https:\/\/thebibleverses.org\/pt\/\">Vers\u00edculos por T\u00f3picos<\/a><\/li><li><a href=\"https:\/\/thebibleverses.org\/pt\/amor\/\">Vers\u00edculos da B\u00edblia sobre o Amor<\/a><\/li><li><a href=\"https:\/\/thebibleverses.org\/pt\/forca\/\">Vers\u00edculos da B\u00edblia sobre For\u00e7a<\/a><\/li><li><a href=\"https:\/\/thebibleverses.org\/pt\/fe\/\">Vers\u00edculos B\u00edblicos sobre F\u00e9<\/a><\/li><li><a href=\"https:\/\/thebibleverses.org\/pt\/jovens\/\">Vers\u00edculos da B\u00edblia para Jovens<\/a><\/li><li><a href=\"https:\/\/thebibleverses.org\/pt\/amizade\/\">Vers\u00edculos da B\u00edblia sobre Amizade<\/a><\/li><li><a href=\"https:\/\/thebibleverses.org\/pt\/cura\/\">Vers\u00edculos da B\u00edblia sobre Cura<\/a><\/li><\/ul>\n","protected":false},"excerpt":{"rendered":"<p>Mateus 28:19 Portanto, v\u00e3o e fa\u00e7am disc\u00edpulos de todas as na\u00e7\u00f5es, batizando-os em nome do Pai e do Filho e do Esp\u00edrito Santo (Mt 28:19). Marcos 1:4 Assim surgiu Jo\u00e3o, batizando no deserto e pregando um batismo de arrependimento para o perd\u00e3o dos pecados (Mr 1:4). Marcos 16:16 Quem crer e for batizado ser\u00e1 salvo, [&hellip;]<\/p>\n","protected":false},"author":1,"featured_media":1510,"parent":0,"menu_order":0,"comment_status":"open","ping_status":"closed","template":"","meta":{"footnotes":""},"class_list":["post-112","page","type-page","status-publish","has-post-thumbnail","hentry","entry","fw-tab-6 fw-tabr-4"],"_links":{"self":[{"href":"https:\/\/thebibleverses.org\/pt\/wp-json\/wp\/v2\/pages\/112","targetHints":{"allow":["GET"]}}],"collection":[{"href":"https:\/\/thebibleverses.org\/pt\/wp-json\/wp\/v2\/pages"}],"about":[{"href":"https:\/\/thebibleverses.org\/pt\/wp-json\/wp\/v2\/types\/page"}],"author":[{"embeddable":true,"href":"https:\/\/thebibleverses.org\/pt\/wp-json\/wp\/v2\/users\/1"}],"replies":[{"embeddable":true,"href":"https:\/\/thebibleverses.org\/pt\/wp-json\/wp\/v2\/comments?post=112"}],"version-history":[{"count":0,"href":"https:\/\/thebibleverses.org\/pt\/wp-json\/wp\/v2\/pages\/112\/revisions"}],"wp:featuredmedia":[{"embeddable":true,"href":"https:\/\/thebibleverses.org\/pt\/wp-json\/wp\/v2\/media\/1510"}],"wp:attachment":[{"href":"https:\/\/thebibleverses.org\/pt\/wp-json\/wp\/v2\/media?parent=112"}],"curies":[{"name":"wp","href":"https:\/\/api.w.org\/{rel}","templated":true}]}}