{"id":1105,"date":"2021-08-29T01:02:20","date_gmt":"2021-08-29T01:02:20","guid":{"rendered":"https:\/\/thebibleverses.org\/pt\/?page_id=1105"},"modified":"2022-06-26T22:21:07","modified_gmt":"2022-06-26T22:21:07","slug":"primicias","status":"publish","type":"page","link":"https:\/\/thebibleverses.org\/pt\/primicias\/","title":{"rendered":"10 Vers\u00edculos da B\u00edblia sobre Prim\u00edcias"},"content":{"rendered":"<div class=\"wp-block-image\">\n<figure class=\"aligncenter size-large\"><img decoding=\"async\" width=\"1024\" height=\"631\" data-src=\"https:\/\/thebibleverses.org\/pt\/wp-content\/uploads\/2022\/06\/Versiculos-da-Biblia-sobre-Primicias-1024x631.webp\" alt=\"Vers\u00edculos da B\u00edblia sobre Prim\u00edcias\" class=\"wp-image-1647 lazyload\" data-srcset=\"https:\/\/thebibleverses.org\/pt\/wp-content\/uploads\/2022\/06\/Versiculos-da-Biblia-sobre-Primicias-1024x631.webp 1024w, https:\/\/thebibleverses.org\/pt\/wp-content\/uploads\/2022\/06\/Versiculos-da-Biblia-sobre-Primicias-300x185.webp 300w, https:\/\/thebibleverses.org\/pt\/wp-content\/uploads\/2022\/06\/Versiculos-da-Biblia-sobre-Primicias-768x474.webp 768w, https:\/\/thebibleverses.org\/pt\/wp-content\/uploads\/2022\/06\/Versiculos-da-Biblia-sobre-Primicias-320x197.webp 320w, https:\/\/thebibleverses.org\/pt\/wp-content\/uploads\/2022\/06\/Versiculos-da-Biblia-sobre-Primicias-450x278.webp 450w, https:\/\/thebibleverses.org\/pt\/wp-content\/uploads\/2022\/06\/Versiculos-da-Biblia-sobre-Primicias-720x444.webp 720w, https:\/\/thebibleverses.org\/pt\/wp-content\/uploads\/2022\/06\/Versiculos-da-Biblia-sobre-Primicias.webp 1200w\" data-sizes=\"(max-width: 1024px) 100vw, 1024px\" src=\"data:image\/svg+xml;base64,PHN2ZyB3aWR0aD0iMSIgaGVpZ2h0PSIxIiB4bWxucz0iaHR0cDovL3d3dy53My5vcmcvMjAwMC9zdmciPjwvc3ZnPg==\" style=\"--smush-placeholder-width: 1024px; --smush-placeholder-aspect-ratio: 1024\/631;\" \/><figcaption>Vers\u00edculos da Biblia sobre Prim\u00edcias &#8211; Nova Vers\u00e3o Internacional (NVI-PT).<\/figcaption><\/figure><\/div>\n\n\n<h2 class=\"wp-block-heading\">G\u00eanesis 4:4<\/h2>\n\n\n\n<p>Abel, por sua vez, trouxe as partes gordas das primeiras crias do seu rebanho. O Senhor aceitou com agrado Abel e sua oferta (G\u00ea 4:4).<\/p>\n\n\n\n<h2 class=\"wp-block-heading\">\u00caxodo 13:2<\/h2>\n\n\n\n<p>Consagre a mim todos os primog\u00eanitos. O primeiro filho israelita me pertence, n\u00e3o somente entre os homens, mas tamb\u00e9m entre os animais (\u00cax 13:2).<\/p>\n\n\n\n<h2 class=\"wp-block-heading\">\u00caxodo 22:29<\/h2>\n\n\n\n<p>N\u00e3o retenham as ofertas de suas colheitas. Consagrem-me o primeiro filho de voc\u00eas (\u00cax 22:29).<\/p>\n\n\n\n<h2 class=\"wp-block-heading\">\u00caxodo 23:19a<\/h2>\n\n\n\n<p>Tragam ao santu\u00e1rio do Senhor, o seu Deus, o melhor dos primeiros frutos das suas colheitas (\u00cax 23:19a).<\/p>\n\n\n\n<h2 class=\"wp-block-heading\">N\u00fameros 3:13<\/h2>\n\n\n\n<p>Pois todos os primog\u00eanitos s\u00e3o meus. Quando feri todos os primog\u00eanitos no Egito, separei para mim mesmo todo primog\u00eanito de Israel, tanto entre os homens como entre os rebanhos. Ser\u00e3o meus. Eu sou o Senhor (N\u00fa 3:13).<\/p>\n\n\n\n<h2 class=\"wp-block-heading\">Deuteron\u00f4mio 18:3-5<\/h2>\n\n\n\n<p>Quando o povo sacrificar um novilho ou uma ovelha, os sacerdotes receber\u00e3o a por\u00e7\u00e3o devida: a esp\u00e1dua, a queixada e o est\u00f4mago. Voc\u00eas ter\u00e3o que dar-lhes as prim\u00edcias do trigo, do vinho e do azeite, e a primeira l\u00e3 da tosquia das ovelhas, pois, de todas as tribos, o Senhor, o seu Deus, escolheu os levitas e os seus descendentes para estarem na presen\u00e7a do Senhor e para ministrarem sempre em seu nome (Dt 18:3-5).<\/p>\n\n\n\n<h2 class=\"wp-block-heading\">Neemias 10:35<\/h2>\n\n\n\n<p>Tamb\u00e9m assumimos a responsabilidade de trazer anualmente ao templo do Senhor os primeiros frutos de nossas colheitas e de toda \u00e1rvore frut\u00edfera (Nee 10:35).<\/p>\n\n\n\n<h2 class=\"wp-block-heading\">Prov\u00e9rbios 3:9-10<\/h2>\n\n\n\n<p>Honre o Senhor com todos os seus recursos e com os primeiros frutos de todas as suas planta\u00e7\u00f5es; os seus celeiros ficar\u00e3o plenamente cheios, e os seus barris transbordar\u00e3o de vinho (Pr 3:9-10).<\/p>\n\n\n\n<h2 class=\"wp-block-heading\">1 Cor\u00edntios 15:20<\/h2>\n\n\n\n<p>Mas de fato Cristo ressuscitou dentre os mortos, sendo ele as prim\u00edcias dentre aqueles que dormiram (1 Co 15:20).<\/p>\n\n\n\n<h2 class=\"wp-block-heading\">Tiago 1:18<\/h2>\n\n\n\n<p>Por sua decis\u00e3o ele nos gerou pela palavra da verdade, a fim de sermos como que os primeiros frutos de tudo o que ele criou (Tiago 1:18).<\/p>\n\n\n\n<h2 class=\"wp-block-heading\">Lee Tambi\u00e9n:<\/h2>\n\n\n\n<ul class=\"wp-block-list\"><li><a href=\"https:\/\/thebibleverses.org\/pt\/\">Vers\u00edculos por T\u00f3picos<\/a><\/li><li><a href=\"https:\/\/thebibleverses.org\/pt\/amor\/\">Vers\u00edculos da B\u00edblia sobre o Amor<\/a><\/li><li><a href=\"https:\/\/thebibleverses.org\/pt\/forca\/\">Vers\u00edculos da B\u00edblia sobre For\u00e7a<\/a><\/li><li><a href=\"https:\/\/thebibleverses.org\/pt\/fe\/\">Vers\u00edculos B\u00edblicos sobre F\u00e9<\/a><\/li><li><a href=\"https:\/\/thebibleverses.org\/pt\/jovens\/\">Vers\u00edculos da B\u00edblia para Jovens<\/a><\/li><li><a href=\"https:\/\/thebibleverses.org\/pt\/amizade\/\">Vers\u00edculos da B\u00edblia sobre Amizade<\/a><\/li><li><a href=\"https:\/\/thebibleverses.org\/pt\/cura\/\">Vers\u00edculos da B\u00edblia sobre Cura<\/a><\/li><\/ul>\n","protected":false},"excerpt":{"rendered":"<p>G\u00eanesis 4:4 Abel, por sua vez, trouxe as partes gordas das primeiras crias do seu rebanho. O Senhor aceitou com agrado Abel e sua oferta (G\u00ea 4:4). \u00caxodo 13:2 Consagre a mim todos os primog\u00eanitos. O primeiro filho israelita me pertence, n\u00e3o somente entre os homens, mas tamb\u00e9m entre os animais (\u00cax 13:2). \u00caxodo 22:29 [&hellip;]<\/p>\n","protected":false},"author":1,"featured_media":1647,"parent":0,"menu_order":0,"comment_status":"open","ping_status":"closed","template":"","meta":{"footnotes":""},"class_list":["post-1105","page","type-page","status-publish","has-post-thumbnail","hentry","entry","fw-tab-6 fw-tabr-4"],"_links":{"self":[{"href":"https:\/\/thebibleverses.org\/pt\/wp-json\/wp\/v2\/pages\/1105","targetHints":{"allow":["GET"]}}],"collection":[{"href":"https:\/\/thebibleverses.org\/pt\/wp-json\/wp\/v2\/pages"}],"about":[{"href":"https:\/\/thebibleverses.org\/pt\/wp-json\/wp\/v2\/types\/page"}],"author":[{"embeddable":true,"href":"https:\/\/thebibleverses.org\/pt\/wp-json\/wp\/v2\/users\/1"}],"replies":[{"embeddable":true,"href":"https:\/\/thebibleverses.org\/pt\/wp-json\/wp\/v2\/comments?post=1105"}],"version-history":[{"count":0,"href":"https:\/\/thebibleverses.org\/pt\/wp-json\/wp\/v2\/pages\/1105\/revisions"}],"wp:featuredmedia":[{"embeddable":true,"href":"https:\/\/thebibleverses.org\/pt\/wp-json\/wp\/v2\/media\/1647"}],"wp:attachment":[{"href":"https:\/\/thebibleverses.org\/pt\/wp-json\/wp\/v2\/media?parent=1105"}],"curies":[{"name":"wp","href":"https:\/\/api.w.org\/{rel}","templated":true}]}}