{"id":1101,"date":"2021-08-29T00:55:40","date_gmt":"2021-08-29T00:55:40","guid":{"rendered":"https:\/\/thebibleverses.org\/pt\/?page_id=1101"},"modified":"2022-06-25T21:41:51","modified_gmt":"2022-06-25T21:41:51","slug":"ofertas","status":"publish","type":"page","link":"https:\/\/thebibleverses.org\/pt\/ofertas\/","title":{"rendered":"20 Vers\u00edculos da B\u00edblia sobre Ofertas"},"content":{"rendered":"<div class=\"wp-block-image\">\n<figure class=\"aligncenter size-large\"><img decoding=\"async\" width=\"1024\" height=\"631\" data-src=\"https:\/\/thebibleverses.org\/pt\/wp-content\/uploads\/2022\/06\/Versiculos-da-Biblia-sobre-Ofertas-1024x631.webp\" alt=\"Vers\u00edculos da B\u00edblia sobre Ofertas\" class=\"wp-image-1599 lazyload\" data-srcset=\"https:\/\/thebibleverses.org\/pt\/wp-content\/uploads\/2022\/06\/Versiculos-da-Biblia-sobre-Ofertas-1024x631.webp 1024w, https:\/\/thebibleverses.org\/pt\/wp-content\/uploads\/2022\/06\/Versiculos-da-Biblia-sobre-Ofertas-300x185.webp 300w, https:\/\/thebibleverses.org\/pt\/wp-content\/uploads\/2022\/06\/Versiculos-da-Biblia-sobre-Ofertas-768x474.webp 768w, https:\/\/thebibleverses.org\/pt\/wp-content\/uploads\/2022\/06\/Versiculos-da-Biblia-sobre-Ofertas-320x197.webp 320w, https:\/\/thebibleverses.org\/pt\/wp-content\/uploads\/2022\/06\/Versiculos-da-Biblia-sobre-Ofertas-450x278.webp 450w, https:\/\/thebibleverses.org\/pt\/wp-content\/uploads\/2022\/06\/Versiculos-da-Biblia-sobre-Ofertas-720x444.webp 720w, https:\/\/thebibleverses.org\/pt\/wp-content\/uploads\/2022\/06\/Versiculos-da-Biblia-sobre-Ofertas.webp 1200w\" data-sizes=\"(max-width: 1024px) 100vw, 1024px\" src=\"data:image\/svg+xml;base64,PHN2ZyB3aWR0aD0iMSIgaGVpZ2h0PSIxIiB4bWxucz0iaHR0cDovL3d3dy53My5vcmcvMjAwMC9zdmciPjwvc3ZnPg==\" style=\"--smush-placeholder-width: 1024px; --smush-placeholder-aspect-ratio: 1024\/631;\" \/><figcaption>Vers\u00edculos da Biblia sobre Ofertas \u2013 Nova Vers\u00e3o Internacional (NVI-PT).<\/figcaption><\/figure><\/div>\n\n\n<h2 class=\"wp-block-heading\">G\u00eanesis 4:3-5<\/h2>\n\n\n\n<p>Passado algum tempo, Caim trouxe do fruto da terra uma oferta ao Senhor. Abel, por sua vez, trouxe as partes gordas das primeiras crias do seu rebanho. O Senhor aceitou com agrado Abel e sua oferta, mas n\u00e3o aceitou Caim e sua oferta. Por isso Caim se enfureceu e o seu rosto se transtornou (G\u00ea 4:3-5).<\/p>\n\n\n\n<h2 class=\"wp-block-heading\">\u00caxodo 25:2-7<\/h2>\n\n\n\n<p>Diga aos israelitas que me tragam uma oferta. Receba-a de todo aquele cujo cora\u00e7\u00e3o o compelir a dar. 3 Estas s\u00e3o as ofertas que dever\u00e1 receber deles: ouro, prata e bronze, 4 fios de tecidos azul, roxo e vermelho, linho fino, p\u00ealos de cabra, peles de carneiro tingidas de vermelho, couro[a], madeira de ac\u00e1cia, azeite para ilumina\u00e7\u00e3o; especiarias para o \u00f3leo da un\u00e7\u00e3o e para o incenso arom\u00e1tico; pedras de \u00f4nix e outras pedras preciosas para serem encravadas no colete sacerdotal e no peitoral (\u00cax 25:2-7).<\/p>\n\n\n\n<h2 class=\"wp-block-heading\">Lev\u00edtico 19:5<\/h2>\n\n\n\n<p>Quando voc\u00eas oferecerem um sacrif\u00edcio de comunh\u00e3o ao Senhor, ofere\u00e7am-no de modo que seja aceito em favor de voc\u00eas (Lev 19:5).<\/p>\n\n\n\n<h2 class=\"wp-block-heading\">N\u00fameros 18:28<\/h2>\n\n\n\n<p>Assim, voc\u00eas apresentar\u00e3o uma contribui\u00e7\u00e3o ao Senhor de todos os d\u00edzimos recebidos dos israelitas. Desses d\u00edzimos voc\u00eas dar\u00e3o a contribui\u00e7\u00e3o do Senhor ao sacerdote Ar\u00e3o (N\u00fa 18:28).<\/p>\n\n\n\n<h2 class=\"wp-block-heading\">Deuteron\u00f4mio 16:10<\/h2>\n\n\n\n<p>Celebrem ent\u00e3o a festa das semanas ao Senhor, o seu Deus, e tragam uma oferta volunt\u00e1ria conforme \u00e0s b\u00ean\u00e7\u00e3os recebidas do Senhor, o seu Deus (Dt 16:10).<\/p>\n\n\n\n<h2 class=\"wp-block-heading\">Deuteron\u00f4mio 23:23<\/h2>\n\n\n\n<p>Fa\u00e7a tudo para cumprir o que os seus l\u00e1bios prometeram, pois com a sua pr\u00f3pria boca voc\u00ea fez, espontaneamente, o seu voto ao Senhor, o seu Deus (Dt 23:23).<\/p>\n\n\n\n<h2 class=\"wp-block-heading\">1 Cr\u00f4nicas 16:29<\/h2>\n\n\n\n<p>D\u00eaem ao Senhor a gl\u00f3ria devida ao seu nome. Tragam ofertas e venham \u00e0 sua presen\u00e7a. Adorem o Senhor no esplendor da sua santidade (1 Cr\u00f4 16:29).<\/p>\n\n\n\n<h2 class=\"wp-block-heading\">1 Cr\u00f4nicas 29:1-5<\/h2>\n\n\n\n<p>Ent\u00e3o o rei Davi disse a toda a assembl\u00e9ia: \u201cDeus escolheu meu filho Salom\u00e3o, e mais ningu\u00e9m. Mas ele \u00e9 jovem e inexperiente e a tarefa \u00e9 grande, pois o pal\u00e1cio n\u00e3o ser\u00e1 feito para homens, mas para o Senhor, o nosso Deus. Forneci grande quantidade de recursos para o trabalho do templo do meu Deus: ouro, prata, bronze, ferro e madeira, bem como \u00f4nix para os engastes, e ainda turquesas, pedras de v\u00e1rias cores e todo tipo de pedras preciosas, e m\u00e1rmore. Al\u00e9m disso, pelo amor ao templo do meu Deus, agora entrego, das minhas pr\u00f3prias riquezas, ouro e prata para o templo do meu Deus, al\u00e9m de tudo o que j\u00e1 tenho dado para este santo templo. Ofere\u00e7o, pois, cento e cinco toneladas[a] de ouro puro de Ofir e duzentos e quarenta e cinco toneladas de prata refinada, para o revestimento das paredes do templo, para o trabalho em ouro e em prata, e para todo o trabalho dos artes\u00e3os. Agora, quem hoje est\u00e1 disposto a ofertar d\u00e1divas ao Senhor?\u201d (1 Cr\u00f4 29:1-5).<\/p>\n\n\n\n<h2 class=\"wp-block-heading\">2 Cr\u00f4nicas 24:9-10<\/h2>\n\n\n\n<p>Fez-se a seguir uma proclama\u00e7\u00e3o em Jud\u00e1 e em Jerusal\u00e9m para que trouxessem ao Senhor o imposto que Mois\u00e9s, servo de Deus, havia exigido de Israel no deserto. Todos os l\u00edderes e todo o povo trouxeram com alegria as suas contribui\u00e7\u00f5es, colocando-as na caixa at\u00e9 ench\u00ea-la (2 Cr\u00f4 24:9-10).<\/p>\n\n\n\n<h2 class=\"wp-block-heading\">2 Cr\u00f4nicas 31:14<\/h2>\n\n\n\n<p>Cor\u00e9, filho do levita Imna, guarda da porta leste, foi encarregado das ofertas volunt\u00e1rias feitas a Deus, distribuindo as contribui\u00e7\u00f5es dedicadas ao Senhor e as ofertas sant\u00edssimas (2 Cr\u00f4 31:14).<\/p>\n\n\n\n<h2 class=\"wp-block-heading\">Esdras 1:4<\/h2>\n\n\n\n<p>E que todo sobrevivente, seja qual for o lugar em que esteja vivendo, receba dos que ali vivem prata, ouro, bens, animais e ofertas volunt\u00e1rias para o templo de Deus em Jerusal\u00e9m (Esd 1:4).<\/p>\n\n\n\n<h2 class=\"wp-block-heading\">Esdras 7:16<\/h2>\n\n\n\n<p>Al\u00e9m de toda a prata e todo o ouro que voc\u00ea receber da prov\u00edncia da Babil\u00f4nia, como tamb\u00e9m as ofertas volunt\u00e1rias do povo e dos sacerdotes para o templo do Deus deles em Jerusal\u00e9m (Esd 7:16).<\/p>\n\n\n\n<h2 class=\"wp-block-heading\">Esdras 8:28<\/h2>\n\n\n\n<p>E eu lhes disse: Tanto voc\u00eas como estes utens\u00edlios est\u00e3o consagrados ao Senhor. A prata e o ouro s\u00e3o uma oferta volunt\u00e1ria ao Senhor, o Deus dos seus antepassados (Esd 8:28).<\/p>\n\n\n\n<h2 class=\"wp-block-heading\">Salmos 76:11<\/h2>\n\n\n\n<p>Fa\u00e7am votos ao Senhor, ao seu Deus, e n\u00e3o deixem de cumpri-los; que todas as na\u00e7\u00f5es vizinhas tragam presentes a quem todos devem temer (Sal 76:11).<\/p>\n\n\n\n<h2 class=\"wp-block-heading\">Salmos 96:8<\/h2>\n\n\n\n<p>D\u00eaem ao Senhor a gl\u00f3ria devida ao seu nome, e entrem nos seus \u00e1trios trazendo ofertas (Sal 96:8).<\/p>\n\n\n\n<h2 class=\"wp-block-heading\">Prov\u00e9rbios 3:9-10<\/h2>\n\n\n\n<p>Honre o Senhor com todos os seus recursos e com os primeiros frutos de todas as suas planta\u00e7\u00f5es; os seus celeiros ficar\u00e3o plenamente cheios, e os seus barris transbordar\u00e3o de vinho (Pr 3:9-10).<\/p>\n\n\n\n<h2 class=\"wp-block-heading\">Malaquias 3:8<\/h2>\n\n\n\n<p>Pode um homem roubar de Deus? Contudo voc\u00eas est\u00e3o me roubando. E ainda perguntam: Como \u00e9 que te roubamos?\u2019 Nos d\u00edzimos e nas ofertas (Mal 3:8).<\/p>\n\n\n\n<h2 class=\"wp-block-heading\">Mateus 5:23-24<\/h2>\n\n\n\n<p>Portanto, se voc\u00ea estiver apresentando sua oferta diante do altar e ali se lembrar de que seu irm\u00e3o tem algo contra voc\u00ea, deixe sua oferta ali, diante do altar, e v\u00e1 primeiro reconciliar-se com seu irm\u00e3o; depois volte e apresente sua oferta (Mt 5:23-24).<\/p>\n\n\n\n<h2 class=\"wp-block-heading\">Marcos 12:41-44<\/h2>\n\n\n\n<p>Jesus sentou-se em frente do lugar onde eram colocadas as contribui\u00e7\u00f5es, e observava a multid\u00e3o colocando o dinheiro nas caixas de ofertas. Muitos ricos lan\u00e7avam ali grandes quantias. Ent\u00e3o, uma vi\u00fava pobre chegou-se e colocou duas pequeninas moedas de cobre, de muito pouco valor. Chamando a si os seus disc\u00edpulos, Jesus declarou: \u201cAfirmo-lhes que esta vi\u00fava pobre colocou na caixa de ofertas mais do que todos os outros. Todos deram do que lhes sobrava; mas ela, da sua pobreza, deu tudo o que possu\u00eda para viver\u201d (Mr 12:41-44).<\/p>\n\n\n\n<h2 class=\"wp-block-heading\">2 Cor\u00edntios 9:7<\/h2>\n\n\n\n<p>Cada um d\u00ea conforme determinou em seu cora\u00e7\u00e3o, n\u00e3o com pesar ou por obriga\u00e7\u00e3o, pois Deus ama quem d\u00e1 com alegria (2 Co 9:7).<\/p>\n\n\n\n<h2 class=\"wp-block-heading\">Lee Tambi\u00e9n:<\/h2>\n\n\n\n<ul class=\"wp-block-list\"><li><a href=\"https:\/\/thebibleverses.org\/pt\/\">Vers\u00edculos por T\u00f3picos<\/a><\/li><li><a href=\"https:\/\/thebibleverses.org\/pt\/amor\/\">Vers\u00edculos da B\u00edblia sobre o Amor<\/a><\/li><li><a href=\"https:\/\/thebibleverses.org\/pt\/forca\/\">Vers\u00edculos da B\u00edblia sobre For\u00e7a<\/a><\/li><li><a href=\"https:\/\/thebibleverses.org\/pt\/fe\/\">Vers\u00edculos B\u00edblicos sobre F\u00e9<\/a><\/li><li><a href=\"https:\/\/thebibleverses.org\/pt\/jovens\/\">Vers\u00edculos da B\u00edblia para Jovens<\/a><\/li><li><a href=\"https:\/\/thebibleverses.org\/pt\/amizade\/\">Vers\u00edculos da B\u00edblia sobre Amizade<\/a><\/li><li><a href=\"https:\/\/thebibleverses.org\/pt\/cura\/\">Vers\u00edculos da B\u00edblia sobre Cura<\/a><\/li><\/ul>\n","protected":false},"excerpt":{"rendered":"<p>G\u00eanesis 4:3-5 Passado algum tempo, Caim trouxe do fruto da terra uma oferta ao Senhor. Abel, por sua vez, trouxe as partes gordas das primeiras crias do seu rebanho. O Senhor aceitou com agrado Abel e sua oferta, mas n\u00e3o aceitou Caim e sua oferta. Por isso Caim se enfureceu e o seu rosto se [&hellip;]<\/p>\n","protected":false},"author":1,"featured_media":1599,"parent":0,"menu_order":0,"comment_status":"open","ping_status":"closed","template":"","meta":{"footnotes":""},"class_list":["post-1101","page","type-page","status-publish","has-post-thumbnail","hentry","entry","fw-tab-6 fw-tabr-4"],"_links":{"self":[{"href":"https:\/\/thebibleverses.org\/pt\/wp-json\/wp\/v2\/pages\/1101","targetHints":{"allow":["GET"]}}],"collection":[{"href":"https:\/\/thebibleverses.org\/pt\/wp-json\/wp\/v2\/pages"}],"about":[{"href":"https:\/\/thebibleverses.org\/pt\/wp-json\/wp\/v2\/types\/page"}],"author":[{"embeddable":true,"href":"https:\/\/thebibleverses.org\/pt\/wp-json\/wp\/v2\/users\/1"}],"replies":[{"embeddable":true,"href":"https:\/\/thebibleverses.org\/pt\/wp-json\/wp\/v2\/comments?post=1101"}],"version-history":[{"count":0,"href":"https:\/\/thebibleverses.org\/pt\/wp-json\/wp\/v2\/pages\/1101\/revisions"}],"wp:featuredmedia":[{"embeddable":true,"href":"https:\/\/thebibleverses.org\/pt\/wp-json\/wp\/v2\/media\/1599"}],"wp:attachment":[{"href":"https:\/\/thebibleverses.org\/pt\/wp-json\/wp\/v2\/media?parent=1101"}],"curies":[{"name":"wp","href":"https:\/\/api.w.org\/{rel}","templated":true}]}}