{"id":1097,"date":"2021-08-29T00:49:02","date_gmt":"2021-08-29T00:49:02","guid":{"rendered":"https:\/\/thebibleverses.org\/pt\/?page_id=1097"},"modified":"2022-06-25T17:51:20","modified_gmt":"2022-06-25T17:51:20","slug":"dizimos","status":"publish","type":"page","link":"https:\/\/thebibleverses.org\/pt\/dizimos\/","title":{"rendered":"15 Vers\u00edculos da B\u00edblia sobre D\u00edzimos"},"content":{"rendered":"<div class=\"wp-block-image\">\n<figure class=\"aligncenter size-large\"><img decoding=\"async\" width=\"1024\" height=\"631\" data-src=\"https:\/\/thebibleverses.org\/pt\/wp-content\/uploads\/2022\/06\/Versiculos-da-Biblia-sobre-Dizimos-1024x631.webp\" alt=\"Vers\u00edculos da B\u00edblia sobre Dizimos\" class=\"wp-image-1529 lazyload\" data-srcset=\"https:\/\/thebibleverses.org\/pt\/wp-content\/uploads\/2022\/06\/Versiculos-da-Biblia-sobre-Dizimos-1024x631.webp 1024w, https:\/\/thebibleverses.org\/pt\/wp-content\/uploads\/2022\/06\/Versiculos-da-Biblia-sobre-Dizimos-300x185.webp 300w, https:\/\/thebibleverses.org\/pt\/wp-content\/uploads\/2022\/06\/Versiculos-da-Biblia-sobre-Dizimos-768x474.webp 768w, https:\/\/thebibleverses.org\/pt\/wp-content\/uploads\/2022\/06\/Versiculos-da-Biblia-sobre-Dizimos-320x197.webp 320w, https:\/\/thebibleverses.org\/pt\/wp-content\/uploads\/2022\/06\/Versiculos-da-Biblia-sobre-Dizimos-450x278.webp 450w, https:\/\/thebibleverses.org\/pt\/wp-content\/uploads\/2022\/06\/Versiculos-da-Biblia-sobre-Dizimos-720x444.webp 720w, https:\/\/thebibleverses.org\/pt\/wp-content\/uploads\/2022\/06\/Versiculos-da-Biblia-sobre-Dizimos.webp 1200w\" data-sizes=\"(max-width: 1024px) 100vw, 1024px\" src=\"data:image\/svg+xml;base64,PHN2ZyB3aWR0aD0iMSIgaGVpZ2h0PSIxIiB4bWxucz0iaHR0cDovL3d3dy53My5vcmcvMjAwMC9zdmciPjwvc3ZnPg==\" style=\"--smush-placeholder-width: 1024px; --smush-placeholder-aspect-ratio: 1024\/631;\" \/><figcaption>Vers\u00edculos da Biblia sobre D\u00edzimo  &#8211; Nova Vers\u00e3o Internacional (NVI-PT). <\/figcaption><\/figure><\/div>\n\n\n<h2 class=\"wp-block-heading\">G\u00eanesis 14:20<\/h2>\n\n\n\n<p>E bendito seja o Deus Alt\u00edssimo, que entregou seus inimigos em suas m\u00e3os (G\u00ea 14:20).<\/p>\n\n\n\n<h2 class=\"wp-block-heading\">G\u00eanesis 28:22<\/h2>\n\n\n\n<p>E esta pedra que hoje coloquei como coluna servir\u00e1 de santu\u00e1rio de Deus; e de tudo o que me deres certamente te darei o d\u00edzimo (G\u00ea 28:22).<\/p>\n\n\n\n<h2 class=\"wp-block-heading\">Lev\u00edtico 27:30<\/h2>\n\n\n\n<p>Todos os d\u00edzimos da terra, seja dos cereais, seja das frutas, pertencem ao Senhor; s\u00e3o consagrados ao Senhor (Lev 27:30).<\/p>\n\n\n\n<h2 class=\"wp-block-heading\">Lev\u00edtico 27:31<\/h2>\n\n\n\n<p>Todos os d\u00edzimos da terra, seja dos cereais, seja das frutas, pertencem ao Senhor; s\u00e3o consagrados ao Senhor (Lev 27:31).<\/p>\n\n\n\n<h2 class=\"wp-block-heading\">N\u00fameros 18:21<\/h2>\n\n\n\n<p>Dou aos levitas todos os d\u00edzimos em Israel como retribui\u00e7\u00e3o pelo trabalho que fazem ao servirem na Tenda do Encontro (N\u00fa 28:21).<\/p>\n\n\n\n<h2 class=\"wp-block-heading\">Deuteron\u00f4mio 14:28-29<\/h2>\n\n\n\n<p>Ao final de cada tr\u00eas anos, tragam todos os d\u00edzimos da colheita do terceiro ano, armazenando-os em sua pr\u00f3pria cidade, para que os levitas, que n\u00e3o possuem propriedade nem heran\u00e7a, e os estrangeiros, os \u00f3rf\u00e3os e as vi\u00favas que vivem na sua cidade venham comer e saciar-se, e para que o Senhor, o seu Deus, os aben\u00e7oe em todo o trabalho das suas m\u00e3os (Dt 14:28-29).<\/p>\n\n\n\n<h2 class=\"wp-block-heading\">Deuteron\u00f4mio 26:12<\/h2>\n\n\n\n<p>Quando tiverem separado o d\u00edzimo de tudo quanto produziram no terceiro ano, o ano do d\u00edzimo, entreguem-no ao levita, ao estrangeiro, ao \u00f3rf\u00e3o e \u00e0 vi\u00fava, para que possam comer at\u00e9 saciar-se nas cidades de voc\u00eas (Dt 26:12).<\/p>\n\n\n\n<h2 class=\"wp-block-heading\">2 Cr\u00f4nicas 31:5-6<\/h2>\n\n\n\n<p>Assim que se divulgou essa ordem, os israelitas deram com generosidade o melhor do trigo, do vinho, do \u00f3leo, do mel e de tudo o que os campos produziam. Trouxeram o d\u00edzimo de tudo. Era uma grande quantidade. 6 Os habitantes de Israel e de Jud\u00e1 que viviam nas cidades de Jud\u00e1 tamb\u00e9m trouxeram o d\u00edzimo de todos os seus rebanhos e das coisas sagradas dedicadas ao Senhor, o seu Deus, ajuntando-os em muitas pilhas (2 Cr\u00f4 31:5-6).<\/p>\n\n\n\n<h2 class=\"wp-block-heading\">Neemias 10:38-39<\/h2>\n\n\n\n<p>Um sacerdote descendente de Ar\u00e3o acompanhar\u00e1 os levitas quando receberem os d\u00edzimos, e os levitas ter\u00e3o que trazer um d\u00e9cimo dos d\u00edzimos ao templo de nosso Deus, aos dep\u00f3sitos do templo. O povo de Israel, inclusive os levitas, dever\u00e3o trazer ofertas de cereal, de vinho novo e de azeite aos dep\u00f3sitos onde se guardam os utens\u00edlios para o santu\u00e1rio. \u00c9 onde os sacerdotes ministram e onde os porteiros e os cantores ficam. \u201cN\u00e3o negligenciaremos o templo de nosso Deus\u201d (Nee 10:38-39).<\/p>\n\n\n\n<h2 class=\"wp-block-heading\">Neemias 12:44<\/h2>\n\n\n\n<p>Naquela ocasi\u00e3o foram designados alguns encarregados dos dep\u00f3sitos onde se recebiam as contribui\u00e7\u00f5es gerais, os primeiros frutos e os d\u00edzimos. Das lavouras que havia em torno das cidades eles deveriam trazer para os dep\u00f3sitos as por\u00e7\u00f5es exigidas pela Lei para os sacerdotes e para os levitas. E, de fato, o povo de Jud\u00e1 estava satisfeito com os sacerdotes e os levitas que ministravam no templo (Nee 12:44).<\/p>\n\n\n\n<h2 class=\"wp-block-heading\">Neemias 13:12<\/h2>\n\n\n\n<p>E todo o povo de Jud\u00e1 trouxe os d\u00edzimos do trigo, do vinho novo e do azeite aos dep\u00f3sitos (Nee 13:12).<\/p>\n\n\n\n<h2 class=\"wp-block-heading\">Malaquias 3:8<\/h2>\n\n\n\n<p>Pode um homem roubar de Deus? Contudo voc\u00eas est\u00e3o me roubando. E ainda perguntam: \u2018Como \u00e9 que te roubamos?\u2019 Nos d\u00edzimos e nas ofertas (Mal 3:8).<\/p>\n\n\n\n<h2 class=\"wp-block-heading\">Malaquias 3:10<\/h2>\n\n\n\n<p>Tragam o d\u00edzimo todo ao dep\u00f3sito do templo, para que haja alimento em minha casa. Ponham-me \u00e0 prova\u201d, diz o Senhor dos Ex\u00e9rcitos, \u201ce vejam se n\u00e3o vou abrir as comportas dos c\u00e9us e derramar sobre voc\u00eas tantas b\u00ean\u00e7\u00e3os que nem ter\u00e3o onde guard\u00e1-las (Mal 3:10).<\/p>\n\n\n\n<h2 class=\"wp-block-heading\">Mateus 23:23<\/h2>\n\n\n\n<p>Ai de voc\u00eas, mestres da lei e fariseus, hip\u00f3critas! Voc\u00eas d\u00e3o o d\u00edzimo da hortel\u00e3, do endro e do cominho, mas t\u00eam negligenciado os preceitos mais importantes da lei: a justi\u00e7a, a miseric\u00f3rdia e a fidelidade. Voc\u00eas devem praticar estas coisas, sem omitir aquelas (Mt 23:23).<\/p>\n\n\n\n<h2 class=\"wp-block-heading\">Hebreus 7:5-6<\/h2>\n\n\n\n<p>A Lei requer dos sacerdotes dentre os descendentes de Levi que recebam o d\u00edzimo do povo, isto \u00e9, dos seus irm\u00e3os, embora estes sejam descendentes de Abra\u00e3o. Este homem, por\u00e9m, que n\u00e3o pertencia \u00e0 linhagem de Levi, recebeu os d\u00edzimos de Abra\u00e3o e aben\u00e7oou aquele que tinha as promessas (Heb 7:5-6).<\/p>\n\n\n\n<h2 class=\"wp-block-heading\">Lee Tambi\u00e9n:<\/h2>\n\n\n\n<ul class=\"wp-block-list\"><li><a href=\"https:\/\/thebibleverses.org\/pt\/\">Vers\u00edculos por T\u00f3picos<\/a><\/li><li><a href=\"https:\/\/thebibleverses.org\/pt\/amor\/\">Vers\u00edculos da B\u00edblia sobre o Amor<\/a><\/li><li><a href=\"https:\/\/thebibleverses.org\/pt\/forca\/\">Vers\u00edculos da B\u00edblia sobre For\u00e7a<\/a><\/li><li><a href=\"https:\/\/thebibleverses.org\/pt\/fe\/\">Vers\u00edculos B\u00edblicos sobre F\u00e9<\/a><\/li><li><a href=\"https:\/\/thebibleverses.org\/pt\/jovens\/\">Vers\u00edculos da B\u00edblia para Jovens<\/a><\/li><li><a href=\"https:\/\/thebibleverses.org\/pt\/amizade\/\">Vers\u00edculos da B\u00edblia sobre Amizade<\/a><\/li><li><a href=\"https:\/\/thebibleverses.org\/pt\/cura\/\">Vers\u00edculos da B\u00edblia sobre Cura<\/a><\/li><\/ul>\n","protected":false},"excerpt":{"rendered":"<p>G\u00eanesis 14:20 E bendito seja o Deus Alt\u00edssimo, que entregou seus inimigos em suas m\u00e3os (G\u00ea 14:20). G\u00eanesis 28:22 E esta pedra que hoje coloquei como coluna servir\u00e1 de santu\u00e1rio de Deus; e de tudo o que me deres certamente te darei o d\u00edzimo (G\u00ea 28:22). Lev\u00edtico 27:30 Todos os d\u00edzimos da terra, seja dos [&hellip;]<\/p>\n","protected":false},"author":1,"featured_media":1529,"parent":0,"menu_order":0,"comment_status":"open","ping_status":"closed","template":"","meta":{"footnotes":""},"class_list":["post-1097","page","type-page","status-publish","has-post-thumbnail","hentry","entry","fw-tab-6 fw-tabr-4"],"_links":{"self":[{"href":"https:\/\/thebibleverses.org\/pt\/wp-json\/wp\/v2\/pages\/1097","targetHints":{"allow":["GET"]}}],"collection":[{"href":"https:\/\/thebibleverses.org\/pt\/wp-json\/wp\/v2\/pages"}],"about":[{"href":"https:\/\/thebibleverses.org\/pt\/wp-json\/wp\/v2\/types\/page"}],"author":[{"embeddable":true,"href":"https:\/\/thebibleverses.org\/pt\/wp-json\/wp\/v2\/users\/1"}],"replies":[{"embeddable":true,"href":"https:\/\/thebibleverses.org\/pt\/wp-json\/wp\/v2\/comments?post=1097"}],"version-history":[{"count":0,"href":"https:\/\/thebibleverses.org\/pt\/wp-json\/wp\/v2\/pages\/1097\/revisions"}],"wp:featuredmedia":[{"embeddable":true,"href":"https:\/\/thebibleverses.org\/pt\/wp-json\/wp\/v2\/media\/1529"}],"wp:attachment":[{"href":"https:\/\/thebibleverses.org\/pt\/wp-json\/wp\/v2\/media?parent=1097"}],"curies":[{"name":"wp","href":"https:\/\/api.w.org\/{rel}","templated":true}]}}