{"id":109,"date":"2019-10-10T04:40:21","date_gmt":"2019-10-10T04:40:21","guid":{"rendered":"https:\/\/thebibleverses.org\/pt\/?page_id=109"},"modified":"2022-06-25T21:06:15","modified_gmt":"2022-06-25T21:06:15","slug":"jejum","status":"publish","type":"page","link":"https:\/\/thebibleverses.org\/pt\/jejum\/","title":{"rendered":"20 Vers\u00edculos da B\u00edblia sobre Jejum"},"content":{"rendered":"<div class=\"wp-block-image\">\n<figure class=\"aligncenter size-large\"><img decoding=\"async\" width=\"1024\" height=\"631\" data-src=\"https:\/\/thebibleverses.org\/pt\/wp-content\/uploads\/2022\/06\/Versiculos-da-Biblia-sobre-Jejum-1024x631.webp\" alt=\"Vers\u00edculos da B\u00edblia sobre Jejum\" class=\"wp-image-1577 lazyload\" data-srcset=\"https:\/\/thebibleverses.org\/pt\/wp-content\/uploads\/2022\/06\/Versiculos-da-Biblia-sobre-Jejum-1024x631.webp 1024w, https:\/\/thebibleverses.org\/pt\/wp-content\/uploads\/2022\/06\/Versiculos-da-Biblia-sobre-Jejum-300x185.webp 300w, https:\/\/thebibleverses.org\/pt\/wp-content\/uploads\/2022\/06\/Versiculos-da-Biblia-sobre-Jejum-768x474.webp 768w, https:\/\/thebibleverses.org\/pt\/wp-content\/uploads\/2022\/06\/Versiculos-da-Biblia-sobre-Jejum-320x197.webp 320w, https:\/\/thebibleverses.org\/pt\/wp-content\/uploads\/2022\/06\/Versiculos-da-Biblia-sobre-Jejum-450x278.webp 450w, https:\/\/thebibleverses.org\/pt\/wp-content\/uploads\/2022\/06\/Versiculos-da-Biblia-sobre-Jejum-720x444.webp 720w, https:\/\/thebibleverses.org\/pt\/wp-content\/uploads\/2022\/06\/Versiculos-da-Biblia-sobre-Jejum.webp 1200w\" data-sizes=\"(max-width: 1024px) 100vw, 1024px\" src=\"data:image\/svg+xml;base64,PHN2ZyB3aWR0aD0iMSIgaGVpZ2h0PSIxIiB4bWxucz0iaHR0cDovL3d3dy53My5vcmcvMjAwMC9zdmciPjwvc3ZnPg==\" style=\"--smush-placeholder-width: 1024px; --smush-placeholder-aspect-ratio: 1024\/631;\" \/><figcaption>Vers\u00edculos da B\u00edblia sobre Jejum &#8211; Nova Vers\u00e3o Internacional (NVI-PT).<\/figcaption><\/figure><\/div>\n\n\n<h2 class=\"wp-block-heading\">\u00caxodo 34:28 <\/h2>\n\n\n\n<p>Mois\u00e9s ficou ali com o Senhor quarenta dias e quarenta noites, sem comer p\u00e3o e sem beber \u00e1gua. E escreveu nas t\u00e1buas as palavras da alian\u00e7a: os Dez Mandamentos (\u00cax 34:28).<\/p>\n\n\n\n<h2 class=\"wp-block-heading\">Ju\u00edzes 20:26 <\/h2>\n\n\n\n<p>Ent\u00e3o todos os israelitas subiram a Betel, e ali se assentaram, chorando perante o Senhor. Naquele dia jejuaram at\u00e9 a tarde e apresentaram holocaustos e ofertas de comunh\u00e3o ao Senhor (Ju\u00ed 20:26).<\/p>\n\n\n\n<h2 class=\"wp-block-heading\">1 Samuel 7:6 <\/h2>\n\n\n\n<p>Quando eles se reuniram em Misp\u00e1, tiraram \u00e1gua e a derramaram perante o Senhor. Naquele dia jejuaram e ali disseram: \u201cTemos pecado contra o Senhor\u201d. E foi em Misp\u00e1 que Samuel liderou os israelitas como juiz (1 Sa 7:6).<\/p>\n\n\n\n<h2 class=\"wp-block-heading\">2 Cr\u00f4nicas 20:3 <\/h2>\n\n\n\n<p>Alarmado, Josaf\u00e1 decidiu consultar o Senhor e proclamou um jejum em todo o reino de Jud\u00e1 (2 Cr\u00f4 20:3).<\/p>\n\n\n\n<h2 class=\"wp-block-heading\">Esdras 8:23 <\/h2>\n\n\n\n<p>Por isso jejuamos e suplicamos essa b\u00ean\u00e7\u00e3o ao nosso Deus, e ele nos atendeu (Esd 8:23).<\/p>\n\n\n\n<h2 class=\"wp-block-heading\">Esdras 10:6 <\/h2>\n\n\n\n<p>Ent\u00e3o Esdras retirou-se de diante do templo de Deus e foi para o quarto de Joan\u00e3, filho de Eliasibe. Enquanto esteve ali, n\u00e3o comeu nem bebeu nada, lamentando a infidelidade dos exilados (Esd 10:6).<\/p>\n\n\n\n<h2 class=\"wp-block-heading\">Neemias 9:1-2 <\/h2>\n\n\n\n<p>No vig\u00e9simo quarto dia do m\u00eas, os israelitas se reuniram, jejuaram, vestiram pano de saco e puseram terra sobre a cabe\u00e7a. Os que eram de ascend\u00eancia israelita tinham se separado de todos os estrangeiros. Levantaram-se nos seus lugares, confessaram os seus pecados e a maldade dos seus antepassados (Nee 9:1-2).<\/p>\n\n\n\n<h2 class=\"wp-block-heading\">Salmos 35:13 <\/h2>\n\n\n\n<p>Contudo, quando estavam doentes, usei vestes de lamento, humilhei-me com jejum e recolhi-me em ora\u00e7\u00e3o (Sal 35:13).<\/p>\n\n\n\n<h2 class=\"wp-block-heading\">Salmos 69:10 <\/h2>\n\n\n\n<p>At\u00e9 quando choro e jejuo, tenho que suportar zombaria (Sal 69:10).<\/p>\n\n\n\n<h2 class=\"wp-block-heading\">Isa\u00edas 58:3 <\/h2>\n\n\n\n<p>Por que jejuamos, dizem, e n\u00e3o o viste? Por que nos humilhamos, e n\u00e3o reparaste? Contudo, no dia do seu jejum voc\u00eas fazem o que \u00e9 do agrado de voc\u00eas, e exploram os seus empregados (Is 58:3).<\/p>\n\n\n\n<h2 class=\"wp-block-heading\">Isa\u00edas 58:6 <\/h2>\n\n\n\n<p>O jejum que desejo n\u00e3o \u00e9 este: soltar as correntes da injusti\u00e7a, desatar as cordas do jugo, p\u00f4r em liberdade os oprimidos e romper todo jugo? (Is 58:6).<\/p>\n\n\n\n<h2 class=\"wp-block-heading\">Daniel 10:3 <\/h2>\n\n\n\n<p>N\u00e3o comi nada saboroso; carne e vinho nem provei; e n\u00e3o usei nenhuma ess\u00eancia arom\u00e1tica, at\u00e9 se passarem as tr\u00eas semanas (Da 10:3).<\/p>\n\n\n\n<h2 class=\"wp-block-heading\">Joel 2:12 <\/h2>\n\n\n\n<p>Agora, por\u00e9m, declara o Senhor, voltem-se para mim de todo o cora\u00e7\u00e3o, com jejum, lamento e pranto (Jl 2:12).<\/p>\n\n\n\n<h2 class=\"wp-block-heading\">Jonas 3:5 <\/h2>\n\n\n\n<p>Os ninivitas creram em Deus. Proclamaram um jejum, e todos eles, do maior ao menor, vestiram-se de pano de saco (Jonas 3:5). <\/p>\n\n\n\n<h2 class=\"wp-block-heading\">Mateus 6:16 <\/h2>\n\n\n\n<p>Quando jejuarem, n\u00e3o mostrem uma apar\u00eancia triste como os hip\u00f3critas, pois eles mudam a apar\u00eancia do rosto a fim de que os outros vejam que eles est\u00e3o jejuando. Eu lhes digo verdadeiramente que eles j\u00e1 receberam sua plena recompensa (Mt 6:16).<\/p>\n\n\n\n<h2 class=\"wp-block-heading\">Mateus 6:17-18 <\/h2>\n\n\n\n<p>Ao jejuar, arrume o cabelo e lave o rosto, para que n\u00e3o pare\u00e7a aos outros que voc\u00ea est\u00e1 jejuando, mas apenas a seu Pai, que v\u00ea em secreto. E seu Pai, que v\u00ea em secreto, o recompensar\u00e1 (Mt 6:17-18).<\/p>\n\n\n\n<h2 class=\"wp-block-heading\">Lucas 4:1-2 <\/h2>\n\n\n\n<p>Jesus, cheio do Esp\u00edrito Santo, voltou do Jord\u00e3o e foi levado pelo Esp\u00edrito ao deserto, onde, durante quarenta dias, foi tentado pelo Diabo. N\u00e3o comeu nada durante esses dias e, ao fim deles, teve fome (Lc 4:1-2).<\/p>\n\n\n\n<h2 class=\"wp-block-heading\">Atos 13:2 <\/h2>\n\n\n\n<p>Enquanto adoravam o Senhor e jejuavam, disse o Esp\u00edrito Santo: Separem-me Barnab\u00e9 e Saulo para a obra a que os tenho chamado (Atos 13:2).<\/p>\n\n\n\n<h2 class=\"wp-block-heading\">Atos 13:3 <\/h2>\n\n\n\n<p>Assim, depois de jejuar e orar, impuseram-lhes as m\u00e3os e os enviaram (Atos 13:3).<\/p>\n\n\n\n<h2 class=\"wp-block-heading\">Atos 14:23 <\/h2>\n\n\n\n<p>Paulo e Barnab\u00e9 designaram-lhes presb\u00edteros em cada igreja; tendo orado e jejuado, eles os encomendaram ao Senhor, em quem haviam confiado (Atos 14:23).<\/p>\n\n\n\n<h2 class=\"wp-block-heading\">Lee Tambi\u00e9n:<\/h2>\n\n\n\n<ul class=\"wp-block-list\"><li><a href=\"https:\/\/thebibleverses.org\/pt\/\">Vers\u00edculos por T\u00f3picos<\/a><\/li><li><a href=\"https:\/\/thebibleverses.org\/pt\/amor\/\">Vers\u00edculos da B\u00edblia sobre o Amor<\/a><\/li><li><a href=\"https:\/\/thebibleverses.org\/pt\/forca\/\">Vers\u00edculos da B\u00edblia sobre For\u00e7a<\/a><\/li><li><a href=\"https:\/\/thebibleverses.org\/pt\/fe\/\">Vers\u00edculos B\u00edblicos sobre F\u00e9<\/a><\/li><li><a href=\"https:\/\/thebibleverses.org\/pt\/jovens\/\">Vers\u00edculos da B\u00edblia para Jovens<\/a><\/li><li><a href=\"https:\/\/thebibleverses.org\/pt\/amizade\/\">Vers\u00edculos da B\u00edblia sobre Amizade<\/a><\/li><li><a href=\"https:\/\/thebibleverses.org\/pt\/cura\/\">Vers\u00edculos da B\u00edblia sobre Cura<\/a><\/li><\/ul>\n","protected":false},"excerpt":{"rendered":"<p>\u00caxodo 34:28 Mois\u00e9s ficou ali com o Senhor quarenta dias e quarenta noites, sem comer p\u00e3o e sem beber \u00e1gua. E escreveu nas t\u00e1buas as palavras da alian\u00e7a: os Dez Mandamentos (\u00cax 34:28). Ju\u00edzes 20:26 Ent\u00e3o todos os israelitas subiram a Betel, e ali se assentaram, chorando perante o Senhor. Naquele dia jejuaram at\u00e9 a [&hellip;]<\/p>\n","protected":false},"author":1,"featured_media":1577,"parent":0,"menu_order":0,"comment_status":"open","ping_status":"closed","template":"","meta":{"footnotes":""},"class_list":["post-109","page","type-page","status-publish","has-post-thumbnail","hentry","entry","fw-tab-6 fw-tabr-4"],"_links":{"self":[{"href":"https:\/\/thebibleverses.org\/pt\/wp-json\/wp\/v2\/pages\/109","targetHints":{"allow":["GET"]}}],"collection":[{"href":"https:\/\/thebibleverses.org\/pt\/wp-json\/wp\/v2\/pages"}],"about":[{"href":"https:\/\/thebibleverses.org\/pt\/wp-json\/wp\/v2\/types\/page"}],"author":[{"embeddable":true,"href":"https:\/\/thebibleverses.org\/pt\/wp-json\/wp\/v2\/users\/1"}],"replies":[{"embeddable":true,"href":"https:\/\/thebibleverses.org\/pt\/wp-json\/wp\/v2\/comments?post=109"}],"version-history":[{"count":0,"href":"https:\/\/thebibleverses.org\/pt\/wp-json\/wp\/v2\/pages\/109\/revisions"}],"wp:featuredmedia":[{"embeddable":true,"href":"https:\/\/thebibleverses.org\/pt\/wp-json\/wp\/v2\/media\/1577"}],"wp:attachment":[{"href":"https:\/\/thebibleverses.org\/pt\/wp-json\/wp\/v2\/media?parent=109"}],"curies":[{"name":"wp","href":"https:\/\/api.w.org\/{rel}","templated":true}]}}