{"id":1074,"date":"2021-08-27T02:09:43","date_gmt":"2021-08-27T02:09:43","guid":{"rendered":"https:\/\/thebibleverses.org\/pt\/?page_id=1074"},"modified":"2022-06-26T22:57:29","modified_gmt":"2022-06-26T22:57:29","slug":"vontade-de-deus","status":"publish","type":"page","link":"https:\/\/thebibleverses.org\/pt\/vontade-de-deus\/","title":{"rendered":"25 Vers\u00edculos da B\u00edblia sobre A Vontade de Deus"},"content":{"rendered":"<div class=\"wp-block-image\">\n<figure class=\"aligncenter size-large\"><img decoding=\"async\" width=\"1024\" height=\"631\" data-src=\"https:\/\/thebibleverses.org\/pt\/wp-content\/uploads\/2022\/06\/Versiculos-da-Biblia-sobre-Vontade-de-Deus-1024x631.webp\" alt=\"Vers\u00edculos da B\u00edblia sobre Vontade de Deus\" class=\"wp-image-1686 lazyload\" data-srcset=\"https:\/\/thebibleverses.org\/pt\/wp-content\/uploads\/2022\/06\/Versiculos-da-Biblia-sobre-Vontade-de-Deus-1024x631.webp 1024w, https:\/\/thebibleverses.org\/pt\/wp-content\/uploads\/2022\/06\/Versiculos-da-Biblia-sobre-Vontade-de-Deus-300x185.webp 300w, https:\/\/thebibleverses.org\/pt\/wp-content\/uploads\/2022\/06\/Versiculos-da-Biblia-sobre-Vontade-de-Deus-768x474.webp 768w, https:\/\/thebibleverses.org\/pt\/wp-content\/uploads\/2022\/06\/Versiculos-da-Biblia-sobre-Vontade-de-Deus-320x197.webp 320w, https:\/\/thebibleverses.org\/pt\/wp-content\/uploads\/2022\/06\/Versiculos-da-Biblia-sobre-Vontade-de-Deus-450x278.webp 450w, https:\/\/thebibleverses.org\/pt\/wp-content\/uploads\/2022\/06\/Versiculos-da-Biblia-sobre-Vontade-de-Deus-720x444.webp 720w, https:\/\/thebibleverses.org\/pt\/wp-content\/uploads\/2022\/06\/Versiculos-da-Biblia-sobre-Vontade-de-Deus.webp 1200w\" data-sizes=\"(max-width: 1024px) 100vw, 1024px\" src=\"data:image\/svg+xml;base64,PHN2ZyB3aWR0aD0iMSIgaGVpZ2h0PSIxIiB4bWxucz0iaHR0cDovL3d3dy53My5vcmcvMjAwMC9zdmciPjwvc3ZnPg==\" style=\"--smush-placeholder-width: 1024px; --smush-placeholder-aspect-ratio: 1024\/631;\" \/><figcaption>Vers\u00edculos da B\u00edblia sobre A Vontade de Deus &#8211; Nova Vers\u00e3o Internacional (NVI-PT).<\/figcaption><\/figure><\/div>\n\n\n<h2 class=\"wp-block-heading\">Salmos 40:8<\/h2>\n\n\n\n<p>Tenho grande alegria em fazer a tua vontade, \u00f3 meu Deus; a tua lei est\u00e1 no fundo do meu cora\u00e7\u00e3o (Sal 40:8).<\/p>\n\n\n\n<h2 class=\"wp-block-heading\">Salmos 103:21<\/h2>\n\n\n\n<p>Bendigam o Senhor todos os seus ex\u00e9rcitos, voc\u00eas, seus servos, que cumprem a sua vontade (Sal 103:21).<\/p>\n\n\n\n<h2 class=\"wp-block-heading\">Salmos 143:10<\/h2>\n\n\n\n<p>Ensina-me a fazer a tua vontade, pois tu \u00e9s o meu Deus; que o teu bondoso Esp\u00edrito me conduza por terreno plano (Sal 143:10).<\/p>\n\n\n\n<h2 class=\"wp-block-heading\">Mateus 6:10<\/h2>\n\n\n\n<p>Venha o teu Reino; seja feita a tua vontade, assim na terra como no c\u00e9u (Mt 6:10).<\/p>\n\n\n\n<h2 class=\"wp-block-heading\">Mateus 7:21<\/h2>\n\n\n\n<p>Nem todo aquele que me diz: \u2018Senhor, Senhor\u2019, entrar\u00e1 no Reino dos c\u00e9us, mas apenas aquele que faz a vontade de meu Pai que est\u00e1 nos c\u00e9us (Mt 7:21).<\/p>\n\n\n\n<h2 class=\"wp-block-heading\">Mateus 12:50<\/h2>\n\n\n\n<p>Pois quem faz a vontade de meu Pai que est\u00e1 nos c\u00e9us, este \u00e9 meu irm\u00e3o, minha irm\u00e3 e minha m\u00e3e (Mt 12:50).<\/p>\n\n\n\n<h2 class=\"wp-block-heading\">Mateus 18:14<\/h2>\n\n\n\n<p>Da mesma forma, o Pai de voc\u00eas, que est\u00e1 nos c\u00e9us, n\u00e3o quer que nenhum destes pequeninos se perca (Mt 18:14).<\/p>\n\n\n\n<h2 class=\"wp-block-heading\">Mateus 26:42<\/h2>\n\n\n\n<p>E retirou-se outra vez para orar: \u201cMeu Pai, se n\u00e3o for poss\u00edvel afastar de mim este c\u00e1lice sem que eu o beba, fa\u00e7a-se a tua vontade (Mt 26:42).<\/p>\n\n\n\n<h2 class=\"wp-block-heading\">Marcos 3:35<\/h2>\n\n\n\n<p>Quem faz a vontade de Deus, este \u00e9 meu irm\u00e3o, minha irm\u00e3 e minha m\u00e3e (Mr 3:35).<\/p>\n\n\n\n<h2 class=\"wp-block-heading\">Jo\u00e3o 1:12-13<\/h2>\n\n\n\n<p>Contudo, aos que o receberam, aos que creram em seu nome, deu-lhes o direito de se tornarem filhos de Deus, os quais n\u00e3o nasceram por descend\u00eancia natural, nem pela vontade da carne nem pela vontade de algum homem, mas nasceram de Deus (Jo\u00e3o 1:12-13).<\/p>\n\n\n\n<h2 class=\"wp-block-heading\">Jo\u00e3o 6:40<\/h2>\n\n\n\n<p>Porque a vontade de meu Pai \u00e9 que todo aquele que olhar para o Filho e nele crer tenha a vida eterna, e eu o ressuscitarei no \u00faltimo dia (Jo\u00e3o 6:40).<\/p>\n\n\n\n<h2 class=\"wp-block-heading\">Jo\u00e3o 7:17<\/h2>\n\n\n\n<p>Se algu\u00e9m decidir fazer a vontade de Deus, descobrir\u00e1 se o meu ensino vem de Deus ou se falo por mim mesmo (Jo\u00e3o 7:17).<\/p>\n\n\n\n<h2 class=\"wp-block-heading\">Jo\u00e3o 9:31<\/h2>\n\n\n\n<p>Sabemos que Deus n\u00e3o ouve pecadores, mas ouve o homem que o teme e pratica a sua vontade (Jo\u00e3o 9:31).<\/p>\n\n\n\n<h2 class=\"wp-block-heading\">Romanos 8:27<\/h2>\n\n\n\n<p>E aquele que sonda os cora\u00e7\u00f5es conhece a inten\u00e7\u00e3o do Esp\u00edrito, porque o Esp\u00edrito intercede pelos santos de acordo com a vontade de Deus (Ro 8:27).<\/p>\n\n\n\n<h2 class=\"wp-block-heading\">Romanos 12:2<\/h2>\n\n\n\n<p>N\u00e3o se amoldem ao padr\u00e3o deste mundo, mas transformem-se pela renova\u00e7\u00e3o da sua mente, para que sejam capazes de experimentar e comprovar a boa, agrad\u00e1vel e perfeita vontade de Deus (Ro 12:2).<\/p>\n\n\n\n<h2 class=\"wp-block-heading\">G\u00e1latas 1:3-4<\/h2>\n\n\n\n<p>A voc\u00eas, gra\u00e7a e paz da parte de Deus nosso Pai e do Senhor Jesus Cristo, 4 que se entregou a si mesmo por nossos pecados a fim de nos resgatar desta presente era perversa, segundo a vontade de nosso Deus e Pai (G\u00e1 1:3-4).<\/p>\n\n\n\n<h2 class=\"wp-block-heading\">Ef\u00e9sios 1:1<\/h2>\n\n\n\n<p>Paulo, ap\u00f3stolo de Cristo Jesus pela vontade de Deus, aos santos e fi\u00e9is em Cristo Jesus que est\u00e3o em \u00c9feso (Ef 1:1).<\/p>\n\n\n\n<h2 class=\"wp-block-heading\">Ef\u00e9sios 6:6<\/h2>\n\n\n\n<p>Obede\u00e7am-lhes, n\u00e3o apenas para agrad\u00e1-los quando eles os observam, mas como escravos de Cristo, fazendo de cora\u00e7\u00e3o a vontade de Deus (Ef 6:6).<\/p>\n\n\n\n<h2 class=\"wp-block-heading\">1 Tessalonicenses 4:3<\/h2>\n\n\n\n<p>A vontade de Deus \u00e9 que voc\u00eas sejam santificados: abstenham-se da imoralidade sexual (1 Tess 4:3).<\/p>\n\n\n\n<h2 class=\"wp-block-heading\">1 Tessalonicenses 5:18<\/h2>\n\n\n\n<p>D\u00eaem gra\u00e7as em todas as circunst\u00e2ncias, pois esta \u00e9 a vontade de Deus para voc\u00eas em Cristo Jesus (1 Tess 5:18).<\/p>\n\n\n\n<h2 class=\"wp-block-heading\">1 Pedro 2:15<\/h2>\n\n\n\n<p>Pois \u00e9 da vontade de Deus que, praticando o bem, voc\u00eas silenciem a ignor\u00e2ncia dos insensatos (1 Pe 2:15).<\/p>\n\n\n\n<h2 class=\"wp-block-heading\">1 Pedro 3:17<\/h2>\n\n\n\n<p>\u00c9 melhor sofrer por fazer o bem, se for da vontade de Deus, do que por fazer o mal (1 Pe 3:17).<\/p>\n\n\n\n<h2 class=\"wp-block-heading\">1 Pedro 4:1-2<\/h2>\n\n\n\n<p>Portanto, uma vez que Cristo sofreu corporalmente[a], armem-se tamb\u00e9m do mesmo pensamento, pois aquele que sofreu em seu corpo[b] rompeu com o pecado, 2 para que, no tempo que lhe resta, n\u00e3o viva mais para satisfazer os maus desejos humanos, mas sim para fazer a vontade de Deus (1 Pe 4:1-2).<\/p>\n\n\n\n<h2 class=\"wp-block-heading\">1 Pedro 4:19<\/h2>\n\n\n\n<p>Por isso mesmo, aqueles que sofrem de acordo com a vontade de Deus devem confiar sua vida ao seu fiel Criador e praticar o bem (1 Pe 4:19).<\/p>\n\n\n\n<h2 class=\"wp-block-heading\">1 Jo\u00e3o 2:17<\/h2>\n\n\n\n<p>O mundo e a sua cobi\u00e7a passam, mas aquele que faz a vontade de Deus permanece para sempre (1 Jo\u00e3o 2:17).<\/p>\n\n\n\n<h2 class=\"wp-block-heading\">Lee Tambi\u00e9n:<\/h2>\n\n\n\n<ul class=\"wp-block-list\"><li><a href=\"https:\/\/thebibleverses.org\/pt\/\">Vers\u00edculos por T\u00f3picos<\/a><\/li><li><a href=\"https:\/\/thebibleverses.org\/pt\/amor\/\">Vers\u00edculos da B\u00edblia sobre o Amor<\/a><\/li><li><a href=\"https:\/\/thebibleverses.org\/pt\/forca\/\">Vers\u00edculos da B\u00edblia sobre For\u00e7a<\/a><\/li><li><a href=\"https:\/\/thebibleverses.org\/pt\/fe\/\">Vers\u00edculos B\u00edblicos sobre F\u00e9<\/a><\/li><li><a href=\"https:\/\/thebibleverses.org\/pt\/jovens\/\">Vers\u00edculos da B\u00edblia para Jovens<\/a><\/li><li><a href=\"https:\/\/thebibleverses.org\/pt\/amizade\/\">Vers\u00edculos da B\u00edblia sobre Amizade<\/a><\/li><li><a href=\"https:\/\/thebibleverses.org\/pt\/cura\/\">Vers\u00edculos da B\u00edblia sobre Cura<\/a><\/li><\/ul>\n","protected":false},"excerpt":{"rendered":"<p>Salmos 40:8 Tenho grande alegria em fazer a tua vontade, \u00f3 meu Deus; a tua lei est\u00e1 no fundo do meu cora\u00e7\u00e3o (Sal 40:8). Salmos 103:21 Bendigam o Senhor todos os seus ex\u00e9rcitos, voc\u00eas, seus servos, que cumprem a sua vontade (Sal 103:21). Salmos 143:10 Ensina-me a fazer a tua vontade, pois tu \u00e9s o [&hellip;]<\/p>\n","protected":false},"author":1,"featured_media":1686,"parent":0,"menu_order":0,"comment_status":"open","ping_status":"closed","template":"","meta":{"footnotes":""},"class_list":["post-1074","page","type-page","status-publish","has-post-thumbnail","hentry","entry","fw-tab-6 fw-tabr-4"],"_links":{"self":[{"href":"https:\/\/thebibleverses.org\/pt\/wp-json\/wp\/v2\/pages\/1074","targetHints":{"allow":["GET"]}}],"collection":[{"href":"https:\/\/thebibleverses.org\/pt\/wp-json\/wp\/v2\/pages"}],"about":[{"href":"https:\/\/thebibleverses.org\/pt\/wp-json\/wp\/v2\/types\/page"}],"author":[{"embeddable":true,"href":"https:\/\/thebibleverses.org\/pt\/wp-json\/wp\/v2\/users\/1"}],"replies":[{"embeddable":true,"href":"https:\/\/thebibleverses.org\/pt\/wp-json\/wp\/v2\/comments?post=1074"}],"version-history":[{"count":0,"href":"https:\/\/thebibleverses.org\/pt\/wp-json\/wp\/v2\/pages\/1074\/revisions"}],"wp:featuredmedia":[{"embeddable":true,"href":"https:\/\/thebibleverses.org\/pt\/wp-json\/wp\/v2\/media\/1686"}],"wp:attachment":[{"href":"https:\/\/thebibleverses.org\/pt\/wp-json\/wp\/v2\/media?parent=1074"}],"curies":[{"name":"wp","href":"https:\/\/api.w.org\/{rel}","templated":true}]}}