{"id":1070,"date":"2021-08-27T02:00:55","date_gmt":"2021-08-27T02:00:55","guid":{"rendered":"https:\/\/thebibleverses.org\/pt\/?page_id=1070"},"modified":"2022-06-25T21:45:58","modified_gmt":"2022-06-25T21:45:58","slug":"oracao","status":"publish","type":"page","link":"https:\/\/thebibleverses.org\/pt\/oracao\/","title":{"rendered":"30 Vers\u00edculos da B\u00edblia sobre Ora\u00e7\u00e3o"},"content":{"rendered":"<div class=\"wp-block-image\">\n<figure class=\"aligncenter size-large\"><img decoding=\"async\" width=\"1024\" height=\"631\" data-src=\"https:\/\/thebibleverses.org\/pt\/wp-content\/uploads\/2022\/06\/Versiculos-da-Biblia-sobre-Oracao-1024x631.webp\" alt=\"Vers\u00edculos da B\u00edblia sobre Ora\u00e7\u00e3o\" class=\"wp-image-1602 lazyload\" data-srcset=\"https:\/\/thebibleverses.org\/pt\/wp-content\/uploads\/2022\/06\/Versiculos-da-Biblia-sobre-Oracao-1024x631.webp 1024w, https:\/\/thebibleverses.org\/pt\/wp-content\/uploads\/2022\/06\/Versiculos-da-Biblia-sobre-Oracao-300x185.webp 300w, https:\/\/thebibleverses.org\/pt\/wp-content\/uploads\/2022\/06\/Versiculos-da-Biblia-sobre-Oracao-768x474.webp 768w, https:\/\/thebibleverses.org\/pt\/wp-content\/uploads\/2022\/06\/Versiculos-da-Biblia-sobre-Oracao-320x197.webp 320w, https:\/\/thebibleverses.org\/pt\/wp-content\/uploads\/2022\/06\/Versiculos-da-Biblia-sobre-Oracao-450x278.webp 450w, https:\/\/thebibleverses.org\/pt\/wp-content\/uploads\/2022\/06\/Versiculos-da-Biblia-sobre-Oracao-720x444.webp 720w, https:\/\/thebibleverses.org\/pt\/wp-content\/uploads\/2022\/06\/Versiculos-da-Biblia-sobre-Oracao.webp 1200w\" data-sizes=\"(max-width: 1024px) 100vw, 1024px\" src=\"data:image\/svg+xml;base64,PHN2ZyB3aWR0aD0iMSIgaGVpZ2h0PSIxIiB4bWxucz0iaHR0cDovL3d3dy53My5vcmcvMjAwMC9zdmciPjwvc3ZnPg==\" style=\"--smush-placeholder-width: 1024px; --smush-placeholder-aspect-ratio: 1024\/631;\" \/><figcaption>Vers\u00edculos da B\u00edblia sobre Ora\u00e7\u00e3o &#8211; Nova Vers\u00e3o Internacional (NVI-PT). <\/figcaption><\/figure><\/div>\n\n\n<h2 class=\"wp-block-heading\">2 Samuel 22:7<\/h2>\n\n\n\n<p>Na minha ang\u00fastia, clamei ao Senhor; clamei ao meu Deus. Do seu templo ele ouviu a minha voz; o meu grito de socorro chegou aos seus ouvidos (2 Sa 22:7).<\/p>\n\n\n\n<h2 class=\"wp-block-heading\">2 Cr\u00f4nicas 7:14<\/h2>\n\n\n\n<p>Se o meu povo, que se chama pelo meu nome, se humilhar e orar, buscar a minha face e se afastar dos seus maus caminhos, dos c\u00e9us o ouvirei, perdoarei o seu pecado e curarei a sua terra (2 Cr\u00f4 7:14).<\/p>\n\n\n\n<h2 class=\"wp-block-heading\">Salmos 31:22<\/h2>\n\n\n\n<p>Alarmado, eu disse: Fui exclu\u00eddo da tua presen\u00e7a! Contudo, ouviste as minhas s\u00faplicas quando clamei a ti por socorro (Sal 31:22).<\/p>\n\n\n\n<h2 class=\"wp-block-heading\">Salmos 34:17<\/h2>\n\n\n\n<p>Os justos clamam, o Senhor os ouve e os livra de todas as suas tribula\u00e7\u00f5es (Sal 34:17).<\/p>\n\n\n\n<h2 class=\"wp-block-heading\">Salmos 34:17<\/h2>\n\n\n\n<p>Os justos clamam, o Senhor os ouve e os livra de todas as suas tribula\u00e7\u00f5es (Sal 34:17).<\/p>\n\n\n\n<h2 class=\"wp-block-heading\">Prov\u00e9rbios 15:29<\/h2>\n\n\n\n<p>O Senhor est\u00e1 longe dos \u00edmpios, mas ouve a ora\u00e7\u00e3o dos justos (Pr 15:29).<\/p>\n\n\n\n<h2 class=\"wp-block-heading\">Isa\u00edas 55:6<\/h2>\n\n\n\n<p>Busquem o Senhor enquanto \u00e9 poss\u00edvel ach\u00e1-lo; clamem por ele enquanto est\u00e1 perto (Is 55:6).<\/p>\n\n\n\n<h2 class=\"wp-block-heading\">Jeremias 29:12-13<\/h2>\n\n\n\n<p>Ent\u00e3o voc\u00eas clamar\u00e3o a mim, vir\u00e3o orar a mim, e eu os ouvirei. Voc\u00eas me procurar\u00e3o e me achar\u00e3o quando me procurarem de todo o cora\u00e7\u00e3o (Jr 29:12-13).<\/p>\n\n\n\n<h2 class=\"wp-block-heading\">Jeremias 33:3<\/h2>\n\n\n\n<p>Clame a mim e eu responderei e lhe direi coisas grandiosas e insond\u00e1veis que voc\u00ea n\u00e3o conhece (Jr 33:3).<\/p>\n\n\n\n<h2 class=\"wp-block-heading\">Jonas 2:2<\/h2>\n\n\n\n<p>Em meu desespero clamei ao Senhor, e ele me respondeu. Do ventre da morte[a] gritei por socorro, e ouviste o meu clamor (Jonas 2:2).<\/p>\n\n\n\n<h2 class=\"wp-block-heading\">Mateus 6:5-6<\/h2>\n\n\n\n<p>E quando voc\u00eas orarem, n\u00e3o sejam como os hip\u00f3critas. Eles gostam de ficar orando em p\u00e9 nas sinagogas e nas esquinas, a fim de serem vistos pelos outros. Eu lhes asseguro que eles j\u00e1 receberam sua plena recompensa. 6 Mas quando voc\u00ea orar, v\u00e1 para seu quarto, feche a porta e ore a seu Pai, que est\u00e1 em secreto. Ent\u00e3o seu Pai, que v\u00ea em secreto, o recompensar\u00e1 (Mt 6:5-6).<\/p>\n\n\n\n<h2 class=\"wp-block-heading\">Mateus 7:7<\/h2>\n\n\n\n<p>Pe\u00e7am, e lhes ser\u00e1 dado; busquem, e encontrar\u00e3o; batam, e a porta lhes ser\u00e1 aberta (Mt 7:7).<\/p>\n\n\n\n<h2 class=\"wp-block-heading\">Mateus 7:11<\/h2>\n\n\n\n<p>Se voc\u00eas, apesar de serem maus, sabem dar boas coisas aos seus filhos, quanto mais o Pai de voc\u00eas, que est\u00e1 nos c\u00e9us, dar\u00e1 coisas boas aos que lhe pedirem! (Mt 7:11).<\/p>\n\n\n\n<h2 class=\"wp-block-heading\">Mateus 21:22<\/h2>\n\n\n\n<p>E tudo o que pedirem em ora\u00e7\u00e3o, se crerem, voc\u00eas receber\u00e3o (Mt 21:22).<\/p>\n\n\n\n<h2 class=\"wp-block-heading\">Mateus 26:41<\/h2>\n\n\n\n<p>Vigiem e orem para que n\u00e3o caiam em tenta\u00e7\u00e3o. O esp\u00edrito est\u00e1 pronto, mas a carne \u00e9 fraca (Mt 26:41).<\/p>\n\n\n\n<h2 class=\"wp-block-heading\">Lucas 6:12<\/h2>\n\n\n\n<p>Num daqueles dias, Jesus saiu para o monte a fim de orar, e passou a noite orando a Deus (Lc 6:12).<\/p>\n\n\n\n<h2 class=\"wp-block-heading\">Lucas 22:46<\/h2>\n\n\n\n<p>Por que est\u00e3o dormindo?\u201d, perguntou-lhes. \u201cLevantem-se e orem para que voc\u00eas n\u00e3o caiam em tenta\u00e7\u00e3o! (Lc 22:46).<\/p>\n\n\n\n<h2 class=\"wp-block-heading\">Jo\u00e3o 14:13-14<\/h2>\n\n\n\n<p>E eu farei o que voc\u00eas pedirem em meu nome, para que o Pai seja glorificado no Filho. O que voc\u00eas pedirem em meu nome, eu farei (Jo\u00e3o 14:13-14).<\/p>\n\n\n\n<h2 class=\"wp-block-heading\">Jo\u00e3o 15:7<\/h2>\n\n\n\n<p>Se voc\u00eas permanecerem em mim, e as minhas palavras permanecerem em voc\u00eas, pedir\u00e3o o que quiserem, e lhes ser\u00e1 concedido (Jo\u00e3o 15:7).<\/p>\n\n\n\n<h2 class=\"wp-block-heading\">1 Cor\u00edntios 14:13<\/h2>\n\n\n\n<p>Por isso, quem fala em uma l\u00edngua, ore para que a possa interpretar (1 Co 14:13).<\/p>\n\n\n\n<h2 class=\"wp-block-heading\">Romanos 10:13<\/h2>\n\n\n\n<p>Porque todo aquele que invocar o nome do Senhor ser\u00e1 salvo (Ro 10:13).<\/p>\n\n\n\n<h2 class=\"wp-block-heading\">Ef\u00e9sios 6:18<\/h2>\n\n\n\n<p>Orem no Esp\u00edrito em todas as ocasi\u00f5es, com toda ora\u00e7\u00e3o e s\u00faplica; tendo isso em mente, estejam atentos e perseverem na ora\u00e7\u00e3o por todos os santos (Ef 6:18).<\/p>\n\n\n\n<h2 class=\"wp-block-heading\">Filipenses 4:6<\/h2>\n\n\n\n<p>N\u00e3o andem ansiosos por coisa alguma, mas em tudo, pela ora\u00e7\u00e3o e s\u00faplicas, e com a\u00e7\u00e3o de gra\u00e7as, apresentem seus pedidos a Deus (Filip 4:6).<\/p>\n\n\n\n<h2 class=\"wp-block-heading\">Colossenses 4:2<\/h2>\n\n\n\n<p>Dediquem-se \u00e0 ora\u00e7\u00e3o, estejam alerta e sejam agradecidos (Col 4:2).<\/p>\n\n\n\n<h2 class=\"wp-block-heading\">1 Tessalonicenses 5:17<\/h2>\n\n\n\n<p>Orem continuamente (1 Tess 5:7).<\/p>\n\n\n\n<h2 class=\"wp-block-heading\">Tiago 4:3<\/h2>\n\n\n\n<p>Quando pedem, n\u00e3o recebem, pois pedem por motivos errados, para gastar em seus prazeres (Tiago 4:3).<\/p>\n\n\n\n<h2 class=\"wp-block-heading\">Tiago 5:16<\/h2>\n\n\n\n<p>Portanto, confessem os seus pecados uns aos outros e orem uns pelos outros para serem curados. A ora\u00e7\u00e3o de um justo \u00e9 poderosa e eficaz (Tiago 5:16).<\/p>\n\n\n\n<h2 class=\"wp-block-heading\">1 Pedro 4:7<\/h2>\n\n\n\n<p>O fim de todas as coisas est\u00e1 pr\u00f3ximo. Portanto, sejam criteriosos e estejam alertas; dediquem-se \u00e0 ora\u00e7\u00e3o (1 Pe 4:7).<\/p>\n\n\n\n<h2 class=\"wp-block-heading\">1 Jo\u00e3o 3:22<\/h2>\n\n\n\n<p>E recebemos dele tudo o que pedimos, porque obedecemos aos seus mandamentos e fazemos o que lhe agrada (1 Jo\u00e3o 3:22).<\/p>\n\n\n\n<h2 class=\"wp-block-heading\">1 Jo\u00e3o 5:14<\/h2>\n\n\n\n<p>Esta \u00e9 a confian\u00e7a que temos ao nos aproximarmos de Deus: se pedirmos alguma coisa de acordo com a vontade de Deus, ele nos ouvir\u00e1 (1 Jo\u00e3o 5:14).<\/p>\n\n\n\n<h2 class=\"wp-block-heading\">Lee Tambi\u00e9n:<\/h2>\n\n\n\n<ul class=\"wp-block-list\"><li><a href=\"https:\/\/thebibleverses.org\/pt\/\">Vers\u00edculos por T\u00f3picos<\/a><\/li><li><a href=\"https:\/\/thebibleverses.org\/pt\/amor\/\">Vers\u00edculos da B\u00edblia sobre o Amor<\/a><\/li><li><a href=\"https:\/\/thebibleverses.org\/pt\/forca\/\">Vers\u00edculos da B\u00edblia sobre For\u00e7a<\/a><\/li><li><a href=\"https:\/\/thebibleverses.org\/pt\/fe\/\">Vers\u00edculos B\u00edblicos sobre F\u00e9<\/a><\/li><li><a href=\"https:\/\/thebibleverses.org\/pt\/jovens\/\">Vers\u00edculos da B\u00edblia para Jovens<\/a><\/li><li><a href=\"https:\/\/thebibleverses.org\/pt\/amizade\/\">Vers\u00edculos da B\u00edblia sobre Amizade<\/a><\/li><li><a href=\"https:\/\/thebibleverses.org\/pt\/cura\/\">Vers\u00edculos da B\u00edblia sobre Cura<\/a><\/li><\/ul>\n","protected":false},"excerpt":{"rendered":"<p>2 Samuel 22:7 Na minha ang\u00fastia, clamei ao Senhor; clamei ao meu Deus. Do seu templo ele ouviu a minha voz; o meu grito de socorro chegou aos seus ouvidos (2 Sa 22:7). 2 Cr\u00f4nicas 7:14 Se o meu povo, que se chama pelo meu nome, se humilhar e orar, buscar a minha face e [&hellip;]<\/p>\n","protected":false},"author":1,"featured_media":1602,"parent":0,"menu_order":0,"comment_status":"open","ping_status":"closed","template":"","meta":{"footnotes":""},"class_list":["post-1070","page","type-page","status-publish","has-post-thumbnail","hentry","entry","fw-tab-6 fw-tabr-4"],"_links":{"self":[{"href":"https:\/\/thebibleverses.org\/pt\/wp-json\/wp\/v2\/pages\/1070","targetHints":{"allow":["GET"]}}],"collection":[{"href":"https:\/\/thebibleverses.org\/pt\/wp-json\/wp\/v2\/pages"}],"about":[{"href":"https:\/\/thebibleverses.org\/pt\/wp-json\/wp\/v2\/types\/page"}],"author":[{"embeddable":true,"href":"https:\/\/thebibleverses.org\/pt\/wp-json\/wp\/v2\/users\/1"}],"replies":[{"embeddable":true,"href":"https:\/\/thebibleverses.org\/pt\/wp-json\/wp\/v2\/comments?post=1070"}],"version-history":[{"count":0,"href":"https:\/\/thebibleverses.org\/pt\/wp-json\/wp\/v2\/pages\/1070\/revisions"}],"wp:featuredmedia":[{"embeddable":true,"href":"https:\/\/thebibleverses.org\/pt\/wp-json\/wp\/v2\/media\/1602"}],"wp:attachment":[{"href":"https:\/\/thebibleverses.org\/pt\/wp-json\/wp\/v2\/media?parent=1070"}],"curies":[{"name":"wp","href":"https:\/\/api.w.org\/{rel}","templated":true}]}}