{"id":105,"date":"2019-10-10T04:41:01","date_gmt":"2019-10-10T04:41:01","guid":{"rendered":"https:\/\/thebibleverses.org\/pt\/?page_id=105"},"modified":"2022-06-25T17:31:48","modified_gmt":"2022-06-25T17:31:48","slug":"arrependimento","status":"publish","type":"page","link":"https:\/\/thebibleverses.org\/pt\/arrependimento\/","title":{"rendered":"25 Vers\u00edculos da B\u00edblia sobre Arrependimento"},"content":{"rendered":"<div class=\"wp-block-image\">\n<figure class=\"aligncenter size-large\"><img decoding=\"async\" width=\"1024\" height=\"631\" data-src=\"https:\/\/thebibleverses.org\/pt\/wp-content\/uploads\/2022\/06\/Versiculos-da-Biblia-sobre-Arrependimento-1024x631.webp\" alt=\"Vers\u00edculos da B\u00edblia sobre Arrependimento\" class=\"wp-image-1507 lazyload\" data-srcset=\"https:\/\/thebibleverses.org\/pt\/wp-content\/uploads\/2022\/06\/Versiculos-da-Biblia-sobre-Arrependimento-1024x631.webp 1024w, https:\/\/thebibleverses.org\/pt\/wp-content\/uploads\/2022\/06\/Versiculos-da-Biblia-sobre-Arrependimento-300x185.webp 300w, https:\/\/thebibleverses.org\/pt\/wp-content\/uploads\/2022\/06\/Versiculos-da-Biblia-sobre-Arrependimento-768x474.webp 768w, https:\/\/thebibleverses.org\/pt\/wp-content\/uploads\/2022\/06\/Versiculos-da-Biblia-sobre-Arrependimento-320x197.webp 320w, https:\/\/thebibleverses.org\/pt\/wp-content\/uploads\/2022\/06\/Versiculos-da-Biblia-sobre-Arrependimento-450x278.webp 450w, https:\/\/thebibleverses.org\/pt\/wp-content\/uploads\/2022\/06\/Versiculos-da-Biblia-sobre-Arrependimento-720x444.webp 720w, https:\/\/thebibleverses.org\/pt\/wp-content\/uploads\/2022\/06\/Versiculos-da-Biblia-sobre-Arrependimento.webp 1200w\" data-sizes=\"(max-width: 1024px) 100vw, 1024px\" src=\"data:image\/svg+xml;base64,PHN2ZyB3aWR0aD0iMSIgaGVpZ2h0PSIxIiB4bWxucz0iaHR0cDovL3d3dy53My5vcmcvMjAwMC9zdmciPjwvc3ZnPg==\" style=\"--smush-placeholder-width: 1024px; --smush-placeholder-aspect-ratio: 1024\/631;\" \/><figcaption>Vers\u00edculos da B\u00edblia sobre o Arrependimento &#8211; Nova Vers\u00e3o Internacional (NVI-PT).<\/figcaption><\/figure><\/div>\n\n\n<h2 class=\"wp-block-heading\">2 Reis 17:13 <\/h2>\n\n\n\n<p>O Senhor advertiu Israel e Jud\u00e1 por meio de todos os seus profetas e videntes: \u201cDesviem-se de seus maus caminhos. Obede\u00e7am \u00e0s minhas ordenan\u00e7as e aos meus decretos, de acordo com toda a Lei que ordenei aos seus antepassados que obedecessem e que lhes entreguei por meio de meus servos, os profetas\u201d (2 Reis 17:13).<\/p>\n\n\n\n<h2 class=\"wp-block-heading\">2 Cr\u00f4nicas 7:14 <\/h2>\n\n\n\n<p>Se o meu povo, que se chama pelo meu nome, se humilhar e orar, buscar a minha face e se afastar dos seus maus caminhos, dos c\u00e9us o ouvirei, perdoarei o seu pecado e curarei a sua terra (2 Cr\u00f4 7:14).<\/p>\n\n\n\n<h2 class=\"wp-block-heading\">2 Cr\u00f4nicas 6:37-39 <\/h2>\n\n\n\n<p>Se eles ca\u00edrem em si, na terra para a qual foram deportados, e se arrependerem e l\u00e1 orarem: \u2018Pecamos, praticamos o mal e fomos rebeldes\u2019; e se l\u00e1 eles se voltarem para ti de todo o cora\u00e7\u00e3o e de toda a sua alma, na terra de seu cativeiro para onde foram levados, e orarem voltados para a terra que deste aos seus antepassados, para a cidade que escolheste e para o templo que constru\u00ed em honra ao teu nome, ent\u00e3o, dos c\u00e9us, lugar da tua habita\u00e7\u00e3o, ouve a sua ora\u00e7\u00e3o e a sua s\u00faplica, e defende a sua causa. Perdoa o teu povo, que pecou contra ti (2 Cr\u00f4 6:37-39).<\/p>\n\n\n\n<h2 class=\"wp-block-heading\">2 Cr\u00f4nicas 30:9 <\/h2>\n\n\n\n<p>Se voc\u00eas voltarem para o Senhor, os que capturaram os seus irm\u00e3os e os seus filhos ter\u00e3o miseric\u00f3rdia deles, e eles voltar\u00e3o a esta terra, pois o Senhor, o seu Deus, \u00e9 bondoso e compassivo. Ele n\u00e3o os rejeitar\u00e1, se voc\u00eas se voltarem para ele\u201d (2 Cr\u00f4 30:9).<\/p>\n\n\n\n<h2 class=\"wp-block-heading\">Neemias 1:8-9 <\/h2>\n\n\n\n<p>Lembra-te agora do que disseste a Mois\u00e9s, teu servo: \u201cSe voc\u00eas forem infi\u00e9is, eu os espalharei entre as na\u00e7\u00f5es, mas, se voltarem para mim, obedecerem aos meus mandamentos e os puserem em pr\u00e1tica, mesmo que voc\u00eas estejam espalhados pelos lugares mais distantes debaixo do c\u00e9u, de l\u00e1 eu os reunirei e os trarei para o lugar que escolhi para estabelecer o meu nome\u201d (Nee 1:8-9).<\/p>\n\n\n\n<h2 class=\"wp-block-heading\">Prov\u00e9rbios 28:13 <\/h2>\n\n\n\n<p>Quem esconde os seus pecados n\u00e3o prospera, mas quem os confessa e os abandona encontra miseric\u00f3rdia (Pr 28:13).<\/p>\n\n\n\n<h2 class=\"wp-block-heading\">Isa\u00edas 55:7 <\/h2>\n\n\n\n<p>Que o \u00edmpio abandone o seu caminho, e o homem mau, os seus pensamentos. Volte-se ele para o Senhor, que ter\u00e1 miseric\u00f3rdia dele; volte-se para o nosso Deus, pois ele d\u00e1 de bom grado o seu perd\u00e3o (Is 55:7).<\/p>\n\n\n\n<h2 class=\"wp-block-heading\">Jeremias 3:12 <\/h2>\n\n\n\n<p>V\u00e1 e proclame esta mensagem para os lados do norte: Volte, \u00f3 infiel Israel, declara o Senhor, N\u00e3o mais franzirei a testa cheio de ira contra voc\u00ea, pois eu sou fiel, declara o Senhor, N\u00e3o ficarei irado para sempre (Jr 3:12).<\/p>\n\n\n\n<h2 class=\"wp-block-heading\">Ezequiel 18:21 <\/h2>\n\n\n\n<p>Mas, se um \u00edmpio se desviar de todos os pecados que cometeu e obedecer a todos os meus decretos e fizer o que \u00e9 justo e direito, com certeza viver\u00e1; n\u00e3o morrer\u00e1 (Ez 18:21).<\/p>\n\n\n\n<h2 class=\"wp-block-heading\">Ezequiel 18:31 <\/h2>\n\n\n\n<p>Livrem-se de todos os males que voc\u00eas cometeram, e busquem um cora\u00e7\u00e3o novo e um esp\u00edrito novo. Por que deveriam morrer, \u00f3 na\u00e7\u00e3o de Israel? (Ez 18:31).<\/p>\n\n\n\n<h2 class=\"wp-block-heading\">Os\u00e9ias 14:2 <\/h2>\n\n\n\n<p>Preparem o que v\u00e3o dizer e voltem para o Senhor. Pe\u00e7am-lhe: Perdoa todos os nossos pecados e, por miseric\u00f3rdia, recebe-nos, para que te ofere\u00e7amos o fruto dos nossos l\u00e1bios (Os 14:2).<\/p>\n\n\n\n<h2 class=\"wp-block-heading\">Joel 2:12 <\/h2>\n\n\n\n<p>Agora, por\u00e9m, declara o Senhor, voltem-se para mim de todo o cora\u00e7\u00e3o, com jejum, lamento e pranto (Jl 2:12).<\/p>\n\n\n\n<h2 class=\"wp-block-heading\">Zacarias 1:3 <\/h2>\n\n\n\n<p>Por isso, diga ao povo: Assim diz o Senhor dos Ex\u00e9rcitos: Voltem para mim, e eu me voltarei para voc\u00eas, diz o Senhor dos Ex\u00e9rcitos (Zac 1:3).<\/p>\n\n\n\n<h2 class=\"wp-block-heading\">Mateus 3:1-2 <\/h2>\n\n\n\n<p>Naqueles dias surgiu Jo\u00e3o Batista, pregando no deserto da Jud\u00e9ia. Ele dizia: Arrependam-se, pois o Reino dos c\u00e9us est\u00e1 pr\u00f3ximo (Mt 3:1-2).<\/p>\n\n\n\n<h2 class=\"wp-block-heading\">Mateus 3:8 <\/h2>\n\n\n\n<p>D\u00eaem fruto que mostre o arrependimento! (Mt 3:8).<\/p>\n\n\n\n<h2 class=\"wp-block-heading\">Mateus 4:17 <\/h2>\n\n\n\n<p>Da\u00ed em diante Jesus come\u00e7ou a pregar: \u201cArrependam-se, pois o Reino dos c\u00e9us est\u00e1 pr\u00f3ximo\u201d (Mt 4:17).<\/p>\n\n\n\n<h2 class=\"wp-block-heading\">Lucas 5:32 <\/h2>\n\n\n\n<p>Eu n\u00e3o vim chamar justos, mas pecadores ao arrependimento (Lc 5:32).<\/p>\n\n\n\n<h2 class=\"wp-block-heading\">Lucas 13:2-3 <\/h2>\n\n\n\n<p>Jesus respondeu: Voc\u00eas pensam que esses galileus eram mais pecadores que todos os outros, por terem sofrido dessa maneira? Eu lhes digo que n\u00e3o! Mas se n\u00e3o se arrependerem, todos voc\u00eas tamb\u00e9m perecer\u00e3o (Lc 13:2-3).<\/p>\n\n\n\n<h2 class=\"wp-block-heading\">Lucas 15:10 <\/h2>\n\n\n\n<p>Eu lhes digo que, da mesma forma, h\u00e1 alegria na presen\u00e7a dos anjos de Deus por um pecador que se arrepende (Lc 15:10).<\/p>\n\n\n\n<h2 class=\"wp-block-heading\">Atos 2:38 <\/h2>\n\n\n\n<p>Pedro respondeu: Arrependam-se, e cada um de voc\u00eas seja batizado em nome de Jesus Cristo para perd\u00e3o dos seus pecados, e receber\u00e3o o dom do Esp\u00edrito Santo (Atos 2:38).<\/p>\n\n\n\n<h2 class=\"wp-block-heading\">Atos 3:19 <\/h2>\n\n\n\n<p>Arrependam-se, pois, e voltem-se para Deus, para que os seus pecados sejam cancelados (Atos 3:19).<\/p>\n\n\n\n<h2 class=\"wp-block-heading\">Atos 17:30 <\/h2>\n\n\n\n<p>No passado Deus n\u00e3o levou em conta essa ignor\u00e2ncia, mas agora ordena que todos, em todo lugar, se arrependam (Atos 17:30).<\/p>\n\n\n\n<h2 class=\"wp-block-heading\">2 Pedro 3:9 <\/h2>\n\n\n\n<p>O Senhor n\u00e3o demora em cumprir a sua promessa, como julgam alguns. Ao contr\u00e1rio, ele \u00e9 paciente com voc\u00eas, n\u00e3o querendo que ningu\u00e9m pere\u00e7a, mas que todos cheguem ao arrependimento (2 Pe 3:9).<\/p>\n\n\n\n<h2 class=\"wp-block-heading\">1 Jo\u00e3o 1:9 <\/h2>\n\n\n\n<p>Se confessarmos os nossos pecados, ele \u00e9 fiel e justo para perdoar os nossos pecados e nos purificar de toda injusti\u00e7a (1 Jo\u00e3o 1:9).<\/p>\n\n\n\n<h2 class=\"wp-block-heading\">Apocalipse 3:19 <\/h2>\n\n\n\n<p> Repreendo e disciplino aqueles que eu amo. Por isso, seja diligente e arrependa-se (Ap 3:19).<\/p>\n\n\n\n<h2 class=\"wp-block-heading\">Lee Tambi\u00e9n:<\/h2>\n\n\n\n<ul class=\"wp-block-list\"><li><a href=\"https:\/\/thebibleverses.org\/pt\/\">Vers\u00edculos por T\u00f3picos<\/a><\/li><li><a href=\"https:\/\/thebibleverses.org\/pt\/amor\/\">Vers\u00edculos da B\u00edblia sobre o Amor<\/a><\/li><li><a href=\"https:\/\/thebibleverses.org\/pt\/forca\/\">Vers\u00edculos da B\u00edblia sobre For\u00e7a<\/a><\/li><li><a href=\"https:\/\/thebibleverses.org\/pt\/fe\/\">Vers\u00edculos B\u00edblicos sobre F\u00e9<\/a><\/li><li><a href=\"https:\/\/thebibleverses.org\/pt\/jovens\/\">Vers\u00edculos da B\u00edblia para Jovens<\/a><\/li><li><a href=\"https:\/\/thebibleverses.org\/pt\/amizade\/\">Vers\u00edculos da B\u00edblia sobre Amizade<\/a><\/li><li><a href=\"https:\/\/thebibleverses.org\/pt\/cura\/\">Vers\u00edculos da B\u00edblia sobre Cura<\/a><\/li><\/ul>\n","protected":false},"excerpt":{"rendered":"<p>2 Reis 17:13 O Senhor advertiu Israel e Jud\u00e1 por meio de todos os seus profetas e videntes: \u201cDesviem-se de seus maus caminhos. Obede\u00e7am \u00e0s minhas ordenan\u00e7as e aos meus decretos, de acordo com toda a Lei que ordenei aos seus antepassados que obedecessem e que lhes entreguei por meio de meus servos, os profetas\u201d [&hellip;]<\/p>\n","protected":false},"author":1,"featured_media":1507,"parent":0,"menu_order":0,"comment_status":"open","ping_status":"closed","template":"","meta":{"footnotes":""},"class_list":["post-105","page","type-page","status-publish","has-post-thumbnail","hentry","entry","fw-tab-6 fw-tabr-4"],"_links":{"self":[{"href":"https:\/\/thebibleverses.org\/pt\/wp-json\/wp\/v2\/pages\/105","targetHints":{"allow":["GET"]}}],"collection":[{"href":"https:\/\/thebibleverses.org\/pt\/wp-json\/wp\/v2\/pages"}],"about":[{"href":"https:\/\/thebibleverses.org\/pt\/wp-json\/wp\/v2\/types\/page"}],"author":[{"embeddable":true,"href":"https:\/\/thebibleverses.org\/pt\/wp-json\/wp\/v2\/users\/1"}],"replies":[{"embeddable":true,"href":"https:\/\/thebibleverses.org\/pt\/wp-json\/wp\/v2\/comments?post=105"}],"version-history":[{"count":0,"href":"https:\/\/thebibleverses.org\/pt\/wp-json\/wp\/v2\/pages\/105\/revisions"}],"wp:featuredmedia":[{"embeddable":true,"href":"https:\/\/thebibleverses.org\/pt\/wp-json\/wp\/v2\/media\/1507"}],"wp:attachment":[{"href":"https:\/\/thebibleverses.org\/pt\/wp-json\/wp\/v2\/media?parent=105"}],"curies":[{"name":"wp","href":"https:\/\/api.w.org\/{rel}","templated":true}]}}