{"id":97,"date":"2022-07-06T17:29:21","date_gmt":"2022-07-06T15:29:21","guid":{"rendered":"https:\/\/thebibleverses.org\/fr\/?page_id=97"},"modified":"2022-10-11T22:39:15","modified_gmt":"2022-10-11T20:39:15","slug":"dimes","status":"publish","type":"page","link":"https:\/\/thebibleverses.org\/fr\/dimes\/","title":{"rendered":"15 Versets Bibliques sur Les D\u00eemes"},"content":{"rendered":"<div class=\"wp-block-image\">\n<figure class=\"aligncenter size-large\"><img decoding=\"async\" width=\"1024\" height=\"631\" data-src=\"https:\/\/thebibleverses.org\/fr\/wp-content\/uploads\/2022\/07\/Versets-Bibliques-sur-Les-Dimes-1024x631.webp\" alt=\"Versets Bibliques sur Les D\u00eemes\" class=\"wp-image-98 lazyload\" data-srcset=\"https:\/\/thebibleverses.org\/fr\/wp-content\/uploads\/2022\/07\/Versets-Bibliques-sur-Les-Dimes-1024x631.webp 1024w, https:\/\/thebibleverses.org\/fr\/wp-content\/uploads\/2022\/07\/Versets-Bibliques-sur-Les-Dimes-300x185.webp 300w, https:\/\/thebibleverses.org\/fr\/wp-content\/uploads\/2022\/07\/Versets-Bibliques-sur-Les-Dimes-768x474.webp 768w, https:\/\/thebibleverses.org\/fr\/wp-content\/uploads\/2022\/07\/Versets-Bibliques-sur-Les-Dimes-320x197.webp 320w, https:\/\/thebibleverses.org\/fr\/wp-content\/uploads\/2022\/07\/Versets-Bibliques-sur-Les-Dimes-450x278.webp 450w, https:\/\/thebibleverses.org\/fr\/wp-content\/uploads\/2022\/07\/Versets-Bibliques-sur-Les-Dimes-720x444.webp 720w, https:\/\/thebibleverses.org\/fr\/wp-content\/uploads\/2022\/07\/Versets-Bibliques-sur-Les-Dimes.webp 1200w\" data-sizes=\"(max-width: 1024px) 100vw, 1024px\" src=\"data:image\/svg+xml;base64,PHN2ZyB3aWR0aD0iMSIgaGVpZ2h0PSIxIiB4bWxucz0iaHR0cDovL3d3dy53My5vcmcvMjAwMC9zdmciPjwvc3ZnPg==\" style=\"--smush-placeholder-width: 1024px; --smush-placeholder-aspect-ratio: 1024\/631;\" \/><figcaption>Versets Bibliques sur Les D\u00eemes &#8211; La Bible du Semeur (BDS).<\/figcaption><\/figure><\/div>\n\n\n<h2 class=\"wp-block-heading\">Gen\u00e8se 14:20<\/h2>\n\n\n\n<p>B\u00e9ni soit aussi le Dieu tr\u00e8s-haut qui t\u2019a donn\u00e9 la victoire |sur tes ennemis\u202f! Et Abram lui donna le dixi\u00e8me de tout le butin.<\/p>\n\n\n\n<h2 class=\"wp-block-heading\">Gen\u00e8se 28:22<\/h2>\n\n\n\n<p>Cette pierre que j\u2019ai dress\u00e9e comme st\u00e8le deviendra un sanctuaire de Dieu et je t\u2019offrirai le dixi\u00e8me de tous les biens que tu m\u2019accorderas.<\/p>\n\n\n\n<h2 class=\"wp-block-heading\">L\u00e9vitique 27:30<\/h2>\n\n\n\n<p>Toute d\u00eeme pr\u00e9lev\u00e9e sur les produits de la terre et sur les fruits des arbres appartient \u00e0 l\u2019Eternel\u202f: c\u2019est une chose sacr\u00e9e qui est \u00e0 lui.<\/p>\n\n\n\n<h2 class=\"wp-block-heading\">L\u00e9vitique 27:31<\/h2>\n\n\n\n<p>Si quelqu\u2019un tient \u00e0 racheter une partie de sa d\u00eeme, il en majorera le prix d\u2019un cinqui\u00e8me de sa valeur.<\/p>\n\n\n\n<h2 class=\"wp-block-heading\">Nombres 18:21<\/h2>\n\n\n\n<p>Aux l\u00e9vites, je donne comme possession toutes les d\u00eemes qui seront per\u00e7ues en Isra\u00ebl, pour le service qu\u2019ils assurent, celui qu\u2019ils accomplissent dans la tente de la Rencontre.<\/p>\n\n\n\n<h2 class=\"wp-block-heading\">Deut\u00e9ronome 14:28-29<\/h2>\n\n\n\n<p>Tous les trois ans, vous pr\u00e9l\u00e8verez toute la d\u00eeme des r\u00e9coltes de cette ann\u00e9e-l\u00e0, et vous la d\u00e9poserez \u00e0 l\u2019int\u00e9rieur de votre ville. Alors les l\u00e9vites, qui n\u2019ont pas de part de patrimoine foncier comme vous, viendront, ainsi que les immigr\u00e9s, les orphelins et les veuves qui habitent dans votre ville, et ils mangeront \u00e0 sati\u00e9t\u00e9. Alors l\u2019Eternel votre Dieu vous b\u00e9nira dans tous les travaux que vous entreprendrez.<\/p>\n\n\n\n<h2 class=\"wp-block-heading\">Deut\u00e9ronome 26:12<\/h2>\n\n\n\n<p>Tous les trois ans, ce sera l\u2019ann\u00e9e de la d\u00eeme. Quand tu auras achev\u00e9 de pr\u00e9lever toute la d\u00eeme sur toutes tes r\u00e9coltes et que tu l\u2019auras distribu\u00e9e aux l\u00e9vites, aux immigr\u00e9s, aux orphelins et aux veuves, pour qu\u2019ils aient de quoi manger \u00e0 sati\u00e9t\u00e9 l\u00e0 o\u00f9 tu habiteras.<\/p>\n\n\n\n<h2 class=\"wp-block-heading\">2 Chroniques 31:5-6<\/h2>\n\n\n\n<p>D\u00e8s que cet ordre eut \u00e9t\u00e9 publi\u00e9, les Isra\u00e9lites apport\u00e8rent en grandes quantit\u00e9s les premi\u00e8res r\u00e9coltes de bl\u00e9, de vin nouveau, d\u2019huile, de miel et de tous les produits agricoles. Ils apport\u00e8rent aussi la d\u00eeme de tout en abondance. Les Isra\u00e9lites et les Jud\u00e9ens qui habitaient dans les villes de Juda apport\u00e8rent eux aussi la d\u00eeme du gros b\u00e9tail, des moutons et des ch\u00e8vres, ainsi que celle des offrandes saintes qui \u00e9taient consacr\u00e9es \u00e0 l\u2019Eternel leur Dieu. On fit des tas consid\u00e9rables des divers produits.<\/p>\n\n\n\n<h2 class=\"wp-block-heading\">N\u00e9h\u00e9mie 10:38-39<\/h2>\n\n\n\n<p>Nous apporterons aux pr\u00eatres, dans les salles de notre Dieu, la p\u00e2te faite avec notre premi\u00e8re farine, nos offrandes, des fruits de tous les arbres, du vin nouveau, de l\u2019huile, et nous remettrons aux l\u00e9vites la dixi\u00e8me partie des produits de nos terres. Ils viendront eux-m\u00eames pr\u00e9lever cette d\u00eeme dans toutes les localit\u00e9s o\u00f9 nous travaillons. Un pr\u00eatre, descendant d\u2019Aaron, accompagnera les l\u00e9vites quand ceux-ci pr\u00e9l\u00e8veront la d\u00eeme, et ceux-ci apporteront la d\u00eeme de la d\u00eeme au temple de notre Dieu, dans les salles de l\u2019annexe qui sert d\u2019entrep\u00f4t.<\/p>\n\n\n\n<h2 class=\"wp-block-heading\">N\u00e9h\u00e9mie 12:44<\/h2>\n\n\n\n<p>A cette \u00e9poque, des hommes furent pr\u00e9pos\u00e9s \u00e0 la surveillance des salles o\u00f9 \u00e9taient entrepos\u00e9es les offrandes et les d\u00eemes. On les chargea d\u2019y recueillir les parts attribu\u00e9es par la Loi aux pr\u00eatres et aux l\u00e9vites, provenant des champs qui entouraient les villes. En effet, le peuple de Juda se r\u00e9jouissait de ce que les pr\u00eatres et les l\u00e9vites \u00e9taient en fonction.<\/p>\n\n\n\n<h2 class=\"wp-block-heading\">N\u00e9h\u00e9mie 13:12<\/h2>\n\n\n\n<p>Alors tout le peuple de Juda apporta dans les magasins la d\u00eeme du bl\u00e9, du vin nouveau et de l\u2019huile.<\/p>\n\n\n\n<h2 class=\"wp-block-heading\">Malachie 3:8<\/h2>\n\n\n\n<p>Un homme peut-il voler Dieu\u202f? Pourtant, vous me volez, et puis vous demandez\u202f: \u00ab En quoi t\u2019avons-nous donc vol\u00e9\u202f? \u00bb Vous me volez sur les d\u00eemes et sur les offrandes\u202f!<\/p>\n\n\n\n<h2 class=\"wp-block-heading\">Malachie 3:10<\/h2>\n\n\n\n<p>Apportez donc vos d\u00eemes dans leur totalit\u00e9 au tr\u00e9sor du Temple pour qu\u2019il y ait des vivres dans ma demeure\u202f! De cette fa\u00e7on-l\u00e0, mettez-moi \u00e0 l\u2019\u00e9preuve, d\u00e9clare l\u2019Eternel, le Seigneur des arm\u00e9es c\u00e9lestes\u202f: alors vous verrez bien si, de mon c\u00f4t\u00e9, je n\u2019ouvre pas pour vous les \u00e9cluses des cieux, et ne vous comble pas avec surabondance de ma b\u00e9n\u00e9diction.<\/p>\n\n\n\n<h2 class=\"wp-block-heading\">Matthieu 23:23<\/h2>\n\n\n\n<p>Malheur \u00e0 vous, sp\u00e9cialistes de la Loi et pharisiens hypocrites\u202f! Vous vous acquittez de la d\u00eeme sur la menthe, l\u2019anis et le cumin, mais vous laissez de c\u00f4t\u00e9 ce qu\u2019il y a de plus important dans la Loi, c\u2019est-\u00e0-dire la justice, la compassion et la fid\u00e9lit\u00e9. Voil\u00e0 ce qu\u2019il fallait pratiquer, sans n\u00e9gliger le reste.<\/p>\n\n\n\n<h2 class=\"wp-block-heading\">H\u00e9breux 7:5-6<\/h2>\n\n\n\n<p>Certes, la Loi ordonne \u00e0 ceux des l\u00e9vites qui sont pr\u00eatres de pr\u00e9lever la d\u00eeme sur le peuple d\u2019Isra\u00ebl, c\u2019est-\u00e0-dire sur leurs fr\u00e8res, bien que ceux-ci soient, comme eux, des descendants d\u2019Abraham. Mais Melchis\u00e9dek, qui ne figure pas parmi les descendants de L\u00e9vi, a re\u00e7u la d\u00eeme d\u2019Abraham. En outre, il a invoqu\u00e9 la b\u00e9n\u00e9diction de Dieu sur celui qui avait re\u00e7u les promesses divines.<\/p>\n\n\n\n<h2 class=\"wp-block-heading\">Lire Aussi:<\/h2>\n\n\n\n<ul class=\"wp-block-list\"><li><a href=\"https:\/\/thebibleverses.org\/fr\/\">Versets Bibliques par Sujets<\/a><\/li><li><a href=\"https:\/\/thebibleverses.org\/fr\/amour\/\">Versets Bibliques sur l&rsquo;Amour<\/a><\/li><li><a href=\"https:\/\/thebibleverses.org\/fr\/force\/\">Versets Bibliques sur la Force<\/a><\/li><li><a href=\"https:\/\/thebibleverses.org\/fr\/foi\/\">Versets Bibliques sur la Foi<\/a><\/li><li><a href=\"https:\/\/thebibleverses.org\/fr\/jeunes\/\">Versets Bibliques pour les Jeunes<\/a><\/li><li><a href=\"https:\/\/thebibleverses.org\/fr\/amitie\/\">Versets Bibliques sur l&rsquo;Amiti\u00e9<\/a><\/li><li><a href=\"https:\/\/thebibleverses.org\/fr\/guerison\/\">Versets Bibliques sur la Gu\u00e9rison<\/a><\/li><\/ul>\n","protected":false},"excerpt":{"rendered":"<p>Gen\u00e8se 14:20 B\u00e9ni soit aussi le Dieu tr\u00e8s-haut qui t\u2019a donn\u00e9 la victoire |sur tes ennemis\u202f! Et Abram lui donna le dixi\u00e8me de tout le butin. Gen\u00e8se 28:22 Cette pierre que j\u2019ai dress\u00e9e comme st\u00e8le deviendra un sanctuaire de Dieu et je t\u2019offrirai le dixi\u00e8me de tous les biens que tu m\u2019accorderas. L\u00e9vitique 27:30 Toute [&hellip;]<\/p>\n","protected":false},"author":1,"featured_media":98,"parent":0,"menu_order":0,"comment_status":"open","ping_status":"closed","template":"","meta":{"footnotes":""},"class_list":["post-97","page","type-page","status-publish","has-post-thumbnail","hentry","entry","fw-tab-6 fw-tabr-4"],"_links":{"self":[{"href":"https:\/\/thebibleverses.org\/fr\/wp-json\/wp\/v2\/pages\/97","targetHints":{"allow":["GET"]}}],"collection":[{"href":"https:\/\/thebibleverses.org\/fr\/wp-json\/wp\/v2\/pages"}],"about":[{"href":"https:\/\/thebibleverses.org\/fr\/wp-json\/wp\/v2\/types\/page"}],"author":[{"embeddable":true,"href":"https:\/\/thebibleverses.org\/fr\/wp-json\/wp\/v2\/users\/1"}],"replies":[{"embeddable":true,"href":"https:\/\/thebibleverses.org\/fr\/wp-json\/wp\/v2\/comments?post=97"}],"version-history":[{"count":0,"href":"https:\/\/thebibleverses.org\/fr\/wp-json\/wp\/v2\/pages\/97\/revisions"}],"wp:featuredmedia":[{"embeddable":true,"href":"https:\/\/thebibleverses.org\/fr\/wp-json\/wp\/v2\/media\/98"}],"wp:attachment":[{"href":"https:\/\/thebibleverses.org\/fr\/wp-json\/wp\/v2\/media?parent=97"}],"curies":[{"name":"wp","href":"https:\/\/api.w.org\/{rel}","templated":true}]}}