{"id":94,"date":"2022-07-06T17:23:08","date_gmt":"2022-07-06T15:23:08","guid":{"rendered":"https:\/\/thebibleverses.org\/fr\/?page_id=94"},"modified":"2022-10-11T22:39:44","modified_gmt":"2022-10-11T20:39:44","slug":"10-commandements","status":"publish","type":"page","link":"https:\/\/thebibleverses.org\/fr\/10-commandements\/","title":{"rendered":"Versets Bibliques sur les 10 Commandements"},"content":{"rendered":"<div class=\"wp-block-image\">\n<figure class=\"aligncenter size-large\"><img decoding=\"async\" width=\"1024\" height=\"631\" data-src=\"https:\/\/thebibleverses.org\/fr\/wp-content\/uploads\/2022\/07\/Versets-Bibliques-sur-Les-Dix-Commandements-1024x631.webp\" alt=\"Versets Bibliques sur Les Dix Commandements\" class=\"wp-image-95 lazyload\" data-srcset=\"https:\/\/thebibleverses.org\/fr\/wp-content\/uploads\/2022\/07\/Versets-Bibliques-sur-Les-Dix-Commandements-1024x631.webp 1024w, https:\/\/thebibleverses.org\/fr\/wp-content\/uploads\/2022\/07\/Versets-Bibliques-sur-Les-Dix-Commandements-300x185.webp 300w, https:\/\/thebibleverses.org\/fr\/wp-content\/uploads\/2022\/07\/Versets-Bibliques-sur-Les-Dix-Commandements-768x474.webp 768w, https:\/\/thebibleverses.org\/fr\/wp-content\/uploads\/2022\/07\/Versets-Bibliques-sur-Les-Dix-Commandements-320x197.webp 320w, https:\/\/thebibleverses.org\/fr\/wp-content\/uploads\/2022\/07\/Versets-Bibliques-sur-Les-Dix-Commandements-450x278.webp 450w, https:\/\/thebibleverses.org\/fr\/wp-content\/uploads\/2022\/07\/Versets-Bibliques-sur-Les-Dix-Commandements-720x444.webp 720w, https:\/\/thebibleverses.org\/fr\/wp-content\/uploads\/2022\/07\/Versets-Bibliques-sur-Les-Dix-Commandements.webp 1200w\" data-sizes=\"(max-width: 1024px) 100vw, 1024px\" src=\"data:image\/svg+xml;base64,PHN2ZyB3aWR0aD0iMSIgaGVpZ2h0PSIxIiB4bWxucz0iaHR0cDovL3d3dy53My5vcmcvMjAwMC9zdmciPjwvc3ZnPg==\" style=\"--smush-placeholder-width: 1024px; --smush-placeholder-aspect-ratio: 1024\/631;\" \/><figcaption>Versets Bibliques sur Les Dix Commandements &#8211; La Bible du Semeur (BDS).<\/figcaption><\/figure><\/div>\n\n\n<h2 class=\"wp-block-heading\">Exode 20:3<\/h2>\n\n\n\n<p>Tu n\u2019auras pas d\u2019autre dieu que moi.<\/p>\n\n\n\n<h2 class=\"wp-block-heading\">Exode 20:4<\/h2>\n\n\n\n<p>Tu ne te feras pas d\u2019idole ni de repr\u00e9sentation quelconque de ce qui se trouve en haut dans le ciel, ici-bas sur la terre, ou dans les eaux plus bas que la terre[a].<\/p>\n\n\n\n<h2 class=\"wp-block-heading\">Exode 20:7<\/h2>\n\n\n\n<p>Tu n\u2019utiliseras pas le nom de l\u2019Eternel ton Dieu pour tromper, car l\u2019Eternel ne laisse pas impuni celui qui utilise son nom pour tromper.<\/p>\n\n\n\n<h2 class=\"wp-block-heading\">Exode 20:8<\/h2>\n\n\n\n<p>Pense \u00e0 observer le jour du sabbat et fais-en un jour consacr\u00e9 \u00e0 l\u2019Eternel.<\/p>\n\n\n\n<h2 class=\"wp-block-heading\">Exode 20:12<\/h2>\n\n\n\n<p>Honore ton p\u00e8re et ta m\u00e8re afin de jouir d\u2019une longue vie dans le pays que l\u2019Eternel ton Dieu te donne.<\/p>\n\n\n\n<h2 class=\"wp-block-heading\">Exode 20:13<\/h2>\n\n\n\n<p>Tu ne commettras pas de meurtre.<\/p>\n\n\n\n<h2 class=\"wp-block-heading\">Exode 20:14<\/h2>\n\n\n\n<p>Tu ne commettras pas d\u2019adult\u00e8re.<\/p>\n\n\n\n<h2 class=\"wp-block-heading\">Exode 20:15<\/h2>\n\n\n\n<p>Tu ne commettras pas de vol.<\/p>\n\n\n\n<h2 class=\"wp-block-heading\">Exode 20:16<\/h2>\n\n\n\n<p>Tu ne porteras pas de faux t\u00e9moignage contre ton prochain.<\/p>\n\n\n\n<h2 class=\"wp-block-heading\">Exode 20:17<\/h2>\n\n\n\n<p>Tu ne convoiteras pas la maison de ton prochain, tu ne convoiteras pas la femme de ton prochain, ni son serviteur, ni sa servante, ni son b\u0153uf, ni son \u00e2ne, ni rien qui appartienne \u00e0 ton prochain.<\/p>\n\n\n\n<h2 class=\"wp-block-heading\">Lire Aussi:<\/h2>\n\n\n\n<ul class=\"wp-block-list\"><li><a href=\"https:\/\/thebibleverses.org\/fr\/\">Versets Bibliques par Sujets<\/a><\/li><li><a href=\"https:\/\/thebibleverses.org\/fr\/amour\/\">Versets Bibliques sur l&rsquo;Amour<\/a><\/li><li><a href=\"https:\/\/thebibleverses.org\/fr\/force\/\">Versets Bibliques sur la Force<\/a><\/li><li><a href=\"https:\/\/thebibleverses.org\/fr\/foi\/\">Versets Bibliques sur la Foi<\/a><\/li><li><a href=\"https:\/\/thebibleverses.org\/fr\/jeunes\/\">Versets Bibliques pour les Jeunes<\/a><\/li><li><a href=\"https:\/\/thebibleverses.org\/fr\/amitie\/\">Versets Bibliques sur l&rsquo;Amiti\u00e9<\/a><\/li><li><a href=\"https:\/\/thebibleverses.org\/fr\/guerison\/\">Versets Bibliques sur la Gu\u00e9rison<\/a><\/li><\/ul>\n","protected":false},"excerpt":{"rendered":"<p>Exode 20:3 Tu n\u2019auras pas d\u2019autre dieu que moi. Exode 20:4 Tu ne te feras pas d\u2019idole ni de repr\u00e9sentation quelconque de ce qui se trouve en haut dans le ciel, ici-bas sur la terre, ou dans les eaux plus bas que la terre[a]. Exode 20:7 Tu n\u2019utiliseras pas le nom de l\u2019Eternel ton Dieu [&hellip;]<\/p>\n","protected":false},"author":1,"featured_media":95,"parent":0,"menu_order":0,"comment_status":"open","ping_status":"closed","template":"","meta":{"footnotes":""},"class_list":["post-94","page","type-page","status-publish","has-post-thumbnail","hentry","entry","fw-tab-6 fw-tabr-4"],"_links":{"self":[{"href":"https:\/\/thebibleverses.org\/fr\/wp-json\/wp\/v2\/pages\/94","targetHints":{"allow":["GET"]}}],"collection":[{"href":"https:\/\/thebibleverses.org\/fr\/wp-json\/wp\/v2\/pages"}],"about":[{"href":"https:\/\/thebibleverses.org\/fr\/wp-json\/wp\/v2\/types\/page"}],"author":[{"embeddable":true,"href":"https:\/\/thebibleverses.org\/fr\/wp-json\/wp\/v2\/users\/1"}],"replies":[{"embeddable":true,"href":"https:\/\/thebibleverses.org\/fr\/wp-json\/wp\/v2\/comments?post=94"}],"version-history":[{"count":0,"href":"https:\/\/thebibleverses.org\/fr\/wp-json\/wp\/v2\/pages\/94\/revisions"}],"wp:featuredmedia":[{"embeddable":true,"href":"https:\/\/thebibleverses.org\/fr\/wp-json\/wp\/v2\/media\/95"}],"wp:attachment":[{"href":"https:\/\/thebibleverses.org\/fr\/wp-json\/wp\/v2\/media?parent=94"}],"curies":[{"name":"wp","href":"https:\/\/api.w.org\/{rel}","templated":true}]}}