{"id":91,"date":"2022-07-06T17:07:45","date_gmt":"2022-07-06T15:07:45","guid":{"rendered":"https:\/\/thebibleverses.org\/fr\/?page_id=91"},"modified":"2022-10-11T22:39:20","modified_gmt":"2022-10-11T20:39:20","slug":"consolation","status":"publish","type":"page","link":"https:\/\/thebibleverses.org\/fr\/consolation\/","title":{"rendered":"27 Versets Bibliques sur la Consolation"},"content":{"rendered":"<div class=\"wp-block-image\">\n<figure class=\"aligncenter size-large\"><img decoding=\"async\" width=\"1024\" height=\"631\" data-src=\"https:\/\/thebibleverses.org\/fr\/wp-content\/uploads\/2022\/07\/Versets-Bibliques-sur-la-Consolation-1024x631.webp\" alt=\"Versets Bibliques sur la Consolation\" class=\"wp-image-92 lazyload\" data-srcset=\"https:\/\/thebibleverses.org\/fr\/wp-content\/uploads\/2022\/07\/Versets-Bibliques-sur-la-Consolation-1024x631.webp 1024w, https:\/\/thebibleverses.org\/fr\/wp-content\/uploads\/2022\/07\/Versets-Bibliques-sur-la-Consolation-300x185.webp 300w, https:\/\/thebibleverses.org\/fr\/wp-content\/uploads\/2022\/07\/Versets-Bibliques-sur-la-Consolation-768x474.webp 768w, https:\/\/thebibleverses.org\/fr\/wp-content\/uploads\/2022\/07\/Versets-Bibliques-sur-la-Consolation-320x197.webp 320w, https:\/\/thebibleverses.org\/fr\/wp-content\/uploads\/2022\/07\/Versets-Bibliques-sur-la-Consolation-450x278.webp 450w, https:\/\/thebibleverses.org\/fr\/wp-content\/uploads\/2022\/07\/Versets-Bibliques-sur-la-Consolation-720x444.webp 720w, https:\/\/thebibleverses.org\/fr\/wp-content\/uploads\/2022\/07\/Versets-Bibliques-sur-la-Consolation.webp 1200w\" data-sizes=\"(max-width: 1024px) 100vw, 1024px\" src=\"data:image\/svg+xml;base64,PHN2ZyB3aWR0aD0iMSIgaGVpZ2h0PSIxIiB4bWxucz0iaHR0cDovL3d3dy53My5vcmcvMjAwMC9zdmciPjwvc3ZnPg==\" style=\"--smush-placeholder-width: 1024px; --smush-placeholder-aspect-ratio: 1024\/631;\" \/><figcaption>Versets Bibliques sur la Consolation &#8211; La Bible du Semeur (BDS).<\/figcaption><\/figure><\/div>\n\n\n<h2 class=\"wp-block-heading\">Job 5:19<\/h2>\n\n\n\n<p>Six fois, dans la d\u00e9tresse, |il te d\u00e9livrera. Dans sept calamit\u00e9s, |le mal t\u2019\u00e9pargnera.<\/p>\n\n\n\n<h2 class=\"wp-block-heading\">Psaumes 6:3<\/h2>\n\n\n\n<p>Eternel, |aie piti\u00e9 de moi, |car je suis sans force. O Eternel, gu\u00e9ris-moi, |car de tout mon \u00eatre, |vois, je suis dans l\u2019\u00e9pouvante.<\/p>\n\n\n\n<h2 class=\"wp-block-heading\">Psaumes 23:4<\/h2>\n\n\n\n<p>Si je devais traverser |la vall\u00e9e o\u00f9 r\u00e8gnent |d\u2019\u00e9paisses t\u00e9n\u00e8bres, je ne craindrais aucun mal, |car tu es aupr\u00e8s de moi\u202f: ta houlette me conduit |et ton b\u00e2ton me prot\u00e8ge.<\/p>\n\n\n\n<h2 class=\"wp-block-heading\">Psaumes 27:10<\/h2>\n\n\n\n<p>Si mon p\u00e8re et ma m\u00e8re |devaient m\u2019abandonner, l\u2019Eternel me recueillerait.<\/p>\n\n\n\n<h2 class=\"wp-block-heading\">Psaumes 30:6<\/h2>\n\n\n\n<p>Son courroux dure un instant, sa faveur est pour la vie. Si, le soir, des pleurs subsistent, au matin, la joie \u00e9clate.<\/p>\n\n\n\n<h2 class=\"wp-block-heading\">Psaumes 34:19<\/h2>\n\n\n\n<p>Car l\u2019Eternel est proche |de ceux qui ont le c\u0153ur bris\u00e9. Il sauve ceux |qui ont un esprit abattu.<\/p>\n\n\n\n<h2 class=\"wp-block-heading\">Psaumes 41:5<\/h2>\n\n\n\n<p>J\u2019ai dit\u202f: O Eternel, |aie compassion de moi, et veuille me gu\u00e9rir\u202f! |J\u2019ai p\u00e9ch\u00e9 contre toi.<\/p>\n\n\n\n<h2 class=\"wp-block-heading\">Psaumes 51:18-19<\/h2>\n\n\n\n<p>Car tu ne d\u00e9sires pas |que je t\u2019offre un sacrifice. Je t\u2019aurais offert des holocaustes, mais tu n\u2019y prends pas plaisir. Le seul sacrifice |qui convienne \u00e0 Dieu, |c\u2019est un esprit humili\u00e9. O Dieu, tu n\u2019\u00e9cartes pas |un c\u0153ur bris\u00e9 et contrit.<\/p>\n\n\n\n<h2 class=\"wp-block-heading\">Psaumes 71:20-21<\/h2>\n\n\n\n<p>Tu nous as fait |passer par des d\u00e9tresses |et des malheurs sans nombre. Tu nous feras revivre et, du fond des ab\u00eemes, |tu me retireras. Veuille me rendre |encore plus honor\u00e9, et me consoler \u00e0 nouveau.<\/p>\n\n\n\n<h2 class=\"wp-block-heading\">Psaumes 86:17<\/h2>\n\n\n\n<p>Accorde-moi un signe |de ta bont\u00e9. Que ceux qui me ha\u00efssent |le voient et soient couverts de honte\u202f! Car c\u2019est toi, Eternel, |qui es mon aide |et mon consolateur.<\/p>\n\n\n\n<h2 class=\"wp-block-heading\">Psaumes 94:19<\/h2>\n\n\n\n<p>Lorsque des pens\u00e9es en foule |s\u2019agitaient en moi, tes consolations |m\u2019ont rendu la joie.<\/p>\n\n\n\n<h2 class=\"wp-block-heading\">Psaumes 119:50<\/h2>\n\n\n\n<p>Dans ma mis\u00e8re, |mon r\u00e9confort, c\u2019est que ta parole me fera vivre.<\/p>\n\n\n\n<h2 class=\"wp-block-heading\">Psaumes 147:3<\/h2>\n\n\n\n<p>Ceux qui sont abattus, |il les gu\u00e9rit. Il panse leurs blessures\u202f!<\/p>\n\n\n\n<h2 class=\"wp-block-heading\">\u00c9sa\u00efe 12:1<\/h2>\n\n\n\n<p>Je te loue, Eternel, car m\u00eame si tu as \u00e9t\u00e9 |irrit\u00e9 contre moi, ta col\u00e8re s\u2019apaise, tu me consoles.<\/p>\n\n\n\n<h2 class=\"wp-block-heading\">\u00c9sa\u00efe 51:3<\/h2>\n\n\n\n<p>Oui, l\u2019Eternel |va consoler Sion, ses ruines lui inspireront |de la compassion\u202f; il rendra son d\u00e9sert |comme l\u2019Eden, la steppe comme le jardin |de l\u2019Eternel. La joie et l\u2019all\u00e9gresse |y r\u00e9gneront, et l\u2019on y entendra |de la musique |et des chants de reconnaissance.<\/p>\n\n\n\n<h2 class=\"wp-block-heading\">\u00c9sa\u00efe 57:15<\/h2>\n\n\n\n<p>Car voici ce que dit |le Dieu tr\u00e8s \u00e9lev\u00e9 qui demeure \u00e9ternellement, et qui est saint\u202f: J\u2019habite dans un lieu |qui est tr\u00e8s haut et saint, mais je demeure aussi |avec l\u2019homme accabl\u00e9, \u00e0 l\u2019esprit abattu, pour ranimer la vie |de qui a l\u2019esprit abattu et vivifier le c\u0153ur |des hommes accabl\u00e9s.<\/p>\n\n\n\n<h2 class=\"wp-block-heading\">\u00c9sa\u00efe 57:18<\/h2>\n\n\n\n<p>J\u2019ai bien vu sa conduite, mais je le gu\u00e9rirai et je le conduirai, je lui accorderai |une pleine consolation, \u00e0 lui, et aux siens afflig\u00e9s.<\/p>\n\n\n\n<h2 class=\"wp-block-heading\">\u00c9sa\u00efe 61:1<\/h2>\n\n\n\n<p>L\u2019Esprit de l\u2019Eternel, |du Seigneur, est sur moi car l\u2019Eternel m\u2019a oint pour annoncer aux humili\u00e9s |une bonne nouvelle. Oui, il m\u2019a envoy\u00e9 |afin de panser ceux |qui ont le c\u0153ur bris\u00e9, d\u2019annoncer aux captifs |leur d\u00e9livrance et \u00e0 ceux qui sont prisonniers |leur mise en libert\u00e9.<\/p>\n\n\n\n<h2 class=\"wp-block-heading\">\u00c9sa\u00efe 66:13<\/h2>\n\n\n\n<p>Comme un homme que sa m\u00e8re console, je vous consolerai. Oui, dans J\u00e9rusalem, |vous serez consol\u00e9s.<\/p>\n\n\n\n<h2 class=\"wp-block-heading\">Matthieu 5:4<\/h2>\n\n\n\n<p>Heureux ceux qui pleurent, car Dieu les consolera.<\/p>\n\n\n\n<h2 class=\"wp-block-heading\">Jean 14:1<\/h2>\n\n\n\n<p>J\u00e9sus dit\u202f: Que votre c\u0153ur ne se trouble pas. Ayez foi en Dieu, ayez aussi foi en moi.<\/p>\n\n\n\n<h2 class=\"wp-block-heading\">Jean 14:18<\/h2>\n\n\n\n<p>Non, je ne vous laisserai pas orphelins, mais je reviendrai vers vous.<\/p>\n\n\n\n<h2 class=\"wp-block-heading\">Jean 16:22<\/h2>\n\n\n\n<p>Vous, de m\u00eame, vous \u00eates maintenant dans la douleur, mais je vous verrai de nouveau\u202f: alors votre c\u0153ur sera rempli de joie, et cette joie, personne ne pourra vous l\u2019enlever.<\/p>\n\n\n\n<h2 class=\"wp-block-heading\">Jean 16:33<\/h2>\n\n\n\n<p>Il fallait que je vous dise aussi cela pour que vous trouviez la paix en moi. Dans le monde, vous aurez \u00e0 souffrir bien des afflictions. Mais courage\u202f! Moi, j\u2019ai vaincu le monde.<\/p>\n\n\n\n<h2 class=\"wp-block-heading\">2 Corinthiens 1:3-4<\/h2>\n\n\n\n<p>B\u00e9ni soit Dieu, le P\u00e8re de notre Seigneur J\u00e9sus-Christ, le P\u00e8re qui est plein de bont\u00e9, le Dieu qui r\u00e9conforte dans toutes les situations. Il nous r\u00e9conforte dans toutes nos d\u00e9tresses, afin qu\u2019\u00e0 notre tour nous soyons capables de r\u00e9conforter ceux qui passent par toutes sortes de d\u00e9tresses, en leur apportant le r\u00e9confort que Dieu nous a apport\u00e9.<\/p>\n\n\n\n<h2 class=\"wp-block-heading\">1 Thessaloniciens 4:18<\/h2>\n\n\n\n<p>Encouragez-vous donc mutuellement par ces paroles.<\/p>\n\n\n\n<h2 class=\"wp-block-heading\">2 Thessaloniciens 2:16-17<\/h2>\n\n\n\n<p>Notre Seigneur J\u00e9sus-Christ lui-m\u00eame, et Dieu, notre P\u00e8re, nous ont t\u00e9moign\u00e9 tant d\u2019amour, et, par gr\u00e2ce, nous ont donn\u00e9 une source \u00e9ternelle de r\u00e9confort et une bonne esp\u00e9rance. Qu\u2019ils vous remplissent de courage et vous accordent la force de pratiquer toujours le bien, en actes et en paroles.<\/p>\n\n\n\n<h2 class=\"wp-block-heading\">Lire Aussi:<\/h2>\n\n\n\n<ul class=\"wp-block-list\"><li><a href=\"https:\/\/thebibleverses.org\/fr\/\">Versets Bibliques par Sujets<\/a><\/li><li><a href=\"https:\/\/thebibleverses.org\/fr\/amour\/\">Versets Bibliques sur l&rsquo;Amour<\/a><\/li><li><a href=\"https:\/\/thebibleverses.org\/fr\/force\/\">Versets Bibliques sur la Force<\/a><\/li><li><a href=\"https:\/\/thebibleverses.org\/fr\/foi\/\">Versets Bibliques sur la Foi<\/a><\/li><li><a href=\"https:\/\/thebibleverses.org\/fr\/jeunes\/\">Versets Bibliques pour les Jeunes<\/a><\/li><li><a href=\"https:\/\/thebibleverses.org\/fr\/amitie\/\">Versets Bibliques sur l&rsquo;Amiti\u00e9<\/a><\/li><li><a href=\"https:\/\/thebibleverses.org\/fr\/guerison\/\">Versets Bibliques sur la Gu\u00e9rison<\/a><\/li><\/ul>\n","protected":false},"excerpt":{"rendered":"<p>Job 5:19 Six fois, dans la d\u00e9tresse, |il te d\u00e9livrera. Dans sept calamit\u00e9s, |le mal t\u2019\u00e9pargnera. Psaumes 6:3 Eternel, |aie piti\u00e9 de moi, |car je suis sans force. O Eternel, gu\u00e9ris-moi, |car de tout mon \u00eatre, |vois, je suis dans l\u2019\u00e9pouvante. Psaumes 23:4 Si je devais traverser |la vall\u00e9e o\u00f9 r\u00e8gnent |d\u2019\u00e9paisses t\u00e9n\u00e8bres, je ne [&hellip;]<\/p>\n","protected":false},"author":1,"featured_media":92,"parent":0,"menu_order":0,"comment_status":"open","ping_status":"closed","template":"","meta":{"footnotes":""},"class_list":["post-91","page","type-page","status-publish","has-post-thumbnail","hentry","entry","fw-tab-6 fw-tabr-4"],"_links":{"self":[{"href":"https:\/\/thebibleverses.org\/fr\/wp-json\/wp\/v2\/pages\/91","targetHints":{"allow":["GET"]}}],"collection":[{"href":"https:\/\/thebibleverses.org\/fr\/wp-json\/wp\/v2\/pages"}],"about":[{"href":"https:\/\/thebibleverses.org\/fr\/wp-json\/wp\/v2\/types\/page"}],"author":[{"embeddable":true,"href":"https:\/\/thebibleverses.org\/fr\/wp-json\/wp\/v2\/users\/1"}],"replies":[{"embeddable":true,"href":"https:\/\/thebibleverses.org\/fr\/wp-json\/wp\/v2\/comments?post=91"}],"version-history":[{"count":0,"href":"https:\/\/thebibleverses.org\/fr\/wp-json\/wp\/v2\/pages\/91\/revisions"}],"wp:featuredmedia":[{"embeddable":true,"href":"https:\/\/thebibleverses.org\/fr\/wp-json\/wp\/v2\/media\/92"}],"wp:attachment":[{"href":"https:\/\/thebibleverses.org\/fr\/wp-json\/wp\/v2\/media?parent=91"}],"curies":[{"name":"wp","href":"https:\/\/api.w.org\/{rel}","templated":true}]}}