{"id":70,"date":"2022-07-03T06:12:36","date_gmt":"2022-07-03T04:12:36","guid":{"rendered":"https:\/\/thebibleverses.org\/fr\/?page_id=70"},"modified":"2022-10-11T22:38:04","modified_gmt":"2022-10-11T20:38:04","slug":"confiance-en-dieu","status":"publish","type":"page","link":"https:\/\/thebibleverses.org\/fr\/confiance-en-dieu\/","title":{"rendered":"35 Versets Bibliques sur la Confiance en Dieu"},"content":{"rendered":"<div class=\"wp-block-image\">\n<figure class=\"aligncenter size-large\"><img decoding=\"async\" width=\"1024\" height=\"631\" data-src=\"https:\/\/thebibleverses.org\/fr\/wp-content\/uploads\/2022\/07\/Versets-Bibliques-sur-la-Confiance-en-Dieu-1024x631.webp\" alt=\"Versets Bibliques sur la Confiance en Dieu\" class=\"wp-image-71 lazyload\" data-srcset=\"https:\/\/thebibleverses.org\/fr\/wp-content\/uploads\/2022\/07\/Versets-Bibliques-sur-la-Confiance-en-Dieu-1024x631.webp 1024w, https:\/\/thebibleverses.org\/fr\/wp-content\/uploads\/2022\/07\/Versets-Bibliques-sur-la-Confiance-en-Dieu-300x185.webp 300w, https:\/\/thebibleverses.org\/fr\/wp-content\/uploads\/2022\/07\/Versets-Bibliques-sur-la-Confiance-en-Dieu-768x474.webp 768w, https:\/\/thebibleverses.org\/fr\/wp-content\/uploads\/2022\/07\/Versets-Bibliques-sur-la-Confiance-en-Dieu-320x197.webp 320w, https:\/\/thebibleverses.org\/fr\/wp-content\/uploads\/2022\/07\/Versets-Bibliques-sur-la-Confiance-en-Dieu-450x278.webp 450w, https:\/\/thebibleverses.org\/fr\/wp-content\/uploads\/2022\/07\/Versets-Bibliques-sur-la-Confiance-en-Dieu-720x444.webp 720w, https:\/\/thebibleverses.org\/fr\/wp-content\/uploads\/2022\/07\/Versets-Bibliques-sur-la-Confiance-en-Dieu.webp 1200w\" data-sizes=\"(max-width: 1024px) 100vw, 1024px\" src=\"data:image\/svg+xml;base64,PHN2ZyB3aWR0aD0iMSIgaGVpZ2h0PSIxIiB4bWxucz0iaHR0cDovL3d3dy53My5vcmcvMjAwMC9zdmciPjwvc3ZnPg==\" style=\"--smush-placeholder-width: 1024px; --smush-placeholder-aspect-ratio: 1024\/631;\" \/><figcaption>Versets Bibliques sur la Confiance en Dieu &#8211; La Bible du Semeur (BDS).<\/figcaption><\/figure><\/div>\n\n\n<h2 class=\"wp-block-heading\">Gen\u00e8se 28:15<\/h2>\n\n\n\n<p>Et voici\u202f: je suis moi-m\u00eame avec toi, je te garderai partout o\u00f9 tu iras\u202f; et je te ferai revenir vers cette r\u00e9gion\u202f; je ne t\u2019abandonnerai pas mais j\u2019accomplirai ce que je t\u2019ai promis.<\/p>\n\n\n\n<h2 class=\"wp-block-heading\">Exode 15:2<\/h2>\n\n\n\n<p>L\u2019Eternel est ma force, |il est le sujet de mes chants, il m\u2019a sauv\u00e9, il est mon Dieu, je le louerai et je l\u2019exalterai, |lui, le Dieu de mon p\u00e8re.<\/p>\n\n\n\n<h2 class=\"wp-block-heading\">Deut\u00e9ronome 20:1<\/h2>\n\n\n\n<p>Lorsque vous partirez en guerre contre vos ennemis et que vous verrez des chevaux, des chars de combat et une arm\u00e9e plus nombreuse que la v\u00f4tre, n\u2019en ayez pas peur, car l\u2019Eternel votre Dieu, qui vous a fait sortir d\u2019Egypte, est avec vous.<\/p>\n\n\n\n<h2 class=\"wp-block-heading\">Deut\u00e9ronome 31:8<\/h2>\n\n\n\n<p>L\u2019Eternel lui-m\u00eame marchera devant toi, il sera avec toi, il ne te d\u00e9laissera pas et il ne t\u2019abandonnera pas. Ne crains rien et ne te laisse pas effrayer\u202f!<\/p>\n\n\n\n<h2 class=\"wp-block-heading\">Josu\u00e9 1:9<\/h2>\n\n\n\n<p>Je t\u2019ai donn\u00e9 cet ordre\u202f: Prends courage et tiens bon, ne crains rien et ne te laisse pas effrayer, car moi, l\u2019Eternel ton Dieu, je serai avec toi pour tout ce que tu entreprendras.<\/p>\n\n\n\n<h2 class=\"wp-block-heading\">2 Samuel 22:3<\/h2>\n\n\n\n<p>Dieu est mon roc solide |o\u00f9 je me r\u00e9fugie. Il est mon Sauveur tout-puissant, |mon rempart et mon bouclier. Mon asile est en lui. Toi, mon Sauveur, tu me d\u00e9livres |des hommes violents.<\/p>\n\n\n\n<h2 class=\"wp-block-heading\">Psaumes 3:6<\/h2>\n\n\n\n<p>Quand je me couche, je m\u2019endors\u202f; je me r\u00e9veille |car l\u2019Eternel est mon soutien.<\/p>\n\n\n\n<h2 class=\"wp-block-heading\">Psaumes 4:9<\/h2>\n\n\n\n<p>Dans la paix, je me couche |et m\u2019endors aussit\u00f4t\u202f; gr\u00e2ce \u00e0 toi seul, \u00f4 Eternel, |je demeure en s\u00e9curit\u00e9.<\/p>\n\n\n\n<h2 class=\"wp-block-heading\">Psaumes 5:12<\/h2>\n\n\n\n<p>Mais que tous ceux |qui trouvent un refuge en toi |soient \u00e0 jamais dans l\u2019all\u00e9gresse et poussent de grands cris de joie, |car ils sont sous ta protection\u202f; et que tous ceux qui t\u2019aiment se r\u00e9jouissent gr\u00e2ce \u00e0 toi.<\/p>\n\n\n\n<h2 class=\"wp-block-heading\">Psaumes 9:11<\/h2>\n\n\n\n<p>C\u2019est pourquoi ceux qui te connaissent |ont plac\u00e9 leur confiance en toi. Car toi, jamais, tu ne d\u00e9laisses, |\u00f4 Eternel, |celui qui se tourne vers toi.<\/p>\n\n\n\n<h2 class=\"wp-block-heading\">Psaumes 13:6<\/h2>\n\n\n\n<p>Pour moi, j\u2019ai confiance |en ta bont\u00e9. La joie remplit mon c\u0153ur |\u00e0 cause de ton grand salut. Je veux chanter en ton honneur, |\u00f4 Eternel, tu m\u2019as combl\u00e9 de tes bienfaits.<\/p>\n\n\n\n<h2 class=\"wp-block-heading\">Psaumes 16:1<\/h2>\n\n\n\n<p>O Dieu, prot\u00e8ge-moi, |car je me r\u00e9fugie en toi.<\/p>\n\n\n\n<h2 class=\"wp-block-heading\">Psaumes 18:2-3<\/h2>\n\n\n\n<p>Il dit ceci\u202f: Je t\u2019aime, \u00f4 Eternel, ma force\u202f! L\u2019Eternel est ma forteresse, |mon rocher, mon lib\u00e9rateur. Il est mon Dieu, le roc solide |o\u00f9 je me r\u00e9fugie. Il est mon Sauveur tout-puissant, |mon rempart et mon bouclier.<\/p>\n\n\n\n<h2 class=\"wp-block-heading\">Psaumes 20:8<\/h2>\n\n\n\n<p>Aux uns, les chars de guerre, |aux autres, les chevaux. Pour notre part, |c\u2019est sur l\u2019Eternel, notre Dieu |que nous comptons.<\/p>\n\n\n\n<h2 class=\"wp-block-heading\">Psaumes 22:5<\/h2>\n\n\n\n<p>En toi d\u00e9j\u00e0, |nos p\u00e8res se confiaient, oui, ils comptaient sur toi, |et tu les d\u00e9livrais.<\/p>\n\n\n\n<h2 class=\"wp-block-heading\">Psaumes 22:10-11<\/h2>\n\n\n\n<p>Toi, tu m\u2019as fait sortir |du ventre maternel, tu m\u2019as mis en s\u00e9curit\u00e9 |sur le sein de ma m\u00e8re. D\u00e8s mon jeune \u00e2ge, |j\u2019ai \u00e9t\u00e9 plac\u00e9 sous ta garde. D\u00e8s avant ma naissance, |tu es mon Dieu.<\/p>\n\n\n\n<h2 class=\"wp-block-heading\">Psaumes 23:4<\/h2>\n\n\n\n<p>Si je devais traverser |la vall\u00e9e o\u00f9 r\u00e8gnent |d\u2019\u00e9paisses t\u00e9n\u00e8bres, je ne craindrais aucun mal, |car tu es aupr\u00e8s de moi\u202f: ta houlette me conduit |et ton b\u00e2ton me prot\u00e8ge.<\/p>\n\n\n\n<h2 class=\"wp-block-heading\">Psaumes 27:1<\/h2>\n\n\n\n<p>Oui, l\u2019Eternel est ma lumi\u00e8re |et mon Sauveur\u202f: de qui aurais-je crainte\u202f? L\u2019Eternel est ma forteresse\u202f: |il prot\u00e8ge ma vie\u202f; de qui aurais-je peur\u202f?<\/p>\n\n\n\n<h2 class=\"wp-block-heading\">Psaumes 27:3<\/h2>\n\n\n\n<p>Qu\u2019une arm\u00e9e vienne m\u2019assi\u00e9ger, mon c\u0153ur reste sans crainte. Que l\u2019on me d\u00e9clare la guerre, je suis plein d\u2019assurance.<\/p>\n\n\n\n<h2 class=\"wp-block-heading\">Psaumes 34:8<\/h2>\n\n\n\n<p>L\u2019ange de l\u2019Eternel |campe autour de ceux qui le craignent, et les d\u00e9livre.<\/p>\n\n\n\n<h2 class=\"wp-block-heading\">Psaumes 46:2-3<\/h2>\n\n\n\n<p>Dieu est pour nous un rempart, |il est un refuge, un secours toujours offert |lorsque survient la d\u00e9tresse. Aussi, nous ne craignons rien |quand la terre est secou\u00e9e, quand les montagnes s\u2019effondrent, |basculant au fond des mers.<\/p>\n\n\n\n<h2 class=\"wp-block-heading\">Psaumes 46:12<\/h2>\n\n\n\n<p>Avec nous est l\u2019Eternel |des arm\u00e9es c\u00e9lestes. Nous avons pour citadelle |le Dieu de Jacob.<\/p>\n\n\n\n<h2 class=\"wp-block-heading\">Psaumes 56:4<\/h2>\n\n\n\n<p>Le jour o\u00f9 j\u2019ai peur, je mets ma confiance en toi.<\/p>\n\n\n\n<h2 class=\"wp-block-heading\">Psaumes 56:10<\/h2>\n\n\n\n<p>Je t\u2019appellerai, |et mes ennemis |battront en retraite, alors je saurai |que Dieu est pour moi.<\/p>\n\n\n\n<h2 class=\"wp-block-heading\">Psaumes 56:12<\/h2>\n\n\n\n<p>Je mets ma confiance en lui |et je n\u2019ai pas peur. Que pourraient me faire |des humains\u202f?<\/p>\n\n\n\n<h2 class=\"wp-block-heading\">Proverbes 3:5<\/h2>\n\n\n\n<p>Mets ta confiance en l\u2019Eternel de tout ton c\u0153ur, et ne te repose pas sur ta propre intelligence.<\/p>\n\n\n\n<h2 class=\"wp-block-heading\">\u00c9sa\u00efe 12:2<\/h2>\n\n\n\n<p>Oui, Dieu est mon Sauveur, je me confie en lui |et je n\u2019ai plus de crainte, car l\u2019Eternel, |l\u2019Eternel est ma force, |il est le sujet de mes chants, il m\u2019a sauv\u00e9.<\/p>\n\n\n\n<h2 class=\"wp-block-heading\">\u00c9sa\u00efe 26:3<\/h2>\n\n\n\n<p>A celui qui est ferme |dans ses dispositions, tu assures une paix parfaite, parce qu\u2019il se confie en toi.<\/p>\n\n\n\n<h2 class=\"wp-block-heading\">\u00c9sa\u00efe 26:4<\/h2>\n\n\n\n<p>Placez votre confiance |toujours en l\u2019Eternel, car l\u2019Eternel est le rocher |de toute \u00e9ternit\u00e9.<\/p>\n\n\n\n<h2 class=\"wp-block-heading\">\u00c9sa\u00efe 41:10<\/h2>\n\n\n\n<p>Ne sois pas effray\u00e9, car je suis avec toi\u202f; ne sois pas angoiss\u00e9, car moi je suis ton Dieu. Je t\u2019affermis, je viens \u00e0 ton secours, pour s\u00fbr, je te soutiens |de mon bras droit |qui fait justice.<\/p>\n\n\n\n<h2 class=\"wp-block-heading\">\u00c9sa\u00efe 41:13<\/h2>\n\n\n\n<p>Car c\u2019est moi, l\u2019Eternel, |qui suis ton Dieu, je saisis ta main droite, je te dis\u202f: Sois sans crainte, je suis l\u00e0 pour t\u2019aider.<\/p>\n\n\n\n<h2 class=\"wp-block-heading\">J\u00e9r\u00e9mie 17:7<\/h2>\n\n\n\n<p>B\u00e9ni soit l\u2019homme |qui met sa confiance |en l\u2019Eternel et qui fonde sur l\u2019Eternel |toute son assurance.<\/p>\n\n\n\n<h2 class=\"wp-block-heading\">Nahum 1:7<\/h2>\n\n\n\n<p>Mais l\u2019Eternel est bon, il est un s\u00fbr abri |au jour de la d\u00e9tresse, et il prend soin de ceux |qui se confient en lui.<\/p>\n\n\n\n<h2 class=\"wp-block-heading\">Romains 8:31<\/h2>\n\n\n\n<p>Que dire de plus\u202f? Si Dieu est pour nous, qui se l\u00e8vera contre nous\u202f?<\/p>\n\n\n\n<h2 class=\"wp-block-heading\">Philippiens 4:13<\/h2>\n\n\n\n<p>Je peux tout, gr\u00e2ce \u00e0 celui qui me fortifie.<\/p>\n\n\n\n<h2 class=\"wp-block-heading\">Lire Aussi:<\/h2>\n\n\n\n<ul class=\"wp-block-list\"><li><a href=\"https:\/\/thebibleverses.org\/fr\/\">Versets Bibliques par Sujets<\/a><\/li><li><a href=\"https:\/\/thebibleverses.org\/fr\/amour\/\">Versets Bibliques sur l&rsquo;Amour<\/a><\/li><li><a href=\"https:\/\/thebibleverses.org\/fr\/force\/\">Versets Bibliques sur la Force<\/a><\/li><li><a href=\"https:\/\/thebibleverses.org\/fr\/foi\/\">Versets Bibliques sur la Foi<\/a><\/li><li><a href=\"https:\/\/thebibleverses.org\/fr\/jeunes\/\">Versets Bibliques pour les Jeunes<\/a><\/li><li><a href=\"https:\/\/thebibleverses.org\/fr\/amitie\/\">Versets Bibliques sur l&rsquo;Amiti\u00e9<\/a><\/li><li><a href=\"https:\/\/thebibleverses.org\/fr\/guerison\/\">Versets Bibliques sur la Gu\u00e9rison<\/a><\/li><\/ul>\n","protected":false},"excerpt":{"rendered":"<p>Gen\u00e8se 28:15 Et voici\u202f: je suis moi-m\u00eame avec toi, je te garderai partout o\u00f9 tu iras\u202f; et je te ferai revenir vers cette r\u00e9gion\u202f; je ne t\u2019abandonnerai pas mais j\u2019accomplirai ce que je t\u2019ai promis. Exode 15:2 L\u2019Eternel est ma force, |il est le sujet de mes chants, il m\u2019a sauv\u00e9, il est mon Dieu, [&hellip;]<\/p>\n","protected":false},"author":1,"featured_media":71,"parent":0,"menu_order":0,"comment_status":"open","ping_status":"closed","template":"","meta":{"footnotes":""},"class_list":["post-70","page","type-page","status-publish","has-post-thumbnail","hentry","entry","fw-tab-6 fw-tabr-4"],"_links":{"self":[{"href":"https:\/\/thebibleverses.org\/fr\/wp-json\/wp\/v2\/pages\/70","targetHints":{"allow":["GET"]}}],"collection":[{"href":"https:\/\/thebibleverses.org\/fr\/wp-json\/wp\/v2\/pages"}],"about":[{"href":"https:\/\/thebibleverses.org\/fr\/wp-json\/wp\/v2\/types\/page"}],"author":[{"embeddable":true,"href":"https:\/\/thebibleverses.org\/fr\/wp-json\/wp\/v2\/users\/1"}],"replies":[{"embeddable":true,"href":"https:\/\/thebibleverses.org\/fr\/wp-json\/wp\/v2\/comments?post=70"}],"version-history":[{"count":0,"href":"https:\/\/thebibleverses.org\/fr\/wp-json\/wp\/v2\/pages\/70\/revisions"}],"wp:featuredmedia":[{"embeddable":true,"href":"https:\/\/thebibleverses.org\/fr\/wp-json\/wp\/v2\/media\/71"}],"wp:attachment":[{"href":"https:\/\/thebibleverses.org\/fr\/wp-json\/wp\/v2\/media?parent=70"}],"curies":[{"name":"wp","href":"https:\/\/api.w.org\/{rel}","templated":true}]}}