{"id":67,"date":"2022-07-03T06:03:34","date_gmt":"2022-07-03T04:03:34","guid":{"rendered":"https:\/\/thebibleverses.org\/fr\/?page_id=67"},"modified":"2022-10-11T22:35:46","modified_gmt":"2022-10-11T20:35:46","slug":"chercher-dieu","status":"publish","type":"page","link":"https:\/\/thebibleverses.org\/fr\/chercher-dieu\/","title":{"rendered":"25 Versets Bibliques sur Chercher Dieu"},"content":{"rendered":"<div class=\"wp-block-image\">\n<figure class=\"aligncenter size-large\"><img decoding=\"async\" width=\"1024\" height=\"631\" data-src=\"https:\/\/thebibleverses.org\/fr\/wp-content\/uploads\/2022\/07\/Versets-Bibliques-sur-Chercher-Dieu-1024x631.webp\" alt=\"Versets Bibliques sur Chercher Dieu\" class=\"wp-image-68 lazyload\" data-srcset=\"https:\/\/thebibleverses.org\/fr\/wp-content\/uploads\/2022\/07\/Versets-Bibliques-sur-Chercher-Dieu-1024x631.webp 1024w, https:\/\/thebibleverses.org\/fr\/wp-content\/uploads\/2022\/07\/Versets-Bibliques-sur-Chercher-Dieu-300x185.webp 300w, https:\/\/thebibleverses.org\/fr\/wp-content\/uploads\/2022\/07\/Versets-Bibliques-sur-Chercher-Dieu-768x474.webp 768w, https:\/\/thebibleverses.org\/fr\/wp-content\/uploads\/2022\/07\/Versets-Bibliques-sur-Chercher-Dieu-320x197.webp 320w, https:\/\/thebibleverses.org\/fr\/wp-content\/uploads\/2022\/07\/Versets-Bibliques-sur-Chercher-Dieu-450x278.webp 450w, https:\/\/thebibleverses.org\/fr\/wp-content\/uploads\/2022\/07\/Versets-Bibliques-sur-Chercher-Dieu-720x444.webp 720w, https:\/\/thebibleverses.org\/fr\/wp-content\/uploads\/2022\/07\/Versets-Bibliques-sur-Chercher-Dieu.webp 1200w\" data-sizes=\"(max-width: 1024px) 100vw, 1024px\" src=\"data:image\/svg+xml;base64,PHN2ZyB3aWR0aD0iMSIgaGVpZ2h0PSIxIiB4bWxucz0iaHR0cDovL3d3dy53My5vcmcvMjAwMC9zdmciPjwvc3ZnPg==\" style=\"--smush-placeholder-width: 1024px; --smush-placeholder-aspect-ratio: 1024\/631;\" \/><figcaption>Versets Bibliques sur Chercher Dieu &#8211; La Bible du Semeur (BDS).<\/figcaption><\/figure><\/div>\n\n\n<h2 class=\"wp-block-heading\">1 Chroniques 16:10-11<\/h2>\n\n\n\n<p>Soyez fiers de lui, |car il est tr\u00e8s saint\u202f! Que le c\u0153ur de ceux |qui sont attach\u00e9s \u00e0 l\u2019Eternel |soit rempli de joie\u202f! Tournez-vous vers l\u2019Eternel\u202f! |Faites appel \u00e0 sa force\u202f! Aspirez \u00e0 vivre |constamment en sa pr\u00e9sence\u202f!<\/p>\n\n\n\n<h2 class=\"wp-block-heading\">2 Chroniques 7:14<\/h2>\n\n\n\n<p>Si alors mon peuple qui est appel\u00e9 de mon nom s\u2019humilie, prie et recherche ma gr\u00e2ce, s\u2019il se d\u00e9tourne de sa mauvaise conduite, moi, je l\u2019\u00e9couterai du ciel, je lui pardonnerai ses p\u00e9ch\u00e9s et je gu\u00e9rirai son pays.<\/p>\n\n\n\n<h2 class=\"wp-block-heading\">2 Chroniques 15:2b<\/h2>\n\n\n\n<p>L\u2019Eternel sera avec vous |tant que vous serez avec lui\u202f; si vous vous attachez \u00e0 lui, |il interviendra en votre faveur\u202f; si vous l\u2019abandonnez, |lui, il vous abandonnera.<\/p>\n\n\n\n<h2 class=\"wp-block-heading\">Psaumes 9:11<\/h2>\n\n\n\n<p>C\u2019est pourquoi ceux qui te connaissent |ont plac\u00e9 leur confiance en toi. Car toi, jamais, tu ne d\u00e9laisses, |\u00f4 Eternel, |celui qui se tourne vers toi.<\/p>\n\n\n\n<h2 class=\"wp-block-heading\">Psaumes 14:2<\/h2>\n\n\n\n<p>Du ciel, l\u2019Eternel observe |tout le genre humain\u202f: Reste-t-il un homme sage qui s\u2019attend \u00e0 Dieu\u202f?<\/p>\n\n\n\n<h2 class=\"wp-block-heading\">Psaumes 27:8<\/h2>\n\n\n\n<p>Du fond de mon c\u0153ur, je me dis, |de ta part\u202f: Tournez-vous vers moi\u202f! Oui, c\u2019est vers toi que je me tourne, |\u00f4 Eternel.<\/p>\n\n\n\n<h2 class=\"wp-block-heading\">Psaumes 34:5<\/h2>\n\n\n\n<p>Moi, je me suis tourn\u00e9 |vers l\u2019Eternel |et il m\u2019a r\u00e9pondu. Oui, il m\u2019a d\u00e9livr\u00e9 |de toutes mes frayeurs.<\/p>\n\n\n\n<h2 class=\"wp-block-heading\">Psaumes 34:11<\/h2>\n\n\n\n<p>Le lion peut conna\u00eetre |la disette et la faim, mais pour ceux qui se tournent |vers l\u2019Eternel, |il ne manquera aucun bien.<\/p>\n\n\n\n<h2 class=\"wp-block-heading\">Psaumes 63:2<\/h2>\n\n\n\n<p>O Dieu, tu es mon Dieu\u202f! |C\u2019est toi que je recherche. Mon \u00e2me a soif de toi, mon corps m\u00eame ne cesse |de languir apr\u00e8s toi comme une terre aride, |dess\u00e9ch\u00e9e et sans eau.<\/p>\n\n\n\n<h2 class=\"wp-block-heading\">Psaumes 105:4<\/h2>\n\n\n\n<p>Tournez-vous vers l\u2019Eternel\u202f! |Faites appel \u00e0 sa force\u202f! Aspirez \u00e0 vivre |constamment en sa pr\u00e9sence\u202f!<\/p>\n\n\n\n<h2 class=\"wp-block-heading\">Psaumes 119:2<\/h2>\n\n\n\n<p>Heureux les hommes |qui suivent ses pr\u00e9ceptes et cherchent \u00e0 lui plaire |de tout leur c\u0153ur.<\/p>\n\n\n\n<h2 class=\"wp-block-heading\">Psaumes 119:45<\/h2>\n\n\n\n<p>Alors je pourrai vivre |dans la vraie libert\u00e9, car j\u2019ai \u00e0 c\u0153ur |de suivre tes pr\u00e9ceptes.<\/p>\n\n\n\n<h2 class=\"wp-block-heading\">Proverbes 8:17<\/h2>\n\n\n\n<p>Moi, j\u2019aime ceux qui m\u2019aiment, et ceux qui me recherchent |ne manquent pas de me trouver.<\/p>\n\n\n\n<h2 class=\"wp-block-heading\">Proverbes 15:14<\/h2>\n\n\n\n<p>L\u2019homme intelligent cherche toujours \u00e0 apprendre, alors que les sots se repaissent de sottises.<\/p>\n\n\n\n<h2 class=\"wp-block-heading\">Proverbes 28:5<\/h2>\n\n\n\n<p>Ceux qui s\u2019adonnent au mal ne comprennent rien \u00e0 la droiture, mais ceux qui s\u2019attachent \u00e0 l\u2019Eternel comprennent tout.<\/p>\n\n\n\n<h2 class=\"wp-block-heading\">\u00c9sa\u00efe 55:6<\/h2>\n\n\n\n<p>Tournez-vous donc vers l\u2019Eternel, tant qu\u2019on peut le trouver. Adressez-vous \u00e0 lui tant qu\u2019il est proche\u202f!<\/p>\n\n\n\n<h2 class=\"wp-block-heading\">Lamentations 3:25<\/h2>\n\n\n\n<p>L\u2019Eternel est plein de bont\u00e9 |pour ceux qui ont confiance en lui, pour ceux qui se tournent vers lui.<\/p>\n\n\n\n<h2 class=\"wp-block-heading\">Os\u00e9e 10:12<\/h2>\n\n\n\n<p>Semez pour la justice et vous moissonnerez |le fruit de la bont\u00e9. D\u00e9frichez-vous un champ nouveau car voici qu\u2019il est temps |de se tourner vers l\u2019Eternel en attendant qu\u2019il vienne et qu\u2019il fasse pleuvoir |la justice pour vous.<\/p>\n\n\n\n<h2 class=\"wp-block-heading\">Amos 5:4<\/h2>\n\n\n\n<p>Voici ce que dit l\u2019Eternel |au peuple d\u2019Isra\u00ebl\u202f: Tournez-vous donc vers moi |et vous vivrez.<\/p>\n\n\n\n<h2 class=\"wp-block-heading\">Zacharie 8:21<\/h2>\n\n\n\n<p>Les habitants d\u2019une ville iront dans une autre et s\u2019inviteront en disant\u202f: \u00ab Allons, mettons-nous en route pour implorer l\u2019Eternel, le Seigneur des arm\u00e9es c\u00e9lestes, et pour rechercher sa pr\u00e9sence ! Moi aussi, j\u2019y vais\u202f! \u00bb Et on leur r\u00e9pondra\u202f: \u00ab Oui, moi aussi, je veux y aller\u202f! \u00bb<\/p>\n\n\n\n<h2 class=\"wp-block-heading\">Matthieu 6:33<\/h2>\n\n\n\n<p>Faites donc du royaume de Dieu et de ce qui est juste \u00e0 ses yeux votre pr\u00e9occupation premi\u00e8re, et toutes ces choses vous seront donn\u00e9es en plus.<\/p>\n\n\n\n<h2 class=\"wp-block-heading\">Matthieu 7:7<\/h2>\n\n\n\n<p>Demandez, et vous recevrez\u202f; cherchez, et vous trouverez\u202f; frappez, et l\u2019on vous ouvrira.<\/p>\n\n\n\n<h2 class=\"wp-block-heading\">Luc 11:10<\/h2>\n\n\n\n<p>Car celui qui demande re\u00e7oit\u202f; celui qui cherche trouve\u202f; et l\u2019on ouvre \u00e0 celui qui frappe.<\/p>\n\n\n\n<h2 class=\"wp-block-heading\">Colossiens 3:1<\/h2>\n\n\n\n<p>Mais vous \u00eates aussi ressuscit\u00e9s avec Christ\u202f: recherchez donc les r\u00e9alit\u00e9s d\u2019en haut, l\u00e0 o\u00f9 se trouve Christ, qui si\u00e8ge \u00e0 la droite de Dieu.<\/p>\n\n\n\n<h2 class=\"wp-block-heading\">H\u00e9breux 11:6<\/h2>\n\n\n\n<p>Or, sans la foi, il est impossible de lui \u00eatre agr\u00e9able. Car celui qui s\u2019approche de Dieu doit croire qu\u2019il existe et qu\u2019il r\u00e9compense ceux qui se tournent vers lui.<\/p>\n\n\n\n<h2 class=\"wp-block-heading\">Lire Aussi:<\/h2>\n\n\n\n<ul class=\"wp-block-list\"><li><a href=\"https:\/\/thebibleverses.org\/fr\/\">Versets Bibliques par Sujets<\/a><\/li><li><a href=\"https:\/\/thebibleverses.org\/fr\/amour\/\">Versets Bibliques sur l&rsquo;Amour<\/a><\/li><li><a href=\"https:\/\/thebibleverses.org\/fr\/force\/\">Versets Bibliques sur la Force<\/a><\/li><li><a href=\"https:\/\/thebibleverses.org\/fr\/foi\/\">Versets Bibliques sur la Foi<\/a><\/li><li><a href=\"https:\/\/thebibleverses.org\/fr\/jeunes\/\">Versets Bibliques pour les Jeunes<\/a><\/li><li><a href=\"https:\/\/thebibleverses.org\/fr\/amitie\/\">Versets Bibliques sur l&rsquo;Amiti\u00e9<\/a><\/li><li><a href=\"https:\/\/thebibleverses.org\/fr\/guerison\/\">Versets Bibliques sur la Gu\u00e9rison<\/a><\/li><\/ul>\n","protected":false},"excerpt":{"rendered":"<p>1 Chroniques 16:10-11 Soyez fiers de lui, |car il est tr\u00e8s saint\u202f! Que le c\u0153ur de ceux |qui sont attach\u00e9s \u00e0 l\u2019Eternel |soit rempli de joie\u202f! Tournez-vous vers l\u2019Eternel\u202f! |Faites appel \u00e0 sa force\u202f! Aspirez \u00e0 vivre |constamment en sa pr\u00e9sence\u202f! 2 Chroniques 7:14 Si alors mon peuple qui est appel\u00e9 de mon nom s\u2019humilie, [&hellip;]<\/p>\n","protected":false},"author":1,"featured_media":68,"parent":0,"menu_order":0,"comment_status":"open","ping_status":"closed","template":"","meta":{"footnotes":""},"class_list":["post-67","page","type-page","status-publish","has-post-thumbnail","hentry","entry","fw-tab-6 fw-tabr-4"],"_links":{"self":[{"href":"https:\/\/thebibleverses.org\/fr\/wp-json\/wp\/v2\/pages\/67","targetHints":{"allow":["GET"]}}],"collection":[{"href":"https:\/\/thebibleverses.org\/fr\/wp-json\/wp\/v2\/pages"}],"about":[{"href":"https:\/\/thebibleverses.org\/fr\/wp-json\/wp\/v2\/types\/page"}],"author":[{"embeddable":true,"href":"https:\/\/thebibleverses.org\/fr\/wp-json\/wp\/v2\/users\/1"}],"replies":[{"embeddable":true,"href":"https:\/\/thebibleverses.org\/fr\/wp-json\/wp\/v2\/comments?post=67"}],"version-history":[{"count":0,"href":"https:\/\/thebibleverses.org\/fr\/wp-json\/wp\/v2\/pages\/67\/revisions"}],"wp:featuredmedia":[{"embeddable":true,"href":"https:\/\/thebibleverses.org\/fr\/wp-json\/wp\/v2\/media\/68"}],"wp:attachment":[{"href":"https:\/\/thebibleverses.org\/fr\/wp-json\/wp\/v2\/media?parent=67"}],"curies":[{"name":"wp","href":"https:\/\/api.w.org\/{rel}","templated":true}]}}