{"id":64,"date":"2022-07-03T05:53:48","date_gmt":"2022-07-03T03:53:48","guid":{"rendered":"https:\/\/thebibleverses.org\/fr\/?page_id=64"},"modified":"2022-10-11T22:34:52","modified_gmt":"2022-10-11T20:34:52","slug":"benediction","status":"publish","type":"page","link":"https:\/\/thebibleverses.org\/fr\/benediction\/","title":{"rendered":"30 Versets Bibliques sur la B\u00e9n\u00e9diction"},"content":{"rendered":"<div class=\"wp-block-image\">\n<figure class=\"aligncenter size-large\"><img decoding=\"async\" width=\"1024\" height=\"631\" data-src=\"https:\/\/thebibleverses.org\/fr\/wp-content\/uploads\/2022\/07\/Versets-Bibliques-sur-la-Benediction-1024x631.webp\" alt=\"Versets Bibliques sur la B\u00e9n\u00e9diction\" class=\"wp-image-65 lazyload\" data-srcset=\"https:\/\/thebibleverses.org\/fr\/wp-content\/uploads\/2022\/07\/Versets-Bibliques-sur-la-Benediction-1024x631.webp 1024w, https:\/\/thebibleverses.org\/fr\/wp-content\/uploads\/2022\/07\/Versets-Bibliques-sur-la-Benediction-300x185.webp 300w, https:\/\/thebibleverses.org\/fr\/wp-content\/uploads\/2022\/07\/Versets-Bibliques-sur-la-Benediction-768x474.webp 768w, https:\/\/thebibleverses.org\/fr\/wp-content\/uploads\/2022\/07\/Versets-Bibliques-sur-la-Benediction-320x197.webp 320w, https:\/\/thebibleverses.org\/fr\/wp-content\/uploads\/2022\/07\/Versets-Bibliques-sur-la-Benediction-450x278.webp 450w, https:\/\/thebibleverses.org\/fr\/wp-content\/uploads\/2022\/07\/Versets-Bibliques-sur-la-Benediction-720x444.webp 720w, https:\/\/thebibleverses.org\/fr\/wp-content\/uploads\/2022\/07\/Versets-Bibliques-sur-la-Benediction.webp 1200w\" data-sizes=\"(max-width: 1024px) 100vw, 1024px\" src=\"data:image\/svg+xml;base64,PHN2ZyB3aWR0aD0iMSIgaGVpZ2h0PSIxIiB4bWxucz0iaHR0cDovL3d3dy53My5vcmcvMjAwMC9zdmciPjwvc3ZnPg==\" style=\"--smush-placeholder-width: 1024px; --smush-placeholder-aspect-ratio: 1024\/631;\" \/><figcaption>Versets Bibliques sur la B\u00e9n\u00e9diction &#8211; La Bible du Semeur (BDS).<\/figcaption><\/figure><\/div>\n\n\n<h2 class=\"wp-block-heading\">Gen\u00e8se 1:27-28<\/h2>\n\n\n\n<p>Dieu cr\u00e9a les hommes de sorte qu\u2019ils soient son image, oui, il les cr\u00e9a de sorte qu\u2019ils soient l\u2019image de Dieu. Il les cr\u00e9a homme et femme. Dieu les b\u00e9nit en disant\u202f: Soyez f\u00e9conds, multipliez-vous, remplissez la terre, rendez-vous en ma\u00eetres, et dominez les poissons des mers, les oiseaux du ciel et tous les reptiles et les insectes.<\/p>\n\n\n\n<h2 class=\"wp-block-heading\">Gen\u00e8se 2:3<\/h2>\n\n\n\n<p>Il b\u00e9nit le septi\u00e8me jour, il en fit un jour saint, car, en ce jour-l\u00e0, il se reposa de toute l\u2019\u0153uvre de cr\u00e9ation qu\u2019il avait accomplie.<\/p>\n\n\n\n<h2 class=\"wp-block-heading\">Gen\u00e8se 5:2<\/h2>\n\n\n\n<p>Il les cr\u00e9a homme et femme, il les b\u00e9nit et leur donna le nom d\u2019hommes le jour o\u00f9 ils furent cr\u00e9\u00e9s.<\/p>\n\n\n\n<h2 class=\"wp-block-heading\">Gen\u00e8se 9:1<\/h2>\n\n\n\n<p>Dieu b\u00e9nit No\u00e9 et ses fils et leur dit\u202f: Soyez f\u00e9conds, multipliez-vous et remplissez la terre.<\/p>\n\n\n\n<h2 class=\"wp-block-heading\">Gen\u00e8se 12:1-3<\/h2>\n\n\n\n<p>L\u2019Eternel dit \u00e0 Abram\u202f: Va, quitte ton pays, ta famille et la maison de ton p\u00e8re pour te rendre dans le pays que je t\u2019indiquerai. Je ferai de toi l\u2019anc\u00eatre d\u2019un grand peuple\u202f; je te b\u00e9nirai, je ferai de toi un personnage renomm\u00e9 et tu deviendras une source de b\u00e9n\u00e9diction pour d\u2019autres. Je b\u00e9nirai ceux qui te b\u00e9niront et je maudirai ceux qui t\u2019outrageront. Toutes les familles de la terre seront b\u00e9nies \u00e0 travers toi.<\/p>\n\n\n\n<h2 class=\"wp-block-heading\">Gen\u00e8se 14:18-20<\/h2>\n\n\n\n<p>Melchis\u00e9dek, roi de Salem, qui \u00e9tait pr\u00eatre du Dieu tr\u00e8s-haut, apporta du pain et du vin. Il b\u00e9nit Abram en ces termes\u202f: B\u00e9ni soit Abram par le Dieu tr\u00e8s-haut qui a form\u00e9 le ciel et la terre\u202f; b\u00e9ni soit aussi le Dieu tr\u00e8s-haut<br>qui t\u2019a donn\u00e9 la victoire |sur tes ennemis\u202f! Et Abram lui donna le dixi\u00e8me de tout le butin.<\/p>\n\n\n\n<h2 class=\"wp-block-heading\">Gen\u00e8se 22:18<\/h2>\n\n\n\n<p>Tous les peuples de la terre seront b\u00e9nis \u00e0 travers ta descendance parce que tu m\u2019as ob\u00e9i.<\/p>\n\n\n\n<h2 class=\"wp-block-heading\">Gen\u00e8se 26:12<\/h2>\n\n\n\n<p>Isaac fit des semailles dans le pays et r\u00e9colta cette ann\u00e9e-l\u00e0 le centuple de ce qu\u2019il avait sem\u00e9. L\u2019Eternel le b\u00e9nissait.<\/p>\n\n\n\n<h2 class=\"wp-block-heading\">Exode 23:25<\/h2>\n\n\n\n<p>Vous rendrez votre culte \u00e0 l\u2019Eternel votre Dieu. Alors je vous b\u00e9nirai en vous donnant une nourriture excellente et de l\u2019eau en abondance, et je vous pr\u00e9serverai des maladies.<\/p>\n\n\n\n<h2 class=\"wp-block-heading\">Deut\u00e9ronome 11:26-28<\/h2>\n\n\n\n<p>Ecoutez, je propose aujourd\u2019hui \u00e0 votre choix la b\u00e9n\u00e9diction et la mal\u00e9diction\u202f: la b\u00e9n\u00e9diction si vous ob\u00e9issez aux commandements de l\u2019Eternel votre Dieu, ceux que je vous donne aujourd\u2019hui\u202f; ou la mal\u00e9diction, si vous n\u2019ob\u00e9issez pas aux commandements de l\u2019Eternel votre Dieu, et si vous vous \u00e9cartez de la voie que je vous trace moi-m\u00eame aujourd\u2019hui, pour vous rallier \u00e0 d\u2019autres dieux que vous ne connaissez pas.<\/p>\n\n\n\n<h2 class=\"wp-block-heading\">Deut\u00e9ronome 28:2-6<\/h2>\n\n\n\n<p>Si vous ob\u00e9issez \u00e0 l\u2019Eternel votre Dieu, voici toutes les b\u00e9n\u00e9dictions dont Dieu vous comblera. Vous jouirez de ces b\u00e9n\u00e9dictions \u00e0 la ville comme aux champs. Il vous b\u00e9nira en vous donnant de nombreux enfants et d\u2019abondantes r\u00e9coltes, en multipliant le nombre de vos b\u0153ufs, de vos moutons et de vos ch\u00e8vres. Il vous b\u00e9nira en remplissant votre corbeille et votre p\u00e9trin. Il vous b\u00e9nira lors de vos all\u00e9es et venues, au d\u00e9part comme \u00e0 l\u2019arriv\u00e9e.<\/p>\n\n\n\n<h2 class=\"wp-block-heading\">Deut\u00e9ronome 28:8<\/h2>\n\n\n\n<p>L\u2019Eternel vous b\u00e9nira en remplissant vos greniers et en faisant r\u00e9ussir tout ce que vous entreprendrez. Oui, l\u2019Eternel votre Dieu vous b\u00e9nira dans le pays qu\u2019il vous donnera.<\/p>\n\n\n\n<h2 class=\"wp-block-heading\">2 Samuel 6:11<\/h2>\n\n\n\n<p>Le coffre y resta trois mois et l\u2019Eternel b\u00e9nit Obed-Edom et toute sa famille.<\/p>\n\n\n\n<h2 class=\"wp-block-heading\">1 Chroniques 4:10<\/h2>\n\n\n\n<p>Yaebets invoqua le Dieu d\u2019Isra\u00ebl en disant\u202f: \u00ab Si tu me b\u00e9nis r\u00e9ellement et si tu agrandis mon territoire, si tu es avec moi, si tu \u00e9loignes de moi le malheur pour m\u2019\u00e9pargner la souffrance\u2006\u2026\u2006 \u00bb Et Dieu lui accorda ce qu\u2019il avait demand\u00e9.<\/p>\n\n\n\n<h2 class=\"wp-block-heading\">Job 1:21<\/h2>\n\n\n\n<p>Et il dit\u202f: Je suis sorti nu du ventre de ma m\u00e8re, et j\u2019y retournerai nu. L\u2019Eternel a donn\u00e9, l\u2019Eternel a repris\u202f: que l\u2019Eternel soit b\u00e9ni\u202f!<\/p>\n\n\n\n<h2 class=\"wp-block-heading\">Job 42:12<\/h2>\n\n\n\n<p>L\u2019Eternel b\u00e9nit le reste de la vie de Job plus que la premi\u00e8re partie, si bien qu\u2019il poss\u00e9da quatorze mille moutons et ch\u00e8vres et six mille chameaux, mille paires de b\u0153ufs et mille \u00e2nesses.<\/p>\n\n\n\n<h2 class=\"wp-block-heading\">Psaumes 3:9<\/h2>\n\n\n\n<p>De l\u2019Eternel vient le salut. O Eternel, fais reposer |ta b\u00e9n\u00e9diction sur les tiens.<\/p>\n\n\n\n<h2 class=\"wp-block-heading\">Psaumes 29:11<\/h2>\n\n\n\n<p>L\u2019Eternel donnera |la puissance \u00e0 son peuple. L\u2019Eternel b\u00e9nira son peuple |en lui donnant la paix.<\/p>\n\n\n\n<h2 class=\"wp-block-heading\">Psaumes 34:2<\/h2>\n\n\n\n<p>Je b\u00e9nirai |l\u2019Eternel en tout temps et \u00e0 jamais, |mes l\u00e8vres le loueront.<\/p>\n\n\n\n<h2 class=\"wp-block-heading\">Psaumes 115:14<\/h2>\n\n\n\n<p>Que l\u2019Eternel |vous multiplie, et vous et vos enfants\u202f!<\/p>\n\n\n\n<h2 class=\"wp-block-heading\">Proverbes 10:6<\/h2>\n\n\n\n<p>Des b\u00e9n\u00e9dictions reposent sur la t\u00eate du juste, mais les paroles des m\u00e9chants cachent la violence.<\/p>\n\n\n\n<h2 class=\"wp-block-heading\">Proverbes 10:22<\/h2>\n\n\n\n<p>C\u2019est la b\u00e9n\u00e9diction de l\u2019Eternel qui enrichit, et toute la peine qu\u2019on se donne n\u2019y ajoute rien.<\/p>\n\n\n\n<h2 class=\"wp-block-heading\">Proverbes 22:9<\/h2>\n\n\n\n<p>L\u2019homme qui regarde autrui avec bont\u00e9 sera b\u00e9ni parce qu\u2019il a partag\u00e9 son pain avec le pauvre.<\/p>\n\n\n\n<h2 class=\"wp-block-heading\">J\u00e9r\u00e9mie 17:7-8<\/h2>\n\n\n\n<p>B\u00e9ni soit l\u2019homme |qui met sa confiance |en l\u2019Eternel et qui fonde sur l\u2019Eternel |toute son assurance. Il sera comme un arbre |plant\u00e9 pr\u00e8s d\u2019un cours d\u2019eau qui \u00e9tend ses racines |vers le ruisseau, il ne redoute rien |lorsque vient la chaleur\u202f: ses feuilles restent vertes\u202f; il ne s\u2019inqui\u00e8te pas pendant l\u2019ann\u00e9e de s\u00e9cheresse, et il ne cesse pas |de produire du fruit.<\/p>\n\n\n\n<h2 class=\"wp-block-heading\">Matthieu 14:19<\/h2>\n\n\n\n<p>Il ordonna \u00e0 la foule de s\u2019asseoir sur l\u2019herbe, puis il prit les cinq pains et les deux poissons, il leva les yeux vers le ciel et pronon\u00e7a la pri\u00e8re de b\u00e9n\u00e9diction\u202f; ensuite, il partagea les pains et les donna aux disciples qui les distribu\u00e8rent \u00e0 la foule.<\/p>\n\n\n\n<h2 class=\"wp-block-heading\">Luc 6:27-28<\/h2>\n\n\n\n<p>Quant \u00e0 vous tous qui m\u2019\u00e9coutez, voici ce que je vous dis\u202f: Aimez vos ennemis\u202f; faites du bien \u00e0 ceux qui vous ha\u00efssent\u202f; appelez la b\u00e9n\u00e9diction divine sur ceux qui vous maudissent\u202f; priez pour ceux qui vous calomnient.<\/p>\n\n\n\n<h2 class=\"wp-block-heading\">Romains 12:14<\/h2>\n\n\n\n<p>Demandez \u00e0 Dieu de faire du bien \u00e0 ceux qui vous pers\u00e9cutent\u202f: oui, demandez du bien pour eux, ne demandez pas du mal\u202f!<\/p>\n\n\n\n<h2 class=\"wp-block-heading\">Galates 3:14<\/h2>\n\n\n\n<p>J\u00e9sus-Christ l\u2019a fait pour que, gr\u00e2ce \u00e0 lui, la b\u00e9n\u00e9diction d\u2019Abraham s\u2019\u00e9tende aux non-Juifs et que nous recevions, par la foi, l\u2019Esprit que Dieu avait promis.<\/p>\n\n\n\n<h2 class=\"wp-block-heading\">\u00c9ph\u00e9siens 1:3<\/h2>\n\n\n\n<p>B\u00e9ni soit Dieu, le P\u00e8re de notre Seigneur J\u00e9sus-Christ, car il nous a combl\u00e9s de toute b\u00e9n\u00e9diction de l\u2019Esprit dans le monde c\u00e9leste en raison de notre union avec Christ.<\/p>\n\n\n\n<h2 class=\"wp-block-heading\">1 Pierre 3:9<\/h2>\n\n\n\n<p>Ne rendez pas le mal pour le mal, ni l\u2019injure pour l\u2019injure. R\u00e9pondez au contraire par la b\u00e9n\u00e9diction, car c\u2019est \u00e0 cela que vous avez \u00e9t\u00e9 appel\u00e9s, afin de recevoir vous-m\u00eames la b\u00e9n\u00e9diction.<\/p>\n\n\n\n<h2 class=\"wp-block-heading\">Lire Aussi:<\/h2>\n\n\n\n<ul class=\"wp-block-list\"><li><a href=\"https:\/\/thebibleverses.org\/fr\/\">Versets Bibliques par Sujets<\/a><\/li><li><a href=\"https:\/\/thebibleverses.org\/fr\/amour\/\">Versets Bibliques sur l&rsquo;Amour<\/a><\/li><li><a href=\"https:\/\/thebibleverses.org\/fr\/force\/\">Versets Bibliques sur la Force<\/a><\/li><li><a href=\"https:\/\/thebibleverses.org\/fr\/foi\/\">Versets Bibliques sur la Foi<\/a><\/li><li><a href=\"https:\/\/thebibleverses.org\/fr\/jeunes\/\">Versets Bibliques pour les Jeunes<\/a><\/li><li><a href=\"https:\/\/thebibleverses.org\/fr\/amitie\/\">Versets Bibliques sur l&rsquo;Amiti\u00e9<\/a><\/li><li><a href=\"https:\/\/thebibleverses.org\/fr\/guerison\/\">Versets Bibliques sur la Gu\u00e9rison<\/a><\/li><\/ul>\n","protected":false},"excerpt":{"rendered":"<p>Gen\u00e8se 1:27-28 Dieu cr\u00e9a les hommes de sorte qu\u2019ils soient son image, oui, il les cr\u00e9a de sorte qu\u2019ils soient l\u2019image de Dieu. Il les cr\u00e9a homme et femme. Dieu les b\u00e9nit en disant\u202f: Soyez f\u00e9conds, multipliez-vous, remplissez la terre, rendez-vous en ma\u00eetres, et dominez les poissons des mers, les oiseaux du ciel et tous [&hellip;]<\/p>\n","protected":false},"author":1,"featured_media":65,"parent":0,"menu_order":0,"comment_status":"open","ping_status":"closed","template":"","meta":{"footnotes":""},"class_list":["post-64","page","type-page","status-publish","has-post-thumbnail","hentry","entry","fw-tab-6 fw-tabr-4"],"_links":{"self":[{"href":"https:\/\/thebibleverses.org\/fr\/wp-json\/wp\/v2\/pages\/64","targetHints":{"allow":["GET"]}}],"collection":[{"href":"https:\/\/thebibleverses.org\/fr\/wp-json\/wp\/v2\/pages"}],"about":[{"href":"https:\/\/thebibleverses.org\/fr\/wp-json\/wp\/v2\/types\/page"}],"author":[{"embeddable":true,"href":"https:\/\/thebibleverses.org\/fr\/wp-json\/wp\/v2\/users\/1"}],"replies":[{"embeddable":true,"href":"https:\/\/thebibleverses.org\/fr\/wp-json\/wp\/v2\/comments?post=64"}],"version-history":[{"count":0,"href":"https:\/\/thebibleverses.org\/fr\/wp-json\/wp\/v2\/pages\/64\/revisions"}],"wp:featuredmedia":[{"embeddable":true,"href":"https:\/\/thebibleverses.org\/fr\/wp-json\/wp\/v2\/media\/65"}],"wp:attachment":[{"href":"https:\/\/thebibleverses.org\/fr\/wp-json\/wp\/v2\/media?parent=64"}],"curies":[{"name":"wp","href":"https:\/\/api.w.org\/{rel}","templated":true}]}}