{"id":61,"date":"2022-07-03T05:45:47","date_gmt":"2022-07-03T03:45:47","guid":{"rendered":"https:\/\/thebibleverses.org\/fr\/?page_id=61"},"modified":"2022-10-11T22:34:57","modified_gmt":"2022-10-11T20:34:57","slug":"bapteme","status":"publish","type":"page","link":"https:\/\/thebibleverses.org\/fr\/bapteme\/","title":{"rendered":"20 Versets Bibliques sur le Bapt\u00eame"},"content":{"rendered":"<div class=\"wp-block-image\">\n<figure class=\"aligncenter size-large\"><img decoding=\"async\" width=\"1024\" height=\"631\" data-src=\"https:\/\/thebibleverses.org\/fr\/wp-content\/uploads\/2022\/07\/Versets-Bibliques-sur-le-Bapteme-1024x631.webp\" alt=\"Versets Bibliques sur le Bapt\u00eame\" class=\"wp-image-62 lazyload\" data-srcset=\"https:\/\/thebibleverses.org\/fr\/wp-content\/uploads\/2022\/07\/Versets-Bibliques-sur-le-Bapteme-1024x631.webp 1024w, https:\/\/thebibleverses.org\/fr\/wp-content\/uploads\/2022\/07\/Versets-Bibliques-sur-le-Bapteme-300x185.webp 300w, https:\/\/thebibleverses.org\/fr\/wp-content\/uploads\/2022\/07\/Versets-Bibliques-sur-le-Bapteme-768x474.webp 768w, https:\/\/thebibleverses.org\/fr\/wp-content\/uploads\/2022\/07\/Versets-Bibliques-sur-le-Bapteme-320x197.webp 320w, https:\/\/thebibleverses.org\/fr\/wp-content\/uploads\/2022\/07\/Versets-Bibliques-sur-le-Bapteme-450x278.webp 450w, https:\/\/thebibleverses.org\/fr\/wp-content\/uploads\/2022\/07\/Versets-Bibliques-sur-le-Bapteme-720x444.webp 720w, https:\/\/thebibleverses.org\/fr\/wp-content\/uploads\/2022\/07\/Versets-Bibliques-sur-le-Bapteme.webp 1200w\" data-sizes=\"(max-width: 1024px) 100vw, 1024px\" src=\"data:image\/svg+xml;base64,PHN2ZyB3aWR0aD0iMSIgaGVpZ2h0PSIxIiB4bWxucz0iaHR0cDovL3d3dy53My5vcmcvMjAwMC9zdmciPjwvc3ZnPg==\" style=\"--smush-placeholder-width: 1024px; --smush-placeholder-aspect-ratio: 1024\/631;\" \/><figcaption>Versets Bibliques sur le Bapt\u00eame &#8211; La Bible du Semeur (BDS).<\/figcaption><\/figure><\/div>\n\n\n<h2 class=\"wp-block-heading\">Matthieu 28:19<\/h2>\n\n\n\n<p>Allez donc dans le monde entier, faites des disciples parmi tous les peuples, baptisez-les au nom du P\u00e8re, du Fils et du Saint-Esprit.<\/p>\n\n\n\n<h2 class=\"wp-block-heading\">Marc 1:4<\/h2>\n\n\n\n<p>Jean parut. Il baptisait dans le d\u00e9sert. Il appelait les gens \u00e0 se faire baptiser en signe d\u2019un profond changement, afin de recevoir le pardon de leurs p\u00e9ch\u00e9s.<\/p>\n\n\n\n<h2 class=\"wp-block-heading\">Marc 16:16<\/h2>\n\n\n\n<p>Celui qui croira et sera baptis\u00e9 sera sauv\u00e9, mais celui qui ne croira pas sera condamn\u00e9.<\/p>\n\n\n\n<h2 class=\"wp-block-heading\">Jean 3:5<\/h2>\n\n\n\n<p>Vraiment, je te l\u2019assure, reprit J\u00e9sus, \u00e0 moins de na\u00eetre d\u2019eau, c\u2019est-\u00e0-dire d\u2019Esprit, personne ne peut entrer dans le royaume de Dieu.<\/p>\n\n\n\n<h2 class=\"wp-block-heading\">Actes 2:38<\/h2>\n\n\n\n<p>Pierre leur r\u00e9pondit\u202f: Changez, et que chacun de vous se fasse baptiser au nom de J\u00e9sus-Christ, pour que vos p\u00e9ch\u00e9s vous soient pardonn\u00e9s. Alors, vous recevrez le don du Saint-Esprit.<\/p>\n\n\n\n<h2 class=\"wp-block-heading\">Romains 6:3-4<\/h2>\n\n\n\n<p>Ne savez-vous pas que nous, qui avons \u00e9t\u00e9 baptis\u00e9s pour J\u00e9sus-Christ, c\u2019est en relation avec sa mort que nous avons \u00e9t\u00e9 baptis\u00e9s\u202f? Nous avons donc \u00e9t\u00e9 ensevelis avec lui par le bapt\u00eame en relation avec sa mort afin que, comme Christ a \u00e9t\u00e9 ressuscit\u00e9 par la puissance glorieuse du P\u00e8re, nous aussi, nous menions une vie nouvelle.<\/p>\n\n\n\n<h2 class=\"wp-block-heading\">1 Corinthiens 12:13<\/h2>\n\n\n\n<p>En effet, nous avons tous \u00e9t\u00e9 baptis\u00e9s dans un seul et m\u00eame Esprit pour former un seul corps, que nous soyons Juifs ou non-Juifs, esclaves ou hommes libres. C\u2019est de ce seul et m\u00eame Esprit que nous avons tous re\u00e7u \u00e0 boire.<\/p>\n\n\n\n<h2 class=\"wp-block-heading\">Galates 3:27<\/h2>\n\n\n\n<p>Car vous tous qui avez \u00e9t\u00e9 baptis\u00e9s pour Christ, vous vous \u00eates rev\u00eatus de Christ.<\/p>\n\n\n\n<h2 class=\"wp-block-heading\">Colossiens 2:12<\/h2>\n\n\n\n<p>Vous avez \u00e9t\u00e9 ensevelis avec Christ par le bapt\u00eame, et c\u2019est aussi dans l\u2019union avec lui que vous \u00eates ressuscit\u00e9s avec lui, par la foi en la puissance de Dieu qui l\u2019a ressuscit\u00e9 des morts.<\/p>\n\n\n\n<h2 class=\"wp-block-heading\">1 Pierre 3:21<\/h2>\n\n\n\n<p>C\u2019est ainsi que vous \u00eates sauv\u00e9s maintenant, vous aussi\u202f: ces \u00e9v\u00e9nements pr\u00e9figuraient le bapt\u00eame. Celui-ci ne consiste pas \u00e0 laver les impuret\u00e9s du corps, mais \u00e0 s\u2019engager envers Dieu avec une conscience pure. Tout cela est possible gr\u00e2ce \u00e0 la r\u00e9surrection de J\u00e9sus-Christ.<\/p>\n\n\n\n<h2 class=\"wp-block-heading\">Matthieu 3:1-2<\/h2>\n\n\n\n<p>En ce temps-l\u00e0, parut Jean-Baptiste. Il se mit \u00e0 pr\u00eacher dans le d\u00e9sert de Jud\u00e9e. Il disait\u202f: Changez, car le royaume des cieux est proche.<\/p>\n\n\n\n<h2 class=\"wp-block-heading\">Matthieu 3:11<\/h2>\n\n\n\n<p>Moi, je vous baptise dans l\u2019eau, en signe d\u2019un profond changement. Mais quelqu\u2019un vient apr\u00e8s moi\u202f: il est bien plus puissant que moi et je ne suis m\u00eame pas digne de lui enlever les sandales. C\u2019est lui qui vous baptisera dans le Saint-Esprit et le feu.<\/p>\n\n\n\n<h2 class=\"wp-block-heading\">Marc 1:8<\/h2>\n\n\n\n<p>Moi, je vous ai baptis\u00e9s dans l\u2019eau, mais lui, il vous baptisera dans le Saint-Esprit.<\/p>\n\n\n\n<h2 class=\"wp-block-heading\">Marc 1:9-10<\/h2>\n\n\n\n<p>Or, en ce temps-l\u00e0, J\u00e9sus vint de Nazareth, un village de Galil\u00e9e. Il fut baptis\u00e9 par Jean dans le Jourdain. Au moment o\u00f9 il sortait de l\u2019eau, il vit le ciel se d\u00e9chirer et l\u2019Esprit descendre sur lui comme une colombe.<\/p>\n\n\n\n<h2 class=\"wp-block-heading\">Luc 3:3<\/h2>\n\n\n\n<p>Jean se mit \u00e0 parcourir toute la r\u00e9gion du Jourdain. Il appelait les gens \u00e0 se faire baptiser en signe d\u2019un profond changement, afin de recevoir le pardon de leurs p\u00e9ch\u00e9s.<\/p>\n\n\n\n<h2 class=\"wp-block-heading\">Luc 3:7-8<\/h2>\n\n\n\n<p>Jean disait \u00e0 ceux qui venaient en foule se faire baptiser par lui\u202f: Esp\u00e8ces de vip\u00e8res\u202f! Qui vous a enseign\u00e9 \u00e0 fuir la col\u00e8re de Dieu qui va se manifester\u202f? Produisez plut\u00f4t pour fruits des actes qui montrent que vous avez chang\u00e9. Ne vous contentez pas de r\u00e9p\u00e9ter en vous-m\u00eames\u202f: \u00ab Nous sommes les descendants d\u2019Abraham\u202f! \u00bb Car, regardez ces pierres\u202f: je vous d\u00e9clare que Dieu peut en faire des enfants d\u2019Abraham.<\/p>\n\n\n\n<h2 class=\"wp-block-heading\">Luc 3:21<\/h2>\n\n\n\n<p>Tout le peuple venait se faire baptiser, et J\u00e9sus fut aussi baptis\u00e9. Or, pendant qu\u2019il priait, le ciel s\u2019ouvrit.<\/p>\n\n\n\n<h2 class=\"wp-block-heading\">Actes 19:4<\/h2>\n\n\n\n<p>Oui, reprit Paul, Jean baptisait les Isra\u00e9lites en signe d\u2019un profond changement, mais il leur disait aussi de croire en celui qui viendrait apr\u00e8s lui, c\u2019est-\u00e0-dire en J\u00e9sus.<\/p>\n\n\n\n<h2 class=\"wp-block-heading\">Actes 22:16<\/h2>\n\n\n\n<p>Et maintenant, pourquoi tarder\u202f? L\u00e8ve-toi, fais-toi baptiser et sois lav\u00e9 de tes p\u00e9ch\u00e9s en priant le Seigneur.<\/p>\n\n\n\n<h2 class=\"wp-block-heading\">\u00c9ph\u00e9siens 4:5<\/h2>\n\n\n\n<p>Il y a un seul Seigneur, une seule foi, un seul bapt\u00eame.<\/p>\n\n\n\n<h2 class=\"wp-block-heading\">Lire Aussi:<\/h2>\n\n\n\n<ul class=\"wp-block-list\"><li><a href=\"https:\/\/thebibleverses.org\/fr\/\">Versets Bibliques par Sujets<\/a><\/li><li><a href=\"https:\/\/thebibleverses.org\/fr\/amour\/\">Versets Bibliques sur l&rsquo;Amour<\/a><\/li><li><a href=\"https:\/\/thebibleverses.org\/fr\/force\/\">Versets Bibliques sur la Force<\/a><\/li><li><a href=\"https:\/\/thebibleverses.org\/fr\/foi\/\">Versets Bibliques sur la Foi<\/a><\/li><li><a href=\"https:\/\/thebibleverses.org\/fr\/jeunes\/\">Versets Bibliques pour les Jeunes<\/a><\/li><li><a href=\"https:\/\/thebibleverses.org\/fr\/amitie\/\">Versets Bibliques sur l&rsquo;Amiti\u00e9<\/a><\/li><li><a href=\"https:\/\/thebibleverses.org\/fr\/guerison\/\">Versets Bibliques sur la Gu\u00e9rison<\/a><\/li><\/ul>\n","protected":false},"excerpt":{"rendered":"<p>Matthieu 28:19 Allez donc dans le monde entier, faites des disciples parmi tous les peuples, baptisez-les au nom du P\u00e8re, du Fils et du Saint-Esprit. Marc 1:4 Jean parut. Il baptisait dans le d\u00e9sert. Il appelait les gens \u00e0 se faire baptiser en signe d\u2019un profond changement, afin de recevoir le pardon de leurs p\u00e9ch\u00e9s. [&hellip;]<\/p>\n","protected":false},"author":1,"featured_media":62,"parent":0,"menu_order":0,"comment_status":"open","ping_status":"closed","template":"","meta":{"footnotes":""},"class_list":["post-61","page","type-page","status-publish","has-post-thumbnail","hentry","entry","fw-tab-6 fw-tabr-4"],"_links":{"self":[{"href":"https:\/\/thebibleverses.org\/fr\/wp-json\/wp\/v2\/pages\/61","targetHints":{"allow":["GET"]}}],"collection":[{"href":"https:\/\/thebibleverses.org\/fr\/wp-json\/wp\/v2\/pages"}],"about":[{"href":"https:\/\/thebibleverses.org\/fr\/wp-json\/wp\/v2\/types\/page"}],"author":[{"embeddable":true,"href":"https:\/\/thebibleverses.org\/fr\/wp-json\/wp\/v2\/users\/1"}],"replies":[{"embeddable":true,"href":"https:\/\/thebibleverses.org\/fr\/wp-json\/wp\/v2\/comments?post=61"}],"version-history":[{"count":0,"href":"https:\/\/thebibleverses.org\/fr\/wp-json\/wp\/v2\/pages\/61\/revisions"}],"wp:featuredmedia":[{"embeddable":true,"href":"https:\/\/thebibleverses.org\/fr\/wp-json\/wp\/v2\/media\/62"}],"wp:attachment":[{"href":"https:\/\/thebibleverses.org\/fr\/wp-json\/wp\/v2\/media?parent=61"}],"curies":[{"name":"wp","href":"https:\/\/api.w.org\/{rel}","templated":true}]}}