{"id":58,"date":"2022-07-03T05:39:51","date_gmt":"2022-07-03T03:39:51","guid":{"rendered":"https:\/\/thebibleverses.org\/fr\/?page_id=58"},"modified":"2022-10-11T23:00:40","modified_gmt":"2022-10-11T21:00:40","slug":"jeuner","status":"publish","type":"page","link":"https:\/\/thebibleverses.org\/fr\/jeuner\/","title":{"rendered":"20 Versets Biblique sur Je\u00fbner"},"content":{"rendered":"<div class=\"wp-block-image\">\n<figure class=\"aligncenter size-large\"><img decoding=\"async\" width=\"1024\" height=\"631\" data-src=\"https:\/\/thebibleverses.org\/fr\/wp-content\/uploads\/2022\/07\/Versets-Bibliques-sur-le-Jeune-1024x631.webp\" alt=\"Versets Bibliques sur le Je\u00fbne\" class=\"wp-image-59 lazyload\" data-srcset=\"https:\/\/thebibleverses.org\/fr\/wp-content\/uploads\/2022\/07\/Versets-Bibliques-sur-le-Jeune-1024x631.webp 1024w, https:\/\/thebibleverses.org\/fr\/wp-content\/uploads\/2022\/07\/Versets-Bibliques-sur-le-Jeune-300x185.webp 300w, https:\/\/thebibleverses.org\/fr\/wp-content\/uploads\/2022\/07\/Versets-Bibliques-sur-le-Jeune-768x474.webp 768w, https:\/\/thebibleverses.org\/fr\/wp-content\/uploads\/2022\/07\/Versets-Bibliques-sur-le-Jeune-320x197.webp 320w, https:\/\/thebibleverses.org\/fr\/wp-content\/uploads\/2022\/07\/Versets-Bibliques-sur-le-Jeune-450x278.webp 450w, https:\/\/thebibleverses.org\/fr\/wp-content\/uploads\/2022\/07\/Versets-Bibliques-sur-le-Jeune-720x444.webp 720w, https:\/\/thebibleverses.org\/fr\/wp-content\/uploads\/2022\/07\/Versets-Bibliques-sur-le-Jeune.webp 1200w\" data-sizes=\"(max-width: 1024px) 100vw, 1024px\" src=\"data:image\/svg+xml;base64,PHN2ZyB3aWR0aD0iMSIgaGVpZ2h0PSIxIiB4bWxucz0iaHR0cDovL3d3dy53My5vcmcvMjAwMC9zdmciPjwvc3ZnPg==\" style=\"--smush-placeholder-width: 1024px; --smush-placeholder-aspect-ratio: 1024\/631;\" \/><figcaption>Versets Bibliques sur le Je\u00fbne &#8211; La Bible du Semeur (BDS).<\/figcaption><\/figure><\/div>\n\n\n<h2 class=\"wp-block-heading\">Exode 34:28<\/h2>\n\n\n\n<p>Mo\u00efse demeura l\u00e0 avec l\u2019Eternel quarante jours et quarante nuits, sans rien manger ni boire, et l\u2019Eternel \u00e9crivit sur les tablettes les paroles de l\u2019alliance, les dix commandements.<\/p>\n\n\n\n<h2 class=\"wp-block-heading\">Juges 20:26<\/h2>\n\n\n\n<p>Alors tous les Isra\u00e9lites mont\u00e8rent en foule \u00e0 B\u00e9thel. Ils rest\u00e8rent l\u00e0, assis devant l\u2019Eternel, pleurant et je\u00fbnant jusqu\u2019au soir, et ils offrirent des holocaustes et des sacrifices de communion devant l\u2019Eternel.<\/p>\n\n\n\n<h2 class=\"wp-block-heading\">1 Samuel 7:6<\/h2>\n\n\n\n<p>Ils s\u2019assembl\u00e8rent \u00e0 Mitspa, puis\u00e8rent de l\u2019eau et la r\u00e9pandirent sur le sol devant l\u2019Eternel\u202f; ils je\u00fbn\u00e8rent ce jour-l\u00e0 et confess\u00e8rent\u202f: Nous avons p\u00e9ch\u00e9 contre l\u2019Eternel. C\u2019est l\u00e0, \u00e0 Mitspa, que Samuel fut le juge du peuple d\u2019Isra\u00ebl.<\/p>\n\n\n\n<h2 class=\"wp-block-heading\">2 Chroniques 20:3<\/h2>\n\n\n\n<p>Josaphat prit peur et d\u00e9cida de consulter l\u2019Eternel. Il proclama un je\u00fbne pour tout Juda.<\/p>\n\n\n\n<h2 class=\"wp-block-heading\">Esdras 8:23<\/h2>\n\n\n\n<p>C\u2019est pour cela que nous avons je\u00fbn\u00e9 et demand\u00e9 cette faveur \u00e0 notre Dieu, et il a exauc\u00e9 notre pri\u00e8re.<\/p>\n\n\n\n<h2 class=\"wp-block-heading\">Esdras 10:6<\/h2>\n\n\n\n<p>Puis Esdras quitta la cour du Temple et se rendit dans une salle de Yohan\u00e2n, fils d\u2019Eliashib, o\u00f9 il passa la nuit; mais il refusa toute nourriture et toute boisson car il menait deuil \u00e0 cause de la faute grave des anciens exil\u00e9s.<\/p>\n\n\n\n<h2 class=\"wp-block-heading\">N\u00e9h\u00e9mie 9:1-2<\/h2>\n\n\n\n<p>Le vingt-quatri\u00e8me jour du m\u00eame mois, les Isra\u00e9lites, rev\u00eatus d\u2019habits de toile de sac et la t\u00eate couverte de poussi\u00e8re, s\u2019assembl\u00e8rent pour un temps de je\u00fbne. Ceux qui \u00e9taient Isra\u00e9lites de souche s\u2019\u00e9taient s\u00e9par\u00e9s de tous les gens d\u2019origine \u00e9trang\u00e8re; puis ils se pr\u00e9sent\u00e8rent pour confesser leurs p\u00e9ch\u00e9s et ceux de leurs anc\u00eatres.<\/p>\n\n\n\n<h2 class=\"wp-block-heading\">Psaumes 35:13<\/h2>\n\n\n\n<p>Et moi, quand ils \u00e9taient malades, |je rev\u00eatais un v\u00eatement de deuil<br>et je m\u2019humiliais en je\u00fbnant. Sans cesse, je priais pour eux.<\/p>\n\n\n\n<h2 class=\"wp-block-heading\">Psaumes 69:10-11<\/h2>\n\n\n\n<p>L\u2019amour que j\u2019ai pour ta maison |est en moi comme un feu |qui me consume, et les insultes |des hommes qui t\u2019insultent |sont retomb\u00e9es sur moi. Quand je pleure et je je\u00fbne, je re\u00e7ois des insultes.<\/p>\n\n\n\n<h2 class=\"wp-block-heading\">\u00c9sa\u00efe 58:3<\/h2>\n\n\n\n<p>Que nous sert de je\u00fbner, si tu ne le vois pas\u202f? Pourquoi nous humilier,<br>si tu n\u2019y prends pas garde\u202f? Au jour o\u00f9 vous je\u00fbnez, vous traitez vos affaires et vous exploitez tous vos ouvriers.<\/p>\n\n\n\n<h2 class=\"wp-block-heading\">\u00c9sa\u00efe 58:6<\/h2>\n\n\n\n<p>Le je\u00fbne qui me pla\u00eet est celui qui consiste |\u00e0 d\u00e9tacher les liens |de la m\u00e9chancet\u00e9, \u00e0 d\u00e9lier les courroies |de toute servitude, \u00e0 mettre en libert\u00e9 |tous ceux que l\u2019on opprime et \u00e0 briser |toute esp\u00e8ce de joug.<\/p>\n\n\n\n<h2 class=\"wp-block-heading\">Daniel 10:3<\/h2>\n\n\n\n<p>Je ne touchai \u00e0 aucun mets d\u00e9licat\u202f; je ne pris ni viande, ni vin, et je ne me frottai d\u2019aucune huile parfum\u00e9e pendant ces trois semaines.<\/p>\n\n\n\n<h2 class=\"wp-block-heading\">Jo\u00ebl 2:12<\/h2>\n\n\n\n<p>Mais maintenant encore, l\u2019Eternel le d\u00e9clare, revenez donc \u00e0 moi, |revenez de tout votre c\u0153ur, avec le je\u00fbne, avec des larmes |et des lamentations.<\/p>\n\n\n\n<h2 class=\"wp-block-heading\">Jonas 3:5<\/h2>\n\n\n\n<p>Les habitants de Ninive crurent en Dieu, ils publi\u00e8rent un je\u00fbne et, quelle que f\u00fbt leur condition sociale, ils rev\u00eatirent des habits de toile de sac.<\/p>\n\n\n\n<h2 class=\"wp-block-heading\">Matthieu 6:16<\/h2>\n\n\n\n<p>Lorsque vous je\u00fbnez, n\u2019ayez pas, comme les hypocrites, une mine triste. Pour bien montrer aux gens qu\u2019ils je\u00fbnent, ils prennent des visages d\u00e9faits. Vraiment, je vous l\u2019assure\u202f: leur r\u00e9compense, ils l\u2019ont d\u2019ores et d\u00e9j\u00e0 re\u00e7ue\u202f!<\/p>\n\n\n\n<h2 class=\"wp-block-heading\">Matthieu 6:17-18<\/h2>\n\n\n\n<p>Mais toi, quand tu je\u00fbnes, parfume tes cheveux et lave ton visage pour que personne ne se rende compte que tu es en train de je\u00fbner, sauf ton P\u00e8re qui est l\u00e0 dans le lieu secret. Alors ton P\u00e8re, qui voit dans le secret, te le rendra.<\/p>\n\n\n\n<h2 class=\"wp-block-heading\">Luc 4:1-2<\/h2>\n\n\n\n<p>J\u00e9sus, rempli de l\u2019Esprit Saint, revint du Jourdain et l\u2019Esprit le conduisit dans le d\u00e9sert o\u00f9 il fut tent\u00e9 par le diable durant quarante jours. Il ne mangea rien durant ces jours-l\u00e0, et, quand ils furent pass\u00e9s, il eut faim.<\/p>\n\n\n\n<h2 class=\"wp-block-heading\">Actes 13:2<\/h2>\n\n\n\n<p>Un jour qu\u2019ils adoraient ensemble le Seigneur et qu\u2019ils je\u00fbnaient, le Saint-Esprit leur dit\u202f: Mettez \u00e0 part pour moi Barnabas et Saul pour l\u2019\u0153uvre \u00e0 laquelle je les ai appel\u00e9s.<\/p>\n\n\n\n<h2 class=\"wp-block-heading\">Actes 13:3<\/h2>\n\n\n\n<p>Alors, apr\u00e8s avoir je\u00fbn\u00e9 et pri\u00e9, ils leur impos\u00e8rent les mains et les laiss\u00e8rent partir.<\/p>\n\n\n\n<h2 class=\"wp-block-heading\">Actes 14:23<\/h2>\n\n\n\n<p>Dans chaque Eglise, ils firent \u00e9lire des responsables et, en priant et en je\u00fbnant, ils les confi\u00e8rent au Seigneur en qui ils avaient cru.<\/p>\n\n\n\n<h2 class=\"wp-block-heading\">Lire Aussi:<\/h2>\n\n\n\n<ul class=\"wp-block-list\"><li><a href=\"https:\/\/thebibleverses.org\/fr\/\">Versets Bibliques par Sujets<\/a><\/li><li><a href=\"https:\/\/thebibleverses.org\/fr\/amour\/\">Versets Bibliques sur l\u2019Amour<\/a><\/li><li><a href=\"https:\/\/thebibleverses.org\/fr\/force\/\">Versets Bibliques sur la Force<\/a><\/li><li><a href=\"https:\/\/thebibleverses.org\/fr\/foi\/\">Versets Bibliques sur la Foi<\/a><\/li><li><a href=\"https:\/\/thebibleverses.org\/fr\/jeunes\/\">Versets Bibliques pour les Jeunes<\/a><\/li><li><a href=\"https:\/\/thebibleverses.org\/fr\/amitie\/\">Versets Bibliques sur l\u2019Amiti\u00e9<\/a><\/li><li><a href=\"https:\/\/thebibleverses.org\/fr\/guerison\/\">Versets Bibliques sur la Gu\u00e9rison<\/a><\/li><\/ul>\n","protected":false},"excerpt":{"rendered":"<p>Exode 34:28 Mo\u00efse demeura l\u00e0 avec l\u2019Eternel quarante jours et quarante nuits, sans rien manger ni boire, et l\u2019Eternel \u00e9crivit sur les tablettes les paroles de l\u2019alliance, les dix commandements. Juges 20:26 Alors tous les Isra\u00e9lites mont\u00e8rent en foule \u00e0 B\u00e9thel. Ils rest\u00e8rent l\u00e0, assis devant l\u2019Eternel, pleurant et je\u00fbnant jusqu\u2019au soir, et ils offrirent [&hellip;]<\/p>\n","protected":false},"author":1,"featured_media":59,"parent":0,"menu_order":0,"comment_status":"open","ping_status":"closed","template":"","meta":{"footnotes":""},"class_list":["post-58","page","type-page","status-publish","has-post-thumbnail","hentry","entry","fw-tab-6 fw-tabr-4"],"_links":{"self":[{"href":"https:\/\/thebibleverses.org\/fr\/wp-json\/wp\/v2\/pages\/58","targetHints":{"allow":["GET"]}}],"collection":[{"href":"https:\/\/thebibleverses.org\/fr\/wp-json\/wp\/v2\/pages"}],"about":[{"href":"https:\/\/thebibleverses.org\/fr\/wp-json\/wp\/v2\/types\/page"}],"author":[{"embeddable":true,"href":"https:\/\/thebibleverses.org\/fr\/wp-json\/wp\/v2\/users\/1"}],"replies":[{"embeddable":true,"href":"https:\/\/thebibleverses.org\/fr\/wp-json\/wp\/v2\/comments?post=58"}],"version-history":[{"count":0,"href":"https:\/\/thebibleverses.org\/fr\/wp-json\/wp\/v2\/pages\/58\/revisions"}],"wp:featuredmedia":[{"embeddable":true,"href":"https:\/\/thebibleverses.org\/fr\/wp-json\/wp\/v2\/media\/59"}],"wp:attachment":[{"href":"https:\/\/thebibleverses.org\/fr\/wp-json\/wp\/v2\/media?parent=58"}],"curies":[{"name":"wp","href":"https:\/\/api.w.org\/{rel}","templated":true}]}}