{"id":55,"date":"2022-07-03T05:13:52","date_gmt":"2022-07-03T03:13:52","guid":{"rendered":"https:\/\/thebibleverses.org\/fr\/?page_id=55"},"modified":"2022-10-11T23:44:43","modified_gmt":"2022-10-11T21:44:43","slug":"repentance","status":"publish","type":"page","link":"https:\/\/thebibleverses.org\/fr\/repentance\/","title":{"rendered":"25 Versets Bibliques sur la Repentance"},"content":{"rendered":"<div class=\"wp-block-image\">\n<figure class=\"aligncenter size-large\"><img decoding=\"async\" width=\"1024\" height=\"631\" data-src=\"https:\/\/thebibleverses.org\/fr\/wp-content\/uploads\/2022\/07\/Versets-Bibliques-sur-la-Repentance-1024x631.webp\" alt=\"Versets Bibliques sur la Repentance\" class=\"wp-image-56 lazyload\" data-srcset=\"https:\/\/thebibleverses.org\/fr\/wp-content\/uploads\/2022\/07\/Versets-Bibliques-sur-la-Repentance-1024x631.webp 1024w, https:\/\/thebibleverses.org\/fr\/wp-content\/uploads\/2022\/07\/Versets-Bibliques-sur-la-Repentance-300x185.webp 300w, https:\/\/thebibleverses.org\/fr\/wp-content\/uploads\/2022\/07\/Versets-Bibliques-sur-la-Repentance-768x474.webp 768w, https:\/\/thebibleverses.org\/fr\/wp-content\/uploads\/2022\/07\/Versets-Bibliques-sur-la-Repentance-320x197.webp 320w, https:\/\/thebibleverses.org\/fr\/wp-content\/uploads\/2022\/07\/Versets-Bibliques-sur-la-Repentance-450x278.webp 450w, https:\/\/thebibleverses.org\/fr\/wp-content\/uploads\/2022\/07\/Versets-Bibliques-sur-la-Repentance-720x444.webp 720w, https:\/\/thebibleverses.org\/fr\/wp-content\/uploads\/2022\/07\/Versets-Bibliques-sur-la-Repentance.webp 1200w\" data-sizes=\"(max-width: 1024px) 100vw, 1024px\" src=\"data:image\/svg+xml;base64,PHN2ZyB3aWR0aD0iMSIgaGVpZ2h0PSIxIiB4bWxucz0iaHR0cDovL3d3dy53My5vcmcvMjAwMC9zdmciPjwvc3ZnPg==\" style=\"--smush-placeholder-width: 1024px; --smush-placeholder-aspect-ratio: 1024\/631;\" \/><figcaption>Versets Bibliques sur la Repentance &#8211; La Bible du Semeur (BDS).<\/figcaption><\/figure><\/div>\n\n\n<h2 class=\"wp-block-heading\">2 Rois 17:13<\/h2>\n\n\n\n<p>L\u2019Eternel avait averti Isra\u00ebl et Juda par l\u2019interm\u00e9diaire de tous ses proph\u00e8tes, de tous ceux qui re\u00e7oivent des r\u00e9v\u00e9lations. Il leur avait fait dire\u202f: Abandonnez votre mauvaise conduite et ob\u00e9issez \u00e0 mes commandements et \u00e0 mes ordonnances contenus dans toute la Loi que j\u2019ai donn\u00e9e \u00e0 vos anc\u00eatres et que je vous ai communiqu\u00e9e par l\u2019interm\u00e9diaire de mes serviteurs les proph\u00e8tes.<\/p>\n\n\n\n<h2 class=\"wp-block-heading\">2 Chroniques 7:14<\/h2>\n\n\n\n<p>Si alors mon peuple qui est appel\u00e9 de mon nom s\u2019humilie, prie et recherche ma gr\u00e2ce, s\u2019il se d\u00e9tourne de sa mauvaise conduite, moi, je l\u2019\u00e9couterai du ciel, je lui pardonnerai ses p\u00e9ch\u00e9s et je gu\u00e9rirai son pays.<\/p>\n\n\n\n<h2 class=\"wp-block-heading\">2 Chroniques 6:37-39<\/h2>\n\n\n\n<p>S\u2019ils se mettent \u00e0 r\u00e9fl\u00e9chir dans le pays o\u00f9 ils auront \u00e9t\u00e9 d\u00e9port\u00e9s, s\u2019ils reviennent en arri\u00e8re et t\u2019adressent leurs supplications dans le pays de leur captivit\u00e9 et qu\u2019ils disent\u202f: \u00ab Nous avons p\u00e9ch\u00e9, nous avons mal agi, nous sommes coupables \u00bb, s\u2019ils reviennent \u00e0 toi de tout leur c\u0153ur et de tout leur \u00eatre, dans le pays de leur captivit\u00e9 o\u00f9 ils auront \u00e9t\u00e9 d\u00e9port\u00e9s, et s\u2019ils prient en se tournant vers le pays que tu as donn\u00e9 \u00e0 leurs anc\u00eatres, vers la ville que tu as choisie et vers le temple que j\u2019ai construit en ton honneur, alors depuis le ciel, la demeure o\u00f9 tu habites, veuille \u00e9couter leur pri\u00e8re et leurs supplications, et d\u00e9fendre leur cause\u202f! Pardonne \u00e0 ton peuple les p\u00e9ch\u00e9s qu\u2019il aura commis contre toi\u202f!<\/p>\n\n\n\n<h2 class=\"wp-block-heading\">2 Chroniques 30:9<\/h2>\n\n\n\n<p>Si vous revenez vraiment \u00e0 l\u2019Eternel, vos compatriotes et vos fils qui ont \u00e9t\u00e9 d\u00e9port\u00e9s trouveront de la compassion aupr\u00e8s de leurs conqu\u00e9rants qui les laisseront revenir dans ce pays\u202f; car l\u2019Eternel est plein de compassion et de gr\u00e2ce, et si vous revenez \u00e0 lui, il ne vous rejettera pas.<\/p>\n\n\n\n<h2 class=\"wp-block-heading\">N\u00e9h\u00e9mie 1:8-9<\/h2>\n\n\n\n<p>Souviens-toi, cependant, je te prie, de ces paroles que tu as ordonn\u00e9 \u00e0 ton serviteur Mo\u00efse de prononcer\u202f: \u00ab Lorsque vous serez infid\u00e8les, je vous disperserai parmi d\u2019autres peuples. Mais si vous revenez \u00e0 moi pour ob\u00e9ir \u00e0 mes commandements et les appliquer, alors, m\u00eame si vous vous trouvez \u00e9loign\u00e9s jusqu\u2019aux extr\u00e9mit\u00e9s de la terre, je vous rassemblerai, et je vous ram\u00e8nerai de l\u00e0 au lieu que j\u2019ai choisi pour y \u00e9tablir ma pr\u00e9sence. \u00bb<\/p>\n\n\n\n<h2 class=\"wp-block-heading\">Proverbes 28:13<\/h2>\n\n\n\n<p>Qui cache ses fautes ne prosp\u00e9rera pas, qui les avoue et les d\u00e9laisse obtient mis\u00e9ricorde.<\/p>\n\n\n\n<h2 class=\"wp-block-heading\">\u00c9sa\u00efe 55:7<\/h2>\n\n\n\n<p>Que le coupable |abandonne sa voie, et l\u2019homme malfaisant |ses mauvaises pens\u00e9es\u202f! Et qu\u2019il revienne \u00e0 l\u2019Eternel qui aura compassion de lui, \u00e0 notre Dieu qui lui accordera |un pardon g\u00e9n\u00e9reux.<\/p>\n\n\n\n<h2 class=\"wp-block-heading\">J\u00e9r\u00e9mie 3:12<\/h2>\n\n\n\n<p>Va, et crie ces paroles, en direction du nord : Reviens, Isra\u00ebl-l\u2019infid\u00e8le\u202f! l\u2019Eternel le demande. Je n\u2019aurai plus pour toi |un visage s\u00e9v\u00e8re, car je suis bienveillant, l\u2019Eternel le d\u00e9clare, et je ne serai pas |en col\u00e8re \u00e0 toujours.<\/p>\n\n\n\n<h2 class=\"wp-block-heading\">\u00c9z\u00e9chiel 18:21<\/h2>\n\n\n\n<p>Si le m\u00e9chant se d\u00e9tourne de toutes les fautes qu\u2019il a commises, s\u2019il ob\u00e9it \u00e0 tous mes commandements et agit avec droiture et selon la justice, il ne mourra pas, il vivra.<\/p>\n\n\n\n<h2 class=\"wp-block-heading\">\u00c9z\u00e9chiel 18:31<\/h2>\n\n\n\n<p>Rejetez loin de vous tous les p\u00e9ch\u00e9s que vous avez commis contre moi. Faites-vous un c\u0153ur nouveau et un \u00e9tat d\u2019esprit nouveau, car pourquoi faudrait-il que vous mouriez, gens d\u2019Isra\u00ebl\u202f?<\/p>\n\n\n\n<h2 class=\"wp-block-heading\">Os\u00e9e 14:2<\/h2>\n\n\n\n<p>Reviens donc, Isra\u00ebl, |\u00e0 l\u2019Eternel, ton Dieu, car ce sont tes p\u00e9ch\u00e9s |qui ont caus\u00e9 ta chute.<\/p>\n\n\n\n<h2 class=\"wp-block-heading\">Jo\u00ebl 2:12<\/h2>\n\n\n\n<p>Mais maintenant encore, l\u2019Eternel le d\u00e9clare, revenez donc \u00e0 moi, |revenez de tout votre c\u0153ur, avec le je\u00fbne, avec des larmes |et des lamentations.<\/p>\n\n\n\n<h2 class=\"wp-block-heading\">Zacharie 1:3<\/h2>\n\n\n\n<p>Dis \u00e0 ce peuple\u202f: Voici ce que d\u00e9clare le Seigneur des arm\u00e9es c\u00e9lestes\u202f: Revenez \u00e0 moi, dit le Seigneur des arm\u00e9es c\u00e9lestes, et je reviendrai \u00e0 vous, a dit le Seigneur des arm\u00e9es c\u00e9lestes.<\/p>\n\n\n\n<h2 class=\"wp-block-heading\">Matthieu 3:1-2<\/h2>\n\n\n\n<p>En ce temps-l\u00e0, parut Jean-Baptiste. Il se mit \u00e0 pr\u00eacher dans le d\u00e9sert de Jud\u00e9e. Il disait\u202f: Changez, car le royaume des cieux est proche.<\/p>\n\n\n\n<h2 class=\"wp-block-heading\">Matthieu 3:8<\/h2>\n\n\n\n<p>Produisez plut\u00f4t pour fruits des actes qui montrent que vous avez chang\u00e9.<\/p>\n\n\n\n<h2 class=\"wp-block-heading\">Matthieu 4:17<\/h2>\n\n\n\n<p>A partir de ce moment, J\u00e9sus commen\u00e7a \u00e0 pr\u00eacher en public en disant\u202f: Changez, car le royaume des cieux est proche.<\/p>\n\n\n\n<h2 class=\"wp-block-heading\">Luc 5:32<\/h2>\n\n\n\n<p>Ce ne sont pas des justes, mais des p\u00e9cheurs que je suis venu appeler \u00e0 changer.<\/p>\n\n\n\n<h2 class=\"wp-block-heading\">Luc 13:2-3<\/h2>\n\n\n\n<p>J\u00e9sus leur dit\u202f: Pensez-vous que ces Galil\u00e9ens ont subi un sort si cruel parce qu\u2019ils \u00e9taient de plus grands p\u00e9cheurs que tous leurs compatriotes\u202f? Non, je vous le dis\u202f; mais vous, si vous ne changez pas, vous p\u00e9rirez tous, vous aussi.<\/p>\n\n\n\n<h2 class=\"wp-block-heading\">Luc 15:10<\/h2>\n\n\n\n<p>De m\u00eame, je vous le d\u00e9clare, il y a de la joie parmi les anges de Dieu pour un seul p\u00e9cheur qui change.<\/p>\n\n\n\n<h2 class=\"wp-block-heading\">Actes 2:38<\/h2>\n\n\n\n<p>Pierre leur r\u00e9pondit\u202f: Changez, et que chacun de vous se fasse baptiser au nom de J\u00e9sus-Christ, pour que vos p\u00e9ch\u00e9s vous soient pardonn\u00e9s. Alors, vous recevrez le don du Saint-Esprit.<\/p>\n\n\n\n<h2 class=\"wp-block-heading\">Actes 3:19<\/h2>\n\n\n\n<p>Maintenant donc, changez et tournez-vous vers Dieu pour qu\u2019il efface vos p\u00e9ch\u00e9s.<\/p>\n\n\n\n<h2 class=\"wp-block-heading\">Actes 17:30<\/h2>\n\n\n\n<p>Or Dieu ne tient plus compte des temps o\u00f9 les hommes ne le connaissaient pas. Aujourd\u2019hui, il leur annonce \u00e0 tous, et partout, qu\u2019ils doivent changer.<\/p>\n\n\n\n<h2 class=\"wp-block-heading\">2 Pierre 3:9<\/h2>\n\n\n\n<p>Le Seigneur n\u2019est pas en retard dans l\u2019accomplissement de sa promesse, comme certains se l\u2019imaginent, il fait simplement preuve de patience \u00e0 votre \u00e9gard, car il ne veut pas qu\u2019un seul p\u00e9risse. Il voudrait, au contraire, que tous parviennent \u00e0 se convertir.<\/p>\n\n\n\n<h2 class=\"wp-block-heading\">1 Jean 1:9<\/h2>\n\n\n\n<p>Si nous reconnaissons nos p\u00e9ch\u00e9s, Dieu est fid\u00e8le et juste et, par cons\u00e9quent, il nous pardonnera nos p\u00e9ch\u00e9s et nous purifiera de tout le mal que nous avons commis.<\/p>\n\n\n\n<h2 class=\"wp-block-heading\">Apocalypse 3:19<\/h2>\n\n\n\n<p>Moi, ceux que j\u2019aime, je les reprends et je les corrige. Fais donc preuve de z\u00e8le, et change\u202f!<\/p>\n\n\n\n<h2 class=\"wp-block-heading\">Lire Aussi:<\/h2>\n\n\n\n<ul class=\"wp-block-list\"><li><a href=\"https:\/\/thebibleverses.org\/fr\/\">Versets Bibliques par Sujets<\/a><\/li><li><a href=\"https:\/\/thebibleverses.org\/fr\/amour\/\">Versets Bibliques sur l\u2019Amour<\/a><\/li><li><a href=\"https:\/\/thebibleverses.org\/fr\/force\/\">Versets Bibliques sur la Force<\/a><\/li><li><a href=\"https:\/\/thebibleverses.org\/fr\/foi\/\">Versets Bibliques sur la Foi<\/a><\/li><li><a href=\"https:\/\/thebibleverses.org\/fr\/jeunes\/\">Versets Bibliques pour les Jeunes<\/a><\/li><li><a href=\"https:\/\/thebibleverses.org\/fr\/amitie\/\">Versets Bibliques sur l\u2019Amiti\u00e9<\/a><\/li><li><a href=\"https:\/\/thebibleverses.org\/fr\/guerison\/\">Versets Bibliques sur la Gu\u00e9rison<\/a><\/li><\/ul>\n","protected":false},"excerpt":{"rendered":"<p>2 Rois 17:13 L\u2019Eternel avait averti Isra\u00ebl et Juda par l\u2019interm\u00e9diaire de tous ses proph\u00e8tes, de tous ceux qui re\u00e7oivent des r\u00e9v\u00e9lations. Il leur avait fait dire\u202f: Abandonnez votre mauvaise conduite et ob\u00e9issez \u00e0 mes commandements et \u00e0 mes ordonnances contenus dans toute la Loi que j\u2019ai donn\u00e9e \u00e0 vos anc\u00eatres et que je vous [&hellip;]<\/p>\n","protected":false},"author":1,"featured_media":56,"parent":0,"menu_order":0,"comment_status":"open","ping_status":"closed","template":"","meta":{"footnotes":""},"class_list":["post-55","page","type-page","status-publish","has-post-thumbnail","hentry","entry","fw-tab-6 fw-tabr-4"],"_links":{"self":[{"href":"https:\/\/thebibleverses.org\/fr\/wp-json\/wp\/v2\/pages\/55","targetHints":{"allow":["GET"]}}],"collection":[{"href":"https:\/\/thebibleverses.org\/fr\/wp-json\/wp\/v2\/pages"}],"about":[{"href":"https:\/\/thebibleverses.org\/fr\/wp-json\/wp\/v2\/types\/page"}],"author":[{"embeddable":true,"href":"https:\/\/thebibleverses.org\/fr\/wp-json\/wp\/v2\/users\/1"}],"replies":[{"embeddable":true,"href":"https:\/\/thebibleverses.org\/fr\/wp-json\/wp\/v2\/comments?post=55"}],"version-history":[{"count":0,"href":"https:\/\/thebibleverses.org\/fr\/wp-json\/wp\/v2\/pages\/55\/revisions"}],"wp:featuredmedia":[{"embeddable":true,"href":"https:\/\/thebibleverses.org\/fr\/wp-json\/wp\/v2\/media\/56"}],"wp:attachment":[{"href":"https:\/\/thebibleverses.org\/fr\/wp-json\/wp\/v2\/media?parent=55"}],"curies":[{"name":"wp","href":"https:\/\/api.w.org\/{rel}","templated":true}]}}