{"id":52,"date":"2022-07-03T05:05:20","date_gmt":"2022-07-03T03:05:20","guid":{"rendered":"https:\/\/thebibleverses.org\/fr\/?page_id=52"},"modified":"2022-10-11T22:33:24","modified_gmt":"2022-10-11T20:33:24","slug":"amour-de-jesus","status":"publish","type":"page","link":"https:\/\/thebibleverses.org\/fr\/amour-de-jesus\/","title":{"rendered":"15 Verset Biblique sur l&rsquo;Amour de J\u00e9sus"},"content":{"rendered":"<div class=\"wp-block-image\">\n<figure class=\"aligncenter size-large\"><img decoding=\"async\" width=\"1024\" height=\"631\" data-src=\"https:\/\/thebibleverses.org\/fr\/wp-content\/uploads\/2022\/07\/Verset-Biblique-sur-lAmour-de-Jesus-1024x631.webp\" alt=\"Verset Biblique sur l'Amour de J\u00e9sus\" class=\"wp-image-53 lazyload\" data-srcset=\"https:\/\/thebibleverses.org\/fr\/wp-content\/uploads\/2022\/07\/Verset-Biblique-sur-lAmour-de-Jesus-1024x631.webp 1024w, https:\/\/thebibleverses.org\/fr\/wp-content\/uploads\/2022\/07\/Verset-Biblique-sur-lAmour-de-Jesus-300x185.webp 300w, https:\/\/thebibleverses.org\/fr\/wp-content\/uploads\/2022\/07\/Verset-Biblique-sur-lAmour-de-Jesus-768x474.webp 768w, https:\/\/thebibleverses.org\/fr\/wp-content\/uploads\/2022\/07\/Verset-Biblique-sur-lAmour-de-Jesus-320x197.webp 320w, https:\/\/thebibleverses.org\/fr\/wp-content\/uploads\/2022\/07\/Verset-Biblique-sur-lAmour-de-Jesus-450x278.webp 450w, https:\/\/thebibleverses.org\/fr\/wp-content\/uploads\/2022\/07\/Verset-Biblique-sur-lAmour-de-Jesus-720x444.webp 720w, https:\/\/thebibleverses.org\/fr\/wp-content\/uploads\/2022\/07\/Verset-Biblique-sur-lAmour-de-Jesus.webp 1200w\" data-sizes=\"(max-width: 1024px) 100vw, 1024px\" src=\"data:image\/svg+xml;base64,PHN2ZyB3aWR0aD0iMSIgaGVpZ2h0PSIxIiB4bWxucz0iaHR0cDovL3d3dy53My5vcmcvMjAwMC9zdmciPjwvc3ZnPg==\" style=\"--smush-placeholder-width: 1024px; --smush-placeholder-aspect-ratio: 1024\/631;\" \/><figcaption>Verset Biblique sur l&rsquo;Amour de J\u00e9sus &#8211; La Bible du Semeur (BDS).<\/figcaption><\/figure><\/div>\n\n\n<h2 class=\"wp-block-heading\">Jean 11:5<\/h2>\n\n\n\n<p>Or J\u00e9sus \u00e9tait tr\u00e8s attach\u00e9 \u00e0 Marthe, \u00e0 sa s\u0153ur et \u00e0 Lazare.<\/p>\n\n\n\n<h2 class=\"wp-block-heading\">Jean 13:1<\/h2>\n\n\n\n<p>C\u2019\u00e9tait juste avant la f\u00eate de la P\u00e2que. J\u00e9sus savait que l\u2019heure \u00e9tait venue pour lui de quitter ce monde pour s\u2019en aller aupr\u00e8s du P\u00e8re. C\u2019est pourquoi il donna aux siens, qu\u2019il aimait et qui \u00e9taient dans le monde, une marque supr\u00eame de son amour pour eux.<\/p>\n\n\n\n<h2 class=\"wp-block-heading\">Jean 14:21<\/h2>\n\n\n\n<p>Celui qui m\u2019aime, c\u2019est celui qui retient mes commandements et les applique. Mon P\u00e8re aimera celui qui m\u2019aime\u202f; moi aussi, je l\u2019aimerai et je me ferai conna\u00eetre \u00e0 lui.<\/p>\n\n\n\n<h2 class=\"wp-block-heading\">Jean 15:9<\/h2>\n\n\n\n<p>Comme le P\u00e8re m\u2019a toujours aim\u00e9, moi aussi je vous ai aim\u00e9s\u202f; maintenez-vous donc dans mon amour.<\/p>\n\n\n\n<h2 class=\"wp-block-heading\">Jean 15:13<\/h2>\n\n\n\n<p>Il n\u2019y a pas de plus grand amour que de donner sa vie pour ses amis.<\/p>\n\n\n\n<h2 class=\"wp-block-heading\">Romains 8:35<\/h2>\n\n\n\n<p>Qu\u2019est-ce qui pourra nous arracher \u00e0 l\u2019amour de Christ\u202f? La d\u00e9tresse ou l\u2019angoisse, la pers\u00e9cution, la faim, la mis\u00e8re, le danger ou l\u2019\u00e9p\u00e9e\u202f?<\/p>\n\n\n\n<h2 class=\"wp-block-heading\">Romains 8:37<\/h2>\n\n\n\n<p>Mais dans tout cela nous sommes bien plus que vainqueurs par celui qui nous a aim\u00e9s.<\/p>\n\n\n\n<h2 class=\"wp-block-heading\">2 Corinthiens 5:14-15<\/h2>\n\n\n\n<p>En effet, l\u2019amour de Christ nous \u00e9treint, car nous avons acquis la certitude qu\u2019un seul homme est mort pour tous\u202f: donc tous sont morts en lui. Et il est mort pour tous afin que ceux qui vivent ne vivent plus pour eux-m\u00eames, mais pour celui qui est mort \u00e0 leur place et ressuscit\u00e9 pour eux.<\/p>\n\n\n\n<h2 class=\"wp-block-heading\">Galates 2:20<\/h2>\n\n\n\n<p>Ce n\u2019est plus moi qui vis, c\u2019est Christ qui vit en moi. Ma vie en tant qu\u2019homme, je la vis maintenant dans la foi au Fils de Dieu qui, par amour pour moi, s\u2019est livr\u00e9 \u00e0 la mort \u00e0 ma place.<\/p>\n\n\n\n<h2 class=\"wp-block-heading\">\u00c9ph\u00e9siens 5:2<\/h2>\n\n\n\n<p>Que votre vie soit dirig\u00e9e par l\u2019amour, de m\u00eame que Christ nous a aim\u00e9s et a livr\u00e9 lui-m\u00eame sa vie \u00e0 Dieu pour nous comme une offrande et un sacrifice dont le parfum pla\u00eet \u00e0 Dieu.<\/p>\n\n\n\n<h2 class=\"wp-block-heading\">\u00c9ph\u00e9siens 5:25<\/h2>\n\n\n\n<p>Quant \u00e0 vous, maris, que chacun de vous aime sa femme comme Christ a aim\u00e9 l\u2019Eglise\u202f: il a donn\u00e9 sa vie pour elle.<\/p>\n\n\n\n<h2 class=\"wp-block-heading\">1 Timoth\u00e9e 1:14<\/h2>\n\n\n\n<p>Dans la surabondance de sa gr\u00e2ce, notre Seigneur a fait na\u00eetre en moi la foi et l\u2019amour que l\u2019on trouve dans l\u2019union avec J\u00e9sus-Christ.<\/p>\n\n\n\n<h2 class=\"wp-block-heading\">2 Timoth\u00e9e 1:13<\/h2>\n\n\n\n<p>Tu as entendu de moi des paroles saines\u202f: fais-en ton mod\u00e8le pour l\u2019appliquer dans la foi et l\u2019amour qui se trouvent dans l\u2019union avec J\u00e9sus-Christ.<\/p>\n\n\n\n<h2 class=\"wp-block-heading\">1 Jean 3:16<\/h2>\n\n\n\n<p>Voici comment nous savons ce que c\u2019est que d\u2019aimer\u202f: J\u00e9sus-Christ a donn\u00e9 sa vie pour nous. Nous devons, nous aussi, donner notre vie pour nos fr\u00e8res.<\/p>\n\n\n\n<h2 class=\"wp-block-heading\">Apocalypse 1:5<\/h2>\n\n\n\n<p>Et de la part de J\u00e9sus-Christ, le t\u00e9moin digne de foi, le premier-n\u00e9 d\u2019entre les morts et le souverain des rois de la terre. Il nous aime, il nous a d\u00e9livr\u00e9s de nos p\u00e9ch\u00e9s par son sacrifice.<\/p>\n\n\n\n<h2 class=\"wp-block-heading\">Lire Aussi:<\/h2>\n\n\n\n<ul class=\"wp-block-list\"><li><a href=\"https:\/\/thebibleverses.org\/fr\/\">Versets Bibliques par Sujets<\/a><\/li><li><a href=\"https:\/\/thebibleverses.org\/fr\/amour\/\">Versets Bibliques sur l&rsquo;Amour<\/a><\/li><li><a href=\"https:\/\/thebibleverses.org\/fr\/force\/\">Versets Bibliques sur la Force<\/a><\/li><li><a href=\"https:\/\/thebibleverses.org\/fr\/foi\/\">Versets Bibliques sur la Foi<\/a><\/li><li><a href=\"https:\/\/thebibleverses.org\/fr\/jeunes\/\">Versets Bibliques pour les Jeunes<\/a><\/li><li><a href=\"https:\/\/thebibleverses.org\/fr\/amitie\/\">Versets Bibliques sur l&rsquo;Amiti\u00e9<\/a><\/li><li><a href=\"https:\/\/thebibleverses.org\/fr\/guerison\/\">Versets Bibliques sur la Gu\u00e9rison<\/a><\/li><\/ul>\n","protected":false},"excerpt":{"rendered":"<p>Jean 11:5 Or J\u00e9sus \u00e9tait tr\u00e8s attach\u00e9 \u00e0 Marthe, \u00e0 sa s\u0153ur et \u00e0 Lazare. Jean 13:1 C\u2019\u00e9tait juste avant la f\u00eate de la P\u00e2que. J\u00e9sus savait que l\u2019heure \u00e9tait venue pour lui de quitter ce monde pour s\u2019en aller aupr\u00e8s du P\u00e8re. C\u2019est pourquoi il donna aux siens, qu\u2019il aimait et qui \u00e9taient dans [&hellip;]<\/p>\n","protected":false},"author":1,"featured_media":53,"parent":0,"menu_order":0,"comment_status":"open","ping_status":"closed","template":"","meta":{"footnotes":""},"class_list":["post-52","page","type-page","status-publish","has-post-thumbnail","hentry","entry","fw-tab-6 fw-tabr-4"],"_links":{"self":[{"href":"https:\/\/thebibleverses.org\/fr\/wp-json\/wp\/v2\/pages\/52","targetHints":{"allow":["GET"]}}],"collection":[{"href":"https:\/\/thebibleverses.org\/fr\/wp-json\/wp\/v2\/pages"}],"about":[{"href":"https:\/\/thebibleverses.org\/fr\/wp-json\/wp\/v2\/types\/page"}],"author":[{"embeddable":true,"href":"https:\/\/thebibleverses.org\/fr\/wp-json\/wp\/v2\/users\/1"}],"replies":[{"embeddable":true,"href":"https:\/\/thebibleverses.org\/fr\/wp-json\/wp\/v2\/comments?post=52"}],"version-history":[{"count":0,"href":"https:\/\/thebibleverses.org\/fr\/wp-json\/wp\/v2\/pages\/52\/revisions"}],"wp:featuredmedia":[{"embeddable":true,"href":"https:\/\/thebibleverses.org\/fr\/wp-json\/wp\/v2\/media\/53"}],"wp:attachment":[{"href":"https:\/\/thebibleverses.org\/fr\/wp-json\/wp\/v2\/media?parent=52"}],"curies":[{"name":"wp","href":"https:\/\/api.w.org\/{rel}","templated":true}]}}