{"id":519,"date":"2022-11-16T01:38:16","date_gmt":"2022-11-16T00:38:16","guid":{"rendered":"https:\/\/thebibleverses.org\/fr\/?page_id=519"},"modified":"2022-11-16T01:38:17","modified_gmt":"2022-11-16T00:38:17","slug":"nourriture-spirituelle","status":"publish","type":"page","link":"https:\/\/thebibleverses.org\/fr\/nourriture-spirituelle\/","title":{"rendered":"18 Versets Biblique sur Nourriture Spirituelle"},"content":{"rendered":"<div class=\"wp-block-image\">\n<figure class=\"aligncenter size-large\"><img decoding=\"async\" width=\"1024\" height=\"631\" data-src=\"https:\/\/thebibleverses.org\/fr\/wp-content\/uploads\/2022\/11\/Versets-Biblique-sur-Nourriture-Spirituelle-1024x631.webp\" alt=\"Versets Biblique sur Nourriture Spirituelle\" class=\"wp-image-520 lazyload\" data-srcset=\"https:\/\/thebibleverses.org\/fr\/wp-content\/uploads\/2022\/11\/Versets-Biblique-sur-Nourriture-Spirituelle-1024x631.webp 1024w, https:\/\/thebibleverses.org\/fr\/wp-content\/uploads\/2022\/11\/Versets-Biblique-sur-Nourriture-Spirituelle-300x185.webp 300w, https:\/\/thebibleverses.org\/fr\/wp-content\/uploads\/2022\/11\/Versets-Biblique-sur-Nourriture-Spirituelle-768x474.webp 768w, https:\/\/thebibleverses.org\/fr\/wp-content\/uploads\/2022\/11\/Versets-Biblique-sur-Nourriture-Spirituelle-320x197.webp 320w, https:\/\/thebibleverses.org\/fr\/wp-content\/uploads\/2022\/11\/Versets-Biblique-sur-Nourriture-Spirituelle-450x278.webp 450w, https:\/\/thebibleverses.org\/fr\/wp-content\/uploads\/2022\/11\/Versets-Biblique-sur-Nourriture-Spirituelle-720x444.webp 720w, https:\/\/thebibleverses.org\/fr\/wp-content\/uploads\/2022\/11\/Versets-Biblique-sur-Nourriture-Spirituelle.webp 1200w\" data-sizes=\"(max-width: 1024px) 100vw, 1024px\" src=\"data:image\/svg+xml;base64,PHN2ZyB3aWR0aD0iMSIgaGVpZ2h0PSIxIiB4bWxucz0iaHR0cDovL3d3dy53My5vcmcvMjAwMC9zdmciPjwvc3ZnPg==\" style=\"--smush-placeholder-width: 1024px; --smush-placeholder-aspect-ratio: 1024\/631;\" \/><figcaption class=\"wp-element-caption\">Versets Biblique sur Nourriture Spirituelle &#8211; La Bible du Semeur (BDS)<\/figcaption><\/figure><\/div>\n\n\n<h2 class=\"wp-block-heading\">Psaumes 19:10-11<\/h2>\n\n\n\n<p>La crainte de l\u2019Eternel est pure, |elle subsiste \u00e0 jamais\u202f; les r\u00e8gles de droit |\u00e9dict\u00e9es par l\u2019Eternel |sont justes toutes ensemble. Elles sont plus d\u00e9sirables que de l\u2019or, |que beaucoup d\u2019or pur, et plus savoureuses que le miel |le plus doux coulant des ruches.<\/p>\n\n\n\n<h2 class=\"wp-block-heading\">Psaumes 119:103<\/h2>\n\n\n\n<p>Que ta parole est douce |\u00e0 mon palais\u202f! Elle est meilleure que le miel.<\/p>\n\n\n\n<h2 class=\"wp-block-heading\">\u00c9sa\u00efe 25:6<\/h2>\n\n\n\n<p>Le Seigneur des arm\u00e9es c\u00e9lestes |pr\u00e9parera lui-m\u00eame pour tous les peuples |l\u00e0, sur cette montagne, un festin de vins vieux, et de mets succulents, des mets tout pleins de moelle, arros\u00e9s de vins vieux |et d\u00fbment clarifi\u00e9s.<\/p>\n\n\n\n<h2 class=\"wp-block-heading\">\u00c9sa\u00efe 55:1<\/h2>\n\n\n\n<p>Vous tous qui avez soif, venez chercher de l\u2019eau\u202f! Et m\u00eame vous |qui n\u2019avez pas d\u2019argent, venez, achetez et mangez\u202f! Venez acheter sans argent, |oui, sans paiement, du vin, du lait\u202f!<\/p>\n\n\n\n<h2 class=\"wp-block-heading\">\u00c9sa\u00efe 55:2<\/h2>\n\n\n\n<p>Pourquoi d\u00e9pensez-vous |votre argent pour payer ce qui ne nourrit pas\u202f? Pourquoi travaillez-vous pour une nourriture |qui ne rassasie pas\u202f? Ecoutez, oui, \u00e9coutez-moi, alors vous mangerez |ce qui est bon, vous vous d\u00e9lecterez |d\u2019aliments savoureux.<\/p>\n\n\n\n<h2 class=\"wp-block-heading\">J\u00e9r\u00e9mie 3:15<\/h2>\n\n\n\n<p>L\u00e0, je vous donnerai des bergers \u00e0 ma convenance, ils vous dirigeront avec comp\u00e9tence et discernement.<\/p>\n\n\n\n<h2 class=\"wp-block-heading\">J\u00e9r\u00e9mie 15:16<\/h2>\n\n\n\n<p>D\u00e8s que j\u2019ai trouv\u00e9 tes paroles, je les ai d\u00e9vor\u00e9es. Elles ont fait ma joie et mon bonheur, car je porte ton nom, \u00f4 Eternel, |Dieu des arm\u00e9es c\u00e9lestes\u202f!<\/p>\n\n\n\n<h2 class=\"wp-block-heading\">\u00c9z\u00e9chiel 34:14<\/h2>\n\n\n\n<p>Je les ferai pa\u00eetre dans de bons p\u00e2turages, et elles auront leur lieu de s\u00e9jour sur les hautes montagnes d\u2019Isra\u00ebl\u202f; elles reposeront dans une belle prairie et elles se nourriront dans de gras p\u00e2turages sur les montagnes d\u2019Isra\u00ebl.<\/p>\n\n\n\n<h2 class=\"wp-block-heading\">Jean 6:51<\/h2>\n\n\n\n<p>Moi, je suis le pain vivant descendu du ciel\u202f: si quelqu\u2019un mange de ce pain-l\u00e0, il vivra \u00e9ternellement. Le pain que je donnerai pour que le monde vive, c\u2019est mon propre corps.<\/p>\n\n\n\n<h2 class=\"wp-block-heading\">Jean 10:9<\/h2>\n\n\n\n<p>C\u2019est moi qui suis la porte[a]. Celui qui entre par moi sera sauv\u00e9\u202f: il pourra aller et venir librement, il trouvera de quoi se nourrir.<\/p>\n\n\n\n<h2 class=\"wp-block-heading\">1 Corinthiens 10:3-4<\/h2>\n\n\n\n<p>Ils ont tous mang\u00e9 une m\u00eame nourriture spirituelle. Ils ont tous bu la m\u00eame boisson spirituelle, car ils buvaient de l\u2019eau jaillie d\u2019un rocher spirituel qui les accompagnait\u202f; et ce rocher n\u2019\u00e9tait autre que Christ lui-m\u00eame.<\/p>\n\n\n\n<h2 class=\"wp-block-heading\">H\u00e9breux 5:12-13<\/h2>\n\n\n\n<p>En effet, apr\u00e8s tout ce temps, vous devriez \u00eatre des ma\u00eetres dans les choses de Dieu\u202f; or vous avez de nouveau besoin qu\u2019on vous enseigne les rudiments des paroles de Dieu. Vous en \u00eates venus au point d\u2019avoir besoin, non de nourriture solide, mais de lait. Celui qui continue \u00e0 se nourrir de lait n\u2019a aucune exp\u00e9rience de la parole qui enseigne ce qu\u2019est la vie juste\u202f: car c\u2019est encore un b\u00e9b\u00e9.<\/p>\n\n\n\n<h2 class=\"wp-block-heading\">1 Pierre 2:2<\/h2>\n\n\n\n<p>Comme des enfants nouveau-n\u00e9s, d\u00e9sirez ardemment le lait pur de la Parole, afin qu\u2019il vous fasse grandir en vue du salut.<\/p>\n\n\n\n<h2 class=\"wp-block-heading\">Job 23:12<\/h2>\n\n\n\n<p>Je ne me suis pas \u00e9cart\u00e9, |de ses commandements. J\u2019ai fait plier ma volont\u00e9 |pour ob\u00e9ir \u00e0 ses paroles.<\/p>\n\n\n\n<h2 class=\"wp-block-heading\">Exode 16:4<\/h2>\n\n\n\n<p>Alors l\u2019Eternel dit \u00e0 Mo\u00efse\u202f: Regarde, je vais faire pleuvoir du ciel sur vous du pain\u202f; le peuple sortira et en ramassera chaque jour la ration n\u00e9cessaire. Je le mettrai \u00e0 l\u2019\u00e9preuve de la sorte et je verrai s\u2019il se conforme ou non \u00e0 mes instructions.<\/p>\n\n\n\n<h2 class=\"wp-block-heading\">Psaumes 78:24<\/h2>\n\n\n\n<p>Pour les nourrir, il fit pleuvoir sur eux la manne et il leur donna le froment du ciel.<\/p>\n\n\n\n<h2 class=\"wp-block-heading\">Apocalypse 2:7<\/h2>\n\n\n\n<p>Que celui qui a des oreilles \u00e9coute ce que l\u2019Esprit dit aux Eglises. Au vainqueur, je donnerai \u00e0 manger du fruit de l\u2019arbre de vie qui est dans le paradis de Dieu.<\/p>\n\n\n\n<h2 class=\"wp-block-heading\">Apocalypse 2:17<\/h2>\n\n\n\n<p>Que celui qui a des oreilles \u00e9coute ce que l\u2019Esprit dit aux Eglises. Au vainqueur, je donnerai la manne cach\u00e9e et une pierre blanche\u202f; sur cette pierre est grav\u00e9 un nom nouveau, que personne ne conna\u00eet sauf celui qui le re\u00e7oit.<\/p>\n\n\n\n<h2 class=\"wp-block-heading\">Lire Aussi:<\/h2>\n\n\n\n<ul class=\"wp-block-list\">\n<li><a href=\"https:\/\/thebibleverses.org\/fr\/\">Versets Bibliques par Sujets<\/a><\/li>\n\n\n\n<li><a href=\"https:\/\/thebibleverses.org\/fr\/amour\/\">Versets Bibliques sur l\u2019Amour<\/a><\/li>\n\n\n\n<li><a href=\"https:\/\/thebibleverses.org\/fr\/force\/\">Versets Bibliques sur la Force<\/a><\/li>\n\n\n\n<li><a href=\"https:\/\/thebibleverses.org\/fr\/foi\/\">Versets Bibliques sur la Foi<\/a><\/li>\n\n\n\n<li><a href=\"https:\/\/thebibleverses.org\/fr\/jeunes\/\">Versets Bibliques pour les Jeunes<\/a><\/li>\n\n\n\n<li><a href=\"https:\/\/thebibleverses.org\/fr\/amitie\/\">Versets Bibliques sur l\u2019Amiti\u00e9<\/a><\/li>\n\n\n\n<li><a href=\"https:\/\/thebibleverses.org\/fr\/guerison\/\">Versets Bibliques sur la Gu\u00e9rison<\/a><\/li>\n<\/ul>\n","protected":false},"excerpt":{"rendered":"<p>Psaumes 19:10-11 La crainte de l\u2019Eternel est pure, |elle subsiste \u00e0 jamais\u202f; les r\u00e8gles de droit |\u00e9dict\u00e9es par l\u2019Eternel |sont justes toutes ensemble. Elles sont plus d\u00e9sirables que de l\u2019or, |que beaucoup d\u2019or pur, et plus savoureuses que le miel |le plus doux coulant des ruches. Psaumes 119:103 Que ta parole est douce |\u00e0 mon [&hellip;]<\/p>\n","protected":false},"author":1,"featured_media":520,"parent":0,"menu_order":0,"comment_status":"open","ping_status":"closed","template":"","meta":{"footnotes":""},"class_list":["post-519","page","type-page","status-publish","has-post-thumbnail","hentry","entry","fw-tab-6 fw-tabr-4"],"_links":{"self":[{"href":"https:\/\/thebibleverses.org\/fr\/wp-json\/wp\/v2\/pages\/519","targetHints":{"allow":["GET"]}}],"collection":[{"href":"https:\/\/thebibleverses.org\/fr\/wp-json\/wp\/v2\/pages"}],"about":[{"href":"https:\/\/thebibleverses.org\/fr\/wp-json\/wp\/v2\/types\/page"}],"author":[{"embeddable":true,"href":"https:\/\/thebibleverses.org\/fr\/wp-json\/wp\/v2\/users\/1"}],"replies":[{"embeddable":true,"href":"https:\/\/thebibleverses.org\/fr\/wp-json\/wp\/v2\/comments?post=519"}],"version-history":[{"count":0,"href":"https:\/\/thebibleverses.org\/fr\/wp-json\/wp\/v2\/pages\/519\/revisions"}],"wp:featuredmedia":[{"embeddable":true,"href":"https:\/\/thebibleverses.org\/fr\/wp-json\/wp\/v2\/media\/520"}],"wp:attachment":[{"href":"https:\/\/thebibleverses.org\/fr\/wp-json\/wp\/v2\/media?parent=519"}],"curies":[{"name":"wp","href":"https:\/\/api.w.org\/{rel}","templated":true}]}}