{"id":516,"date":"2022-11-16T00:23:04","date_gmt":"2022-11-15T23:23:04","guid":{"rendered":"https:\/\/thebibleverses.org\/fr\/?page_id=516"},"modified":"2022-11-16T00:23:05","modified_gmt":"2022-11-15T23:23:05","slug":"fruits","status":"publish","type":"page","link":"https:\/\/thebibleverses.org\/fr\/fruits\/","title":{"rendered":"25 Versets Biblique sur Porter des Fruits"},"content":{"rendered":"<div class=\"wp-block-image\">\n<figure class=\"aligncenter size-large\"><img decoding=\"async\" width=\"1024\" height=\"631\" data-src=\"https:\/\/thebibleverses.org\/fr\/wp-content\/uploads\/2022\/11\/Versets-Biblique-sur-Porter-des-Fruits-1024x631.webp\" alt=\"Versets Biblique sur Porter des Fruits\" class=\"wp-image-517 lazyload\" data-srcset=\"https:\/\/thebibleverses.org\/fr\/wp-content\/uploads\/2022\/11\/Versets-Biblique-sur-Porter-des-Fruits-1024x631.webp 1024w, https:\/\/thebibleverses.org\/fr\/wp-content\/uploads\/2022\/11\/Versets-Biblique-sur-Porter-des-Fruits-300x185.webp 300w, https:\/\/thebibleverses.org\/fr\/wp-content\/uploads\/2022\/11\/Versets-Biblique-sur-Porter-des-Fruits-768x474.webp 768w, https:\/\/thebibleverses.org\/fr\/wp-content\/uploads\/2022\/11\/Versets-Biblique-sur-Porter-des-Fruits-320x197.webp 320w, https:\/\/thebibleverses.org\/fr\/wp-content\/uploads\/2022\/11\/Versets-Biblique-sur-Porter-des-Fruits-450x278.webp 450w, https:\/\/thebibleverses.org\/fr\/wp-content\/uploads\/2022\/11\/Versets-Biblique-sur-Porter-des-Fruits-720x444.webp 720w, https:\/\/thebibleverses.org\/fr\/wp-content\/uploads\/2022\/11\/Versets-Biblique-sur-Porter-des-Fruits.webp 1200w\" data-sizes=\"(max-width: 1024px) 100vw, 1024px\" src=\"data:image\/svg+xml;base64,PHN2ZyB3aWR0aD0iMSIgaGVpZ2h0PSIxIiB4bWxucz0iaHR0cDovL3d3dy53My5vcmcvMjAwMC9zdmciPjwvc3ZnPg==\" style=\"--smush-placeholder-width: 1024px; --smush-placeholder-aspect-ratio: 1024\/631;\" \/><figcaption class=\"wp-element-caption\">Versets Biblique sur Porter des Fruits &#8211; La Bible du Semeur (BDS)<\/figcaption><\/figure><\/div>\n\n\n<h2 class=\"wp-block-heading\">Matthieu 3:8<\/h2>\n\n\n\n<p>Produisez plut\u00f4t pour fruits des actes qui montrent que vous avez chang\u00e9.<\/p>\n\n\n\n<h2 class=\"wp-block-heading\">Matthieu 7:16-18<\/h2>\n\n\n\n<p>Vous les reconna\u00eetrez \u00e0 leurs fruits. Est-ce que l\u2019on cueille des raisins sur des buissons d\u2019\u00e9pines ou des figues sur des ronces\u202f? Ainsi, un bon arbre porte de bons fruits, un mauvais arbre produit de mauvais fruits. Un bon arbre ne peut pas porter de mauvais fruits, ni un mauvais arbre de bons fruits.<\/p>\n\n\n\n<h2 class=\"wp-block-heading\">Matthieu 12:33<\/h2>\n\n\n\n<p>Consid\u00e9rez ou bien que l\u2019arbre est bon et que son fruit est bon, ou bien que l\u2019arbre est mauvais et que son fruit est mauvais, car c\u2019est \u00e0 son fruit que l\u2019on reconna\u00eet l\u2019arbre.<\/p>\n\n\n\n<h2 class=\"wp-block-heading\">Matthieu 13:8<\/h2>\n\n\n\n<p>D\u2019autres grains enfin tomb\u00e8rent sur la bonne terre et donn\u00e8rent du fruit avec un rendement de cent, soixante, ou trente pour un.<\/p>\n\n\n\n<h2 class=\"wp-block-heading\">Jean 12:24<\/h2>\n\n\n\n<p>Vraiment, je vous l\u2019assure\u202f: si le grain de bl\u00e9 que l\u2019on a jet\u00e9 en terre ne meurt pas, il reste un grain unique. Mais s\u2019il meurt, il porte du fruit en abondance.<\/p>\n\n\n\n<h2 class=\"wp-block-heading\">Matthieu 13:23<\/h2>\n\n\n\n<p>Un autre enfin a re\u00e7u la semence \u00ab sur la bonne terre \u00bb. C\u2019est celui qui \u00e9coute la Parole et la comprend. Alors il porte du fruit\u202f: chez l\u2019un, un grain en rapporte cent, chez un autre soixante, chez un autre trente.<\/p>\n\n\n\n<h2 class=\"wp-block-heading\">Jean 15:2<\/h2>\n\n\n\n<p>Tous les sarments, en moi, qui ne portent pas de fruit, il les coupe, et tous ceux qui en portent, il les purifie afin qu\u2019ils produisent un fruit encore plus abondant.<\/p>\n\n\n\n<h2 class=\"wp-block-heading\">Jean 15:5<\/h2>\n\n\n\n<p>Je suis le cep de la vigne, vous en \u00eates les sarments. Celui qui demeure en moi et en qui je demeure, portera du fruit en abondance, car sans moi, vous ne pouvez rien faire.<\/p>\n\n\n\n<h2 class=\"wp-block-heading\">Jean 15:8<\/h2>\n\n\n\n<p>Si vous produisez du fruit en abondance et que vous prouvez ainsi que vous \u00eates vraiment mes disciples, mon P\u00e8re sera glorifi\u00e9 aux yeux de tous.<\/p>\n\n\n\n<h2 class=\"wp-block-heading\">Jean 15:16<\/h2>\n\n\n\n<p>Ce n\u2019est pas vous qui m\u2019avez choisi. Non, c\u2019est moi qui vous ai choisis\u202f; je vous ai donn\u00e9 mission d\u2019aller, de porter du fruit, du fruit qui soit durable. Alors le P\u00e8re vous accordera tout ce que vous lui demanderez en mon nom.<\/p>\n\n\n\n<h2 class=\"wp-block-heading\">Romains 7:4<\/h2>\n\n\n\n<p>Il en est de m\u00eame pour vous, mes fr\u00e8res et s\u0153urs\u202f: par la mort de Christ, vous \u00eates, vous aussi, morts par rapport \u00e0 la Loi, pour appartenir \u00e0 un autre, \u00e0 celui qui est ressuscit\u00e9, pour que nous portions des fruits pour Dieu.<\/p>\n\n\n\n<h2 class=\"wp-block-heading\">Galates 5:22-23<\/h2>\n\n\n\n<p>Mais le fruit de l\u2019Esprit c\u2019est l\u2019amour, la joie, la paix, la patience, l\u2019amabilit\u00e9, la bont\u00e9, la fid\u00e9lit\u00e9, la douceur, la ma\u00eetrise de soi. La Loi ne condamne certes pas de telles choses.<\/p>\n\n\n\n<h2 class=\"wp-block-heading\">\u00c9ph\u00e9siens 5:8-9<\/h2>\n\n\n\n<p>Autrefois, certes, vous apparteniez aux t\u00e9n\u00e8bres, mais \u00e0 pr\u00e9sent, par votre union avec le Seigneur, vous appartenez \u00e0 la lumi\u00e8re. Comportez-vous donc comme des enfants de la lumi\u00e8re\u2006\u2013 car le fruit produit par la lumi\u00e8re c\u2019est tout ce qui est bon, juste et vrai.<\/p>\n\n\n\n<h2 class=\"wp-block-heading\">Philippiens 1:11<\/h2>\n\n\n\n<p>O\u00f9 vous para\u00eetrez devant lui charg\u00e9s d\u2019\u0153uvres justes, ce fruit que J\u00e9sus-Christ aura produit en vous, \u00e0 la gloire et \u00e0 la louange de Dieu.<\/p>\n\n\n\n<h2 class=\"wp-block-heading\">Colossiens 1:10<\/h2>\n\n\n\n<p>Ainsi vous pourrez avoir une conduite digne du Seigneur et qui lui plaise \u00e0 tous \u00e9gards. Car vous porterez comme fruit toutes sortes d\u2019\u0153uvres bonnes et vous ferez des progr\u00e8s dans la connaissance de Dieu.<\/p>\n\n\n\n<h2 class=\"wp-block-heading\">H\u00e9breux 12:11<\/h2>\n\n\n\n<p>Certes, sur le moment, une correction ne semble pas \u00eatre un sujet de joie mais plut\u00f4t une cause de tristesse. Mais par la suite, elle a pour fruit, chez ceux qui ont ainsi \u00e9t\u00e9 form\u00e9s, une vie juste, v\u00e9cue dans la paix.<\/p>\n\n\n\n<h2 class=\"wp-block-heading\">Jacques 3:17<\/h2>\n\n\n\n<p>Au contraire, la sagesse qui vient d\u2019en haut est en premier lieu pure\u202f; de plus, elle aime la paix, elle est mod\u00e9r\u00e9e et conciliante, pleine de compassion\u202f; elle produit beaucoup de bons fruits, elle est sans parti pris et sans hypocrisie.<\/p>\n\n\n\n<h2 class=\"wp-block-heading\">Jacques 3:18<\/h2>\n\n\n\n<p>Ceux qui travaillent \u00e0 la paix s\u00e8ment dans la paix une semence qui produira un fruit conforme \u00e0 ce qui est juste.<\/p>\n\n\n\n<h2 class=\"wp-block-heading\">Matthieu 7:20<\/h2>\n\n\n\n<p>Ainsi donc, c\u2019est \u00e0 leurs fruits que vous les reconna\u00eetrez.<\/p>\n\n\n\n<h2 class=\"wp-block-heading\">Psaumes 1:1-3<\/h2>\n\n\n\n<p>Heureux l\u2019homme |qui ne marche pas |selon les conseils |des m\u00e9chants, qui ne va pas se tenir |sur le chemin des p\u00e9cheurs, qui ne s\u2019assied pas |en la compagnie |de ces gens qui se moquent de Dieu. Toute sa joie il la met |dans la Loi de l\u2019Eternel qu\u2019il m\u00e9dite jour et nuit. Il prosp\u00e8re comme un arbre |implant\u00e9 pr\u00e8s d\u2019un cours d\u2019eau\u202f; il donne toujours son fruit |lorsqu\u2019en revient la saison. Son feuillage est toujours vert\u202f; tout ce qu\u2019il fait r\u00e9ussit.<\/p>\n\n\n\n<h2 class=\"wp-block-heading\">Psaumes 92:13-15<\/h2>\n\n\n\n<p>Car les justes poussent |comme le palmier, ils grandissent |comme un c\u00e8dre du Liban. Bien plant\u00e9s |dans la demeure de l\u2019Eternel, ils fleurissent |sur les parvis du temple, |de notre Dieu. Ils seront f\u00e9conds |jusqu\u2019en leur vieillesse et ils resteront |pleins de s\u00e8ve et de vigueur.<\/p>\n\n\n\n<h2 class=\"wp-block-heading\">Proverbes 11:30<\/h2>\n\n\n\n<p>Le fruit que porte le juste est un arbre de vie, et celui qui est sage gagne les c\u0153urs.<\/p>\n\n\n\n<h2 class=\"wp-block-heading\">Proverbes 12:14<\/h2>\n\n\n\n<p>Par ses paroles, on peut recueillir du bien en abondance, et l\u2019on re\u00e7oit le salaire de ses \u0153uvres.<\/p>\n\n\n\n<h2 class=\"wp-block-heading\">J\u00e9r\u00e9mie 17:7-8<\/h2>\n\n\n\n<p>B\u00e9ni soit l\u2019homme |qui met sa confiance |en l\u2019Eternel et qui fonde sur l\u2019Eternel |toute son assurance. Il sera comme un arbre |plant\u00e9 pr\u00e8s d\u2019un cours d\u2019eau qui \u00e9tend ses racines |vers le ruisseau, il ne redoute rien |lorsque vient la chaleur\u202f: ses feuilles restent vertes\u202f; il ne s\u2019inqui\u00e8te pas pendant l\u2019ann\u00e9e de s\u00e9cheresse, et il ne cesse pas |de produire du fruit.<\/p>\n\n\n\n<h2 class=\"wp-block-heading\">\u00c9sa\u00efe 27:6<\/h2>\n\n\n\n<p>Dans les jours \u00e0 venir, |Jacob prendra racine, Isra\u00ebl fleurira |et fera des bourgeons, il couvrira de fruits |la surface du monde.<\/p>\n\n\n\n<h2 class=\"wp-block-heading\">Lire Aussi:<\/h2>\n\n\n\n<ul class=\"wp-block-list\">\n<li><a href=\"https:\/\/thebibleverses.org\/fr\/\">Versets Bibliques par Sujets<\/a><\/li>\n\n\n\n<li><a href=\"https:\/\/thebibleverses.org\/fr\/amour\/\">Versets Bibliques sur l\u2019Amour<\/a><\/li>\n\n\n\n<li><a href=\"https:\/\/thebibleverses.org\/fr\/force\/\">Versets Bibliques sur la Force<\/a><\/li>\n\n\n\n<li><a href=\"https:\/\/thebibleverses.org\/fr\/foi\/\">Versets Bibliques sur la Foi<\/a><\/li>\n\n\n\n<li><a href=\"https:\/\/thebibleverses.org\/fr\/jeunes\/\">Versets Bibliques pour les Jeunes<\/a><\/li>\n\n\n\n<li><a href=\"https:\/\/thebibleverses.org\/fr\/amitie\/\">Versets Bibliques sur l\u2019Amiti\u00e9<\/a><\/li>\n\n\n\n<li><a href=\"https:\/\/thebibleverses.org\/fr\/guerison\/\">Versets Bibliques sur la Gu\u00e9rison<\/a><\/li>\n<\/ul>\n","protected":false},"excerpt":{"rendered":"<p>Matthieu 3:8 Produisez plut\u00f4t pour fruits des actes qui montrent que vous avez chang\u00e9. Matthieu 7:16-18 Vous les reconna\u00eetrez \u00e0 leurs fruits. Est-ce que l\u2019on cueille des raisins sur des buissons d\u2019\u00e9pines ou des figues sur des ronces\u202f? Ainsi, un bon arbre porte de bons fruits, un mauvais arbre produit de mauvais fruits. Un bon [&hellip;]<\/p>\n","protected":false},"author":1,"featured_media":517,"parent":0,"menu_order":0,"comment_status":"open","ping_status":"closed","template":"","meta":{"footnotes":""},"class_list":["post-516","page","type-page","status-publish","has-post-thumbnail","hentry","entry","fw-tab-6 fw-tabr-4"],"_links":{"self":[{"href":"https:\/\/thebibleverses.org\/fr\/wp-json\/wp\/v2\/pages\/516","targetHints":{"allow":["GET"]}}],"collection":[{"href":"https:\/\/thebibleverses.org\/fr\/wp-json\/wp\/v2\/pages"}],"about":[{"href":"https:\/\/thebibleverses.org\/fr\/wp-json\/wp\/v2\/types\/page"}],"author":[{"embeddable":true,"href":"https:\/\/thebibleverses.org\/fr\/wp-json\/wp\/v2\/users\/1"}],"replies":[{"embeddable":true,"href":"https:\/\/thebibleverses.org\/fr\/wp-json\/wp\/v2\/comments?post=516"}],"version-history":[{"count":0,"href":"https:\/\/thebibleverses.org\/fr\/wp-json\/wp\/v2\/pages\/516\/revisions"}],"wp:featuredmedia":[{"embeddable":true,"href":"https:\/\/thebibleverses.org\/fr\/wp-json\/wp\/v2\/media\/517"}],"wp:attachment":[{"href":"https:\/\/thebibleverses.org\/fr\/wp-json\/wp\/v2\/media?parent=516"}],"curies":[{"name":"wp","href":"https:\/\/api.w.org\/{rel}","templated":true}]}}