{"id":498,"date":"2022-11-16T00:11:17","date_gmt":"2022-11-15T23:11:17","guid":{"rendered":"https:\/\/thebibleverses.org\/fr\/?page_id=498"},"modified":"2022-11-16T00:11:19","modified_gmt":"2022-11-15T23:11:19","slug":"fidelite-de-dieu","status":"publish","type":"page","link":"https:\/\/thebibleverses.org\/fr\/fidelite-de-dieu\/","title":{"rendered":"30 Versets Bibliques sur La Fid\u00e9lit\u00e9 de Dieu"},"content":{"rendered":"<div class=\"wp-block-image\">\n<figure class=\"aligncenter size-large\"><img decoding=\"async\" width=\"1024\" height=\"631\" data-src=\"https:\/\/thebibleverses.org\/fr\/wp-content\/uploads\/2022\/11\/Versets-Bibliques-sur-La-Fidelite-de-Dieu-1024x631.webp\" alt=\"Versets Bibliques sur La Fid\u00e9lit\u00e9 de Dieu\" class=\"wp-image-512 lazyload\" data-srcset=\"https:\/\/thebibleverses.org\/fr\/wp-content\/uploads\/2022\/11\/Versets-Bibliques-sur-La-Fidelite-de-Dieu-1024x631.webp 1024w, https:\/\/thebibleverses.org\/fr\/wp-content\/uploads\/2022\/11\/Versets-Bibliques-sur-La-Fidelite-de-Dieu-300x185.webp 300w, https:\/\/thebibleverses.org\/fr\/wp-content\/uploads\/2022\/11\/Versets-Bibliques-sur-La-Fidelite-de-Dieu-768x474.webp 768w, https:\/\/thebibleverses.org\/fr\/wp-content\/uploads\/2022\/11\/Versets-Bibliques-sur-La-Fidelite-de-Dieu-320x197.webp 320w, https:\/\/thebibleverses.org\/fr\/wp-content\/uploads\/2022\/11\/Versets-Bibliques-sur-La-Fidelite-de-Dieu-450x278.webp 450w, https:\/\/thebibleverses.org\/fr\/wp-content\/uploads\/2022\/11\/Versets-Bibliques-sur-La-Fidelite-de-Dieu-720x444.webp 720w, https:\/\/thebibleverses.org\/fr\/wp-content\/uploads\/2022\/11\/Versets-Bibliques-sur-La-Fidelite-de-Dieu.webp 1200w\" data-sizes=\"(max-width: 1024px) 100vw, 1024px\" src=\"data:image\/svg+xml;base64,PHN2ZyB3aWR0aD0iMSIgaGVpZ2h0PSIxIiB4bWxucz0iaHR0cDovL3d3dy53My5vcmcvMjAwMC9zdmciPjwvc3ZnPg==\" style=\"--smush-placeholder-width: 1024px; --smush-placeholder-aspect-ratio: 1024\/631;\" \/><figcaption class=\"wp-element-caption\">Versets Bibliques sur La Fid\u00e9lit\u00e9 de Dieu &#8211; La Bible du Semeur (BDS)<\/figcaption><\/figure><\/div>\n\n\n<h2 class=\"wp-block-heading\">Deut\u00e9ronome 7:9<\/h2>\n\n\n\n<p>Reconnais donc que l\u2019Eternel ton Dieu est le seul vrai Dieu, un Dieu fid\u00e8le \u00e0 son alliance en t\u00e9moignant de l\u2019amour pour mille g\u00e9n\u00e9rations envers ceux qui l\u2019aiment et qui ob\u00e9issent \u00e0 ses commandements.<\/p>\n\n\n\n<h2 class=\"wp-block-heading\">Deut\u00e9ronome 9:5<\/h2>\n\n\n\n<p>Ce n\u2019est vraiment pas parce que tu es juste, ou que tu as la droiture dans le c\u0153ur, que tu vas entrer en possession de leur pays\u202f; en v\u00e9rit\u00e9, c\u2019est parce que ces peuples sont pervertis que l\u2019Eternel ton Dieu va les d\u00e9poss\u00e9der en ta faveur. C\u2019est aussi pour tenir la promesse que l\u2019Eternel a faite avec serment \u00e0 tes anc\u00eatres Abraham, Isaac et Jacob.<\/p>\n\n\n\n<h2 class=\"wp-block-heading\">Deut\u00e9ronome 32:4<\/h2>\n\n\n\n<p>Il est comme un rocher, |ses \u0153uvres sont parfaites, tout ce qu\u2019il fait est juste. Il est un Dieu fid\u00e8le |qui ne commet pas d\u2019injustice, c\u2019est un Dieu juste et droit.<\/p>\n\n\n\n<h2 class=\"wp-block-heading\">1 Rois 8:56<\/h2>\n\n\n\n<p>B\u00e9ni soit l\u2019Eternel qui a accord\u00e9 la paix \u00e0 son peuple Isra\u00ebl, conform\u00e9ment \u00e0 ses promesses. En effet, aucune promesse de bienfait qu\u2019il nous a faite par l\u2019interm\u00e9diaire de son serviteur Mo\u00efse n\u2019a manqu\u00e9 de se r\u00e9aliser.<\/p>\n\n\n\n<h2 class=\"wp-block-heading\">2 Samuel 22:26<\/h2>\n\n\n\n<p>Avec ceux qui sont bienveillants, |toi, tu te montres bienveillant. Avec qui est irr\u00e9prochable, |tu es irr\u00e9prochable.<\/p>\n\n\n\n<h2 class=\"wp-block-heading\">Psaumes 19:8<\/h2>\n\n\n\n<p>La Loi de l\u2019Eternel est parfaite, |elle nous redonne vie. L\u2019acte de l\u2019alliance de l\u2019Eternel |est digne de confiance, |et aux gens inexp\u00e9riment\u00e9s |elle donne la sagesse.<\/p>\n\n\n\n<h2 class=\"wp-block-heading\">Psaumes 33:4<\/h2>\n\n\n\n<p>Car la parole |de l\u2019Eternel est droite, toute son \u0153uvre est s\u00fbre.<\/p>\n\n\n\n<h2 class=\"wp-block-heading\">Psaumes 36:6<\/h2>\n\n\n\n<p>Jusqu\u2019au ciel va ton amour, |Eternel, et jusqu\u2019aux nuages |monte ta fid\u00e9lit\u00e9.<\/p>\n\n\n\n<h2 class=\"wp-block-heading\">Psaumes 89:2<\/h2>\n\n\n\n<p>Je veux chanter \u00e0 jamais |les bont\u00e9s de l\u2019Eternel et proclamer d\u2019\u00e2ge en \u00e2ge |sa fid\u00e9lit\u00e9.<\/p>\n\n\n\n<h2 class=\"wp-block-heading\">Psaumes 92:2-3<\/h2>\n\n\n\n<p>Il est bon de louer l\u2019Eternel, de te c\u00e9l\u00e9brer |par des chants, |\u00f4 Tr\u00e8s-Haut\u202f! Et de proclamer, |d\u00e8s le point du jour, |ton amour, tout au long des nuits, |ta fid\u00e9lit\u00e9.<\/p>\n\n\n\n<h2 class=\"wp-block-heading\">Psaumes 105:8<\/h2>\n\n\n\n<p>Il se souvient pour toujours |de son alliance, de ce qu\u2019il a donn\u00e9 sa parole |pour mille g\u00e9n\u00e9rations.<\/p>\n\n\n\n<h2 class=\"wp-block-heading\">Psaumes 117:2<\/h2>\n\n\n\n<p>Car son amour pour nous est immense. La fid\u00e9lit\u00e9 de l\u2019Eternel |subsiste \u00e0 jamais. Louez l\u2019Eternel\u202f!<\/p>\n\n\n\n<h2 class=\"wp-block-heading\">Psaumes 119:90<\/h2>\n\n\n\n<p>Et ta fid\u00e9lit\u00e9 |demeure d\u2019\u00e2ge en \u00e2ge\u202f: tu as fond\u00e9 la terre, |elle subsiste.<\/p>\n\n\n\n<h2 class=\"wp-block-heading\">\u00c9sa\u00efe 49:7<\/h2>\n\n\n\n<p>Voici ce que dit l\u2019Eternel qui d\u00e9livre Isra\u00ebl, |qui en est le Dieu saint, \u00e0 l\u2019homme m\u00e9pris\u00e9 et d\u00e9test\u00e9 du peuple, celui dont les despotes |ont fait leur serviteur\u202f: Les rois t\u2019apercevront, |et ils se l\u00e8veront, les princes te verront, |ils se prosterneront, afin d\u2019honorer l\u2019Eternel |qui est fid\u00e8le, oui, le Saint d\u2019Isra\u00ebl, |qui t\u2019a choisi.<\/p>\n\n\n\n<h2 class=\"wp-block-heading\">\u00c9sa\u00efe 55:3<\/h2>\n\n\n\n<p>Tendez l\u2019oreille, |venez \u00e0 moi, \u00e9coutez-moi |et vous vivrez. Car je conclurai avec vous |une alliance \u00e9ternelle, j\u2019accomplirai pour vous |avec fid\u00e9lit\u00e9 |les \u0153uvres bienveillantes |que j\u2019ai promises \u00e0 David.<\/p>\n\n\n\n<h2 class=\"wp-block-heading\">Lamentations 3:22-23<\/h2>\n\n\n\n<p>Non, les bont\u00e9s de l\u2019Eternel |ne sont pas \u00e0 leur terme et ses tendresses |ne sont pas \u00e9puis\u00e9es. Chaque matin, |elles se renouvellent. Oui, ta fid\u00e9lit\u00e9 est grande\u202f!<\/p>\n\n\n\n<h2 class=\"wp-block-heading\">1 Corinthiens 1:9<\/h2>\n\n\n\n<p>Car Dieu, qui vous a appel\u00e9s \u00e0 \u00eatre en communion avec son Fils, notre Seigneur J\u00e9sus-Christ, est fid\u00e8le.<\/p>\n\n\n\n<h2 class=\"wp-block-heading\">1 Thessaloniciens 5:24<\/h2>\n\n\n\n<p>Celui qui vous appelle est fid\u00e8le et c\u2019est lui qui accomplira tout cela.<\/p>\n\n\n\n<h2 class=\"wp-block-heading\">2 Thessaloniciens 3:3<\/h2>\n\n\n\n<p>Mais le Seigneur, lui, est fid\u00e8le\u202f: il vous rendra forts et vous gardera du diable.<\/p>\n\n\n\n<h2 class=\"wp-block-heading\">2 Timoth\u00e9e 2:13<\/h2>\n\n\n\n<p>Si nous sommes infid\u00e8les, lui, il demeure fid\u00e8le, parce qu\u2019il ne peut se renier lui-m\u00eame.<\/p>\n\n\n\n<h2 class=\"wp-block-heading\">H\u00e9breux 2:17<\/h2>\n\n\n\n<p>Voil\u00e0 pourquoi il devait \u00eatre rendu, \u00e0 tous \u00e9gards, semblable \u00e0 ses fr\u00e8res afin de devenir un grand-pr\u00eatre plein de compassion et fid\u00e8le dans le domaine des relations de l\u2019homme avec Dieu, en vue d\u2019expier les p\u00e9ch\u00e9s de son peuple.<\/p>\n\n\n\n<h2 class=\"wp-block-heading\">H\u00e9breux 3:6<\/h2>\n\n\n\n<p>Christ, lui, est fid\u00e8le en tant que Fils, \u00e0 la t\u00eate de sa maison. Et sa maison, c\u2019est nous, si du moins nous gardons la pleine assurance et la fiert\u00e9 que nous donne notre esp\u00e9rance.<\/p>\n\n\n\n<h2 class=\"wp-block-heading\">H\u00e9breux 6:18<\/h2>\n\n\n\n<p>Ainsi, il nous a mis en pr\u00e9sence de deux actes irr\u00e9vocables, dans lesquels il est impossible que Dieu mente. Ces actes constituent un puissant encouragement pour nous qui avons cherch\u00e9 refuge en saisissant fermement l\u2019esp\u00e9rance qui nous est propos\u00e9e.<\/p>\n\n\n\n<h2 class=\"wp-block-heading\">H\u00e9breux 10:23<\/h2>\n\n\n\n<p>Restons fermement attach\u00e9s \u00e0 l\u2019esp\u00e9rance que nous reconnaissons comme vraie, sans fl\u00e9chir, car celui qui nous a fait les promesses est fid\u00e8le.<\/p>\n\n\n\n<h2 class=\"wp-block-heading\">H\u00e9breux 11:11<\/h2>\n\n\n\n<p>Par la foi, Sara, elle aussi, qui \u00e9tait st\u00e9rile, a \u00e9t\u00e9 rendue capable de devenir m\u00e8re alors qu\u2019elle en avait depuis longtemps pass\u00e9 l\u2019\u00e2ge. En effet, elle \u00e9tait convaincue que celui qui avait fait la promesse est fid\u00e8le.<\/p>\n\n\n\n<h2 class=\"wp-block-heading\">1 Pierre 4:19<\/h2>\n\n\n\n<p>Ainsi donc, que ceux qui souffrent parce qu\u2019ils ob\u00e9issent \u00e0 la volont\u00e9 de Dieu s\u2019en remettent enti\u00e8rement au Cr\u00e9ateur, qui est fid\u00e8le, et qu\u2019ils continuent \u00e0 faire le bien.<\/p>\n\n\n\n<h2 class=\"wp-block-heading\">1 Jean 1:9<\/h2>\n\n\n\n<p>Si nous reconnaissons nos p\u00e9ch\u00e9s, Dieu est fid\u00e8le et juste et, par cons\u00e9quent, il nous pardonnera nos p\u00e9ch\u00e9s et nous purifiera de tout le mal que nous avons commis.<\/p>\n\n\n\n<h2 class=\"wp-block-heading\">Apocalypse 1:5<\/h2>\n\n\n\n<p>Et de la part de J\u00e9sus-Christ, le t\u00e9moin digne de foi, le premier-n\u00e9 d\u2019entre les morts[b] et le souverain des rois de la terre. Il nous aime, il nous a d\u00e9livr\u00e9s de nos p\u00e9ch\u00e9s par son sacrifice,<\/p>\n\n\n\n<h2 class=\"wp-block-heading\">Apocalypse 3:14<\/h2>\n\n\n\n<p>A l\u2019ange de l\u2019Eglise qui est \u00e0 Laodic\u00e9e, \u00e9cris\u202f: \u00ab Voici ce que dit celui qui s\u2019appelle Amen, le t\u00e9moin digne de foi et v\u00e9ridique, celui qui est au commencement de la cr\u00e9ation de Dieu.<\/p>\n\n\n\n<h2 class=\"wp-block-heading\">Apocalypse 19:11<\/h2>\n\n\n\n<p>L\u00e0-dessus, je vis le ciel ouvert et voici, il y avait un cheval blanc. Son cavalier s\u2019appelle \u00ab Fid\u00e8le et V\u00e9ritable \u00bb. Il juge avec \u00e9quit\u00e9, il combat pour la justice.<\/p>\n\n\n\n<h2 class=\"wp-block-heading\">Lire Aussi:<\/h2>\n\n\n\n<ul class=\"wp-block-list\">\n<li><a href=\"https:\/\/thebibleverses.org\/fr\/\">Versets Bibliques par Sujets<\/a><\/li>\n\n\n\n<li><a href=\"https:\/\/thebibleverses.org\/fr\/amour\/\">Versets Bibliques sur l\u2019Amour<\/a><\/li>\n\n\n\n<li><a href=\"https:\/\/thebibleverses.org\/fr\/force\/\">Versets Bibliques sur la Force<\/a><\/li>\n\n\n\n<li><a href=\"https:\/\/thebibleverses.org\/fr\/foi\/\">Versets Bibliques sur la Foi<\/a><\/li>\n\n\n\n<li><a href=\"https:\/\/thebibleverses.org\/fr\/jeunes\/\">Versets Bibliques pour les Jeunes<\/a><\/li>\n\n\n\n<li><a href=\"https:\/\/thebibleverses.org\/fr\/amitie\/\">Versets Bibliques sur l\u2019Amiti\u00e9<\/a><\/li>\n\n\n\n<li><a href=\"https:\/\/thebibleverses.org\/fr\/guerison\/\">Versets Bibliques sur la Gu\u00e9rison<\/a><\/li>\n<\/ul>\n","protected":false},"excerpt":{"rendered":"<p>Deut\u00e9ronome 7:9 Reconnais donc que l\u2019Eternel ton Dieu est le seul vrai Dieu, un Dieu fid\u00e8le \u00e0 son alliance en t\u00e9moignant de l\u2019amour pour mille g\u00e9n\u00e9rations envers ceux qui l\u2019aiment et qui ob\u00e9issent \u00e0 ses commandements. Deut\u00e9ronome 9:5 Ce n\u2019est vraiment pas parce que tu es juste, ou que tu as la droiture dans le [&hellip;]<\/p>\n","protected":false},"author":1,"featured_media":512,"parent":0,"menu_order":0,"comment_status":"open","ping_status":"closed","template":"","meta":{"footnotes":""},"class_list":["post-498","page","type-page","status-publish","has-post-thumbnail","hentry","entry","fw-tab-6 fw-tabr-4"],"_links":{"self":[{"href":"https:\/\/thebibleverses.org\/fr\/wp-json\/wp\/v2\/pages\/498","targetHints":{"allow":["GET"]}}],"collection":[{"href":"https:\/\/thebibleverses.org\/fr\/wp-json\/wp\/v2\/pages"}],"about":[{"href":"https:\/\/thebibleverses.org\/fr\/wp-json\/wp\/v2\/types\/page"}],"author":[{"embeddable":true,"href":"https:\/\/thebibleverses.org\/fr\/wp-json\/wp\/v2\/users\/1"}],"replies":[{"embeddable":true,"href":"https:\/\/thebibleverses.org\/fr\/wp-json\/wp\/v2\/comments?post=498"}],"version-history":[{"count":0,"href":"https:\/\/thebibleverses.org\/fr\/wp-json\/wp\/v2\/pages\/498\/revisions"}],"wp:featuredmedia":[{"embeddable":true,"href":"https:\/\/thebibleverses.org\/fr\/wp-json\/wp\/v2\/media\/512"}],"wp:attachment":[{"href":"https:\/\/thebibleverses.org\/fr\/wp-json\/wp\/v2\/media?parent=498"}],"curies":[{"name":"wp","href":"https:\/\/api.w.org\/{rel}","templated":true}]}}