{"id":49,"date":"2022-07-03T04:59:16","date_gmt":"2022-07-03T02:59:16","guid":{"rendered":"https:\/\/thebibleverses.org\/fr\/?page_id=49"},"modified":"2022-10-11T22:33:52","modified_gmt":"2022-10-11T20:33:52","slug":"amour-de-dieu","status":"publish","type":"page","link":"https:\/\/thebibleverses.org\/fr\/amour-de-dieu\/","title":{"rendered":"30 Versets Bibliques sur l&rsquo;Amour de Dieu"},"content":{"rendered":"<div class=\"wp-block-image\">\n<figure class=\"aligncenter size-large\"><img decoding=\"async\" width=\"1024\" height=\"631\" data-src=\"https:\/\/thebibleverses.org\/fr\/wp-content\/uploads\/2022\/07\/Versets-Bibliques-sur-lAmour-de-Dieu-1024x631.webp\" alt=\"Versets Bibliques sur l'Amour de Dieu\" class=\"wp-image-50 lazyload\" data-srcset=\"https:\/\/thebibleverses.org\/fr\/wp-content\/uploads\/2022\/07\/Versets-Bibliques-sur-lAmour-de-Dieu-1024x631.webp 1024w, https:\/\/thebibleverses.org\/fr\/wp-content\/uploads\/2022\/07\/Versets-Bibliques-sur-lAmour-de-Dieu-300x185.webp 300w, https:\/\/thebibleverses.org\/fr\/wp-content\/uploads\/2022\/07\/Versets-Bibliques-sur-lAmour-de-Dieu-768x474.webp 768w, https:\/\/thebibleverses.org\/fr\/wp-content\/uploads\/2022\/07\/Versets-Bibliques-sur-lAmour-de-Dieu-320x197.webp 320w, https:\/\/thebibleverses.org\/fr\/wp-content\/uploads\/2022\/07\/Versets-Bibliques-sur-lAmour-de-Dieu-450x278.webp 450w, https:\/\/thebibleverses.org\/fr\/wp-content\/uploads\/2022\/07\/Versets-Bibliques-sur-lAmour-de-Dieu-720x444.webp 720w, https:\/\/thebibleverses.org\/fr\/wp-content\/uploads\/2022\/07\/Versets-Bibliques-sur-lAmour-de-Dieu.webp 1200w\" data-sizes=\"(max-width: 1024px) 100vw, 1024px\" src=\"data:image\/svg+xml;base64,PHN2ZyB3aWR0aD0iMSIgaGVpZ2h0PSIxIiB4bWxucz0iaHR0cDovL3d3dy53My5vcmcvMjAwMC9zdmciPjwvc3ZnPg==\" style=\"--smush-placeholder-width: 1024px; --smush-placeholder-aspect-ratio: 1024\/631;\" \/><figcaption>Versets Bibliques sur l&rsquo;Amour de Dieu &#8211; La Bible du Semeur (BDS).<\/figcaption><\/figure><\/div>\n\n\n<h2 class=\"wp-block-heading\">Gen\u00e8se 24:27<\/h2>\n\n\n\n<p>Il dit\u202f: B\u00e9ni soit l\u2019Eternel, le Dieu d\u2019Abraham mon ma\u00eetre, qui n\u2019a cess\u00e9 de t\u00e9moigner sa bont\u00e9 et sa fid\u00e9lit\u00e9 \u00e0 mon ma\u00eetre. Il m\u2019a conduit dans mon voyage jusque dans la parent\u00e9 de mon ma\u00eetre.<\/p>\n\n\n\n<h2 class=\"wp-block-heading\">Exode 34:6<\/h2>\n\n\n\n<p>Il passa devant lui en proclamant\u202f: L\u2019Eternel, l\u2019Eternel, un Dieu plein de compassion et de gr\u00e2ce, lent \u00e0 se mettre en col\u00e8re, et riche en amour et en fid\u00e9lit\u00e9 !<\/p>\n\n\n\n<h2 class=\"wp-block-heading\">Deut\u00e9ronome 7:8<\/h2>\n\n\n\n<p>Mais c\u2019est parce que l\u2019Eternel vous aime et parce qu\u2019il veut accomplir ce qu\u2019il a promis par serment \u00e0 vos anc\u00eatres, c\u2019est pour cela qu\u2019il vous a arrach\u00e9s avec puissance au pouvoir du pharaon, roi d\u2019Egypte, et qu\u2019il vous a lib\u00e9r\u00e9s de l\u2019esclavage.<\/p>\n\n\n\n<h2 class=\"wp-block-heading\">Deut\u00e9ronome 7:9<\/h2>\n\n\n\n<p>Reconnais donc que l\u2019Eternel ton Dieu est le seul vrai Dieu, un Dieu fid\u00e8le \u00e0 son alliance en t\u00e9moignant de l\u2019amour pour mille g\u00e9n\u00e9rations envers ceux qui l\u2019aiment et qui ob\u00e9issent \u00e0 ses commandements.<\/p>\n\n\n\n<h2 class=\"wp-block-heading\">Deut\u00e9ronome 7:12<\/h2>\n\n\n\n<p>Car si vous pr\u00eatez attention \u00e0 ces lois, si vous y ob\u00e9issez et si vous les appliquez, l\u2019Eternel votre Dieu tiendra l\u2019engagement de vous aimer qu\u2019il a pris par serment en concluant une alliance avec vos anc\u00eatres.<\/p>\n\n\n\n<h2 class=\"wp-block-heading\">Psaumes 17:7<\/h2>\n\n\n\n<p>Fais resplendir |l\u2019immensit\u00e9 |de ton amour, toi qui d\u00e9livres |des agresseurs |ceux qui comptent sur ton intervention\u202f!<\/p>\n\n\n\n<h2 class=\"wp-block-heading\">Psaumes 36:8<\/h2>\n\n\n\n<p>Que ton amour est pr\u00e9cieux, \u00f4 Dieu\u202f! Sous tes ailes, |les humains se r\u00e9fugient.<\/p>\n\n\n\n<h2 class=\"wp-block-heading\">Psaumes 48:10<\/h2>\n\n\n\n<p>Nous m\u00e9ditons, \u00f4 Dieu, |sur ton amour, au milieu de ton temple.<\/p>\n\n\n\n<h2 class=\"wp-block-heading\">Psaumes 51:3<\/h2>\n\n\n\n<p>Aie piti\u00e9 de moi, \u00f4 Dieu, |toi qui es si bon\u202f! Efface mes transgressions, |tu es si compatissant\u202f!.<\/p>\n\n\n\n<h2 class=\"wp-block-heading\">Psaumes 59:11<\/h2>\n\n\n\n<p>Dieu qui m\u2019aime |viendra au-devant de moi, Dieu m\u2019offrira en spectacle |tous mes ennemis.<\/p>\n\n\n\n<h2 class=\"wp-block-heading\">Psaumes 66:20<\/h2>\n\n\n\n<p>B\u00e9ni soit Dieu, car il n\u2019a pas |repouss\u00e9 ma pri\u00e8re, il me conserve son amour.<\/p>\n\n\n\n<h2 class=\"wp-block-heading\">Psaumes 86:5<\/h2>\n\n\n\n<p>Car tu es bon, Seigneur, |et prompt \u00e0 pardonner, riche en amour |pour tous ceux qui t\u2019invoquent.<\/p>\n\n\n\n<h2 class=\"wp-block-heading\">Psaumes 136:2<\/h2>\n\n\n\n<p>Oui, c\u00e9l\u00e9brez le Dieu des dieux, car son amour dure \u00e0 toujours.<\/p>\n\n\n\n<h2 class=\"wp-block-heading\">Daniel 9:4<\/h2>\n\n\n\n<p>J\u2019adressai ma requ\u00eate \u00e0 l\u2019Eternel mon Dieu et je lui fis une confession en ces termes\u202f: Ah\u202f! Seigneur, Dieu grand et redoutable, toi qui demeures fid\u00e8le \u00e0 ton alliance et qui conserves ton amour envers ceux qui t\u2019aiment et qui ob\u00e9issent \u00e0 tes commandements.<\/p>\n\n\n\n<h2 class=\"wp-block-heading\">Mich\u00e9e 7:18<\/h2>\n\n\n\n<p>Quel est le Dieu semblable \u00e0 toi, qui efface les fautes |et qui pardonne les p\u00e9ch\u00e9s du reste de ton peuple |qui t\u2019appartient\u202f? Toi, tu n\u2019entretiens pas |ta col\u00e8re \u00e0 jamais, mais tu prends ton plaisir |\u00e0 faire gr\u00e2ce.<\/p>\n\n\n\n<h2 class=\"wp-block-heading\">Sophonie 3:17<\/h2>\n\n\n\n<p>Car l\u2019Eternel ton Dieu |est au milieu de toi |un guerrier qui te sauve. Il sera transport\u00e9 de joie |\u00e0 ton sujet et il te renouvellera |dans son amour pour toi. Oui, il sera dans l\u2019all\u00e9gresse |\u00e0 ton sujet et poussera des cris de joie.<\/p>\n\n\n\n<h2 class=\"wp-block-heading\">Jean 3:16<\/h2>\n\n\n\n<p>Oui, Dieu a tant aim\u00e9 le monde qu\u2019il a donn\u00e9 son Fils, son unique, pour que tous ceux qui placent leur confiance en lui \u00e9chappent \u00e0 la perdition et qu\u2019ils aient la vie \u00e9ternelle.<\/p>\n\n\n\n<h2 class=\"wp-block-heading\">Romains 5:5<\/h2>\n\n\n\n<p>Or, notre esp\u00e9rance ne risque pas de tourner \u00e0 notre confusion, car Dieu a vers\u00e9 son amour dans notre c\u0153ur par l\u2019Esprit Saint qu\u2019il nous a donn\u00e9.<\/p>\n\n\n\n<h2 class=\"wp-block-heading\">Romains 5:8<\/h2>\n\n\n\n<p>Mais voici comment Dieu nous montre l\u2019amour qu\u2019il a pour nous\u202f: alors que nous \u00e9tions encore des p\u00e9cheurs, Christ est mort pour nous.<\/p>\n\n\n\n<h2 class=\"wp-block-heading\">Romains 8:39<\/h2>\n\n\n\n<p>Ni ce qui est en haut ni ce qui est en bas, ni aucune autre cr\u00e9ature, rien ne pourra nous arracher \u00e0 l\u2019amour que Dieu nous a t\u00e9moign\u00e9 en J\u00e9sus-Christ notre Seigneur.<\/p>\n\n\n\n<h2 class=\"wp-block-heading\">\u00c9ph\u00e9siens 2:4<\/h2>\n\n\n\n<p>Mais Dieu est riche en bont\u00e9. Aussi, \u00e0 cause du grand amour dont il nous a aim\u00e9s.<\/p>\n\n\n\n<h2 class=\"wp-block-heading\">2 Thessaloniciens 2:16<\/h2>\n\n\n\n<p>Notre Seigneur J\u00e9sus-Christ lui-m\u00eame, et Dieu, notre P\u00e8re, nous ont t\u00e9moign\u00e9 tant d\u2019amour, et, par gr\u00e2ce, nous ont donn\u00e9 une source \u00e9ternelle de r\u00e9confort et une bonne esp\u00e9rance.<\/p>\n\n\n\n<h2 class=\"wp-block-heading\">2 Thessaloniciens 3:5<\/h2>\n\n\n\n<p>Que le Seigneur dirige votre c\u0153ur vers l\u2019amour de Dieu, et vers l\u2019endurance que donne Christ.<\/p>\n\n\n\n<h2 class=\"wp-block-heading\">1 Jean 3:1<\/h2>\n\n\n\n<p>Voyez combien le P\u00e8re nous a aim\u00e9s pour que nous puissions \u00eatre appel\u00e9s enfants de Dieu\u2006\u2013\u2006et nous le sommes\u202f! Voici pourquoi le monde ne nous reconna\u00eet pas\u202f: c\u2019est parce qu\u2019il n\u2019a pas reconnu Dieu.<\/p>\n\n\n\n<h2 class=\"wp-block-heading\">1 Jean 4:7<\/h2>\n\n\n\n<p>Mes chers amis, aimons-nous les uns les autres, car l\u2019amour vient de Dieu. Celui qui aime est n\u00e9 de Dieu et il conna\u00eet Dieu.<\/p>\n\n\n\n<h2 class=\"wp-block-heading\">1 Jean 4:8<\/h2>\n\n\n\n<p>Qui n\u2019aime pas n\u2019a pas connu Dieu, car Dieu est amour.<\/p>\n\n\n\n<h2 class=\"wp-block-heading\">1 Jean 4:10<\/h2>\n\n\n\n<p>Voici en quoi consiste l\u2019amour\u202f: ce n\u2019est pas nous qui avons aim\u00e9 Dieu, mais c\u2019est lui qui nous a aim\u00e9s\u202f; aussi a-t-il envoy\u00e9 son Fils pour expier nos p\u00e9ch\u00e9s.<\/p>\n\n\n\n<h2 class=\"wp-block-heading\">1 Jean 4:12<\/h2>\n\n\n\n<p>Dieu, personne ne l\u2019a jamais vu. Mais si nous nous aimons les uns les autres, Dieu demeure en nous et son amour se manifeste pleinement parmi nous.<\/p>\n\n\n\n<h2 class=\"wp-block-heading\">1 Jean 4:16<\/h2>\n\n\n\n<p>Et nous, nous avons connu l\u2019amour que Dieu nous porte et nous y avons cru. Dieu est amour\u202f: celui qui demeure dans l\u2019amour demeure en Dieu, et Dieu demeure en lui.<\/p>\n\n\n\n<h2 class=\"wp-block-heading\">1 Jean 5:3<\/h2>\n\n\n\n<p>Car aimer Dieu, c\u2019est accomplir ses commandements. Ceux-ci, d\u2019ailleurs, ne sont pas p\u00e9nibles.<\/p>\n\n\n\n<h2 class=\"wp-block-heading\">Lire Aussi:<\/h2>\n\n\n\n<ul class=\"wp-block-list\"><li><a href=\"https:\/\/thebibleverses.org\/fr\/\">Versets Bibliques par Sujets<\/a><\/li><li><a href=\"https:\/\/thebibleverses.org\/fr\/amour\/\">Versets Bibliques sur l&rsquo;Amour<\/a><\/li><li><a href=\"https:\/\/thebibleverses.org\/fr\/force\/\">Versets Bibliques sur la Force<\/a><\/li><li><a href=\"https:\/\/thebibleverses.org\/fr\/foi\/\">Versets Bibliques sur la Foi<\/a><\/li><li><a href=\"https:\/\/thebibleverses.org\/fr\/jeunes\/\">Versets Bibliques pour les Jeunes<\/a><\/li><li><a href=\"https:\/\/thebibleverses.org\/fr\/amitie\/\">Versets Bibliques sur l&rsquo;Amiti\u00e9<\/a><\/li><li><a href=\"https:\/\/thebibleverses.org\/fr\/guerison\/\">Versets Bibliques sur la Gu\u00e9rison<\/a><\/li><\/ul>\n","protected":false},"excerpt":{"rendered":"<p>Gen\u00e8se 24:27 Il dit\u202f: B\u00e9ni soit l\u2019Eternel, le Dieu d\u2019Abraham mon ma\u00eetre, qui n\u2019a cess\u00e9 de t\u00e9moigner sa bont\u00e9 et sa fid\u00e9lit\u00e9 \u00e0 mon ma\u00eetre. Il m\u2019a conduit dans mon voyage jusque dans la parent\u00e9 de mon ma\u00eetre. Exode 34:6 Il passa devant lui en proclamant\u202f: L\u2019Eternel, l\u2019Eternel, un Dieu plein de compassion et de [&hellip;]<\/p>\n","protected":false},"author":1,"featured_media":50,"parent":0,"menu_order":0,"comment_status":"open","ping_status":"closed","template":"","meta":{"footnotes":""},"class_list":["post-49","page","type-page","status-publish","has-post-thumbnail","hentry","entry","fw-tab-6 fw-tabr-4"],"_links":{"self":[{"href":"https:\/\/thebibleverses.org\/fr\/wp-json\/wp\/v2\/pages\/49","targetHints":{"allow":["GET"]}}],"collection":[{"href":"https:\/\/thebibleverses.org\/fr\/wp-json\/wp\/v2\/pages"}],"about":[{"href":"https:\/\/thebibleverses.org\/fr\/wp-json\/wp\/v2\/types\/page"}],"author":[{"embeddable":true,"href":"https:\/\/thebibleverses.org\/fr\/wp-json\/wp\/v2\/users\/1"}],"replies":[{"embeddable":true,"href":"https:\/\/thebibleverses.org\/fr\/wp-json\/wp\/v2\/comments?post=49"}],"version-history":[{"count":0,"href":"https:\/\/thebibleverses.org\/fr\/wp-json\/wp\/v2\/pages\/49\/revisions"}],"wp:featuredmedia":[{"embeddable":true,"href":"https:\/\/thebibleverses.org\/fr\/wp-json\/wp\/v2\/media\/50"}],"wp:attachment":[{"href":"https:\/\/thebibleverses.org\/fr\/wp-json\/wp\/v2\/media?parent=49"}],"curies":[{"name":"wp","href":"https:\/\/api.w.org\/{rel}","templated":true}]}}