{"id":46,"date":"2022-07-03T04:50:17","date_gmt":"2022-07-03T02:50:17","guid":{"rendered":"https:\/\/thebibleverses.org\/fr\/?page_id=46"},"modified":"2022-10-11T23:55:47","modified_gmt":"2022-10-11T21:55:47","slug":"amour","status":"publish","type":"page","link":"https:\/\/thebibleverses.org\/fr\/amour\/","title":{"rendered":"70 Versets Bibliques sur l&rsquo;Amour"},"content":{"rendered":"<div class=\"wp-block-image\">\n<figure class=\"aligncenter size-large\"><img decoding=\"async\" width=\"1024\" height=\"631\" data-src=\"https:\/\/thebibleverses.org\/fr\/wp-content\/uploads\/2022\/07\/Versets-Bibliques-sur-lAmour-1024x631.webp\" alt=\"Versets Bibliques sur l'Amour\" class=\"wp-image-47 lazyload\" data-srcset=\"https:\/\/thebibleverses.org\/fr\/wp-content\/uploads\/2022\/07\/Versets-Bibliques-sur-lAmour-1024x631.webp 1024w, https:\/\/thebibleverses.org\/fr\/wp-content\/uploads\/2022\/07\/Versets-Bibliques-sur-lAmour-300x185.webp 300w, https:\/\/thebibleverses.org\/fr\/wp-content\/uploads\/2022\/07\/Versets-Bibliques-sur-lAmour-768x474.webp 768w, https:\/\/thebibleverses.org\/fr\/wp-content\/uploads\/2022\/07\/Versets-Bibliques-sur-lAmour-320x197.webp 320w, https:\/\/thebibleverses.org\/fr\/wp-content\/uploads\/2022\/07\/Versets-Bibliques-sur-lAmour-450x278.webp 450w, https:\/\/thebibleverses.org\/fr\/wp-content\/uploads\/2022\/07\/Versets-Bibliques-sur-lAmour-720x444.webp 720w, https:\/\/thebibleverses.org\/fr\/wp-content\/uploads\/2022\/07\/Versets-Bibliques-sur-lAmour.webp 1200w\" data-sizes=\"(max-width: 1024px) 100vw, 1024px\" src=\"data:image\/svg+xml;base64,PHN2ZyB3aWR0aD0iMSIgaGVpZ2h0PSIxIiB4bWxucz0iaHR0cDovL3d3dy53My5vcmcvMjAwMC9zdmciPjwvc3ZnPg==\" style=\"--smush-placeholder-width: 1024px; --smush-placeholder-aspect-ratio: 1024\/631;\" \/><figcaption>Versets Bibliques sur l&rsquo;Amour &#8211; La Bible du Semeur (BDS).<\/figcaption><\/figure><\/div>\n\n\n<h2 class=\"wp-block-heading\">1 Jean 4:8<\/h2>\n\n\n\n<p>Qui n\u2019aime pas n\u2019a pas connu Dieu, car Dieu est amour.<\/p>\n\n\n\n<h2 class=\"wp-block-heading\">Matthieu 22:37-39<\/h2>\n\n\n\n<p>J\u00e9sus lui r\u00e9pondit\u202f: Tu aimeras le Seigneur, ton Dieu, de tout ton c\u0153ur, de toute ton \u00e2me et de toute ta pens\u00e9e. C\u2019est l\u00e0 le commandement le plus grand et le plus important. Et il y en a un second qui lui est semblable\u202f: Tu aimeras ton prochain comme toi-m\u00eame.<\/p>\n\n\n\n<h2 class=\"wp-block-heading\">Deut\u00e9ronome 6:5<\/h2>\n\n\n\n<p>Tu aimeras l\u2019Eternel ton Dieu de tout ton c\u0153ur, de toute ton \u00e2me et de toute ta force.<\/p>\n\n\n\n<h2 class=\"wp-block-heading\">L\u00e9vitique 19:18<\/h2>\n\n\n\n<p>Tu ne te vengeras pas et tu ne garderas pas de rancune envers les membres de ton peuple, mais tu aimeras ton prochain comme toi-m\u00eame. Je suis l\u2019Eternel.<\/p>\n\n\n\n<h2 class=\"wp-block-heading\">1 Jean 4:10<\/h2>\n\n\n\n<p>Voici en quoi consiste l\u2019amour\u202f: ce n\u2019est pas nous qui avons aim\u00e9 Dieu, mais c\u2019est lui qui nous a aim\u00e9s\u202f; aussi a-t-il envoy\u00e9 son Fils pour expier nos p\u00e9ch\u00e9s.<\/p>\n\n\n\n<h2 class=\"wp-block-heading\">1 Jean 4:7<\/h2>\n\n\n\n<p>Mes chers amis, aimons-nous les uns les autres, car l\u2019amour vient de Dieu. Celui qui aime est n\u00e9 de Dieu et il conna\u00eet Dieu.<\/p>\n\n\n\n<h2 class=\"wp-block-heading\">Galates 5:22<\/h2>\n\n\n\n<p>Mais le fruit de l\u2019Esprit c\u2019est l\u2019amour, la joie, la paix, la patience, l\u2019amabilit\u00e9, la bont\u00e9, la fid\u00e9lit\u00e9.<\/p>\n\n\n\n<h2 class=\"wp-block-heading\">1 Jean 4:16<\/h2>\n\n\n\n<p>Et nous, nous avons connu l\u2019amour que Dieu nous porte et nous y avons cru. Dieu est amour\u202f: celui qui demeure dans l\u2019amour demeure en Dieu, et Dieu demeure en lui.<\/p>\n\n\n\n<h2 class=\"wp-block-heading\">1 Jean 4:19<\/h2>\n\n\n\n<p>Quant \u00e0 nous, nous aimons parce que Dieu nous a aim\u00e9s le premier.<\/p>\n\n\n\n<h2 class=\"wp-block-heading\">Jean 15:13<\/h2>\n\n\n\n<p>Oui, mes fr\u00e8res et s\u0153urs, vous avez \u00e9t\u00e9 appel\u00e9s \u00e0 la libert\u00e9. Seulement, ne faites pas de cette libert\u00e9 un pr\u00e9texte pour vivre comme des hommes livr\u00e9s \u00e0 eux-m\u00eames. Au contraire, par amour, mettez-vous au service les uns des autres.<\/p>\n\n\n\n<h2 class=\"wp-block-heading\">Proverbes 17:17<\/h2>\n\n\n\n<p>Un ami aime en tout temps et le fr\u00e8re est n\u00e9 pour le jour o\u00f9 l\u2019on se trouve dans l\u2019adversit\u00e9.<\/p>\n\n\n\n<h2 class=\"wp-block-heading\">Cantique des Cantiques 8:6<\/h2>\n\n\n\n<p>Mets-moi comme un sceau sur ton c\u0153ur, comme un sceau sur ton bras. L\u2019amour est fort |comme la mort, et la passion |est inflexible |comme le s\u00e9jour des d\u00e9funts. Les flammes de l\u2019amour |sont des flammes ardentes, une flamme venant de l\u2019Eternel.<\/p>\n\n\n\n<h2 class=\"wp-block-heading\">Cantique des Cantiques 8:7<\/h2>\n\n\n\n<p>M\u00eame de grosses eaux |ne peuvent \u00e9teindre l\u2019amour, et des fleuves puissants |ne l\u2019emporteront pas. L\u2019homme qui offrirait |tous les biens qu\u2019il poss\u00e8de |pour acheter l\u2019amour n\u2019obtiendrait que m\u00e9pris.<\/p>\n\n\n\n<h2 class=\"wp-block-heading\">1 Jean 4:17<\/h2>\n\n\n\n<p>Et voici pourquoi l\u2019amour se manifeste pleinement parmi nous\u202f: c\u2019est pour que nous ayons une enti\u00e8re assurance au jour du jugement, d\u2019autant plus que notre situation dans ce monde est celle que Christ a connue lui-m\u00eame.<\/p>\n\n\n\n<h2 class=\"wp-block-heading\">1 Jean 4:18<\/h2>\n\n\n\n<p>Dans l\u2019amour, il n\u2019y a pas de place pour la crainte, car l\u2019amour parvenu \u00e0 une pleine maturit\u00e9 chasse toute crainte. En effet, la crainte suppose la perspective d\u2019un ch\u00e2timent. L\u2019amour de celui qui vit dans la crainte n\u2019est pas encore parvenu \u00e0 sa pleine maturit\u00e9.<\/p>\n\n\n\n<h2 class=\"wp-block-heading\">1 Corinthiens 13:1<\/h2>\n\n\n\n<p>En effet, si je parlais les langues des hommes et m\u00eame celles des anges mais sans avoir l\u2019amour, je ne serais rien de plus qu\u2019une trompette claironnante ou une cymbale bruyante.<\/p>\n\n\n\n<h2 class=\"wp-block-heading\">1 Corinthiens 13:2<\/h2>\n\n\n\n<p>Si j\u2019avais des proph\u00e9ties, si je connaissais tous les secrets et si je poss\u00e9dais toute la connaissance, si j\u2019avais m\u00eame dans toute sa pl\u00e9nitude, la foi jusqu\u2019\u00e0 transporter les montagnes, sans l\u2019amour, je ne serais rien.<\/p>\n\n\n\n<h2 class=\"wp-block-heading\">1 Corinthiens 13:4-5<\/h2>\n\n\n\n<p>L\u2019amour est patient, il est plein de bont\u00e9, l\u2019amour. Il n\u2019est pas envieux, il ne cherche pas \u00e0 se faire valoir, il ne s\u2019enfle pas d\u2019orgueil. Il ne fait rien d\u2019inconvenant. Il ne cherche pas son propre int\u00e9r\u00eat, il ne s\u2019aigrit pas contre les autres, il ne trame pas le mal.<\/p>\n\n\n\n<h2 class=\"wp-block-heading\">1 Corinthiens 13:7<\/h2>\n\n\n\n<p>En toute occasion, il pardonne, il fait confiance, il esp\u00e8re, il pers\u00e9v\u00e8re.<\/p>\n\n\n\n<h2 class=\"wp-block-heading\">Proverbes 10:12<\/h2>\n\n\n\n<p>La haine allume des querelles, mais l\u2019amour couvre toutes les fautes.<\/p>\n\n\n\n<h2 class=\"wp-block-heading\">1 Pierre 4:8<\/h2>\n\n\n\n<p>Avant tout, aimez-vous ardemment les uns les autres, car l\u2019amour garde le silence sur un grand nombre de p\u00e9ch\u00e9s.<\/p>\n\n\n\n<h2 class=\"wp-block-heading\">Jean 14:15<\/h2>\n\n\n\n<p>Si vous m\u2019aimez, vous suivrez mes commandements.<\/p>\n\n\n\n<h2 class=\"wp-block-heading\">Romanos 13:8<\/h2>\n\n\n\n<p>Ne restez redevables de rien \u00e0 personne, sinon de vous aimer les uns les autres. Car celui qui aime l\u2019autre a satisfait \u00e0 toutes les exigences de la Loi.<\/p>\n\n\n\n<h2 class=\"wp-block-heading\">1 Jean 2:4-5<\/h2>\n\n\n\n<p>Si quelqu\u2019un dit\u202f: \u00ab Je le connais \u00bb sans ob\u00e9ir \u00e0 ses commandements, c\u2019est un menteur et la v\u00e9rit\u00e9 n\u2019est pas en lui. Celui qui observe sa Parole a vraiment pour Dieu un amour parvenu \u00e0 sa pleine maturit\u00e9. C\u2019est ainsi que nous savons que nous sommes unis \u00e0 lui.<\/p>\n\n\n\n<h2 class=\"wp-block-heading\">1 Jean 5:3<\/h2>\n\n\n\n<p>Car aimer Dieu, c\u2019est accomplir ses commandements. Ceux-ci, d\u2019ailleurs, ne sont pas p\u00e9nibles.<\/p>\n\n\n\n<h2 class=\"wp-block-heading\">Romains 13:10<\/h2>\n\n\n\n<p>Celui qui aime ne cause aucun mal \u00e0 son prochain. Aimer son prochain, c\u2019est donc accomplir toute la Loi.<\/p>\n\n\n\n<h2 class=\"wp-block-heading\">1 Pierre 1:22<\/h2>\n\n\n\n<p>Par votre ob\u00e9issance \u00e0 la v\u00e9rit\u00e9, vous avez purifi\u00e9 votre \u00eatre afin d\u2019aimer sinc\u00e8rement vos fr\u00e8res et s\u0153urs. Aimez-vous donc ardemment les uns les autres de tout votre c\u0153ur.<\/p>\n\n\n\n<h2 class=\"wp-block-heading\">Galates 5:6<\/h2>\n\n\n\n<p>Car pour ceux qui sont unis \u00e0 J\u00e9sus-Christ, ce qui importe, ce n\u2019est pas d\u2019\u00eatre circoncis ou incirconcis, c\u2019est d\u2019avoir la foi, une foi qui agit par amour.<\/p>\n\n\n\n<h2 class=\"wp-block-heading\">1 Thessaloniciens 1:3<\/h2>\n\n\n\n<p>Nous nous rappelons sans cesse, devant Dieu notre P\u00e8re, votre foi agissante, votre amour actif, et votre pers\u00e9v\u00e9rance soutenue par votre esp\u00e9rance en notre Seigneur J\u00e9sus-Christ.<\/p>\n\n\n\n<h2 class=\"wp-block-heading\">H\u00e9breux 6:10<\/h2>\n\n\n\n<p>Car Dieu n\u2019est pas injuste au point d\u2019oublier l\u2019activit\u00e9 que vous avez d\u00e9ploy\u00e9e, par amour pour lui, dans les services que vous avez rendus \u2013\u2006et que vous rendez encore\u2006\u2013 \u00e0 ceux qui font partie du peuple saint.<\/p>\n\n\n\n<h2 class=\"wp-block-heading\">1 Jean 3:16<\/h2>\n\n\n\n<p>Voici comment nous savons ce que c\u2019est que d\u2019aimer\u202f: J\u00e9sus-Christ a donn\u00e9 sa vie pour nous. Nous devons, nous aussi, donner notre vie pour nos fr\u00e8res.<\/p>\n\n\n\n<h2 class=\"wp-block-heading\">1 Corinthiens 8:1<\/h2>\n\n\n\n<p>Passons au probl\u00e8me des viandes provenant d\u2019animaux sacrifi\u00e9s aux idoles. Nous poss\u00e9dons tous la connaissance voulue, nous le savons. Mais la connaissance rend orgueilleux. L\u2019amour, lui, fait grandir dans la foi.<\/p>\n\n\n\n<h2 class=\"wp-block-heading\">Colossiens 3:14<\/h2>\n\n\n\n<p>Et, par-dessus tout cela, rev\u00eatez-vous de l\u2019amour qui est le lien par excellence.<\/p>\n\n\n\n<h2 class=\"wp-block-heading\">1 Jean 3:17<\/h2>\n\n\n\n<p>Si quelqu\u2019un qui poss\u00e8de du bien en ce monde voit son fr\u00e8re dans le besoin et lui ferme son c\u0153ur, l\u2019amour de Dieu ne peut \u00eatre pr\u00e9sent en lui.<\/p>\n\n\n\n<h2 class=\"wp-block-heading\">Romains 5:8<\/h2>\n\n\n\n<p>Mais voici comment Dieu nous montre l\u2019amour qu\u2019il a pour nous\u202f: alors que nous \u00e9tions encore des p\u00e9cheurs, Christ est mort pour nous.<\/p>\n\n\n\n<h2 class=\"wp-block-heading\">L\u00e9vitique 19:34<\/h2>\n\n\n\n<p>Traitez-le comme s\u2019il \u00e9tait l\u2019un des v\u00f4tres. Tu l\u2019aimeras comme toi-m\u00eame\u202f: car vous avez \u00e9t\u00e9 vous-m\u00eames \u00e9trangers en Egypte. Je suis l\u2019Eternel, votre Dieu.<\/p>\n\n\n\n<h2 class=\"wp-block-heading\">Deut\u00e9ronome 10:12<\/h2>\n\n\n\n<p>Et maintenant, Isra\u00ebl, qu\u2019attend de toi l\u2019Eternel ton Dieu\u202f? Simplement que tu le craignes en suivant toutes les voies qu\u2019il t\u2019a prescrites, en l\u2019aimant et en le servant de tout ton c\u0153ur et de tout ton \u00eatre.<\/p>\n\n\n\n<h2 class=\"wp-block-heading\">Psaumes 25:10<\/h2>\n\n\n\n<p>Toutes les voies de l\u2019Eternel |sont amour et fid\u00e9lit\u00e9 pour ceux qui sont fid\u00e8les |\u00e0 son alliance |et ob\u00e9issent |\u00e0 ses commandements.<\/p>\n\n\n\n<h2 class=\"wp-block-heading\">1 Jean 3:18<\/h2>\n\n\n\n<p>Mes enfants, que notre amour ne se limite pas \u00e0 des discours et \u00e0 de belles paroles, mais qu\u2019il manifeste sa r\u00e9alit\u00e9 par des actes.<\/p>\n\n\n\n<h2 class=\"wp-block-heading\">Proverbes 3:12<\/h2>\n\n\n\n<p>Car c\u2019est celui qu\u2019il aime que l\u2019Eternel reprend, agissant avec lui comme un p\u00e8re avec l\u2019enfant qu\u2019il ch\u00e9rit.<\/p>\n\n\n\n<h2 class=\"wp-block-heading\">Psaumes 145:20<\/h2>\n\n\n\n<p>L\u2019Eternel garde tous ceux qui l\u2019aiment, mais il d\u00e9truira tous les m\u00e9chants.<\/p>\n\n\n\n<h2 class=\"wp-block-heading\">Deut\u00e9ronome 30:6<\/h2>\n\n\n\n<p>L\u2019Eternel votre Dieu vous circoncira le c\u0153ur et celui de vos descendants pour que vous l\u2019aimiez de tout votre c\u0153ur et de tout votre \u00eatre, et qu\u2019ainsi vous viviez.<\/p>\n\n\n\n<h2 class=\"wp-block-heading\">Daniel 9:4<\/h2>\n\n\n\n<p>J\u2019adressai ma requ\u00eate \u00e0 l\u2019Eternel mon Dieu et je lui fis une confession en ces termes\u202f: Ah\u202f! Seigneur, Dieu grand et redoutable, toi qui demeures fid\u00e8le \u00e0 ton alliance et qui conserves ton amour envers ceux qui t\u2019aiment et qui ob\u00e9issent \u00e0 tes commandements.<\/p>\n\n\n\n<h2 class=\"wp-block-heading\">Luc 6:27<\/h2>\n\n\n\n<p>Quant \u00e0 vous tous qui m\u2019\u00e9coutez, voici ce que je vous dis\u202f: Aimez vos ennemis\u202f; faites du bien \u00e0 ceux qui vous ha\u00efssent\u202f.<\/p>\n\n\n\n<h2 class=\"wp-block-heading\">1 Corinthiens 2:9<\/h2>\n\n\n\n<p>Mais, comme le dit l\u2019Ecriture, il s\u2019agit de ce que l\u2019\u0153il n\u2019a pas vu<br>et que l\u2019oreille n\u2019a pas entendu, ce que l\u2019esprit humain n\u2019a jamais soup\u00e7onn\u00e9, mais que Dieu tient en r\u00e9serve pour ceux qui l\u2019aiment.<\/p>\n\n\n\n<h2 class=\"wp-block-heading\">1 Jean 4:20<\/h2>\n\n\n\n<p>Si quelqu\u2019un pr\u00e9tend aimer Dieu tout en d\u00e9testant son fr\u00e8re, c\u2019est un menteur. Car s\u2019il n\u2019aime pas son fr\u00e8re qu\u2019il voit, il ne peut pas aimer Dieu qu\u2019il ne voit pas.<\/p>\n\n\n\n<h2 class=\"wp-block-heading\">Philippiens 2:2<\/h2>\n\n\n\n<p>Rendez donc ma joie compl\u00e8te\u202f: tendez \u00e0 vivre en accord les uns avec les autres. Et pour cela, ayez le m\u00eame amour, une m\u00eame pens\u00e9e, et tendez au m\u00eame but.<\/p>\n\n\n\n<h2 class=\"wp-block-heading\">Colossiens 2:2<\/h2>\n\n\n\n<p>Je combats pour eux afin qu\u2019ils soient encourag\u00e9s et que, unis par l\u2019amour, ils acc\u00e8dent ensemble, en toute sa richesse, \u00e0 la certitude que donne la compr\u00e9hension du secret de Dieu et \u00e0 la pleine connaissance de ce secret, c\u2019est-\u00e0-dire de Christ.<\/p>\n\n\n\n<h2 class=\"wp-block-heading\">1 Corinthiens 13:13<\/h2>\n\n\n\n<p>En somme, trois choses demeurent\u202f: la foi, l\u2019esp\u00e9rance et l\u2019amour, mais la plus grande d\u2019entre elles, c\u2019est l\u2019amour.<\/p>\n\n\n\n<h2 class=\"wp-block-heading\">1 Corinthiens 16:14<\/h2>\n\n\n\n<p>Que l\u2019amour inspire toutes vos actions.<\/p>\n\n\n\n<h2 class=\"wp-block-heading\">1 Jean 3:23<\/h2>\n\n\n\n<p>Or, que nous commande-t-il\u202f? De placer notre confiance en son Fils J\u00e9sus-Christ et de nous aimer les uns les autres, comme il nous l\u2019a lui-m\u00eame prescrit.<\/p>\n\n\n\n<h2 class=\"wp-block-heading\">\u00c9ph\u00e9siens 3:17<\/h2>\n\n\n\n<p>Que Christ habite dans votre c\u0153ur par la foi. Enracin\u00e9s et solidement fond\u00e9s dans l\u2019amour.<\/p>\n\n\n\n<h2 class=\"wp-block-heading\">1 Thessaloniciens 3:12<\/h2>\n\n\n\n<p>Que le Seigneur vous remplisse, jusqu\u2019\u00e0 en d\u00e9border, d\u2019amour les uns pour les autres et envers tous les hommes, \u00e0 l\u2019exemple de l\u2019amour que nous vous portons.<\/p>\n\n\n\n<h2 class=\"wp-block-heading\">1 Thessaloniciens 4:9<\/h2>\n\n\n\n<p>Concernant l\u2019amour fraternel, vous n\u2019avez pas besoin d\u2019instructions \u00e9crites, car Dieu vous a lui-m\u00eame appris \u00e0 vous aimer mutuellement.<\/p>\n\n\n\n<h2 class=\"wp-block-heading\">1 Jean 3:11<\/h2>\n\n\n\n<p>En effet, voici le message que vous avez entendu d\u00e8s le commencement\u202f: aimons-nous les uns les autres.<\/p>\n\n\n\n<h2 class=\"wp-block-heading\">\u00c9ph\u00e9siens 4:2<\/h2>\n\n\n\n<p>Soyez toujours humbles, empreints de douceur et patients, supportez-vous les uns les autres avec amour.<\/p>\n\n\n\n<h2 class=\"wp-block-heading\">\u00c9ph\u00e9siens 5:2<\/h2>\n\n\n\n<p>Que votre vie soit dirig\u00e9e par l\u2019amour, de m\u00eame que Christ nous a aim\u00e9s et a livr\u00e9 lui-m\u00eame sa vie \u00e0 Dieu pour nous comme une offrande et un sacrifice dont le parfum pla\u00eet \u00e0 Dieu.<\/p>\n\n\n\n<h2 class=\"wp-block-heading\">\u00c9ph\u00e9siens 5:33<\/h2>\n\n\n\n<p>Quant \u00e0 vous, que chaque mari aime sa femme comme lui-m\u00eame, et que chaque femme t\u00e9moigne un profond respect \u00e0 son mari.<\/p>\n\n\n\n<h2 class=\"wp-block-heading\">1 Jean 4:11<\/h2>\n\n\n\n<p>Mes chers amis, puisque Dieu nous a tant aim\u00e9s, nous devons, nous aussi, nous aimer les uns les autres.<\/p>\n\n\n\n<h2 class=\"wp-block-heading\">1 Timoth\u00e9e 1:5<\/h2>\n\n\n\n<p>Le but de cet avertissement est d\u2019\u00e9veiller l\u2019amour, un amour venant d\u2019un c\u0153ur pur, d\u2019une bonne conscience et d\u2019une foi sinc\u00e8re.<\/p>\n\n\n\n<h2 class=\"wp-block-heading\">1 Timoth\u00e9e 4:12<\/h2>\n\n\n\n<p>Que personne ne te m\u00e9prise pour ton jeune \u00e2ge, mais efforce-toi d\u2019\u00eatre un mod\u00e8le pour les croyants par tes paroles, ta conduite, ton amour, ta foi et ta puret\u00e9.<\/p>\n\n\n\n<h2 class=\"wp-block-heading\">2 Timoth\u00e9e 2:22<\/h2>\n\n\n\n<p>Fuis les passions qui assaillent un jeune homme. Fais tous tes efforts pour cultiver la foi, l\u2019amour et la paix avec tous ceux qui font appel au Seigneur d\u2019un c\u0153ur pur.<\/p>\n\n\n\n<h2 class=\"wp-block-heading\">H\u00e9breux 10:24<\/h2>\n\n\n\n<p>Et veillons les uns sur les autres pour nous encourager mutuellement \u00e0 l\u2019amour et \u00e0 la pratique du bien.<\/p>\n\n\n\n<h2 class=\"wp-block-heading\">H\u00e9breux 12:6<\/h2>\n\n\n\n<p>Car le Seigneur corrige celui qu\u2019il aime\u202f: il ch\u00e2tie tous ceux qu\u2019il reconna\u00eet pour ses fils.<\/p>\n\n\n\n<h2 class=\"wp-block-heading\">Jacques 2:8<\/h2>\n\n\n\n<p>Si, au contraire, vous vous conformez \u00e0 la loi du royaume de Dieu, telle qu\u2019on la trouve dans l\u2019Ecriture: Tu aimeras ton prochain comme toi-m\u00eame, alors vous agissez bien.<\/p>\n\n\n\n<h2 class=\"wp-block-heading\">1 Pierre 2:17<\/h2>\n\n\n\n<p>T\u00e9moignez \u00e0 tout homme le respect auquel il a droit, aimez vos fr\u00e8res et s\u0153urs en la foi, \u00ab craignez Dieu, respectez le roi \u00bb\u202f!<\/p>\n\n\n\n<h2 class=\"wp-block-heading\">1 Pierre 3:8<\/h2>\n\n\n\n<p>Enfin, visez tous le m\u00eame but, partagez vos peines, aimez-vous comme des fr\u00e8res et des s\u0153urs, soyez bons, soyez humbles.<\/p>\n\n\n\n<h2 class=\"wp-block-heading\">Apocalypse 3:19<\/h2>\n\n\n\n<p>Moi, ceux que j\u2019aime, je les reprends et je les corrige. Fais donc preuve de z\u00e8le, et change\u202f!<\/p>\n\n\n\n<h2 class=\"wp-block-heading\">Lire Aussi:<\/h2>\n\n\n\n<ul class=\"wp-block-list\"><li><a href=\"https:\/\/thebibleverses.org\/fr\/\">Versets Bibliques par Sujets<\/a><\/li><li><a href=\"https:\/\/thebibleverses.org\/fr\/encouragement\/\">Versets Bibliques d\u2019Encouragement<\/a><\/li><li><a href=\"https:\/\/thebibleverses.org\/fr\/force\/\">Versets Bibliques sur la Force<\/a><\/li><li><a href=\"https:\/\/thebibleverses.org\/fr\/foi\/\">Versets Bibliques sur la Foi<\/a><\/li><li><a href=\"https:\/\/thebibleverses.org\/fr\/jeunes\/\">Versets Bibliques pour les Jeunes<\/a><\/li><li><a href=\"https:\/\/thebibleverses.org\/fr\/amitie\/\">Versets Bibliques sur l\u2019Amiti\u00e9<\/a><\/li><li><a href=\"https:\/\/thebibleverses.org\/fr\/guerison\/\">Versets Bibliques sur la Gu\u00e9rison<\/a><\/li><\/ul>\n","protected":false},"excerpt":{"rendered":"<p>1 Jean 4:8 Qui n\u2019aime pas n\u2019a pas connu Dieu, car Dieu est amour. Matthieu 22:37-39 J\u00e9sus lui r\u00e9pondit\u202f: Tu aimeras le Seigneur, ton Dieu, de tout ton c\u0153ur, de toute ton \u00e2me et de toute ta pens\u00e9e. C\u2019est l\u00e0 le commandement le plus grand et le plus important. Et il y en a un [&hellip;]<\/p>\n","protected":false},"author":1,"featured_media":47,"parent":0,"menu_order":0,"comment_status":"open","ping_status":"closed","template":"","meta":{"footnotes":""},"class_list":["post-46","page","type-page","status-publish","has-post-thumbnail","hentry","entry","fw-tab-6 fw-tabr-4"],"_links":{"self":[{"href":"https:\/\/thebibleverses.org\/fr\/wp-json\/wp\/v2\/pages\/46","targetHints":{"allow":["GET"]}}],"collection":[{"href":"https:\/\/thebibleverses.org\/fr\/wp-json\/wp\/v2\/pages"}],"about":[{"href":"https:\/\/thebibleverses.org\/fr\/wp-json\/wp\/v2\/types\/page"}],"author":[{"embeddable":true,"href":"https:\/\/thebibleverses.org\/fr\/wp-json\/wp\/v2\/users\/1"}],"replies":[{"embeddable":true,"href":"https:\/\/thebibleverses.org\/fr\/wp-json\/wp\/v2\/comments?post=46"}],"version-history":[{"count":0,"href":"https:\/\/thebibleverses.org\/fr\/wp-json\/wp\/v2\/pages\/46\/revisions"}],"wp:featuredmedia":[{"embeddable":true,"href":"https:\/\/thebibleverses.org\/fr\/wp-json\/wp\/v2\/media\/47"}],"wp:attachment":[{"href":"https:\/\/thebibleverses.org\/fr\/wp-json\/wp\/v2\/media?parent=46"}],"curies":[{"name":"wp","href":"https:\/\/api.w.org\/{rel}","templated":true}]}}