{"id":43,"date":"2022-07-03T04:36:33","date_gmt":"2022-07-03T02:36:33","guid":{"rendered":"https:\/\/thebibleverses.org\/fr\/?page_id=43"},"modified":"2022-10-11T22:40:05","modified_gmt":"2022-10-11T20:40:05","slug":"encouragement","status":"publish","type":"page","link":"https:\/\/thebibleverses.org\/fr\/encouragement\/","title":{"rendered":"30 Versets Bibliques d&rsquo;Encouragement"},"content":{"rendered":"<div class=\"wp-block-image\">\n<figure class=\"aligncenter size-large\"><img decoding=\"async\" width=\"1024\" height=\"631\" data-src=\"https:\/\/thebibleverses.org\/fr\/wp-content\/uploads\/2022\/07\/Versets-Bibliques-dEncouragement-1024x631.webp\" alt=\"Versets Bibliques d'Encouragement\" class=\"wp-image-44 lazyload\" data-srcset=\"https:\/\/thebibleverses.org\/fr\/wp-content\/uploads\/2022\/07\/Versets-Bibliques-dEncouragement-1024x631.webp 1024w, https:\/\/thebibleverses.org\/fr\/wp-content\/uploads\/2022\/07\/Versets-Bibliques-dEncouragement-300x185.webp 300w, https:\/\/thebibleverses.org\/fr\/wp-content\/uploads\/2022\/07\/Versets-Bibliques-dEncouragement-768x474.webp 768w, https:\/\/thebibleverses.org\/fr\/wp-content\/uploads\/2022\/07\/Versets-Bibliques-dEncouragement-320x197.webp 320w, https:\/\/thebibleverses.org\/fr\/wp-content\/uploads\/2022\/07\/Versets-Bibliques-dEncouragement-450x278.webp 450w, https:\/\/thebibleverses.org\/fr\/wp-content\/uploads\/2022\/07\/Versets-Bibliques-dEncouragement-720x444.webp 720w, https:\/\/thebibleverses.org\/fr\/wp-content\/uploads\/2022\/07\/Versets-Bibliques-dEncouragement.webp 1200w\" data-sizes=\"(max-width: 1024px) 100vw, 1024px\" src=\"data:image\/svg+xml;base64,PHN2ZyB3aWR0aD0iMSIgaGVpZ2h0PSIxIiB4bWxucz0iaHR0cDovL3d3dy53My5vcmcvMjAwMC9zdmciPjwvc3ZnPg==\" style=\"--smush-placeholder-width: 1024px; --smush-placeholder-aspect-ratio: 1024\/631;\" \/><figcaption>Versets Bibliques d&rsquo;Encouragement &#8211; La Bible du Semeur (BDS).<\/figcaption><\/figure><\/div>\n\n\n<h2 class=\"wp-block-heading\">Gen\u00e8se 28:15<\/h2>\n\n\n\n<p>Et voici\u202f: je suis moi-m\u00eame avec toi, je te garderai partout o\u00f9 tu iras\u202f; et je te ferai revenir vers cette r\u00e9gion\u202f; je ne t\u2019abandonnerai pas mais j\u2019accomplirai ce que je t\u2019ai promis.<\/p>\n\n\n\n<h2 class=\"wp-block-heading\">Josu\u00e9 1:9<\/h2>\n\n\n\n<p>Je t\u2019ai donn\u00e9 cet ordre\u202f: Prends courage et tiens bon, ne crains rien et ne te laisse pas effrayer, car moi, l\u2019Eternel ton Dieu, je serai avec toi pour tout ce que tu entreprendras.<\/p>\n\n\n\n<h2 class=\"wp-block-heading\">Deut\u00e9ronome 20:1<\/h2>\n\n\n\n<p>Lorsque vous partirez en guerre contre vos ennemis et que vous verrez des chevaux, des chars de combat et une arm\u00e9e plus nombreuse que la v\u00f4tre, n\u2019en ayez pas peur, car l\u2019Eternel votre Dieu, qui vous a fait sortir d\u2019Egypte, est avec vous.<\/p>\n\n\n\n<h2 class=\"wp-block-heading\">Deut\u00e9ronome 31:8<\/h2>\n\n\n\n<p>L\u2019Eternel lui-m\u00eame marchera devant toi, il sera avec toi, il ne te d\u00e9laissera pas et il ne t\u2019abandonnera pas. Ne crains rien et ne te laisse pas effrayer\u202f!<\/p>\n\n\n\n<h2 class=\"wp-block-heading\">Psaumes 23:4<\/h2>\n\n\n\n<p>Si je devais traverser |la vall\u00e9e o\u00f9 r\u00e8gnent |d\u2019\u00e9paisses t\u00e9n\u00e8bres, je ne craindrais aucun mal, |car tu es aupr\u00e8s de moi\u202f: ta houlette me conduit |et ton b\u00e2ton me prot\u00e8ge.<\/p>\n\n\n\n<h2 class=\"wp-block-heading\">Psaumes 27:1<\/h2>\n\n\n\n<p>Oui, l\u2019Eternel est ma lumi\u00e8re |et mon Sauveur\u202f: de qui aurais-je crainte\u202f? L\u2019Eternel est ma forteresse\u202f: |il prot\u00e8ge ma vie\u202f; de qui aurais-je peur\u202f?<\/p>\n\n\n\n<h2 class=\"wp-block-heading\">Psaumes 31:25<\/h2>\n\n\n\n<p>Soyez forts et prenez courage, vous qui vous attendez |\u00e0 l\u2019Eternel.<\/p>\n\n\n\n<h2 class=\"wp-block-heading\">Psaumes 32:8<\/h2>\n\n\n\n<p>Tu as dit\u202f: Je t\u2019instruirai, |je t\u2019indiquerai |le chemin |que tu devras emprunter, je serai ton conseiller, |mes yeux veilleront sur toi.<\/p>\n\n\n\n<h2 class=\"wp-block-heading\">Psaumes 46:8<\/h2>\n\n\n\n<p>Avec nous est l\u2019Eternel |des arm\u00e9es c\u00e9lestes\u202f; nous avons pour citadelle |le Dieu de Jacob.<\/p>\n\n\n\n<h2 class=\"wp-block-heading\">Psaumes 121:1-2<\/h2>\n\n\n\n<p>Je l\u00e8ve les yeux vers les monts\u202f: d\u2019o\u00f9 le secours me viendra-t-il\u202f? Mon secours vient de l\u2019Eternel qui a fait le ciel et la terre.<\/p>\n\n\n\n<h2 class=\"wp-block-heading\">\u00c9sa\u00efe 40:31<\/h2>\n\n\n\n<p>Mais ceux qui comptent |sur l\u2019Eternel |renouvellent leur force\u202f: ils prennent leur envol |comme de jeunes aigles\u202f; sans se lasser, ils courent, ils marchent en avant, |et ne s\u2019\u00e9puisent pas.<\/p>\n\n\n\n<h2 class=\"wp-block-heading\">\u00c9sa\u00efe 43:1<\/h2>\n\n\n\n<p>Maintenant, l\u2019Eternel |qui t\u2019a cr\u00e9\u00e9, |\u00f4 peuple de Jacob, et qui t\u2019a fa\u00e7onn\u00e9, |\u00f4 Isra\u00ebl, te d\u00e9clare ceci\u202f: Ne sois pas effray\u00e9 car je t\u2019ai d\u00e9livr\u00e9, je t\u2019ai appel\u00e9 par ton nom, tu es \u00e0 moi.<\/p>\n\n\n\n<h2 class=\"wp-block-heading\">\u00c9sa\u00efe 43:2<\/h2>\n\n\n\n<p>Quand tu passeras par les eaux, je serai avec toi, quand tu traverseras les fleuves, ils ne te submergeront pas, quand tu marcheras dans le feu, il ne te fera pas de mal et par les flammes tu ne seras pas br\u00fbl\u00e9,<\/p>\n\n\n\n<h2 class=\"wp-block-heading\">\u00c9sa\u00efe 43:4<\/h2>\n\n\n\n<p>Oui, parce que tu m\u2019es pr\u00e9cieux, et que tu as du prix pour moi, |et que je t\u2019aime, je donnerai des hommes |en \u00e9change de toi, et des peuples contre ta vie.<\/p>\n\n\n\n<h2 class=\"wp-block-heading\">\u00c9sa\u00efe 44:6<\/h2>\n\n\n\n<p>Ainsi dit l\u2019Eternel, |lui, le Roi d\u2019Isra\u00ebl, le Seigneur des arm\u00e9es c\u00e9lestes, et qui l\u2019a d\u00e9livr\u00e9\u202f: Moi, je suis le premier |et je suis le dernier, et en dehors de moi, |il n\u2019y a pas de dieu.<\/p>\n\n\n\n<h2 class=\"wp-block-heading\">\u00c9sa\u00efe 51:12<\/h2>\n\n\n\n<p>C\u2019est moi, c\u2019est moi qui vous console. Comment donc peux-tu craindre |l\u2019homme qui doit mourir, ou un humain |qui a le m\u00eame sort que l\u2019herbe\u202f?<\/p>\n\n\n\n<h2 class=\"wp-block-heading\">J\u00e9r\u00e9mie 1:8<\/h2>\n\n\n\n<p>N\u2019aie pas peur de ces gens, car je suis avec toi pour te d\u00e9livrer, l\u2019Eternel le d\u00e9clare.<\/p>\n\n\n\n<h2 class=\"wp-block-heading\">Matthieu 11:28<\/h2>\n\n\n\n<p>Venez \u00e0 moi, vous tous qui \u00eates accabl\u00e9s sous le poids d\u2019un lourd fardeau, et je vous donnerai du repos.<\/p>\n\n\n\n<h2 class=\"wp-block-heading\">Jean 14:27<\/h2>\n\n\n\n<p>Je pars, mais je vous laisse la paix, c\u2019est ma paix que je vous donne. Je ne vous la donne pas comme le monde la donne. C\u2019est pourquoi, ne soyez pas troubl\u00e9s et n\u2019ayez aucune crainte en votre c\u0153ur.<\/p>\n\n\n\n<h2 class=\"wp-block-heading\">Jean 15:19<\/h2>\n\n\n\n<p>Si vous faisiez partie du monde, il vous aimerait parce que vous lui appartiendriez. Mais vous n\u2019appartenez pas au monde parce que je vous ai choisis du milieu du monde\u202f; c\u2019est pourquoi il vous poursuit de sa haine.<\/p>\n\n\n\n<h2 class=\"wp-block-heading\">Jean 16:33<\/h2>\n\n\n\n<p>Il fallait que je vous dise aussi cela pour que vous trouviez la paix en moi. Dans le monde, vous aurez \u00e0 souffrir bien des afflictions. Mais courage\u202f! Moi, j\u2019ai vaincu le monde.<\/p>\n\n\n\n<h2 class=\"wp-block-heading\">Romains 8:31<\/h2>\n\n\n\n<p>Que dire de plus\u202f? Si Dieu est pour nous, qui se l\u00e8vera contre nous\u202f?<\/p>\n\n\n\n<h2 class=\"wp-block-heading\">Romains 8:37<\/h2>\n\n\n\n<p>Mais dans tout cela nous sommes bien plus que vainqueurs par celui qui nous a aim\u00e9s.<\/p>\n\n\n\n<h2 class=\"wp-block-heading\">1 Corinthiens 16:13<\/h2>\n\n\n\n<p>Soyez vigilants, demeurez fermes dans la foi, faites preuve de courage, soyez forts.<\/p>\n\n\n\n<h2 class=\"wp-block-heading\">Philippiens 4:13<\/h2>\n\n\n\n<p>Je peux tout, gr\u00e2ce \u00e0 celui qui me fortifie.<\/p>\n\n\n\n<h2 class=\"wp-block-heading\">2 Timoth\u00e9e 1:7<\/h2>\n\n\n\n<p>Dieu nous a donn\u00e9 un Esprit qui, loin de faire de nous des l\u00e2ches, nous rend forts, aimants et r\u00e9fl\u00e9chis.<\/p>\n\n\n\n<h2 class=\"wp-block-heading\">1 Pierre 5:7<\/h2>\n\n\n\n<p>Et d\u00e9chargez-vous sur lui de tous vos soucis, car il prend soin de vous.<\/p>\n\n\n\n<h2 class=\"wp-block-heading\">1 Jean 4:4<\/h2>\n\n\n\n<p>Vous, mes enfants, vous \u00eates de Dieu et vous avez la victoire sur ces proph\u00e8tes de mensonge, car celui qui est en vous est plus puissant que celui qui inspire ce monde.<\/p>\n\n\n\n<h2 class=\"wp-block-heading\">1 Jean 5:4<\/h2>\n\n\n\n<p>Car tout ce qui est n\u00e9 de Dieu triomphe du monde, et la victoire qui triomphe du monde, c\u2019est notre foi.<\/p>\n\n\n\n<h2 class=\"wp-block-heading\">Apocalypse 7:16-17<\/h2>\n\n\n\n<p>Ils ne conna\u00eetront plus ni la faim, ni la soif\u202f; ils ne souffriront plus des ardeurs du soleil, ni d\u2019aucune chaleur br\u00fblante. Car l\u2019Agneau qui est au milieu du tr\u00f4ne prendra soin d\u2019eux comme un berger, il les conduira vers les sources d\u2019eaux vives, et Dieu lui-m\u00eame essuiera toute larme de leurs yeux.<\/p>\n\n\n\n<h2 class=\"wp-block-heading\">Lire Aussi:<\/h2>\n\n\n\n<ul class=\"wp-block-list\"><li><a href=\"https:\/\/thebibleverses.org\/fr\/\">Versets Bibliques par Sujets<\/a><\/li><li><a href=\"https:\/\/thebibleverses.org\/fr\/amour\/\">Versets Bibliques sur l&rsquo;Amour<\/a><\/li><li><a href=\"https:\/\/thebibleverses.org\/fr\/force\/\">Versets Bibliques sur la Force<\/a><\/li><li><a href=\"https:\/\/thebibleverses.org\/fr\/foi\/\">Versets Bibliques sur la Foi<\/a><\/li><li><a href=\"https:\/\/thebibleverses.org\/fr\/jeunes\/\">Versets Bibliques pour les Jeunes<\/a><\/li><li><a href=\"https:\/\/thebibleverses.org\/fr\/amitie\/\">Versets Bibliques sur l&rsquo;Amiti\u00e9<\/a><\/li><li><a href=\"https:\/\/thebibleverses.org\/fr\/guerison\/\">Versets Bibliques sur la Gu\u00e9rison<\/a><\/li><\/ul>\n","protected":false},"excerpt":{"rendered":"<p>Gen\u00e8se 28:15 Et voici\u202f: je suis moi-m\u00eame avec toi, je te garderai partout o\u00f9 tu iras\u202f; et je te ferai revenir vers cette r\u00e9gion\u202f; je ne t\u2019abandonnerai pas mais j\u2019accomplirai ce que je t\u2019ai promis. Josu\u00e9 1:9 Je t\u2019ai donn\u00e9 cet ordre\u202f: Prends courage et tiens bon, ne crains rien et ne te laisse pas [&hellip;]<\/p>\n","protected":false},"author":1,"featured_media":44,"parent":0,"menu_order":0,"comment_status":"open","ping_status":"closed","template":"","meta":{"footnotes":""},"class_list":["post-43","page","type-page","status-publish","has-post-thumbnail","hentry","entry","fw-tab-6 fw-tabr-4"],"_links":{"self":[{"href":"https:\/\/thebibleverses.org\/fr\/wp-json\/wp\/v2\/pages\/43","targetHints":{"allow":["GET"]}}],"collection":[{"href":"https:\/\/thebibleverses.org\/fr\/wp-json\/wp\/v2\/pages"}],"about":[{"href":"https:\/\/thebibleverses.org\/fr\/wp-json\/wp\/v2\/types\/page"}],"author":[{"embeddable":true,"href":"https:\/\/thebibleverses.org\/fr\/wp-json\/wp\/v2\/users\/1"}],"replies":[{"embeddable":true,"href":"https:\/\/thebibleverses.org\/fr\/wp-json\/wp\/v2\/comments?post=43"}],"version-history":[{"count":0,"href":"https:\/\/thebibleverses.org\/fr\/wp-json\/wp\/v2\/pages\/43\/revisions"}],"wp:featuredmedia":[{"embeddable":true,"href":"https:\/\/thebibleverses.org\/fr\/wp-json\/wp\/v2\/media\/44"}],"wp:attachment":[{"href":"https:\/\/thebibleverses.org\/fr\/wp-json\/wp\/v2\/media?parent=43"}],"curies":[{"name":"wp","href":"https:\/\/api.w.org\/{rel}","templated":true}]}}