{"id":40,"date":"2022-07-03T04:28:23","date_gmt":"2022-07-03T02:28:23","guid":{"rendered":"https:\/\/thebibleverses.org\/fr\/?page_id=40"},"modified":"2022-10-11T23:55:14","modified_gmt":"2022-10-11T21:55:14","slug":"amitie","status":"publish","type":"page","link":"https:\/\/thebibleverses.org\/fr\/amitie\/","title":{"rendered":"27 Versets Bibliques sur l&rsquo;Amiti\u00e9"},"content":{"rendered":"<div class=\"wp-block-image\">\n<figure class=\"aligncenter size-large\"><img decoding=\"async\" width=\"1024\" height=\"631\" data-src=\"https:\/\/thebibleverses.org\/fr\/wp-content\/uploads\/2022\/07\/Versets-Bibliques-sur-lAmitie-1024x631.webp\" alt=\"Versets Bibliques sur l'Amiti\u00e9\" class=\"wp-image-41 lazyload\" data-srcset=\"https:\/\/thebibleverses.org\/fr\/wp-content\/uploads\/2022\/07\/Versets-Bibliques-sur-lAmitie-1024x631.webp 1024w, https:\/\/thebibleverses.org\/fr\/wp-content\/uploads\/2022\/07\/Versets-Bibliques-sur-lAmitie-300x185.webp 300w, https:\/\/thebibleverses.org\/fr\/wp-content\/uploads\/2022\/07\/Versets-Bibliques-sur-lAmitie-768x474.webp 768w, https:\/\/thebibleverses.org\/fr\/wp-content\/uploads\/2022\/07\/Versets-Bibliques-sur-lAmitie-320x197.webp 320w, https:\/\/thebibleverses.org\/fr\/wp-content\/uploads\/2022\/07\/Versets-Bibliques-sur-lAmitie-450x278.webp 450w, https:\/\/thebibleverses.org\/fr\/wp-content\/uploads\/2022\/07\/Versets-Bibliques-sur-lAmitie-720x444.webp 720w, https:\/\/thebibleverses.org\/fr\/wp-content\/uploads\/2022\/07\/Versets-Bibliques-sur-lAmitie.webp 1200w\" data-sizes=\"(max-width: 1024px) 100vw, 1024px\" src=\"data:image\/svg+xml;base64,PHN2ZyB3aWR0aD0iMSIgaGVpZ2h0PSIxIiB4bWxucz0iaHR0cDovL3d3dy53My5vcmcvMjAwMC9zdmciPjwvc3ZnPg==\" style=\"--smush-placeholder-width: 1024px; --smush-placeholder-aspect-ratio: 1024\/631;\" \/><figcaption>Versets Bibliques sur l&rsquo;Amiti\u00e9 &#8211; La Bible du Semeur (BDS).<\/figcaption><\/figure><\/div>\n\n\n<h2 class=\"wp-block-heading\">Proverbes 17:17<\/h2>\n\n\n\n<p>Un ami aime en tout temps et le fr\u00e8re est n\u00e9 pour le jour o\u00f9 l\u2019on se trouve dans l\u2019adversit\u00e9.<\/p>\n\n\n\n<h2 class=\"wp-block-heading\">Jean 15:13<\/h2>\n\n\n\n<p>Il n\u2019y a pas de plus grand amour que de donner sa vie pour ses amis.<\/p>\n\n\n\n<h2 class=\"wp-block-heading\">Jean 15:15<\/h2>\n\n\n\n<p>Je ne vous appelle plus serviteurs, parce qu\u2019un serviteur n\u2019est pas mis au courant des affaires de son ma\u00eetre. Je vous appelle mes amis, parce que je vous ai fait part de tout ce que j\u2019ai appris de mon P\u00e8re.<\/p>\n\n\n\n<h2 class=\"wp-block-heading\">Proverbes 13:20<\/h2>\n\n\n\n<p>Qui fr\u00e9quente les sages deviendra sage, mais qui fraie avec les insens\u00e9s va au-devant du malheur.<\/p>\n\n\n\n<h2 class=\"wp-block-heading\">Proverbes 16:28<\/h2>\n\n\n\n<p>Le fourbe s\u00e8me la discorde, et qui colporte des rumeurs jette la brouille entre des amis.<\/p>\n\n\n\n<h2 class=\"wp-block-heading\">1 Samuel 18:1<\/h2>\n\n\n\n<p>Quand David eut termin\u00e9 de parler avec Sa\u00fcl, Jonathan s\u2019\u00e9tait profond\u00e9ment attach\u00e9 \u00e0 David et s\u2019\u00e9tait mis \u00e0 l\u2019aimer comme lui-m\u00eame.<\/p>\n\n\n\n<h2 class=\"wp-block-heading\">Job 6:14<\/h2>\n\n\n\n<p>L\u2019homme d\u00e9sesp\u00e9r\u00e9 |a droit \u00e0 de la compassion |de la part d\u2019un ami, oui, m\u00eame s\u2019il cessait de craindre |le Tout-Puissant.<\/p>\n\n\n\n<h2 class=\"wp-block-heading\">Job 17:5<\/h2>\n\n\n\n<p>Celui qui livre ses amis |pour qu\u2019on les pille, condamne ses enfants |\u00e0 la mis\u00e8re.<\/p>\n\n\n\n<h2 class=\"wp-block-heading\">Job 42:10<\/h2>\n\n\n\n<p>Puis, lorsque Job eut pri\u00e9 pour ses amis, l\u2019Eternel le r\u00e9tablit dans son ancienne condition. Il donna m\u00eame \u00e0 Job deux fois autant des biens qu\u2019il avait poss\u00e9d\u00e9s.<\/p>\n\n\n\n<h2 class=\"wp-block-heading\">Psaumes 133:1<\/h2>\n\n\n\n<p>Cantique pour la route vers la demeure de l\u2019Eternel. De David. Oh\u202f! Qu\u2019il est bon |et qu\u2019il est agr\u00e9able pour des fr\u00e8res de se trouver ensemble\u202f!<\/p>\n\n\n\n<h2 class=\"wp-block-heading\">Proverbes 12:26<\/h2>\n\n\n\n<p>Le juste sert de guide \u00e0 ses compagnons, mais la conduite des m\u00e9chants les \u00e9gare.<\/p>\n\n\n\n<h2 class=\"wp-block-heading\">Proverbes 18:24<\/h2>\n\n\n\n<p>Qui a beaucoup de compagnons les a pour son malheur, mais un v\u00e9ritable ami est plus attach\u00e9 qu\u2019un fr\u00e8re.<\/p>\n\n\n\n<h2 class=\"wp-block-heading\">Proverbes 19:4<\/h2>\n\n\n\n<p>Si vous \u00eates riche, vos amis se multiplient, mais le pauvre est abandonn\u00e9 par son compagnon.<\/p>\n\n\n\n<h2 class=\"wp-block-heading\">Proverbes 19:6<\/h2>\n\n\n\n<p>Beaucoup briguent la faveur d\u2019un homme important, et tous sont amis de qui fait des cadeaux.<\/p>\n\n\n\n<h2 class=\"wp-block-heading\">Proverbes 27:6<\/h2>\n\n\n\n<p>Un ami qui vous blesse vous prouve par l\u00e0 sa fid\u00e9lit\u00e9, mais un ennemi multiplie les embrassades.<\/p>\n\n\n\n<h2 class=\"wp-block-heading\">2 Chroniques 20:7<\/h2>\n\n\n\n<p>N\u2019est-ce pas toi, notre Dieu, qui as chass\u00e9 les anciens habitants de ce pays pour faire place \u00e0 ton peuple Isra\u00ebl, et qui as donn\u00e9 ce pays pour toujours aux descendants d\u2019Abraham, ton ami qui t\u2019aimait\u202f?<\/p>\n\n\n\n<h2 class=\"wp-block-heading\">Proverbes 22:11<\/h2>\n\n\n\n<p>Qui aime les intentions pures et dont les paroles sont bienveillantes aura le roi pour ami.<\/p>\n\n\n\n<h2 class=\"wp-block-heading\">Proverbes 27:9<\/h2>\n\n\n\n<p>L\u2019huile odorante et les parfums mettent le c\u0153ur en joie, et le conseil donn\u00e9 du fond du c\u0153ur rend douce l\u2019amiti\u00e9.<\/p>\n\n\n\n<h2 class=\"wp-block-heading\">Eccl\u00e9siaste 4:10<\/h2>\n\n\n\n<p>Et si l\u2019un tombe, l\u2019autre le rel\u00e8ve, mais malheur \u00e0 celui qui est seul et qui vient \u00e0 tomber sans avoir personne pour l\u2019aider \u00e0 se relever.<\/p>\n\n\n\n<h2 class=\"wp-block-heading\">\u00c9sa\u00efe 41:8<\/h2>\n\n\n\n<p>Quant \u00e0 toi, Isra\u00ebl, |mon serviteur, Jacob, que j\u2019ai choisi, et descendance d\u2019Abraham, |qui \u00e9tait mon ami,<\/p>\n\n\n\n<h2 class=\"wp-block-heading\">Luc 6:31<\/h2>\n\n\n\n<p>Faites pour les autres ce que vous voudriez qu\u2019ils fassent pour vous.<\/p>\n\n\n\n<h2 class=\"wp-block-heading\">Jacques 2:23<\/h2>\n\n\n\n<p>Ainsi s\u2019accomplit ce que l\u2019Ecriture d\u00e9clare \u00e0 son sujet\u202f: Abraham a eu confiance en Dieu, et Dieu, en portant sa foi \u00e0 son cr\u00e9dit, l\u2019a d\u00e9clar\u00e9 juste, et il l\u2019a appel\u00e9 son ami.<\/p>\n\n\n\n<h2 class=\"wp-block-heading\">Jean 15:14<\/h2>\n\n\n\n<p>Vous \u00eates mes amis, si vous faites ce que je vous commande.<\/p>\n\n\n\n<h2 class=\"wp-block-heading\">1 Corinthiens 15:33<\/h2>\n\n\n\n<p>Attention, ne vous y trompez pas\u202f: Les mauvaises compagnies corrompent les bonnes m\u0153urs.<\/p>\n\n\n\n<h2 class=\"wp-block-heading\">Exode 33:11<\/h2>\n\n\n\n<p>L\u2019Eternel s\u2019entretenait avec Mo\u00efse directement comme un homme parle avec son ami. Puis Mo\u00efse regagnait le camp\u202f; mais son jeune assistant Josu\u00e9, fils de Noun, restait dans la tente.<\/p>\n\n\n\n<h2 class=\"wp-block-heading\">Jacques 4:4<\/h2>\n\n\n\n<p>Peuple adult\u00e8re que vous \u00eates\u202f! Ne savez-vous pas qu\u2019aimer le monde, c\u2019est ha\u00efr Dieu\u202f? Si donc quelqu\u2019un veut \u00eatre l\u2019ami du monde, il se fait l\u2019ennemi de Dieu.<\/p>\n\n\n\n<h2 class=\"wp-block-heading\">Zacharie 13:6<\/h2>\n\n\n\n<p>Et quand on lui dira\u202f: Que sont donc ces blessures que l\u2019on voit sur ton corps\u202f? alors il r\u00e9pondra\u202f: C\u2019est la trace des coups re\u00e7us dans la maison de mes amis.<\/p>\n\n\n\n<h2 class=\"wp-block-heading\">Lire Aussi:<\/h2>\n\n\n\n<ul class=\"wp-block-list\"><li><a href=\"https:\/\/thebibleverses.org\/fr\/\">Versets Bibliques par Sujets<\/a><\/li><li><a href=\"https:\/\/thebibleverses.org\/fr\/amour\/\">Versets Bibliques sur l\u2019Amour<\/a><\/li><li><a href=\"https:\/\/thebibleverses.org\/fr\/force\/\">Versets Bibliques sur la Force<\/a><\/li><li><a href=\"https:\/\/thebibleverses.org\/fr\/foi\/\">Versets Bibliques sur la Foi<\/a><\/li><li><a href=\"https:\/\/thebibleverses.org\/fr\/jeunes\/\">Versets Bibliques pour les Jeunes<\/a><\/li><li><a href=\"https:\/\/thebibleverses.org\/fr\/encouragement\/\">Versets Bibliques d\u2019Encouragement<\/a><\/li><li><a href=\"https:\/\/thebibleverses.org\/fr\/guerison\/\">Versets Bibliques sur la Gu\u00e9rison<\/a><\/li><\/ul>\n","protected":false},"excerpt":{"rendered":"<p>Proverbes 17:17 Un ami aime en tout temps et le fr\u00e8re est n\u00e9 pour le jour o\u00f9 l\u2019on se trouve dans l\u2019adversit\u00e9. Jean 15:13 Il n\u2019y a pas de plus grand amour que de donner sa vie pour ses amis. Jean 15:15 Je ne vous appelle plus serviteurs, parce qu\u2019un serviteur n\u2019est pas mis au [&hellip;]<\/p>\n","protected":false},"author":1,"featured_media":41,"parent":0,"menu_order":0,"comment_status":"open","ping_status":"closed","template":"","meta":{"footnotes":""},"class_list":["post-40","page","type-page","status-publish","has-post-thumbnail","hentry","entry","fw-tab-6 fw-tabr-4"],"_links":{"self":[{"href":"https:\/\/thebibleverses.org\/fr\/wp-json\/wp\/v2\/pages\/40","targetHints":{"allow":["GET"]}}],"collection":[{"href":"https:\/\/thebibleverses.org\/fr\/wp-json\/wp\/v2\/pages"}],"about":[{"href":"https:\/\/thebibleverses.org\/fr\/wp-json\/wp\/v2\/types\/page"}],"author":[{"embeddable":true,"href":"https:\/\/thebibleverses.org\/fr\/wp-json\/wp\/v2\/users\/1"}],"replies":[{"embeddable":true,"href":"https:\/\/thebibleverses.org\/fr\/wp-json\/wp\/v2\/comments?post=40"}],"version-history":[{"count":0,"href":"https:\/\/thebibleverses.org\/fr\/wp-json\/wp\/v2\/pages\/40\/revisions"}],"wp:featuredmedia":[{"embeddable":true,"href":"https:\/\/thebibleverses.org\/fr\/wp-json\/wp\/v2\/media\/41"}],"wp:attachment":[{"href":"https:\/\/thebibleverses.org\/fr\/wp-json\/wp\/v2\/media?parent=40"}],"curies":[{"name":"wp","href":"https:\/\/api.w.org\/{rel}","templated":true}]}}